{"id":7728,"date":"2026-03-15T08:12:30","date_gmt":"2026-03-15T08:12:30","guid":{"rendered":"https:\/\/www.perfumeparlour.es\/?post_type=product&#038;p=7728"},"modified":"2026-03-15T08:21:17","modified_gmt":"2026-03-15T08:21:17","slug":"verdant-0533-pertenece-a-la-familia-de-notas-olfativas-similar-a-greenley-parfums-de-marly","status":"publish","type":"product","link":"https:\/\/www.perfumeparlour.es\/en\/product\/verdant-0533-pertenece-a-la-familia-de-notas-olfativas-similar-a-greenley-parfums-de-marly\/","title":{"rendered":"VERDANT &#8211; 0533 &#8211; Pertenece a la familia de notas olfativas similar a Greenley &#8211; Parfums de Marly\u00ae"},"content":{"rendered":"<p style=\"text-align: left;\"><span style=\"color: #000000;\"><strong>Top Note:<\/strong><\/span><\/p>\n<div class=\"relative\">Manzana verde <img decoding=\"async\" class=\"rounded-md shadow-xs ring-1 ring-zinc-200\/20 dark:ring-zinc-700\/30 transition-all duration-300 ease-out group-hover:scale-110 group-hover:shadow-md group-hover:ring-teal-400\/40 dark:group-hover:ring-teal-500\/40\" src=\"https:\/\/fimgs.net\/mdimg\/sastojci\/t.146.jpg\" alt=\"manzana verde\" \/>\u00a0 \u00a0Bergamota de Calabria\u00a0 <img decoding=\"async\" class=\"rounded-md shadow-xs ring-1 ring-zinc-200\/20 dark:ring-zinc-700\/30 transition-all duration-300 ease-out group-hover:scale-110 group-hover:shadow-md group-hover:ring-teal-400\/40 dark:group-hover:ring-teal-500\/40\" src=\"https:\/\/fimgs.net\/mdimg\/sastojci\/t.75.jpg\" alt=\"bergamota de Calabria\" \/><\/div>\n<hr \/>\n<p><span style=\"color: #000000;\"><strong>Middle Note:<\/strong><\/span><\/p>\n<div class=\"relative\">Petit grain\u00a0 <img decoding=\"async\" class=\"rounded-md shadow-xs ring-1 ring-zinc-200\/20 dark:ring-zinc-700\/30 transition-all duration-300 ease-out group-hover:scale-110 group-hover:shadow-md group-hover:ring-teal-400\/40 dark:group-hover:ring-teal-500\/40\" src=\"https:\/\/fimgs.net\/mdimg\/sastojci\/t.3.jpg\" alt=\"petit grain\" \/>\u00a0 \u00a0Cedro\u00a0 <img decoding=\"async\" class=\"rounded-md shadow-xs ring-1 ring-zinc-200\/20 dark:ring-zinc-700\/30 transition-all duration-300 ease-out group-hover:scale-110 group-hover:shadow-md group-hover:ring-teal-400\/40 dark:group-hover:ring-teal-500\/40\" src=\"https:\/\/fimgs.net\/mdimg\/sastojci\/t.41.jpg\" alt=\"cedro\" \/>\u00a0 \u00a0Cachemira\u00a0 \u00a0<img decoding=\"async\" class=\"rounded-md shadow-xs ring-1 ring-zinc-200\/20 dark:ring-zinc-700\/30 transition-all duration-300 ease-out group-hover:scale-110 group-hover:shadow-md group-hover:ring-teal-400\/40 dark:group-hover:ring-teal-500\/40\" src=\"https:\/\/fimgs.net\/mdimg\/sastojci\/t.348.jpg\" alt=\"cachemira\" \/><\/div>\n<hr \/>\n<p><span style=\"color: #000000;\"><strong>Base Note:<\/strong> Almizcle\u00a0 <a href=\"https:\/\/www.perfumeparlour.es\/wp-content\/uploads\/2025\/02\/ALMIZCLE.jpg\"><img decoding=\"async\" class=\"alignnone size-full wp-image-6104\" src=\"https:\/\/www.perfumeparlour.es\/wp-content\/uploads\/2025\/02\/ALMIZCLE.jpg\" alt=\"\" width=\"120\" height=\"120\" srcset=\"https:\/\/www.perfumeparlour.es\/wp-content\/uploads\/2025\/02\/ALMIZCLE.jpg 120w, https:\/\/www.perfumeparlour.es\/wp-content\/uploads\/2025\/02\/ALMIZCLE-12x12.jpg 12w, https:\/\/www.perfumeparlour.es\/wp-content\/uploads\/2025\/02\/ALMIZCLE-55x55.jpg 55w, https:\/\/www.perfumeparlour.es\/wp-content\/uploads\/2025\/02\/ALMIZCLE-100x100.jpg 100w\" sizes=\"(max-width: 120px) 100vw, 120px\" \/>\u00a0 \u00a0 Pachuli \u00a0<\/a><\/span><img decoding=\"async\" class=\"rounded-md shadow-xs ring-1 ring-zinc-200\/20 dark:ring-zinc-700\/30 transition-all duration-300 ease-out group-hover:scale-110 group-hover:shadow-md group-hover:ring-teal-400\/40 dark:group-hover:ring-teal-500\/40\" src=\"https:\/\/fimgs.net\/mdimg\/sastojci\/t.34.jpg\" alt=\"pachul\u00ed\" \/><\/p>\n<h4><span dir=\"auto\">El aroma de la naturaleza: de flores en flor, de hojas reci\u00e9n lavadas y del olor a tierra h\u00fameda. Sabemos que te encantan esos aromas; disfrutas sent\u00e1ndote en tu jard\u00edn bajo los \u00e1rboles porque las fragancias que llegan a tu nariz te transmiten una sensaci\u00f3n de paz. Pues bien, estamos aqu\u00ed para decirte que puedes tener ese aroma natural en tu hogar, en tu tocador, con Greenley.\u00a0<\/span><span dir=\"auto\">Al abrir el frasco, te recibir\u00e1 el aroma de manzana verde, madera de cachemira y mandarina. Como una bocanada de aire fresco, te reconfortar\u00e1 mientras da paso gradualmente a la madera de cedro, violeta, pomorosa y petitgrain. En tus manos oler\u00e1 a primavera y te har\u00e1 sentir segura, como si estuvieras rodeada de vegetaci\u00f3n. Y al usarlo durante el d\u00eda, desprender\u00e1 la fragancia de musgo de roble, acorde de madera de \u00e1mbar y almizcle. Sentir\u00e1s como si estuvieras bajo la lluvia, disfrutando del aroma fresco e intenso de la tierra mojada.\u00a0Lo mejor de Greenley es que es un perfume unisex. Por lo tanto, se puede compartir y regalar a cualquier persona. La fragancia, en general, est\u00e1 llena de energ\u00eda, y esa energ\u00eda se irradia a quien la usa. Aumenta tu autoestima, te hace sentir como si flotaras descalzo sobre la hierba, en el coraz\u00f3n mismo de la naturaleza. Como si estuvieras en un trono hecho de hojas, flores y madera. Sin duda, al usarlo, recibir\u00e1s un sinf\u00edn de halagos.<\/span><\/h4>\n<h4><span class=\"fragrantica-blockquote\">\u00a0<\/span><\/h4>","protected":false},"excerpt":{"rendered":"<h6 class=\"section-header__title collection-title\"><span dir=\"auto\">Pertenece a la familia de notas olfativas similar a Greenley &#8211; Parfums de Marly\u00ae<\/span><\/h6>\n<div class=\"collection-filter\">\n<div class=\"grid grid--uniform\">\n<p class=\"grid__item small--one-half medium-up--one-half text-right collection-filter__item--sort\"><label class=\"hidden-label\" for=\"SortBy\">Clasificar<\/label><\/p>\n<\/div>\n<\/div>","protected":false},"featured_media":7738,"comment_status":"open","ping_status":"closed","template":"","meta":[],"product_brand":[],"product_cat":[261,160,44,128,150,158,159],"product_tag":[],"class_list":{"0":"post-7728","1":"product","2":"type-product","3":"status-publish","4":"has-post-thumbnail","6":"product_cat-amaderado","7":"product_cat-citricos","8":"product_cat-fragancias-para-hombres","9":"product_cat-fragancia-unisex","10":"product_cat-notas","11":"product_cat-primavera","12":"product_cat-verano","14":"first","15":"instock","16":"shipping-taxable","17":"purchasable","18":"product-type-variable","19":"add-to-wishlist-after_add_to_cart"},"yoast_head":"<!-- This site is optimized with the Yoast SEO plugin v27.4 - https:\/\/yoast.com\/product\/yoast-seo-wordpress\/ -->\n<title>VERDANT - 0533 - Pertenece a la familia de notas olfativas similar a Greenley - Parfums de Marly\u00ae - Perfumes Parlour<\/title>\n<meta name=\"robots\" content=\"index, follow, max-snippet:-1, max-image-preview:large, max-video-preview:-1\" \/>\n<link rel=\"canonical\" href=\"https:\/\/www.perfumeparlour.es\/en\/product\/verdant-0533-pertenece-a-la-familia-de-notas-olfativas-similar-a-greenley-parfums-de-marly\/\" \/>\n<meta property=\"og:locale\" content=\"en_GB\" \/>\n<meta property=\"og:type\" content=\"article\" \/>\n<meta property=\"og:title\" content=\"VERDANT - 0533 - Pertenece a la familia de notas olfativas similar a Greenley - Parfums de Marly\u00ae - Perfumes Parlour\" \/>\n<meta property=\"og:description\" content=\"Pertenece a la familia de notas olfativas similar a Greenley - Parfums de Marly\u00ae   Clasificar\" \/>\n<meta property=\"og:url\" content=\"https:\/\/www.perfumeparlour.es\/en\/product\/verdant-0533-pertenece-a-la-familia-de-notas-olfativas-similar-a-greenley-parfums-de-marly\/\" \/>\n<meta property=\"og:site_name\" content=\"Perfumes Parlour\" \/>\n<meta property=\"article:modified_time\" content=\"2026-03-15T08:21:17+00:00\" \/>\n<meta property=\"og:image\" content=\"https:\/\/www.perfumeparlour.es\/wp-content\/uploads\/2026\/03\/Verdant-0533.webp\" \/>\n\t<meta property=\"og:image:width\" content=\"800\" \/>\n\t<meta property=\"og:image:height\" content=\"1200\" \/>\n\t<meta property=\"og:image:type\" content=\"image\/webp\" \/>\n<meta name=\"twitter:card\" content=\"summary_large_image\" \/>\n<meta name=\"twitter:label1\" content=\"Estimated reading time\" \/>\n\t<meta name=\"twitter:data1\" content=\"3 minutes\" \/>\n<script type=\"application\/ld+json\" class=\"yoast-schema-graph\">{\"@context\":\"https:\\\/\\\/schema.org\",\"@graph\":[{\"@type\":\"WebPage\",\"@id\":\"https:\\\/\\\/www.perfumeparlour.es\\\/product\\\/verdant-0533-pertenece-a-la-familia-de-notas-olfativas-similar-a-greenley-parfums-de-marly\\\/\",\"url\":\"https:\\\/\\\/www.perfumeparlour.es\\\/product\\\/verdant-0533-pertenece-a-la-familia-de-notas-olfativas-similar-a-greenley-parfums-de-marly\\\/\",\"name\":\"VERDANT - 0533 - Pertenece a la familia de notas olfativas similar a Greenley - Parfums de Marly\u00ae - Perfumes Parlour\",\"isPartOf\":{\"@id\":\"https:\\\/\\\/www.perfumeparlour.es\\\/#website\"},\"primaryImageOfPage\":{\"@id\":\"https:\\\/\\\/www.perfumeparlour.es\\\/product\\\/verdant-0533-pertenece-a-la-familia-de-notas-olfativas-similar-a-greenley-parfums-de-marly\\\/#primaryimage\"},\"image\":{\"@id\":\"https:\\\/\\\/www.perfumeparlour.es\\\/product\\\/verdant-0533-pertenece-a-la-familia-de-notas-olfativas-similar-a-greenley-parfums-de-marly\\\/#primaryimage\"},\"thumbnailUrl\":\"https:\\\/\\\/www.perfumeparlour.es\\\/wp-content\\\/uploads\\\/2026\\\/03\\\/Verdant-0533.webp\",\"datePublished\":\"2026-03-15T08:12:30+00:00\",\"dateModified\":\"2026-03-15T08:21:17+00:00\",\"breadcrumb\":{\"@id\":\"https:\\\/\\\/www.perfumeparlour.es\\\/product\\\/verdant-0533-pertenece-a-la-familia-de-notas-olfativas-similar-a-greenley-parfums-de-marly\\\/#breadcrumb\"},\"inLanguage\":\"en-GB\",\"potentialAction\":[{\"@type\":\"ReadAction\",\"target\":[\"https:\\\/\\\/www.perfumeparlour.es\\\/product\\\/verdant-0533-pertenece-a-la-familia-de-notas-olfativas-similar-a-greenley-parfums-de-marly\\\/\"]}]},{\"@type\":\"ImageObject\",\"inLanguage\":\"en-GB\",\"@id\":\"https:\\\/\\\/www.perfumeparlour.es\\\/product\\\/verdant-0533-pertenece-a-la-familia-de-notas-olfativas-similar-a-greenley-parfums-de-marly\\\/#primaryimage\",\"url\":\"https:\\\/\\\/www.perfumeparlour.es\\\/wp-content\\\/uploads\\\/2026\\\/03\\\/Verdant-0533.webp\",\"contentUrl\":\"https:\\\/\\\/www.perfumeparlour.es\\\/wp-content\\\/uploads\\\/2026\\\/03\\\/Verdant-0533.webp\",\"width\":800,\"height\":1200},{\"@type\":\"BreadcrumbList\",\"@id\":\"https:\\\/\\\/www.perfumeparlour.es\\\/product\\\/verdant-0533-pertenece-a-la-familia-de-notas-olfativas-similar-a-greenley-parfums-de-marly\\\/#breadcrumb\",\"itemListElement\":[{\"@type\":\"ListItem\",\"position\":1,\"name\":\"Portada\",\"item\":\"https:\\\/\\\/www.perfumeparlour.es\\\/\"},{\"@type\":\"ListItem\",\"position\":2,\"name\":\"Tienda\",\"item\":\"https:\\\/\\\/www.perfumeparlour.es\\\/shop\\\/\"},{\"@type\":\"ListItem\",\"position\":3,\"name\":\"VERDANT &#8211; 0533 &#8211; Pertenece a la familia de notas olfativas similar a Greenley &#8211; Parfums de Marly\u00ae\"}]},{\"@type\":\"WebSite\",\"@id\":\"https:\\\/\\\/www.perfumeparlour.es\\\/#website\",\"url\":\"https:\\\/\\\/www.perfumeparlour.es\\\/\",\"name\":\"Perfumes Parlour\",\"description\":\"\",\"potentialAction\":[{\"@type\":\"SearchAction\",\"target\":{\"@type\":\"EntryPoint\",\"urlTemplate\":\"https:\\\/\\\/www.perfumeparlour.es\\\/?s={search_term_string}\"},\"query-input\":{\"@type\":\"PropertyValueSpecification\",\"valueRequired\":true,\"valueName\":\"search_term_string\"}}],\"inLanguage\":\"en-GB\"}]}<\/script>\n<!-- \/ Yoast SEO plugin. -->","yoast_head_json":{"title":"VERDANT - 0533 - Pertenece a la familia de notas olfativas similar a Greenley - Parfums de Marly\u00ae - Perfumes Parlour","robots":{"index":"index","follow":"follow","max-snippet":"max-snippet:-1","max-image-preview":"max-image-preview:large","max-video-preview":"max-video-preview:-1"},"canonical":"https:\/\/www.perfumeparlour.es\/en\/product\/verdant-0533-pertenece-a-la-familia-de-notas-olfativas-similar-a-greenley-parfums-de-marly\/","og_locale":"en_GB","og_type":"article","og_title":"VERDANT - 0533 - Pertenece a la familia de notas olfativas similar a Greenley - Parfums de Marly\u00ae - Perfumes Parlour","og_description":"Pertenece a la familia de notas olfativas similar a Greenley - Parfums de Marly\u00ae   Clasificar","og_url":"https:\/\/www.perfumeparlour.es\/en\/product\/verdant-0533-pertenece-a-la-familia-de-notas-olfativas-similar-a-greenley-parfums-de-marly\/","og_site_name":"Perfumes Parlour","article_modified_time":"2026-03-15T08:21:17+00:00","og_image":[{"width":800,"height":1200,"url":"https:\/\/www.perfumeparlour.es\/wp-content\/uploads\/2026\/03\/Verdant-0533.webp","type":"image\/webp"}],"twitter_card":"summary_large_image","twitter_misc":{"Estimated reading time":"3 minutes"},"schema":{"@context":"https:\/\/schema.org","@graph":[{"@type":"WebPage","@id":"https:\/\/www.perfumeparlour.es\/product\/verdant-0533-pertenece-a-la-familia-de-notas-olfativas-similar-a-greenley-parfums-de-marly\/","url":"https:\/\/www.perfumeparlour.es\/product\/verdant-0533-pertenece-a-la-familia-de-notas-olfativas-similar-a-greenley-parfums-de-marly\/","name":"VERDANT - 0533 - Pertenece a la familia de notas olfativas similar a Greenley - Parfums de Marly\u00ae - Perfumes Parlour","isPartOf":{"@id":"https:\/\/www.perfumeparlour.es\/#website"},"primaryImageOfPage":{"@id":"https:\/\/www.perfumeparlour.es\/product\/verdant-0533-pertenece-a-la-familia-de-notas-olfativas-similar-a-greenley-parfums-de-marly\/#primaryimage"},"image":{"@id":"https:\/\/www.perfumeparlour.es\/product\/verdant-0533-pertenece-a-la-familia-de-notas-olfativas-similar-a-greenley-parfums-de-marly\/#primaryimage"},"thumbnailUrl":"https:\/\/www.perfumeparlour.es\/wp-content\/uploads\/2026\/03\/Verdant-0533.webp","datePublished":"2026-03-15T08:12:30+00:00","dateModified":"2026-03-15T08:21:17+00:00","breadcrumb":{"@id":"https:\/\/www.perfumeparlour.es\/product\/verdant-0533-pertenece-a-la-familia-de-notas-olfativas-similar-a-greenley-parfums-de-marly\/#breadcrumb"},"inLanguage":"en-GB","potentialAction":[{"@type":"ReadAction","target":["https:\/\/www.perfumeparlour.es\/product\/verdant-0533-pertenece-a-la-familia-de-notas-olfativas-similar-a-greenley-parfums-de-marly\/"]}]},{"@type":"ImageObject","inLanguage":"en-GB","@id":"https:\/\/www.perfumeparlour.es\/product\/verdant-0533-pertenece-a-la-familia-de-notas-olfativas-similar-a-greenley-parfums-de-marly\/#primaryimage","url":"https:\/\/www.perfumeparlour.es\/wp-content\/uploads\/2026\/03\/Verdant-0533.webp","contentUrl":"https:\/\/www.perfumeparlour.es\/wp-content\/uploads\/2026\/03\/Verdant-0533.webp","width":800,"height":1200},{"@type":"BreadcrumbList","@id":"https:\/\/www.perfumeparlour.es\/product\/verdant-0533-pertenece-a-la-familia-de-notas-olfativas-similar-a-greenley-parfums-de-marly\/#breadcrumb","itemListElement":[{"@type":"ListItem","position":1,"name":"Portada","item":"https:\/\/www.perfumeparlour.es\/"},{"@type":"ListItem","position":2,"name":"Tienda","item":"https:\/\/www.perfumeparlour.es\/shop\/"},{"@type":"ListItem","position":3,"name":"VERDANT &#8211; 0533 &#8211; Pertenece a la familia de notas olfativas similar a Greenley &#8211; Parfums de Marly\u00ae"}]},{"@type":"WebSite","@id":"https:\/\/www.perfumeparlour.es\/#website","url":"https:\/\/www.perfumeparlour.es\/","name":"Perfumes Parlour","description":"","potentialAction":[{"@type":"SearchAction","target":{"@type":"EntryPoint","urlTemplate":"https:\/\/www.perfumeparlour.es\/?s={search_term_string}"},"query-input":{"@type":"PropertyValueSpecification","valueRequired":true,"valueName":"search_term_string"}}],"inLanguage":"en-GB"}]}},"jetpack_sharing_enabled":true,"_links":{"self":[{"href":"https:\/\/www.perfumeparlour.es\/en\/wp-json\/wp\/v2\/product\/7728","targetHints":{"allow":["GET"]}}],"collection":[{"href":"https:\/\/www.perfumeparlour.es\/en\/wp-json\/wp\/v2\/product"}],"about":[{"href":"https:\/\/www.perfumeparlour.es\/en\/wp-json\/wp\/v2\/types\/product"}],"replies":[{"embeddable":true,"href":"https:\/\/www.perfumeparlour.es\/en\/wp-json\/wp\/v2\/comments?post=7728"}],"wp:featuredmedia":[{"embeddable":true,"href":"https:\/\/www.perfumeparlour.es\/en\/wp-json\/wp\/v2\/media\/7738"}],"wp:attachment":[{"href":"https:\/\/www.perfumeparlour.es\/en\/wp-json\/wp\/v2\/media?parent=7728"}],"wp:term":[{"taxonomy":"product_brand","embeddable":true,"href":"https:\/\/www.perfumeparlour.es\/en\/wp-json\/wp\/v2\/product_brand?post=7728"},{"taxonomy":"product_cat","embeddable":true,"href":"https:\/\/www.perfumeparlour.es\/en\/wp-json\/wp\/v2\/product_cat?post=7728"},{"taxonomy":"product_tag","embeddable":true,"href":"https:\/\/www.perfumeparlour.es\/en\/wp-json\/wp\/v2\/product_tag?post=7728"}],"curies":[{"name":"wp","href":"https:\/\/api.w.org\/{rel}","templated":true}]}}