{"id":7564,"date":"2026-01-01T10:54:50","date_gmt":"2026-01-01T10:54:50","guid":{"rendered":"https:\/\/www.perfumeparlour.es\/?post_type=product&#038;p=7564"},"modified":"2026-01-01T11:04:41","modified_gmt":"2026-01-01T11:04:41","slug":"royal-oud-blend-2091-pertenece-a-la-familia-de-notas-olfativas-similar-a-oud-stallion-by-maison-crivelli","status":"publish","type":"product","link":"https:\/\/www.perfumeparlour.es\/en\/product\/royal-oud-blend-2091-pertenece-a-la-familia-de-notas-olfativas-similar-a-oud-stallion-by-maison-crivelli\/","title":{"rendered":"ROYAL OUD BLEND &#8211; 2091 &#8211; Pertenece a la familia de notas olfativas similar a Oud Stallion by Maison Crivelli\u00ae"},"content":{"rendered":"<p><span style=\"color: #000000;\"><strong>Top Note<\/strong>:<\/span><\/p>\n<div><img decoding=\"async\" src=\"https:\/\/fimgs.net\/mdimg\/sastojci\/t.55.jpg\" \/>\u00a0 \u00a0<span dir=\"auto\">Azafr\u00e1n\u00a0 <\/span><img decoding=\"async\" src=\"https:\/\/fimgs.net\/mdimg\/sastojci\/t.63.jpg\" \/>\u00a0 \u00a0<span dir=\"auto\">Cardamomo\u00a0 \u00a0<\/span><img decoding=\"async\" src=\"https:\/\/fimgs.net\/mdimg\/sastojci\/t.59.jpg\" \/>\u00a0 \u00a0<span dir=\"auto\">Nuez moscada de Indonesia<\/span><\/div>\n<hr \/>\n<p><span style=\"color: #000000;\"><strong>Middle Note:<\/strong><\/span><\/p>\n<div><img decoding=\"async\" src=\"https:\/\/fimgs.net\/mdimg\/sastojci\/t.10.jpg\" \/> \u00a0<span dir=\"auto\">Osmanto\u00a0 \u00a0<\/span><img decoding=\"async\" src=\"https:\/\/fimgs.net\/mdimg\/sastojci\/t.14.jpg\" \/> \u00a0<span dir=\"auto\">Jazm\u00edn\u00a0 \u00a0<\/span><img decoding=\"async\" src=\"https:\/\/fimgs.net\/mdimg\/sastojci\/t.105.jpg\" \/> \u00a0<span dir=\"auto\">Rosa turca<\/span><\/div>\n<hr \/>\n<p><span style=\"color: #000000;\"><strong>Base Note:<\/strong><\/span><\/p>\n<div><img decoding=\"async\" src=\"https:\/\/fimgs.net\/mdimg\/sastojci\/t.114.jpg\" \/> \u00a0<span dir=\"auto\">Madera de agar (Oud)\u00a0 \u00a0 <\/span><img decoding=\"async\" src=\"https:\/\/fimgs.net\/mdimg\/sastojci\/t.156.jpg\" \/> \u00a0<span dir=\"auto\">Leather<\/span><\/div>\n<div class=\"easytabs-content-item easytabs-content-item-static\" data-et-marker=\"tabs-triumphing-for-men-0929-s0\" data-et-handle=\"tabs-disclaimer\">\n<div class=\"easytabs-accordion-item\" tabindex=\"-1\" role=\"tab\" aria-labelledby=\"easytabs-slide-label-035-2\" aria-selected=\"false\"><\/div>\n<\/div>\n<p>&nbsp;<\/p>\n<p><strong><span dir=\"auto\" style=\"font-size: 18px;\">Presentamos Royal Oud Blend &#8211; 2091, una cautivadora fragancia ambarada y amaderada dise\u00f1ada tanto para mujeres como para hombres. Esta exquisita fragancia fue cuidadosamente elaborada y lanzada en 2024, con las m\u00e1s finas notas de azafr\u00e1n, cardamomo, nuez moscada de Indonesia, osmanto, jazm\u00edn, rosa turca, madera de oud, cuero, haba tonka, pachul\u00ed y cedro. Experimente su lujosa complejidad y sus seductores aromas con cada rociado.<\/span><\/strong><\/p>\n<h4><span class=\"fragrantica-blockquote\"><br \/>\n<\/span><\/h4>","protected":false},"excerpt":{"rendered":"<header class=\"section-header\">\n<h6 class=\"section-header__title collection-title\">Pertenece a la familia de notas olfativas similar a Oud Stallion by Maison Crivelli\u00ae<\/h6>\n<\/header>\n<div class=\"collection-filter\">\n<div class=\"grid grid--uniform\">\n<div class=\"grid__item small--one-half medium-up--one-half text-right collection-filter__item--sort\"><\/div>\n<\/div>\n<\/div>\n<p>&nbsp;<\/p>","protected":false},"featured_media":7575,"comment_status":"open","ping_status":"closed","template":"","meta":[],"product_brand":[],"product_cat":[255,171,44,128,142,174,115,238],"product_tag":[],"class_list":{"0":"post-7564","1":"product","2":"type-product","3":"status-publish","4":"has-post-thumbnail","6":"product_cat-amaderada","7":"product_cat-cuero","8":"product_cat-fragancias-para-hombres","9":"product_cat-fragancia-unisex","10":"product_cat-invierno","11":"product_cat-lenoso","12":"product_cat-otono","13":"product_cat-oud","15":"first","16":"instock","17":"shipping-taxable","18":"purchasable","19":"product-type-variable","20":"add-to-wishlist-after_add_to_cart"},"yoast_head":"<!-- This site is optimized with the Yoast SEO plugin v27.3 - https:\/\/yoast.com\/product\/yoast-seo-wordpress\/ -->\n<title>ROYAL OUD BLEND - 2091 - Pertenece a la familia de notas olfativas similar a Oud Stallion by Maison Crivelli\u00ae - Perfumes Parlour<\/title>\n<meta name=\"robots\" content=\"index, follow, max-snippet:-1, max-image-preview:large, max-video-preview:-1\" \/>\n<link rel=\"canonical\" href=\"https:\/\/www.perfumeparlour.es\/en\/product\/royal-oud-blend-2091-pertenece-a-la-familia-de-notas-olfativas-similar-a-oud-stallion-by-maison-crivelli\/\" \/>\n<meta property=\"og:locale\" content=\"en_GB\" \/>\n<meta property=\"og:type\" content=\"article\" \/>\n<meta property=\"og:title\" content=\"ROYAL OUD BLEND - 2091 - Pertenece a la familia de notas olfativas similar a Oud Stallion by Maison Crivelli\u00ae - Perfumes Parlour\" \/>\n<meta property=\"og:description\" content=\"Pertenece a la familia de notas olfativas similar a Oud Stallion by Maison Crivelli\u00ae       &nbsp;\" \/>\n<meta property=\"og:url\" content=\"https:\/\/www.perfumeparlour.es\/en\/product\/royal-oud-blend-2091-pertenece-a-la-familia-de-notas-olfativas-similar-a-oud-stallion-by-maison-crivelli\/\" \/>\n<meta property=\"og:site_name\" content=\"Perfumes Parlour\" \/>\n<meta property=\"article:modified_time\" content=\"2026-01-01T11:04:41+00:00\" \/>\n<meta property=\"og:image\" content=\"https:\/\/www.perfumeparlour.es\/wp-content\/uploads\/2026\/01\/Royal-Oud-Blend-2091-scaled.webp\" \/>\n\t<meta property=\"og:image:width\" content=\"1707\" \/>\n\t<meta property=\"og:image:height\" content=\"2560\" \/>\n\t<meta property=\"og:image:type\" content=\"image\/webp\" \/>\n<meta name=\"twitter:card\" content=\"summary_large_image\" \/>\n<meta name=\"twitter:label1\" content=\"Estimated reading time\" \/>\n\t<meta name=\"twitter:data1\" content=\"3 minutes\" \/>\n<script type=\"application\/ld+json\" class=\"yoast-schema-graph\">{\"@context\":\"https:\\\/\\\/schema.org\",\"@graph\":[{\"@type\":\"WebPage\",\"@id\":\"https:\\\/\\\/www.perfumeparlour.es\\\/product\\\/royal-oud-blend-2091-pertenece-a-la-familia-de-notas-olfativas-similar-a-oud-stallion-by-maison-crivelli\\\/\",\"url\":\"https:\\\/\\\/www.perfumeparlour.es\\\/product\\\/royal-oud-blend-2091-pertenece-a-la-familia-de-notas-olfativas-similar-a-oud-stallion-by-maison-crivelli\\\/\",\"name\":\"ROYAL OUD BLEND - 2091 - Pertenece a la familia de notas olfativas similar a Oud Stallion by Maison Crivelli\u00ae - Perfumes Parlour\",\"isPartOf\":{\"@id\":\"https:\\\/\\\/www.perfumeparlour.es\\\/#website\"},\"primaryImageOfPage\":{\"@id\":\"https:\\\/\\\/www.perfumeparlour.es\\\/product\\\/royal-oud-blend-2091-pertenece-a-la-familia-de-notas-olfativas-similar-a-oud-stallion-by-maison-crivelli\\\/#primaryimage\"},\"image\":{\"@id\":\"https:\\\/\\\/www.perfumeparlour.es\\\/product\\\/royal-oud-blend-2091-pertenece-a-la-familia-de-notas-olfativas-similar-a-oud-stallion-by-maison-crivelli\\\/#primaryimage\"},\"thumbnailUrl\":\"https:\\\/\\\/www.perfumeparlour.es\\\/wp-content\\\/uploads\\\/2026\\\/01\\\/Royal-Oud-Blend-2091-scaled.webp\",\"datePublished\":\"2026-01-01T10:54:50+00:00\",\"dateModified\":\"2026-01-01T11:04:41+00:00\",\"breadcrumb\":{\"@id\":\"https:\\\/\\\/www.perfumeparlour.es\\\/product\\\/royal-oud-blend-2091-pertenece-a-la-familia-de-notas-olfativas-similar-a-oud-stallion-by-maison-crivelli\\\/#breadcrumb\"},\"inLanguage\":\"en-GB\",\"potentialAction\":[{\"@type\":\"ReadAction\",\"target\":[\"https:\\\/\\\/www.perfumeparlour.es\\\/product\\\/royal-oud-blend-2091-pertenece-a-la-familia-de-notas-olfativas-similar-a-oud-stallion-by-maison-crivelli\\\/\"]}]},{\"@type\":\"ImageObject\",\"inLanguage\":\"en-GB\",\"@id\":\"https:\\\/\\\/www.perfumeparlour.es\\\/product\\\/royal-oud-blend-2091-pertenece-a-la-familia-de-notas-olfativas-similar-a-oud-stallion-by-maison-crivelli\\\/#primaryimage\",\"url\":\"https:\\\/\\\/www.perfumeparlour.es\\\/wp-content\\\/uploads\\\/2026\\\/01\\\/Royal-Oud-Blend-2091-scaled.webp\",\"contentUrl\":\"https:\\\/\\\/www.perfumeparlour.es\\\/wp-content\\\/uploads\\\/2026\\\/01\\\/Royal-Oud-Blend-2091-scaled.webp\",\"width\":1707,\"height\":2560},{\"@type\":\"BreadcrumbList\",\"@id\":\"https:\\\/\\\/www.perfumeparlour.es\\\/product\\\/royal-oud-blend-2091-pertenece-a-la-familia-de-notas-olfativas-similar-a-oud-stallion-by-maison-crivelli\\\/#breadcrumb\",\"itemListElement\":[{\"@type\":\"ListItem\",\"position\":1,\"name\":\"Portada\",\"item\":\"https:\\\/\\\/www.perfumeparlour.es\\\/\"},{\"@type\":\"ListItem\",\"position\":2,\"name\":\"Tienda\",\"item\":\"https:\\\/\\\/www.perfumeparlour.es\\\/shop\\\/\"},{\"@type\":\"ListItem\",\"position\":3,\"name\":\"ROYAL OUD BLEND &#8211; 2091 &#8211; Pertenece a la familia de notas olfativas similar a Oud Stallion by Maison Crivelli\u00ae\"}]},{\"@type\":\"WebSite\",\"@id\":\"https:\\\/\\\/www.perfumeparlour.es\\\/#website\",\"url\":\"https:\\\/\\\/www.perfumeparlour.es\\\/\",\"name\":\"Perfumes Parlour\",\"description\":\"\",\"potentialAction\":[{\"@type\":\"SearchAction\",\"target\":{\"@type\":\"EntryPoint\",\"urlTemplate\":\"https:\\\/\\\/www.perfumeparlour.es\\\/?s={search_term_string}\"},\"query-input\":{\"@type\":\"PropertyValueSpecification\",\"valueRequired\":true,\"valueName\":\"search_term_string\"}}],\"inLanguage\":\"en-GB\"}]}<\/script>\n<!-- \/ Yoast SEO plugin. -->","yoast_head_json":{"title":"ROYAL OUD BLEND - 2091 - Pertenece a la familia de notas olfativas similar a Oud Stallion by Maison Crivelli\u00ae - Perfumes Parlour","robots":{"index":"index","follow":"follow","max-snippet":"max-snippet:-1","max-image-preview":"max-image-preview:large","max-video-preview":"max-video-preview:-1"},"canonical":"https:\/\/www.perfumeparlour.es\/en\/product\/royal-oud-blend-2091-pertenece-a-la-familia-de-notas-olfativas-similar-a-oud-stallion-by-maison-crivelli\/","og_locale":"en_GB","og_type":"article","og_title":"ROYAL OUD BLEND - 2091 - Pertenece a la familia de notas olfativas similar a Oud Stallion by Maison Crivelli\u00ae - Perfumes Parlour","og_description":"Pertenece a la familia de notas olfativas similar a Oud Stallion by Maison Crivelli\u00ae       &nbsp;","og_url":"https:\/\/www.perfumeparlour.es\/en\/product\/royal-oud-blend-2091-pertenece-a-la-familia-de-notas-olfativas-similar-a-oud-stallion-by-maison-crivelli\/","og_site_name":"Perfumes Parlour","article_modified_time":"2026-01-01T11:04:41+00:00","og_image":[{"width":1707,"height":2560,"url":"https:\/\/www.perfumeparlour.es\/wp-content\/uploads\/2026\/01\/Royal-Oud-Blend-2091-scaled.webp","type":"image\/webp"}],"twitter_card":"summary_large_image","twitter_misc":{"Estimated reading time":"3 minutes"},"schema":{"@context":"https:\/\/schema.org","@graph":[{"@type":"WebPage","@id":"https:\/\/www.perfumeparlour.es\/product\/royal-oud-blend-2091-pertenece-a-la-familia-de-notas-olfativas-similar-a-oud-stallion-by-maison-crivelli\/","url":"https:\/\/www.perfumeparlour.es\/product\/royal-oud-blend-2091-pertenece-a-la-familia-de-notas-olfativas-similar-a-oud-stallion-by-maison-crivelli\/","name":"ROYAL OUD BLEND - 2091 - Pertenece a la familia de notas olfativas similar a Oud Stallion by Maison Crivelli\u00ae - Perfumes Parlour","isPartOf":{"@id":"https:\/\/www.perfumeparlour.es\/#website"},"primaryImageOfPage":{"@id":"https:\/\/www.perfumeparlour.es\/product\/royal-oud-blend-2091-pertenece-a-la-familia-de-notas-olfativas-similar-a-oud-stallion-by-maison-crivelli\/#primaryimage"},"image":{"@id":"https:\/\/www.perfumeparlour.es\/product\/royal-oud-blend-2091-pertenece-a-la-familia-de-notas-olfativas-similar-a-oud-stallion-by-maison-crivelli\/#primaryimage"},"thumbnailUrl":"https:\/\/www.perfumeparlour.es\/wp-content\/uploads\/2026\/01\/Royal-Oud-Blend-2091-scaled.webp","datePublished":"2026-01-01T10:54:50+00:00","dateModified":"2026-01-01T11:04:41+00:00","breadcrumb":{"@id":"https:\/\/www.perfumeparlour.es\/product\/royal-oud-blend-2091-pertenece-a-la-familia-de-notas-olfativas-similar-a-oud-stallion-by-maison-crivelli\/#breadcrumb"},"inLanguage":"en-GB","potentialAction":[{"@type":"ReadAction","target":["https:\/\/www.perfumeparlour.es\/product\/royal-oud-blend-2091-pertenece-a-la-familia-de-notas-olfativas-similar-a-oud-stallion-by-maison-crivelli\/"]}]},{"@type":"ImageObject","inLanguage":"en-GB","@id":"https:\/\/www.perfumeparlour.es\/product\/royal-oud-blend-2091-pertenece-a-la-familia-de-notas-olfativas-similar-a-oud-stallion-by-maison-crivelli\/#primaryimage","url":"https:\/\/www.perfumeparlour.es\/wp-content\/uploads\/2026\/01\/Royal-Oud-Blend-2091-scaled.webp","contentUrl":"https:\/\/www.perfumeparlour.es\/wp-content\/uploads\/2026\/01\/Royal-Oud-Blend-2091-scaled.webp","width":1707,"height":2560},{"@type":"BreadcrumbList","@id":"https:\/\/www.perfumeparlour.es\/product\/royal-oud-blend-2091-pertenece-a-la-familia-de-notas-olfativas-similar-a-oud-stallion-by-maison-crivelli\/#breadcrumb","itemListElement":[{"@type":"ListItem","position":1,"name":"Portada","item":"https:\/\/www.perfumeparlour.es\/"},{"@type":"ListItem","position":2,"name":"Tienda","item":"https:\/\/www.perfumeparlour.es\/shop\/"},{"@type":"ListItem","position":3,"name":"ROYAL OUD BLEND &#8211; 2091 &#8211; Pertenece a la familia de notas olfativas similar a Oud Stallion by Maison Crivelli\u00ae"}]},{"@type":"WebSite","@id":"https:\/\/www.perfumeparlour.es\/#website","url":"https:\/\/www.perfumeparlour.es\/","name":"Perfumes Parlour","description":"","potentialAction":[{"@type":"SearchAction","target":{"@type":"EntryPoint","urlTemplate":"https:\/\/www.perfumeparlour.es\/?s={search_term_string}"},"query-input":{"@type":"PropertyValueSpecification","valueRequired":true,"valueName":"search_term_string"}}],"inLanguage":"en-GB"}]}},"jetpack_sharing_enabled":true,"_links":{"self":[{"href":"https:\/\/www.perfumeparlour.es\/en\/wp-json\/wp\/v2\/product\/7564","targetHints":{"allow":["GET"]}}],"collection":[{"href":"https:\/\/www.perfumeparlour.es\/en\/wp-json\/wp\/v2\/product"}],"about":[{"href":"https:\/\/www.perfumeparlour.es\/en\/wp-json\/wp\/v2\/types\/product"}],"replies":[{"embeddable":true,"href":"https:\/\/www.perfumeparlour.es\/en\/wp-json\/wp\/v2\/comments?post=7564"}],"wp:featuredmedia":[{"embeddable":true,"href":"https:\/\/www.perfumeparlour.es\/en\/wp-json\/wp\/v2\/media\/7575"}],"wp:attachment":[{"href":"https:\/\/www.perfumeparlour.es\/en\/wp-json\/wp\/v2\/media?parent=7564"}],"wp:term":[{"taxonomy":"product_brand","embeddable":true,"href":"https:\/\/www.perfumeparlour.es\/en\/wp-json\/wp\/v2\/product_brand?post=7564"},{"taxonomy":"product_cat","embeddable":true,"href":"https:\/\/www.perfumeparlour.es\/en\/wp-json\/wp\/v2\/product_cat?post=7564"},{"taxonomy":"product_tag","embeddable":true,"href":"https:\/\/www.perfumeparlour.es\/en\/wp-json\/wp\/v2\/product_tag?post=7564"}],"curies":[{"name":"wp","href":"https:\/\/api.w.org\/{rel}","templated":true}]}}