{"id":7444,"date":"2025-10-22T06:46:41","date_gmt":"2025-10-22T06:46:41","guid":{"rendered":"https:\/\/www.perfumeparlour.es\/?post_type=product&#038;p=7444"},"modified":"2025-10-22T07:02:08","modified_gmt":"2025-10-22T07:02:08","slug":"white-beast-2182-pertenece-a-la-familia-de-notas-olfativas-similar-a-blanche-bete-de-les-liquides-imaginaires","status":"publish","type":"product","link":"https:\/\/www.perfumeparlour.es\/en\/product\/white-beast-2182-pertenece-a-la-familia-de-notas-olfativas-similar-a-blanche-bete-de-les-liquides-imaginaires\/","title":{"rendered":"WHITE BEAST &#8211; 2182 &#8211; Pertenece a la familia de Notas Olfativas Similar a Blanche B\u00eate de Les Liquides Imaginaires\u00ae"},"content":{"rendered":"<p><span style=\"color: #000000;\"><strong>Top Note<\/strong>:<\/span><\/p>\n<div>\n<div>\n<div><img decoding=\"async\" src=\"https:\/\/fimgs.net\/mdimg\/sastojci\/t.199.jpg\" \/> \u00a0<span dir=\"auto\">Leche\u00a0 \u00a0 \u00a0<\/span><img decoding=\"async\" src=\"https:\/\/fimgs.net\/mdimg\/sastojci\/t.107.jpg\" \/> \u00a0<span dir=\"auto\">Ambrette (malva almizclera)\u00a0 \u00a0 \u00a0<\/span><img decoding=\"async\" src=\"https:\/\/fimgs.net\/mdimg\/sastojci\/t.926.jpg\" \/> \u00a0<span dir=\"auto\">M\u00edstico<\/span><\/div>\n<\/div>\n<\/div>\n<hr \/>\n<p><span style=\"color: #000000;\"><strong>Middle Note:<\/strong><\/span><\/p>\n<div>\n<div>\n<div><img decoding=\"async\" src=\"https:\/\/fimgs.net\/mdimg\/sastojci\/t.25.jpg\" \/> \u00a0<span dir=\"auto\">Nardo\u00a0 \u00a0 \u00a0<\/span><img decoding=\"async\" src=\"https:\/\/fimgs.net\/mdimg\/sastojci\/t.14.jpg\" \/> \u00a0<span dir=\"auto\">Jazm\u00edn\u00a0 \u00a0 \u00a0<\/span><img decoding=\"async\" src=\"https:\/\/fimgs.net\/mdimg\/sastojci\/t.68.jpg\" \/> \u00a0<span dir=\"auto\">Incienso<\/span><\/div>\n<\/div>\n<\/div>\n<hr \/>\n<p><span style=\"color: #000000;\"><strong>Base Note:<\/strong><\/span><\/p>\n<div>\n<div>\n<div><img decoding=\"async\" src=\"https:\/\/fimgs.net\/mdimg\/sastojci\/t.74.jpg\" \/> \u00a0<span dir=\"auto\">Vainilla\u00a0 \u00a0 \u00a0<\/span><img decoding=\"async\" src=\"https:\/\/fimgs.net\/mdimg\/sastojci\/t.4.jpg\" \/> \u00a0<span dir=\"auto\">Almizcle\u00a0 \u00a0 \u00a0<\/span><img decoding=\"async\" src=\"https:\/\/fimgs.net\/mdimg\/sastojci\/t.73.jpg\" \/> \u00a0<span dir=\"auto\">Haba tonka\u00a0 \u00a0 \u00a0<\/span><img decoding=\"async\" src=\"https:\/\/fimgs.net\/mdimg\/sastojci\/t.135.jpg\" \/> \u00a0<span dir=\"auto\">Cacao<\/span><\/div>\n<\/div>\n<\/div>\n<div class=\"easytabs-content-item easytabs-content-item-static\" data-et-marker=\"tabs-triumphing-for-men-0929-s0\" data-et-handle=\"tabs-disclaimer\">\n<div class=\"easytabs-accordion-item\" tabindex=\"-1\" role=\"tab\" aria-labelledby=\"easytabs-slide-label-035-2\" aria-selected=\"false\"><\/div>\n<\/div>\n<p>&nbsp;<\/p>\n<h4>D\u00e9jate seducir por el enigm\u00e1tico encanto de White Beast, una fragancia floral amaderada de almizcle dise\u00f1ada tanto para mujeres como para hombres. Esta cautivadora fragancia se abre con notas de salida de leche cremosa, ambreta (malva almizclera) y la esencia m\u00edstica de mystikal. El coraz\u00f3n revela una sinfon\u00eda floral de nardos, jazm\u00edn, mahonial e incienso. Las notas de fondo de vainilla, almizcle, haba tonka y cacao proporcionan un final rico y duradero, perfecto para quienes aprecian un aroma \u00fanico y complejo.<\/h4>","protected":false},"excerpt":{"rendered":"<h6 class=\"section-header__title collection-title\"><span dir=\"auto\">Pertenece a la familia de Notas Olfativas Similar a Blanche B\u00eate de Les Liquides Imaginaires\u00ae<\/span><\/h6>\n<p>&nbsp;<\/p>","protected":false},"featured_media":7455,"comment_status":"open","ping_status":"closed","template":"","meta":[],"product_brand":[],"product_cat":[261,156,211,47,115,158,232],"product_tag":[],"class_list":{"0":"post-7444","1":"product","2":"type-product","3":"status-publish","4":"has-post-thumbnail","6":"product_cat-amaderado","7":"product_cat-aromatico","8":"product_cat-dulce","9":"product_cat-fragancia-para-mujer","10":"product_cat-otono","11":"product_cat-primavera","12":"product_cat-vainilla","14":"first","15":"instock","16":"shipping-taxable","17":"purchasable","18":"product-type-variable","19":"add-to-wishlist-after_add_to_cart"},"yoast_head":"<!-- This site is optimized with the Yoast SEO plugin v27.4 - https:\/\/yoast.com\/product\/yoast-seo-wordpress\/ -->\n<title>WHITE BEAST - 2182 - Pertenece a la familia de Notas Olfativas Similar a Blanche B\u00eate de Les Liquides Imaginaires\u00ae - Perfumes Parlour<\/title>\n<meta name=\"robots\" content=\"index, follow, max-snippet:-1, max-image-preview:large, max-video-preview:-1\" \/>\n<link rel=\"canonical\" href=\"https:\/\/www.perfumeparlour.es\/en\/product\/white-beast-2182-pertenece-a-la-familia-de-notas-olfativas-similar-a-blanche-bete-de-les-liquides-imaginaires\/\" \/>\n<meta property=\"og:locale\" content=\"en_GB\" \/>\n<meta property=\"og:type\" content=\"article\" \/>\n<meta property=\"og:title\" content=\"WHITE BEAST - 2182 - Pertenece a la familia de Notas Olfativas Similar a Blanche B\u00eate de Les Liquides Imaginaires\u00ae - Perfumes Parlour\" \/>\n<meta property=\"og:description\" content=\"Pertenece a la familia de Notas Olfativas Similar a Blanche B\u00eate de Les Liquides Imaginaires\u00ae &nbsp;\" \/>\n<meta property=\"og:url\" content=\"https:\/\/www.perfumeparlour.es\/en\/product\/white-beast-2182-pertenece-a-la-familia-de-notas-olfativas-similar-a-blanche-bete-de-les-liquides-imaginaires\/\" \/>\n<meta property=\"og:site_name\" content=\"Perfumes Parlour\" \/>\n<meta property=\"article:modified_time\" content=\"2025-10-22T07:02:08+00:00\" \/>\n<meta property=\"og:image\" content=\"https:\/\/www.perfumeparlour.es\/wp-content\/uploads\/2025\/10\/24.webp\" \/>\n\t<meta property=\"og:image:width\" content=\"1080\" \/>\n\t<meta property=\"og:image:height\" content=\"1620\" \/>\n\t<meta property=\"og:image:type\" content=\"image\/webp\" \/>\n<meta name=\"twitter:card\" content=\"summary_large_image\" \/>\n<meta name=\"twitter:label1\" content=\"Estimated reading time\" \/>\n\t<meta name=\"twitter:data1\" content=\"3 minutes\" \/>\n<script type=\"application\/ld+json\" class=\"yoast-schema-graph\">{\"@context\":\"https:\\\/\\\/schema.org\",\"@graph\":[{\"@type\":\"WebPage\",\"@id\":\"https:\\\/\\\/www.perfumeparlour.es\\\/product\\\/white-beast-2182-pertenece-a-la-familia-de-notas-olfativas-similar-a-blanche-bete-de-les-liquides-imaginaires\\\/\",\"url\":\"https:\\\/\\\/www.perfumeparlour.es\\\/product\\\/white-beast-2182-pertenece-a-la-familia-de-notas-olfativas-similar-a-blanche-bete-de-les-liquides-imaginaires\\\/\",\"name\":\"WHITE BEAST - 2182 - Pertenece a la familia de Notas Olfativas Similar a Blanche B\u00eate de Les Liquides Imaginaires\u00ae - Perfumes Parlour\",\"isPartOf\":{\"@id\":\"https:\\\/\\\/www.perfumeparlour.es\\\/#website\"},\"primaryImageOfPage\":{\"@id\":\"https:\\\/\\\/www.perfumeparlour.es\\\/product\\\/white-beast-2182-pertenece-a-la-familia-de-notas-olfativas-similar-a-blanche-bete-de-les-liquides-imaginaires\\\/#primaryimage\"},\"image\":{\"@id\":\"https:\\\/\\\/www.perfumeparlour.es\\\/product\\\/white-beast-2182-pertenece-a-la-familia-de-notas-olfativas-similar-a-blanche-bete-de-les-liquides-imaginaires\\\/#primaryimage\"},\"thumbnailUrl\":\"https:\\\/\\\/www.perfumeparlour.es\\\/wp-content\\\/uploads\\\/2025\\\/10\\\/24.webp\",\"datePublished\":\"2025-10-22T06:46:41+00:00\",\"dateModified\":\"2025-10-22T07:02:08+00:00\",\"breadcrumb\":{\"@id\":\"https:\\\/\\\/www.perfumeparlour.es\\\/product\\\/white-beast-2182-pertenece-a-la-familia-de-notas-olfativas-similar-a-blanche-bete-de-les-liquides-imaginaires\\\/#breadcrumb\"},\"inLanguage\":\"en-GB\",\"potentialAction\":[{\"@type\":\"ReadAction\",\"target\":[\"https:\\\/\\\/www.perfumeparlour.es\\\/product\\\/white-beast-2182-pertenece-a-la-familia-de-notas-olfativas-similar-a-blanche-bete-de-les-liquides-imaginaires\\\/\"]}]},{\"@type\":\"ImageObject\",\"inLanguage\":\"en-GB\",\"@id\":\"https:\\\/\\\/www.perfumeparlour.es\\\/product\\\/white-beast-2182-pertenece-a-la-familia-de-notas-olfativas-similar-a-blanche-bete-de-les-liquides-imaginaires\\\/#primaryimage\",\"url\":\"https:\\\/\\\/www.perfumeparlour.es\\\/wp-content\\\/uploads\\\/2025\\\/10\\\/24.webp\",\"contentUrl\":\"https:\\\/\\\/www.perfumeparlour.es\\\/wp-content\\\/uploads\\\/2025\\\/10\\\/24.webp\",\"width\":1080,\"height\":1620},{\"@type\":\"BreadcrumbList\",\"@id\":\"https:\\\/\\\/www.perfumeparlour.es\\\/product\\\/white-beast-2182-pertenece-a-la-familia-de-notas-olfativas-similar-a-blanche-bete-de-les-liquides-imaginaires\\\/#breadcrumb\",\"itemListElement\":[{\"@type\":\"ListItem\",\"position\":1,\"name\":\"Portada\",\"item\":\"https:\\\/\\\/www.perfumeparlour.es\\\/\"},{\"@type\":\"ListItem\",\"position\":2,\"name\":\"Tienda\",\"item\":\"https:\\\/\\\/www.perfumeparlour.es\\\/shop\\\/\"},{\"@type\":\"ListItem\",\"position\":3,\"name\":\"WHITE BEAST &#8211; 2182 &#8211; Pertenece a la familia de Notas Olfativas Similar a Blanche B\u00eate de Les Liquides Imaginaires\u00ae\"}]},{\"@type\":\"WebSite\",\"@id\":\"https:\\\/\\\/www.perfumeparlour.es\\\/#website\",\"url\":\"https:\\\/\\\/www.perfumeparlour.es\\\/\",\"name\":\"Perfumes Parlour\",\"description\":\"\",\"potentialAction\":[{\"@type\":\"SearchAction\",\"target\":{\"@type\":\"EntryPoint\",\"urlTemplate\":\"https:\\\/\\\/www.perfumeparlour.es\\\/?s={search_term_string}\"},\"query-input\":{\"@type\":\"PropertyValueSpecification\",\"valueRequired\":true,\"valueName\":\"search_term_string\"}}],\"inLanguage\":\"en-GB\"}]}<\/script>\n<!-- \/ Yoast SEO plugin. -->","yoast_head_json":{"title":"WHITE BEAST - 2182 - Pertenece a la familia de Notas Olfativas Similar a Blanche B\u00eate de Les Liquides Imaginaires\u00ae - Perfumes Parlour","robots":{"index":"index","follow":"follow","max-snippet":"max-snippet:-1","max-image-preview":"max-image-preview:large","max-video-preview":"max-video-preview:-1"},"canonical":"https:\/\/www.perfumeparlour.es\/en\/product\/white-beast-2182-pertenece-a-la-familia-de-notas-olfativas-similar-a-blanche-bete-de-les-liquides-imaginaires\/","og_locale":"en_GB","og_type":"article","og_title":"WHITE BEAST - 2182 - Pertenece a la familia de Notas Olfativas Similar a Blanche B\u00eate de Les Liquides Imaginaires\u00ae - Perfumes Parlour","og_description":"Pertenece a la familia de Notas Olfativas Similar a Blanche B\u00eate de Les Liquides Imaginaires\u00ae &nbsp;","og_url":"https:\/\/www.perfumeparlour.es\/en\/product\/white-beast-2182-pertenece-a-la-familia-de-notas-olfativas-similar-a-blanche-bete-de-les-liquides-imaginaires\/","og_site_name":"Perfumes Parlour","article_modified_time":"2025-10-22T07:02:08+00:00","og_image":[{"width":1080,"height":1620,"url":"https:\/\/www.perfumeparlour.es\/wp-content\/uploads\/2025\/10\/24.webp","type":"image\/webp"}],"twitter_card":"summary_large_image","twitter_misc":{"Estimated reading time":"3 minutes"},"schema":{"@context":"https:\/\/schema.org","@graph":[{"@type":"WebPage","@id":"https:\/\/www.perfumeparlour.es\/product\/white-beast-2182-pertenece-a-la-familia-de-notas-olfativas-similar-a-blanche-bete-de-les-liquides-imaginaires\/","url":"https:\/\/www.perfumeparlour.es\/product\/white-beast-2182-pertenece-a-la-familia-de-notas-olfativas-similar-a-blanche-bete-de-les-liquides-imaginaires\/","name":"WHITE BEAST - 2182 - Pertenece a la familia de Notas Olfativas Similar a Blanche B\u00eate de Les Liquides Imaginaires\u00ae - Perfumes Parlour","isPartOf":{"@id":"https:\/\/www.perfumeparlour.es\/#website"},"primaryImageOfPage":{"@id":"https:\/\/www.perfumeparlour.es\/product\/white-beast-2182-pertenece-a-la-familia-de-notas-olfativas-similar-a-blanche-bete-de-les-liquides-imaginaires\/#primaryimage"},"image":{"@id":"https:\/\/www.perfumeparlour.es\/product\/white-beast-2182-pertenece-a-la-familia-de-notas-olfativas-similar-a-blanche-bete-de-les-liquides-imaginaires\/#primaryimage"},"thumbnailUrl":"https:\/\/www.perfumeparlour.es\/wp-content\/uploads\/2025\/10\/24.webp","datePublished":"2025-10-22T06:46:41+00:00","dateModified":"2025-10-22T07:02:08+00:00","breadcrumb":{"@id":"https:\/\/www.perfumeparlour.es\/product\/white-beast-2182-pertenece-a-la-familia-de-notas-olfativas-similar-a-blanche-bete-de-les-liquides-imaginaires\/#breadcrumb"},"inLanguage":"en-GB","potentialAction":[{"@type":"ReadAction","target":["https:\/\/www.perfumeparlour.es\/product\/white-beast-2182-pertenece-a-la-familia-de-notas-olfativas-similar-a-blanche-bete-de-les-liquides-imaginaires\/"]}]},{"@type":"ImageObject","inLanguage":"en-GB","@id":"https:\/\/www.perfumeparlour.es\/product\/white-beast-2182-pertenece-a-la-familia-de-notas-olfativas-similar-a-blanche-bete-de-les-liquides-imaginaires\/#primaryimage","url":"https:\/\/www.perfumeparlour.es\/wp-content\/uploads\/2025\/10\/24.webp","contentUrl":"https:\/\/www.perfumeparlour.es\/wp-content\/uploads\/2025\/10\/24.webp","width":1080,"height":1620},{"@type":"BreadcrumbList","@id":"https:\/\/www.perfumeparlour.es\/product\/white-beast-2182-pertenece-a-la-familia-de-notas-olfativas-similar-a-blanche-bete-de-les-liquides-imaginaires\/#breadcrumb","itemListElement":[{"@type":"ListItem","position":1,"name":"Portada","item":"https:\/\/www.perfumeparlour.es\/"},{"@type":"ListItem","position":2,"name":"Tienda","item":"https:\/\/www.perfumeparlour.es\/shop\/"},{"@type":"ListItem","position":3,"name":"WHITE BEAST &#8211; 2182 &#8211; Pertenece a la familia de Notas Olfativas Similar a Blanche B\u00eate de Les Liquides Imaginaires\u00ae"}]},{"@type":"WebSite","@id":"https:\/\/www.perfumeparlour.es\/#website","url":"https:\/\/www.perfumeparlour.es\/","name":"Perfumes Parlour","description":"","potentialAction":[{"@type":"SearchAction","target":{"@type":"EntryPoint","urlTemplate":"https:\/\/www.perfumeparlour.es\/?s={search_term_string}"},"query-input":{"@type":"PropertyValueSpecification","valueRequired":true,"valueName":"search_term_string"}}],"inLanguage":"en-GB"}]}},"jetpack_sharing_enabled":true,"_links":{"self":[{"href":"https:\/\/www.perfumeparlour.es\/en\/wp-json\/wp\/v2\/product\/7444","targetHints":{"allow":["GET"]}}],"collection":[{"href":"https:\/\/www.perfumeparlour.es\/en\/wp-json\/wp\/v2\/product"}],"about":[{"href":"https:\/\/www.perfumeparlour.es\/en\/wp-json\/wp\/v2\/types\/product"}],"replies":[{"embeddable":true,"href":"https:\/\/www.perfumeparlour.es\/en\/wp-json\/wp\/v2\/comments?post=7444"}],"wp:featuredmedia":[{"embeddable":true,"href":"https:\/\/www.perfumeparlour.es\/en\/wp-json\/wp\/v2\/media\/7455"}],"wp:attachment":[{"href":"https:\/\/www.perfumeparlour.es\/en\/wp-json\/wp\/v2\/media?parent=7444"}],"wp:term":[{"taxonomy":"product_brand","embeddable":true,"href":"https:\/\/www.perfumeparlour.es\/en\/wp-json\/wp\/v2\/product_brand?post=7444"},{"taxonomy":"product_cat","embeddable":true,"href":"https:\/\/www.perfumeparlour.es\/en\/wp-json\/wp\/v2\/product_cat?post=7444"},{"taxonomy":"product_tag","embeddable":true,"href":"https:\/\/www.perfumeparlour.es\/en\/wp-json\/wp\/v2\/product_tag?post=7444"}],"curies":[{"name":"wp","href":"https:\/\/api.w.org\/{rel}","templated":true}]}}