{"id":7322,"date":"2025-09-25T21:36:47","date_gmt":"2025-09-25T21:36:47","guid":{"rendered":"https:\/\/www.perfumeparlour.es\/?post_type=product&#038;p=7322"},"modified":"2025-09-25T21:43:49","modified_gmt":"2025-09-25T21:43:49","slug":"tropical-blis-for-women-2222-pertenece-a-la-familia-de-notas-olfativas-similares-a-maui-in-a-bottle-sweet-banana-37-de-kayali-fragrances","status":"publish","type":"product","link":"https:\/\/www.perfumeparlour.es\/en\/product\/tropical-blis-for-women-2222-pertenece-a-la-familia-de-notas-olfativas-similares-a-maui-in-a-bottle-sweet-banana-37-de-kayali-fragrances\/","title":{"rendered":"TROPICAL BLIS FOR WOMEN &#8211; 2222 &#8211; Pertenece a la familia de notas olfativas similares a Maui in a Bottle Sweet Banana | 37 de Kayali Fragrances\u00ae"},"content":{"rendered":"<p><span style=\"color: #000000;\"><strong>Top Note<\/strong>:<\/span><\/p>\n<div>\n<div>\n<div><img decoding=\"async\" src=\"https:\/\/fimgs.net\/mdimg\/sastojci\/t.123.jpg\" \/>\u00a0 pl\u00e1tano\u00a0 \u00a0 \u00a0<img decoding=\"async\" src=\"https:\/\/fimgs.net\/mdimg\/sastojci\/t.182.jpg\" \/>\u00a0 pera<\/div>\n<\/div>\n<\/div>\n<hr \/>\n<p><span style=\"color: #000000;\"><strong>Middle Note:<\/strong><\/span><\/p>\n<div>\n<div>\n<div><img decoding=\"async\" src=\"https:\/\/fimgs.net\/mdimg\/sastojci\/t.138.jpg\" \/>\u00a0 coco\u00a0 \u00a0 \u00a0<img decoding=\"async\" src=\"https:\/\/fimgs.net\/mdimg\/sastojci\/t.14.jpg\" \/>\u00a0 jazm\u00edn<\/div>\n<\/div>\n<\/div>\n<hr \/>\n<p><span style=\"color: #000000;\"><strong>Base Note:<\/strong><\/span><\/p>\n<div>\n<div>\n<div><img decoding=\"async\" src=\"https:\/\/fimgs.net\/mdimg\/sastojci\/t.74.jpg\" \/>\u00a0 vainilla\u00a0 \u00a0 \u00a0<img decoding=\"async\" src=\"https:\/\/fimgs.net\/mdimg\/sastojci\/t.33.jpg\" \/>\u00a0 s\u00e1ndalo<\/div>\n<\/div>\n<\/div>\n<div class=\"easytabs-content-item easytabs-content-item-static\" data-et-marker=\"tabs-triumphing-for-men-0929-s0\" data-et-handle=\"tabs-disclaimer\">\n<div class=\"easytabs-accordion-item\" tabindex=\"-1\" role=\"tab\" aria-labelledby=\"easytabs-slide-label-035-2\" aria-selected=\"false\"><\/div>\n<\/div>\n<p>&nbsp;<\/p>\n<h4>Tropical Bliss es una deliciosa fragancia floral afrutada dise\u00f1ada para mujeres que disfrutan de las aventuras bajo el sol. Esta vibrante fragancia se abre con el dulce encanto tropical del pl\u00e1tano y la pera, ofreciendo una entrada jugosa y estimulante. El coraz\u00f3n revela la cremosa seducci\u00f3n del coco y la delicada elegancia del jazm\u00edn, creando un bouquet tropical perfecto. En su base, la c\u00e1lida vainilla y el s\u00e1ndalo proporcionan un final suave y reconfortante que perdura maravillosamente.<\/h4>","protected":false},"excerpt":{"rendered":"<h6 class=\"section-header__title collection-title\"><span dir=\"auto\">Pertenece a la familia de notas olfativas similares a Maui in a Bottle Sweet Banana | 37 de Kayali Fragrances\u00ae<\/span><\/h6>\n<p>&nbsp;<\/p>","protected":false},"featured_media":7333,"comment_status":"open","ping_status":"closed","template":"","meta":[],"product_brand":[],"product_cat":[169,231,211,128,142,115,232],"product_tag":[],"class_list":{"0":"post-7322","1":"product","2":"type-product","3":"status-publish","4":"has-post-thumbnail","6":"product_cat-afrutado","7":"product_cat-coco","8":"product_cat-dulce","9":"product_cat-fragancia-unisex","10":"product_cat-invierno","11":"product_cat-otono","12":"product_cat-vainilla","14":"first","15":"instock","16":"shipping-taxable","17":"purchasable","18":"product-type-variable","19":"add-to-wishlist-after_add_to_cart"},"yoast_head":"<!-- This site is optimized with the Yoast SEO plugin v27.3 - https:\/\/yoast.com\/product\/yoast-seo-wordpress\/ -->\n<title>TROPICAL BLIS FOR WOMEN - 2222 - Pertenece a la familia de notas olfativas similares a Maui in a Bottle Sweet Banana | 37 de Kayali Fragrances\u00ae - Perfumes Parlour<\/title>\n<meta name=\"robots\" content=\"index, follow, max-snippet:-1, max-image-preview:large, max-video-preview:-1\" \/>\n<link rel=\"canonical\" href=\"https:\/\/www.perfumeparlour.es\/en\/product\/tropical-blis-for-women-2222-pertenece-a-la-familia-de-notas-olfativas-similares-a-maui-in-a-bottle-sweet-banana-37-de-kayali-fragrances\/\" \/>\n<meta property=\"og:locale\" content=\"en_GB\" \/>\n<meta property=\"og:type\" content=\"article\" \/>\n<meta property=\"og:title\" content=\"TROPICAL BLIS FOR WOMEN - 2222 - Pertenece a la familia de notas olfativas similares a Maui in a Bottle Sweet Banana | 37 de Kayali Fragrances\u00ae - Perfumes Parlour\" \/>\n<meta property=\"og:description\" content=\"Pertenece a la familia de notas olfativas similares a Maui in a Bottle Sweet Banana | 37 de Kayali Fragrances\u00ae &nbsp;\" \/>\n<meta property=\"og:url\" content=\"https:\/\/www.perfumeparlour.es\/en\/product\/tropical-blis-for-women-2222-pertenece-a-la-familia-de-notas-olfativas-similares-a-maui-in-a-bottle-sweet-banana-37-de-kayali-fragrances\/\" \/>\n<meta property=\"og:site_name\" content=\"Perfumes Parlour\" \/>\n<meta property=\"article:modified_time\" content=\"2025-09-25T21:43:49+00:00\" \/>\n<meta property=\"og:image\" content=\"https:\/\/www.perfumeparlour.es\/wp-content\/uploads\/2025\/09\/1-09-scaled.webp\" \/>\n\t<meta property=\"og:image:width\" content=\"1707\" \/>\n\t<meta property=\"og:image:height\" content=\"2560\" \/>\n\t<meta property=\"og:image:type\" content=\"image\/webp\" \/>\n<meta name=\"twitter:card\" content=\"summary_large_image\" \/>\n<meta name=\"twitter:label1\" content=\"Estimated reading time\" \/>\n\t<meta name=\"twitter:data1\" content=\"2 minutes\" \/>\n<script type=\"application\/ld+json\" class=\"yoast-schema-graph\">{\"@context\":\"https:\\\/\\\/schema.org\",\"@graph\":[{\"@type\":\"WebPage\",\"@id\":\"https:\\\/\\\/www.perfumeparlour.es\\\/product\\\/tropical-blis-for-women-2222-pertenece-a-la-familia-de-notas-olfativas-similares-a-maui-in-a-bottle-sweet-banana-37-de-kayali-fragrances\\\/\",\"url\":\"https:\\\/\\\/www.perfumeparlour.es\\\/product\\\/tropical-blis-for-women-2222-pertenece-a-la-familia-de-notas-olfativas-similares-a-maui-in-a-bottle-sweet-banana-37-de-kayali-fragrances\\\/\",\"name\":\"TROPICAL BLIS FOR WOMEN - 2222 - Pertenece a la familia de notas olfativas similares a Maui in a Bottle Sweet Banana | 37 de Kayali Fragrances\u00ae - Perfumes Parlour\",\"isPartOf\":{\"@id\":\"https:\\\/\\\/www.perfumeparlour.es\\\/#website\"},\"primaryImageOfPage\":{\"@id\":\"https:\\\/\\\/www.perfumeparlour.es\\\/product\\\/tropical-blis-for-women-2222-pertenece-a-la-familia-de-notas-olfativas-similares-a-maui-in-a-bottle-sweet-banana-37-de-kayali-fragrances\\\/#primaryimage\"},\"image\":{\"@id\":\"https:\\\/\\\/www.perfumeparlour.es\\\/product\\\/tropical-blis-for-women-2222-pertenece-a-la-familia-de-notas-olfativas-similares-a-maui-in-a-bottle-sweet-banana-37-de-kayali-fragrances\\\/#primaryimage\"},\"thumbnailUrl\":\"https:\\\/\\\/www.perfumeparlour.es\\\/wp-content\\\/uploads\\\/2025\\\/09\\\/1-09-scaled.webp\",\"datePublished\":\"2025-09-25T21:36:47+00:00\",\"dateModified\":\"2025-09-25T21:43:49+00:00\",\"breadcrumb\":{\"@id\":\"https:\\\/\\\/www.perfumeparlour.es\\\/product\\\/tropical-blis-for-women-2222-pertenece-a-la-familia-de-notas-olfativas-similares-a-maui-in-a-bottle-sweet-banana-37-de-kayali-fragrances\\\/#breadcrumb\"},\"inLanguage\":\"en-GB\",\"potentialAction\":[{\"@type\":\"ReadAction\",\"target\":[\"https:\\\/\\\/www.perfumeparlour.es\\\/product\\\/tropical-blis-for-women-2222-pertenece-a-la-familia-de-notas-olfativas-similares-a-maui-in-a-bottle-sweet-banana-37-de-kayali-fragrances\\\/\"]}]},{\"@type\":\"ImageObject\",\"inLanguage\":\"en-GB\",\"@id\":\"https:\\\/\\\/www.perfumeparlour.es\\\/product\\\/tropical-blis-for-women-2222-pertenece-a-la-familia-de-notas-olfativas-similares-a-maui-in-a-bottle-sweet-banana-37-de-kayali-fragrances\\\/#primaryimage\",\"url\":\"https:\\\/\\\/www.perfumeparlour.es\\\/wp-content\\\/uploads\\\/2025\\\/09\\\/1-09-scaled.webp\",\"contentUrl\":\"https:\\\/\\\/www.perfumeparlour.es\\\/wp-content\\\/uploads\\\/2025\\\/09\\\/1-09-scaled.webp\",\"width\":1707,\"height\":2560},{\"@type\":\"BreadcrumbList\",\"@id\":\"https:\\\/\\\/www.perfumeparlour.es\\\/product\\\/tropical-blis-for-women-2222-pertenece-a-la-familia-de-notas-olfativas-similares-a-maui-in-a-bottle-sweet-banana-37-de-kayali-fragrances\\\/#breadcrumb\",\"itemListElement\":[{\"@type\":\"ListItem\",\"position\":1,\"name\":\"Portada\",\"item\":\"https:\\\/\\\/www.perfumeparlour.es\\\/\"},{\"@type\":\"ListItem\",\"position\":2,\"name\":\"Tienda\",\"item\":\"https:\\\/\\\/www.perfumeparlour.es\\\/shop\\\/\"},{\"@type\":\"ListItem\",\"position\":3,\"name\":\"TROPICAL BLIS FOR WOMEN &#8211; 2222 &#8211; Pertenece a la familia de notas olfativas similares a Maui in a Bottle Sweet Banana | 37 de Kayali Fragrances\u00ae\"}]},{\"@type\":\"WebSite\",\"@id\":\"https:\\\/\\\/www.perfumeparlour.es\\\/#website\",\"url\":\"https:\\\/\\\/www.perfumeparlour.es\\\/\",\"name\":\"Perfumes Parlour\",\"description\":\"\",\"potentialAction\":[{\"@type\":\"SearchAction\",\"target\":{\"@type\":\"EntryPoint\",\"urlTemplate\":\"https:\\\/\\\/www.perfumeparlour.es\\\/?s={search_term_string}\"},\"query-input\":{\"@type\":\"PropertyValueSpecification\",\"valueRequired\":true,\"valueName\":\"search_term_string\"}}],\"inLanguage\":\"en-GB\"}]}<\/script>\n<!-- \/ Yoast SEO plugin. -->","yoast_head_json":{"title":"TROPICAL BLIS FOR WOMEN - 2222 - Pertenece a la familia de notas olfativas similares a Maui in a Bottle Sweet Banana | 37 de Kayali Fragrances\u00ae - Perfumes Parlour","robots":{"index":"index","follow":"follow","max-snippet":"max-snippet:-1","max-image-preview":"max-image-preview:large","max-video-preview":"max-video-preview:-1"},"canonical":"https:\/\/www.perfumeparlour.es\/en\/product\/tropical-blis-for-women-2222-pertenece-a-la-familia-de-notas-olfativas-similares-a-maui-in-a-bottle-sweet-banana-37-de-kayali-fragrances\/","og_locale":"en_GB","og_type":"article","og_title":"TROPICAL BLIS FOR WOMEN - 2222 - Pertenece a la familia de notas olfativas similares a Maui in a Bottle Sweet Banana | 37 de Kayali Fragrances\u00ae - Perfumes Parlour","og_description":"Pertenece a la familia de notas olfativas similares a Maui in a Bottle Sweet Banana | 37 de Kayali Fragrances\u00ae &nbsp;","og_url":"https:\/\/www.perfumeparlour.es\/en\/product\/tropical-blis-for-women-2222-pertenece-a-la-familia-de-notas-olfativas-similares-a-maui-in-a-bottle-sweet-banana-37-de-kayali-fragrances\/","og_site_name":"Perfumes Parlour","article_modified_time":"2025-09-25T21:43:49+00:00","og_image":[{"width":1707,"height":2560,"url":"https:\/\/www.perfumeparlour.es\/wp-content\/uploads\/2025\/09\/1-09-scaled.webp","type":"image\/webp"}],"twitter_card":"summary_large_image","twitter_misc":{"Estimated reading time":"2 minutes"},"schema":{"@context":"https:\/\/schema.org","@graph":[{"@type":"WebPage","@id":"https:\/\/www.perfumeparlour.es\/product\/tropical-blis-for-women-2222-pertenece-a-la-familia-de-notas-olfativas-similares-a-maui-in-a-bottle-sweet-banana-37-de-kayali-fragrances\/","url":"https:\/\/www.perfumeparlour.es\/product\/tropical-blis-for-women-2222-pertenece-a-la-familia-de-notas-olfativas-similares-a-maui-in-a-bottle-sweet-banana-37-de-kayali-fragrances\/","name":"TROPICAL BLIS FOR WOMEN - 2222 - Pertenece a la familia de notas olfativas similares a Maui in a Bottle Sweet Banana | 37 de Kayali Fragrances\u00ae - Perfumes Parlour","isPartOf":{"@id":"https:\/\/www.perfumeparlour.es\/#website"},"primaryImageOfPage":{"@id":"https:\/\/www.perfumeparlour.es\/product\/tropical-blis-for-women-2222-pertenece-a-la-familia-de-notas-olfativas-similares-a-maui-in-a-bottle-sweet-banana-37-de-kayali-fragrances\/#primaryimage"},"image":{"@id":"https:\/\/www.perfumeparlour.es\/product\/tropical-blis-for-women-2222-pertenece-a-la-familia-de-notas-olfativas-similares-a-maui-in-a-bottle-sweet-banana-37-de-kayali-fragrances\/#primaryimage"},"thumbnailUrl":"https:\/\/www.perfumeparlour.es\/wp-content\/uploads\/2025\/09\/1-09-scaled.webp","datePublished":"2025-09-25T21:36:47+00:00","dateModified":"2025-09-25T21:43:49+00:00","breadcrumb":{"@id":"https:\/\/www.perfumeparlour.es\/product\/tropical-blis-for-women-2222-pertenece-a-la-familia-de-notas-olfativas-similares-a-maui-in-a-bottle-sweet-banana-37-de-kayali-fragrances\/#breadcrumb"},"inLanguage":"en-GB","potentialAction":[{"@type":"ReadAction","target":["https:\/\/www.perfumeparlour.es\/product\/tropical-blis-for-women-2222-pertenece-a-la-familia-de-notas-olfativas-similares-a-maui-in-a-bottle-sweet-banana-37-de-kayali-fragrances\/"]}]},{"@type":"ImageObject","inLanguage":"en-GB","@id":"https:\/\/www.perfumeparlour.es\/product\/tropical-blis-for-women-2222-pertenece-a-la-familia-de-notas-olfativas-similares-a-maui-in-a-bottle-sweet-banana-37-de-kayali-fragrances\/#primaryimage","url":"https:\/\/www.perfumeparlour.es\/wp-content\/uploads\/2025\/09\/1-09-scaled.webp","contentUrl":"https:\/\/www.perfumeparlour.es\/wp-content\/uploads\/2025\/09\/1-09-scaled.webp","width":1707,"height":2560},{"@type":"BreadcrumbList","@id":"https:\/\/www.perfumeparlour.es\/product\/tropical-blis-for-women-2222-pertenece-a-la-familia-de-notas-olfativas-similares-a-maui-in-a-bottle-sweet-banana-37-de-kayali-fragrances\/#breadcrumb","itemListElement":[{"@type":"ListItem","position":1,"name":"Portada","item":"https:\/\/www.perfumeparlour.es\/"},{"@type":"ListItem","position":2,"name":"Tienda","item":"https:\/\/www.perfumeparlour.es\/shop\/"},{"@type":"ListItem","position":3,"name":"TROPICAL BLIS FOR WOMEN &#8211; 2222 &#8211; Pertenece a la familia de notas olfativas similares a Maui in a Bottle Sweet Banana | 37 de Kayali Fragrances\u00ae"}]},{"@type":"WebSite","@id":"https:\/\/www.perfumeparlour.es\/#website","url":"https:\/\/www.perfumeparlour.es\/","name":"Perfumes Parlour","description":"","potentialAction":[{"@type":"SearchAction","target":{"@type":"EntryPoint","urlTemplate":"https:\/\/www.perfumeparlour.es\/?s={search_term_string}"},"query-input":{"@type":"PropertyValueSpecification","valueRequired":true,"valueName":"search_term_string"}}],"inLanguage":"en-GB"}]}},"jetpack_sharing_enabled":true,"_links":{"self":[{"href":"https:\/\/www.perfumeparlour.es\/en\/wp-json\/wp\/v2\/product\/7322","targetHints":{"allow":["GET"]}}],"collection":[{"href":"https:\/\/www.perfumeparlour.es\/en\/wp-json\/wp\/v2\/product"}],"about":[{"href":"https:\/\/www.perfumeparlour.es\/en\/wp-json\/wp\/v2\/types\/product"}],"replies":[{"embeddable":true,"href":"https:\/\/www.perfumeparlour.es\/en\/wp-json\/wp\/v2\/comments?post=7322"}],"wp:featuredmedia":[{"embeddable":true,"href":"https:\/\/www.perfumeparlour.es\/en\/wp-json\/wp\/v2\/media\/7333"}],"wp:attachment":[{"href":"https:\/\/www.perfumeparlour.es\/en\/wp-json\/wp\/v2\/media?parent=7322"}],"wp:term":[{"taxonomy":"product_brand","embeddable":true,"href":"https:\/\/www.perfumeparlour.es\/en\/wp-json\/wp\/v2\/product_brand?post=7322"},{"taxonomy":"product_cat","embeddable":true,"href":"https:\/\/www.perfumeparlour.es\/en\/wp-json\/wp\/v2\/product_cat?post=7322"},{"taxonomy":"product_tag","embeddable":true,"href":"https:\/\/www.perfumeparlour.es\/en\/wp-json\/wp\/v2\/product_tag?post=7322"}],"curies":[{"name":"wp","href":"https:\/\/api.w.org\/{rel}","templated":true}]}}