{"id":7067,"date":"2025-08-31T08:10:01","date_gmt":"2025-08-31T08:10:01","guid":{"rendered":"https:\/\/www.perfumeparlour.es\/?post_type=product&#038;p=7067"},"modified":"2025-08-31T18:46:38","modified_gmt":"2025-08-31T18:46:38","slug":"blue-waters-0424-pertenece-a-la-familia-de-notas-olfativas-similares-a-virgin-island-water","status":"publish","type":"product","link":"https:\/\/www.perfumeparlour.es\/en\/product\/blue-waters-0424-pertenece-a-la-familia-de-notas-olfativas-similares-a-virgin-island-water\/","title":{"rendered":"BLUE WATERS &#8211; 0424 &#8211; Pertenece a la familia de notas olfativas similares a Virgin Island Water by Creed\u00ae"},"content":{"rendered":"<p><span style=\"color: #000000;\"><strong>Top Note<\/strong>:<\/span><\/p>\n<div>\n<div><img decoding=\"async\" src=\"https:\/\/fimgs.net\/mdimg\/sastojci\/t.319.jpg\" \/><\/div>\n<div>frutas tropicales<\/div>\n<\/div>\n<div>\n<div><img decoding=\"async\" src=\"https:\/\/fimgs.net\/mdimg\/sastojci\/t.78.jpg\" \/><\/div>\n<div>lima (lim\u00f3n verde)<\/div>\n<\/div>\n<div>\n<div><img decoding=\"async\" src=\"https:\/\/fimgs.net\/mdimg\/sastojci\/t.75.jpg\" \/><\/div>\n<div>bergamota<\/div>\n<\/div>\n<hr \/>\n<p><span style=\"color: #000000;\"><strong>Middle Note:<\/strong><\/span><\/p>\n<div>\n<div><img decoding=\"async\" src=\"https:\/\/fimgs.net\/mdimg\/sastojci\/t.138.jpg\" \/><\/div>\n<div>leche de coco<\/div>\n<\/div>\n<div>\n<div><img decoding=\"async\" src=\"https:\/\/fimgs.net\/mdimg\/sastojci\/t.323.jpg\" \/><\/div>\n<div>flores blancas<\/div>\n<\/div>\n<div>\n<div><img decoding=\"async\" src=\"https:\/\/fimgs.net\/mdimg\/sastojci\/t.14.jpg\" \/><\/div>\n<div>jazm\u00edn<\/div>\n<\/div>\n<hr \/>\n<p><span style=\"color: #000000;\"><strong>Base Note:<\/strong><\/span><\/p>\n<div>\n<div><img decoding=\"async\" src=\"https:\/\/fimgs.net\/mdimg\/sastojci\/t.34.jpg\" \/><\/div>\n<div>pachul\u00ed<\/div>\n<\/div>\n<div>\n<div><img decoding=\"async\" src=\"https:\/\/fimgs.net\/mdimg\/sastojci\/t.4.jpg\" \/><\/div>\n<div>almizcle blanco<\/div>\n<\/div>\n<div>\n<div><img decoding=\"async\" src=\"https:\/\/fimgs.net\/mdimg\/sastojci\/t.73.jpg\" \/><\/div>\n<div>haba tonka<\/div>\n<\/div>\n<div class=\"easytabs-content-item easytabs-content-item-static\" data-et-marker=\"tabs-triumphing-for-men-0929-s0\" data-et-handle=\"tabs-disclaimer\">\n<div class=\"easytabs-accordion-item\" tabindex=\"-1\" role=\"tab\" aria-labelledby=\"easytabs-slide-label-035-2\" aria-selected=\"false\"><\/div>\n<\/div>\n<p>&nbsp;<\/p>\n<p>Se abre con un c\u00f3ctel c\u00edtrico de bergamota blanca, lima jamaicana y mandarina siciliana. Los c\u00edtricos se acompa\u00f1an de una nota de copra, la pulpa blanca del coco. El coraz\u00f3n incluye un intenso jazm\u00edn indio y un dulce hibisco, un ex\u00f3tico ylang-ylang y un jengibre fresco y picante. La base de la composici\u00f3n incluye ca\u00f1a de az\u00facar y almizcle.<\/p>","protected":false},"excerpt":{"rendered":"<h6 class=\"section-header__title collection-title\"><span dir=\"auto\">Pertenece a la familia de notas olfativas similares a Virgin Island Water by Creed\u00ae<\/span><\/h6>\n<p>&nbsp;<\/p>","protected":false},"featured_media":7077,"comment_status":"open","ping_status":"closed","template":"","meta":[],"product_brand":[],"product_cat":[160,231,128,158,159],"product_tag":[],"class_list":{"0":"post-7067","1":"product","2":"type-product","3":"status-publish","4":"has-post-thumbnail","6":"product_cat-citricos","7":"product_cat-coco","8":"product_cat-fragancia-unisex","9":"product_cat-primavera","10":"product_cat-verano","12":"first","13":"instock","14":"shipping-taxable","15":"purchasable","16":"product-type-variable","17":"add-to-wishlist-after_add_to_cart"},"yoast_head":"<!-- This site is optimized with the Yoast SEO plugin v27.3 - https:\/\/yoast.com\/product\/yoast-seo-wordpress\/ -->\n<title>BLUE WATERS - 0424 - Pertenece a la familia de notas olfativas similares a Virgin Island Water by Creed\u00ae - Perfumes Parlour<\/title>\n<meta name=\"robots\" content=\"index, follow, max-snippet:-1, max-image-preview:large, max-video-preview:-1\" \/>\n<link rel=\"canonical\" href=\"https:\/\/www.perfumeparlour.es\/en\/product\/blue-waters-0424-pertenece-a-la-familia-de-notas-olfativas-similares-a-virgin-island-water\/\" \/>\n<meta property=\"og:locale\" content=\"en_GB\" \/>\n<meta property=\"og:type\" content=\"article\" \/>\n<meta property=\"og:title\" content=\"BLUE WATERS - 0424 - Pertenece a la familia de notas olfativas similares a Virgin Island Water by Creed\u00ae - Perfumes Parlour\" \/>\n<meta property=\"og:description\" content=\"Pertenece a la familia de notas olfativas similares a Virgin Island Water by Creed\u00ae &nbsp;\" \/>\n<meta property=\"og:url\" content=\"https:\/\/www.perfumeparlour.es\/en\/product\/blue-waters-0424-pertenece-a-la-familia-de-notas-olfativas-similares-a-virgin-island-water\/\" \/>\n<meta property=\"og:site_name\" content=\"Perfumes Parlour\" \/>\n<meta property=\"article:modified_time\" content=\"2025-08-31T18:46:38+00:00\" \/>\n<meta property=\"og:image\" content=\"https:\/\/www.perfumeparlour.es\/wp-content\/uploads\/2025\/08\/Blue-Waters_6a862357-82d9-453f-8904-633626ea631c.webp\" \/>\n\t<meta property=\"og:image:width\" content=\"800\" \/>\n\t<meta property=\"og:image:height\" content=\"1200\" \/>\n\t<meta property=\"og:image:type\" content=\"image\/webp\" \/>\n<meta name=\"twitter:card\" content=\"summary_large_image\" \/>\n<meta name=\"twitter:label1\" content=\"Estimated reading time\" \/>\n\t<meta name=\"twitter:data1\" content=\"3 minutes\" \/>\n<script type=\"application\/ld+json\" class=\"yoast-schema-graph\">{\"@context\":\"https:\\\/\\\/schema.org\",\"@graph\":[{\"@type\":\"WebPage\",\"@id\":\"https:\\\/\\\/www.perfumeparlour.es\\\/product\\\/blue-waters-0424-pertenece-a-la-familia-de-notas-olfativas-similares-a-virgin-island-water\\\/\",\"url\":\"https:\\\/\\\/www.perfumeparlour.es\\\/product\\\/blue-waters-0424-pertenece-a-la-familia-de-notas-olfativas-similares-a-virgin-island-water\\\/\",\"name\":\"BLUE WATERS - 0424 - Pertenece a la familia de notas olfativas similares a Virgin Island Water by Creed\u00ae - Perfumes Parlour\",\"isPartOf\":{\"@id\":\"https:\\\/\\\/www.perfumeparlour.es\\\/#website\"},\"primaryImageOfPage\":{\"@id\":\"https:\\\/\\\/www.perfumeparlour.es\\\/product\\\/blue-waters-0424-pertenece-a-la-familia-de-notas-olfativas-similares-a-virgin-island-water\\\/#primaryimage\"},\"image\":{\"@id\":\"https:\\\/\\\/www.perfumeparlour.es\\\/product\\\/blue-waters-0424-pertenece-a-la-familia-de-notas-olfativas-similares-a-virgin-island-water\\\/#primaryimage\"},\"thumbnailUrl\":\"https:\\\/\\\/www.perfumeparlour.es\\\/wp-content\\\/uploads\\\/2025\\\/08\\\/Blue-Waters_6a862357-82d9-453f-8904-633626ea631c.webp\",\"datePublished\":\"2025-08-31T08:10:01+00:00\",\"dateModified\":\"2025-08-31T18:46:38+00:00\",\"breadcrumb\":{\"@id\":\"https:\\\/\\\/www.perfumeparlour.es\\\/product\\\/blue-waters-0424-pertenece-a-la-familia-de-notas-olfativas-similares-a-virgin-island-water\\\/#breadcrumb\"},\"inLanguage\":\"en-GB\",\"potentialAction\":[{\"@type\":\"ReadAction\",\"target\":[\"https:\\\/\\\/www.perfumeparlour.es\\\/product\\\/blue-waters-0424-pertenece-a-la-familia-de-notas-olfativas-similares-a-virgin-island-water\\\/\"]}]},{\"@type\":\"ImageObject\",\"inLanguage\":\"en-GB\",\"@id\":\"https:\\\/\\\/www.perfumeparlour.es\\\/product\\\/blue-waters-0424-pertenece-a-la-familia-de-notas-olfativas-similares-a-virgin-island-water\\\/#primaryimage\",\"url\":\"https:\\\/\\\/www.perfumeparlour.es\\\/wp-content\\\/uploads\\\/2025\\\/08\\\/Blue-Waters_6a862357-82d9-453f-8904-633626ea631c.webp\",\"contentUrl\":\"https:\\\/\\\/www.perfumeparlour.es\\\/wp-content\\\/uploads\\\/2025\\\/08\\\/Blue-Waters_6a862357-82d9-453f-8904-633626ea631c.webp\",\"width\":800,\"height\":1200},{\"@type\":\"BreadcrumbList\",\"@id\":\"https:\\\/\\\/www.perfumeparlour.es\\\/product\\\/blue-waters-0424-pertenece-a-la-familia-de-notas-olfativas-similares-a-virgin-island-water\\\/#breadcrumb\",\"itemListElement\":[{\"@type\":\"ListItem\",\"position\":1,\"name\":\"Portada\",\"item\":\"https:\\\/\\\/www.perfumeparlour.es\\\/\"},{\"@type\":\"ListItem\",\"position\":2,\"name\":\"Tienda\",\"item\":\"https:\\\/\\\/www.perfumeparlour.es\\\/shop\\\/\"},{\"@type\":\"ListItem\",\"position\":3,\"name\":\"BLUE WATERS &#8211; 0424 &#8211; Pertenece a la familia de notas olfativas similares a Virgin Island Water by Creed\u00ae\"}]},{\"@type\":\"WebSite\",\"@id\":\"https:\\\/\\\/www.perfumeparlour.es\\\/#website\",\"url\":\"https:\\\/\\\/www.perfumeparlour.es\\\/\",\"name\":\"Perfumes Parlour\",\"description\":\"\",\"potentialAction\":[{\"@type\":\"SearchAction\",\"target\":{\"@type\":\"EntryPoint\",\"urlTemplate\":\"https:\\\/\\\/www.perfumeparlour.es\\\/?s={search_term_string}\"},\"query-input\":{\"@type\":\"PropertyValueSpecification\",\"valueRequired\":true,\"valueName\":\"search_term_string\"}}],\"inLanguage\":\"en-GB\"}]}<\/script>\n<!-- \/ Yoast SEO plugin. -->","yoast_head_json":{"title":"BLUE WATERS - 0424 - Pertenece a la familia de notas olfativas similares a Virgin Island Water by Creed\u00ae - Perfumes Parlour","robots":{"index":"index","follow":"follow","max-snippet":"max-snippet:-1","max-image-preview":"max-image-preview:large","max-video-preview":"max-video-preview:-1"},"canonical":"https:\/\/www.perfumeparlour.es\/en\/product\/blue-waters-0424-pertenece-a-la-familia-de-notas-olfativas-similares-a-virgin-island-water\/","og_locale":"en_GB","og_type":"article","og_title":"BLUE WATERS - 0424 - Pertenece a la familia de notas olfativas similares a Virgin Island Water by Creed\u00ae - Perfumes Parlour","og_description":"Pertenece a la familia de notas olfativas similares a Virgin Island Water by Creed\u00ae &nbsp;","og_url":"https:\/\/www.perfumeparlour.es\/en\/product\/blue-waters-0424-pertenece-a-la-familia-de-notas-olfativas-similares-a-virgin-island-water\/","og_site_name":"Perfumes Parlour","article_modified_time":"2025-08-31T18:46:38+00:00","og_image":[{"width":800,"height":1200,"url":"https:\/\/www.perfumeparlour.es\/wp-content\/uploads\/2025\/08\/Blue-Waters_6a862357-82d9-453f-8904-633626ea631c.webp","type":"image\/webp"}],"twitter_card":"summary_large_image","twitter_misc":{"Estimated reading time":"3 minutes"},"schema":{"@context":"https:\/\/schema.org","@graph":[{"@type":"WebPage","@id":"https:\/\/www.perfumeparlour.es\/product\/blue-waters-0424-pertenece-a-la-familia-de-notas-olfativas-similares-a-virgin-island-water\/","url":"https:\/\/www.perfumeparlour.es\/product\/blue-waters-0424-pertenece-a-la-familia-de-notas-olfativas-similares-a-virgin-island-water\/","name":"BLUE WATERS - 0424 - Pertenece a la familia de notas olfativas similares a Virgin Island Water by Creed\u00ae - Perfumes Parlour","isPartOf":{"@id":"https:\/\/www.perfumeparlour.es\/#website"},"primaryImageOfPage":{"@id":"https:\/\/www.perfumeparlour.es\/product\/blue-waters-0424-pertenece-a-la-familia-de-notas-olfativas-similares-a-virgin-island-water\/#primaryimage"},"image":{"@id":"https:\/\/www.perfumeparlour.es\/product\/blue-waters-0424-pertenece-a-la-familia-de-notas-olfativas-similares-a-virgin-island-water\/#primaryimage"},"thumbnailUrl":"https:\/\/www.perfumeparlour.es\/wp-content\/uploads\/2025\/08\/Blue-Waters_6a862357-82d9-453f-8904-633626ea631c.webp","datePublished":"2025-08-31T08:10:01+00:00","dateModified":"2025-08-31T18:46:38+00:00","breadcrumb":{"@id":"https:\/\/www.perfumeparlour.es\/product\/blue-waters-0424-pertenece-a-la-familia-de-notas-olfativas-similares-a-virgin-island-water\/#breadcrumb"},"inLanguage":"en-GB","potentialAction":[{"@type":"ReadAction","target":["https:\/\/www.perfumeparlour.es\/product\/blue-waters-0424-pertenece-a-la-familia-de-notas-olfativas-similares-a-virgin-island-water\/"]}]},{"@type":"ImageObject","inLanguage":"en-GB","@id":"https:\/\/www.perfumeparlour.es\/product\/blue-waters-0424-pertenece-a-la-familia-de-notas-olfativas-similares-a-virgin-island-water\/#primaryimage","url":"https:\/\/www.perfumeparlour.es\/wp-content\/uploads\/2025\/08\/Blue-Waters_6a862357-82d9-453f-8904-633626ea631c.webp","contentUrl":"https:\/\/www.perfumeparlour.es\/wp-content\/uploads\/2025\/08\/Blue-Waters_6a862357-82d9-453f-8904-633626ea631c.webp","width":800,"height":1200},{"@type":"BreadcrumbList","@id":"https:\/\/www.perfumeparlour.es\/product\/blue-waters-0424-pertenece-a-la-familia-de-notas-olfativas-similares-a-virgin-island-water\/#breadcrumb","itemListElement":[{"@type":"ListItem","position":1,"name":"Portada","item":"https:\/\/www.perfumeparlour.es\/"},{"@type":"ListItem","position":2,"name":"Tienda","item":"https:\/\/www.perfumeparlour.es\/shop\/"},{"@type":"ListItem","position":3,"name":"BLUE WATERS &#8211; 0424 &#8211; Pertenece a la familia de notas olfativas similares a Virgin Island Water by Creed\u00ae"}]},{"@type":"WebSite","@id":"https:\/\/www.perfumeparlour.es\/#website","url":"https:\/\/www.perfumeparlour.es\/","name":"Perfumes Parlour","description":"","potentialAction":[{"@type":"SearchAction","target":{"@type":"EntryPoint","urlTemplate":"https:\/\/www.perfumeparlour.es\/?s={search_term_string}"},"query-input":{"@type":"PropertyValueSpecification","valueRequired":true,"valueName":"search_term_string"}}],"inLanguage":"en-GB"}]}},"jetpack_sharing_enabled":true,"_links":{"self":[{"href":"https:\/\/www.perfumeparlour.es\/en\/wp-json\/wp\/v2\/product\/7067","targetHints":{"allow":["GET"]}}],"collection":[{"href":"https:\/\/www.perfumeparlour.es\/en\/wp-json\/wp\/v2\/product"}],"about":[{"href":"https:\/\/www.perfumeparlour.es\/en\/wp-json\/wp\/v2\/types\/product"}],"replies":[{"embeddable":true,"href":"https:\/\/www.perfumeparlour.es\/en\/wp-json\/wp\/v2\/comments?post=7067"}],"wp:featuredmedia":[{"embeddable":true,"href":"https:\/\/www.perfumeparlour.es\/en\/wp-json\/wp\/v2\/media\/7077"}],"wp:attachment":[{"href":"https:\/\/www.perfumeparlour.es\/en\/wp-json\/wp\/v2\/media?parent=7067"}],"wp:term":[{"taxonomy":"product_brand","embeddable":true,"href":"https:\/\/www.perfumeparlour.es\/en\/wp-json\/wp\/v2\/product_brand?post=7067"},{"taxonomy":"product_cat","embeddable":true,"href":"https:\/\/www.perfumeparlour.es\/en\/wp-json\/wp\/v2\/product_cat?post=7067"},{"taxonomy":"product_tag","embeddable":true,"href":"https:\/\/www.perfumeparlour.es\/en\/wp-json\/wp\/v2\/product_tag?post=7067"}],"curies":[{"name":"wp","href":"https:\/\/api.w.org\/{rel}","templated":true}]}}