{"id":6930,"date":"2025-08-25T07:42:57","date_gmt":"2025-08-25T07:42:57","guid":{"rendered":"https:\/\/www.perfumeparlour.es\/?post_type=product&#038;p=6930"},"modified":"2025-08-25T07:50:03","modified_gmt":"2025-08-25T07:50:03","slug":"italian-noire-for-men-0476-pertenece-a-la-familia-de-notas-olfativas-similares-a-bvlgari-black","status":"publish","type":"product","link":"https:\/\/www.perfumeparlour.es\/en\/product\/italian-noire-for-men-0476-pertenece-a-la-familia-de-notas-olfativas-similares-a-bvlgari-black\/","title":{"rendered":"ITALIAN NOIRE FOR MEN &#8211; 0476 &#8211; Pertenece a la familia de notas olfativas similares a Bvlgari Black\u00ae"},"content":{"rendered":"<p><span style=\"color: #000000;\"><strong>Top Note<\/strong>: rosa, bergamota, t\u00e9 verde<\/span><\/p>\n<hr \/>\n<p><span style=\"color: #000000;\"><strong>Middle Note:<\/strong> jazm\u00edn, cedro, s\u00e1ndalo<\/span><\/p>\n<hr \/>\n<p><span style=\"color: #000000;\"><strong>Base Note:<\/strong> Ambar, cuero, musgo de roble, vainilla, almizcle<\/span><\/p>\n<div class=\"easytabs-content-item easytabs-content-item-static\" data-et-marker=\"tabs-triumphing-for-men-0929-s0\" data-et-handle=\"tabs-disclaimer\">\n<div class=\"easytabs-accordion-item\" tabindex=\"-1\" role=\"tab\" aria-labelledby=\"easytabs-slide-label-035-2\" aria-selected=\"false\"><\/div>\n<\/div>\n<p>&nbsp;<\/p>\n<p>Esta fragancia inicia con un t\u00e9 negro ahumado, en este caso lapsang souchong, urbano y masculino, simulando caucho, neum\u00e1ticos de coche, coches, carreteras y ruido de motor mientras que las notas de \u00e1mbar y notas amaderadas recuerdan que incluso las ciudades m\u00e1s grandes esconden momentos rom\u00e1nticos al atardecer.<\/p>","protected":false},"excerpt":{"rendered":"<h6 class=\"section-header__title collection-title\"><span dir=\"auto\">Pertenece a la familia de notas olfativas similares a Bvlgari Black\u00ae<\/span><\/h6>\n<p>&nbsp;<\/p>","protected":false},"featured_media":6940,"comment_status":"open","ping_status":"closed","template":"","meta":[],"product_brand":[],"product_cat":[157,160,171,256,283,44,128,115,158,232],"product_tag":[],"class_list":{"0":"post-6930","1":"product","2":"type-product","3":"status-publish","4":"has-post-thumbnail","6":"product_cat-chypre","7":"product_cat-citricos","8":"product_cat-cuero","9":"product_cat-descontinuado","10":"product_cat-fougere","11":"product_cat-fragancias-para-hombres","12":"product_cat-fragancia-unisex","13":"product_cat-otono","14":"product_cat-primavera","15":"product_cat-vainilla","17":"first","18":"instock","19":"shipping-taxable","20":"purchasable","21":"product-type-variable","22":"add-to-wishlist-after_add_to_cart"},"yoast_head":"<!-- This site is optimized with the Yoast SEO plugin v27.3 - https:\/\/yoast.com\/product\/yoast-seo-wordpress\/ -->\n<title>ITALIAN NOIRE FOR MEN - 0476 - Pertenece a la familia de notas olfativas similares a Bvlgari Black\u00ae - Perfumes Parlour<\/title>\n<meta name=\"robots\" content=\"index, follow, max-snippet:-1, max-image-preview:large, max-video-preview:-1\" \/>\n<link rel=\"canonical\" href=\"https:\/\/www.perfumeparlour.es\/en\/product\/italian-noire-for-men-0476-pertenece-a-la-familia-de-notas-olfativas-similares-a-bvlgari-black\/\" \/>\n<meta property=\"og:locale\" content=\"en_GB\" \/>\n<meta property=\"og:type\" content=\"article\" \/>\n<meta property=\"og:title\" content=\"ITALIAN NOIRE FOR MEN - 0476 - Pertenece a la familia de notas olfativas similares a Bvlgari Black\u00ae - Perfumes Parlour\" \/>\n<meta property=\"og:description\" content=\"Pertenece a la familia de notas olfativas similares a Bvlgari Black\u00ae &nbsp;\" \/>\n<meta property=\"og:url\" content=\"https:\/\/www.perfumeparlour.es\/en\/product\/italian-noire-for-men-0476-pertenece-a-la-familia-de-notas-olfativas-similares-a-bvlgari-black\/\" \/>\n<meta property=\"og:site_name\" content=\"Perfumes Parlour\" \/>\n<meta property=\"article:modified_time\" content=\"2025-08-25T07:50:03+00:00\" \/>\n<meta property=\"og:image\" content=\"https:\/\/www.perfumeparlour.es\/wp-content\/uploads\/2025\/08\/Italian-Noire.webp\" \/>\n\t<meta property=\"og:image:width\" content=\"800\" \/>\n\t<meta property=\"og:image:height\" content=\"1200\" \/>\n\t<meta property=\"og:image:type\" content=\"image\/webp\" \/>\n<meta name=\"twitter:card\" content=\"summary_large_image\" \/>\n<meta name=\"twitter:label1\" content=\"Estimated reading time\" \/>\n\t<meta name=\"twitter:data1\" content=\"1 minute\" \/>\n<script type=\"application\/ld+json\" class=\"yoast-schema-graph\">{\"@context\":\"https:\\\/\\\/schema.org\",\"@graph\":[{\"@type\":\"WebPage\",\"@id\":\"https:\\\/\\\/www.perfumeparlour.es\\\/product\\\/italian-noire-for-men-0476-pertenece-a-la-familia-de-notas-olfativas-similares-a-bvlgari-black\\\/\",\"url\":\"https:\\\/\\\/www.perfumeparlour.es\\\/product\\\/italian-noire-for-men-0476-pertenece-a-la-familia-de-notas-olfativas-similares-a-bvlgari-black\\\/\",\"name\":\"ITALIAN NOIRE FOR MEN - 0476 - Pertenece a la familia de notas olfativas similares a Bvlgari Black\u00ae - Perfumes Parlour\",\"isPartOf\":{\"@id\":\"https:\\\/\\\/www.perfumeparlour.es\\\/#website\"},\"primaryImageOfPage\":{\"@id\":\"https:\\\/\\\/www.perfumeparlour.es\\\/product\\\/italian-noire-for-men-0476-pertenece-a-la-familia-de-notas-olfativas-similares-a-bvlgari-black\\\/#primaryimage\"},\"image\":{\"@id\":\"https:\\\/\\\/www.perfumeparlour.es\\\/product\\\/italian-noire-for-men-0476-pertenece-a-la-familia-de-notas-olfativas-similares-a-bvlgari-black\\\/#primaryimage\"},\"thumbnailUrl\":\"https:\\\/\\\/www.perfumeparlour.es\\\/wp-content\\\/uploads\\\/2025\\\/08\\\/Italian-Noire.webp\",\"datePublished\":\"2025-08-25T07:42:57+00:00\",\"dateModified\":\"2025-08-25T07:50:03+00:00\",\"breadcrumb\":{\"@id\":\"https:\\\/\\\/www.perfumeparlour.es\\\/product\\\/italian-noire-for-men-0476-pertenece-a-la-familia-de-notas-olfativas-similares-a-bvlgari-black\\\/#breadcrumb\"},\"inLanguage\":\"en-GB\",\"potentialAction\":[{\"@type\":\"ReadAction\",\"target\":[\"https:\\\/\\\/www.perfumeparlour.es\\\/product\\\/italian-noire-for-men-0476-pertenece-a-la-familia-de-notas-olfativas-similares-a-bvlgari-black\\\/\"]}]},{\"@type\":\"ImageObject\",\"inLanguage\":\"en-GB\",\"@id\":\"https:\\\/\\\/www.perfumeparlour.es\\\/product\\\/italian-noire-for-men-0476-pertenece-a-la-familia-de-notas-olfativas-similares-a-bvlgari-black\\\/#primaryimage\",\"url\":\"https:\\\/\\\/www.perfumeparlour.es\\\/wp-content\\\/uploads\\\/2025\\\/08\\\/Italian-Noire.webp\",\"contentUrl\":\"https:\\\/\\\/www.perfumeparlour.es\\\/wp-content\\\/uploads\\\/2025\\\/08\\\/Italian-Noire.webp\",\"width\":800,\"height\":1200},{\"@type\":\"BreadcrumbList\",\"@id\":\"https:\\\/\\\/www.perfumeparlour.es\\\/product\\\/italian-noire-for-men-0476-pertenece-a-la-familia-de-notas-olfativas-similares-a-bvlgari-black\\\/#breadcrumb\",\"itemListElement\":[{\"@type\":\"ListItem\",\"position\":1,\"name\":\"Portada\",\"item\":\"https:\\\/\\\/www.perfumeparlour.es\\\/\"},{\"@type\":\"ListItem\",\"position\":2,\"name\":\"Tienda\",\"item\":\"https:\\\/\\\/www.perfumeparlour.es\\\/shop\\\/\"},{\"@type\":\"ListItem\",\"position\":3,\"name\":\"ITALIAN NOIRE FOR MEN &#8211; 0476 &#8211; Pertenece a la familia de notas olfativas similares a Bvlgari Black\u00ae\"}]},{\"@type\":\"WebSite\",\"@id\":\"https:\\\/\\\/www.perfumeparlour.es\\\/#website\",\"url\":\"https:\\\/\\\/www.perfumeparlour.es\\\/\",\"name\":\"Perfumes Parlour\",\"description\":\"\",\"potentialAction\":[{\"@type\":\"SearchAction\",\"target\":{\"@type\":\"EntryPoint\",\"urlTemplate\":\"https:\\\/\\\/www.perfumeparlour.es\\\/?s={search_term_string}\"},\"query-input\":{\"@type\":\"PropertyValueSpecification\",\"valueRequired\":true,\"valueName\":\"search_term_string\"}}],\"inLanguage\":\"en-GB\"}]}<\/script>\n<!-- \/ Yoast SEO plugin. -->","yoast_head_json":{"title":"ITALIAN NOIRE FOR MEN - 0476 - Pertenece a la familia de notas olfativas similares a Bvlgari Black\u00ae - Perfumes Parlour","robots":{"index":"index","follow":"follow","max-snippet":"max-snippet:-1","max-image-preview":"max-image-preview:large","max-video-preview":"max-video-preview:-1"},"canonical":"https:\/\/www.perfumeparlour.es\/en\/product\/italian-noire-for-men-0476-pertenece-a-la-familia-de-notas-olfativas-similares-a-bvlgari-black\/","og_locale":"en_GB","og_type":"article","og_title":"ITALIAN NOIRE FOR MEN - 0476 - Pertenece a la familia de notas olfativas similares a Bvlgari Black\u00ae - Perfumes Parlour","og_description":"Pertenece a la familia de notas olfativas similares a Bvlgari Black\u00ae &nbsp;","og_url":"https:\/\/www.perfumeparlour.es\/en\/product\/italian-noire-for-men-0476-pertenece-a-la-familia-de-notas-olfativas-similares-a-bvlgari-black\/","og_site_name":"Perfumes Parlour","article_modified_time":"2025-08-25T07:50:03+00:00","og_image":[{"width":800,"height":1200,"url":"https:\/\/www.perfumeparlour.es\/wp-content\/uploads\/2025\/08\/Italian-Noire.webp","type":"image\/webp"}],"twitter_card":"summary_large_image","twitter_misc":{"Estimated reading time":"1 minute"},"schema":{"@context":"https:\/\/schema.org","@graph":[{"@type":"WebPage","@id":"https:\/\/www.perfumeparlour.es\/product\/italian-noire-for-men-0476-pertenece-a-la-familia-de-notas-olfativas-similares-a-bvlgari-black\/","url":"https:\/\/www.perfumeparlour.es\/product\/italian-noire-for-men-0476-pertenece-a-la-familia-de-notas-olfativas-similares-a-bvlgari-black\/","name":"ITALIAN NOIRE FOR MEN - 0476 - Pertenece a la familia de notas olfativas similares a Bvlgari Black\u00ae - Perfumes Parlour","isPartOf":{"@id":"https:\/\/www.perfumeparlour.es\/#website"},"primaryImageOfPage":{"@id":"https:\/\/www.perfumeparlour.es\/product\/italian-noire-for-men-0476-pertenece-a-la-familia-de-notas-olfativas-similares-a-bvlgari-black\/#primaryimage"},"image":{"@id":"https:\/\/www.perfumeparlour.es\/product\/italian-noire-for-men-0476-pertenece-a-la-familia-de-notas-olfativas-similares-a-bvlgari-black\/#primaryimage"},"thumbnailUrl":"https:\/\/www.perfumeparlour.es\/wp-content\/uploads\/2025\/08\/Italian-Noire.webp","datePublished":"2025-08-25T07:42:57+00:00","dateModified":"2025-08-25T07:50:03+00:00","breadcrumb":{"@id":"https:\/\/www.perfumeparlour.es\/product\/italian-noire-for-men-0476-pertenece-a-la-familia-de-notas-olfativas-similares-a-bvlgari-black\/#breadcrumb"},"inLanguage":"en-GB","potentialAction":[{"@type":"ReadAction","target":["https:\/\/www.perfumeparlour.es\/product\/italian-noire-for-men-0476-pertenece-a-la-familia-de-notas-olfativas-similares-a-bvlgari-black\/"]}]},{"@type":"ImageObject","inLanguage":"en-GB","@id":"https:\/\/www.perfumeparlour.es\/product\/italian-noire-for-men-0476-pertenece-a-la-familia-de-notas-olfativas-similares-a-bvlgari-black\/#primaryimage","url":"https:\/\/www.perfumeparlour.es\/wp-content\/uploads\/2025\/08\/Italian-Noire.webp","contentUrl":"https:\/\/www.perfumeparlour.es\/wp-content\/uploads\/2025\/08\/Italian-Noire.webp","width":800,"height":1200},{"@type":"BreadcrumbList","@id":"https:\/\/www.perfumeparlour.es\/product\/italian-noire-for-men-0476-pertenece-a-la-familia-de-notas-olfativas-similares-a-bvlgari-black\/#breadcrumb","itemListElement":[{"@type":"ListItem","position":1,"name":"Portada","item":"https:\/\/www.perfumeparlour.es\/"},{"@type":"ListItem","position":2,"name":"Tienda","item":"https:\/\/www.perfumeparlour.es\/shop\/"},{"@type":"ListItem","position":3,"name":"ITALIAN NOIRE FOR MEN &#8211; 0476 &#8211; Pertenece a la familia de notas olfativas similares a Bvlgari Black\u00ae"}]},{"@type":"WebSite","@id":"https:\/\/www.perfumeparlour.es\/#website","url":"https:\/\/www.perfumeparlour.es\/","name":"Perfumes Parlour","description":"","potentialAction":[{"@type":"SearchAction","target":{"@type":"EntryPoint","urlTemplate":"https:\/\/www.perfumeparlour.es\/?s={search_term_string}"},"query-input":{"@type":"PropertyValueSpecification","valueRequired":true,"valueName":"search_term_string"}}],"inLanguage":"en-GB"}]}},"jetpack_sharing_enabled":true,"_links":{"self":[{"href":"https:\/\/www.perfumeparlour.es\/en\/wp-json\/wp\/v2\/product\/6930","targetHints":{"allow":["GET"]}}],"collection":[{"href":"https:\/\/www.perfumeparlour.es\/en\/wp-json\/wp\/v2\/product"}],"about":[{"href":"https:\/\/www.perfumeparlour.es\/en\/wp-json\/wp\/v2\/types\/product"}],"replies":[{"embeddable":true,"href":"https:\/\/www.perfumeparlour.es\/en\/wp-json\/wp\/v2\/comments?post=6930"}],"wp:featuredmedia":[{"embeddable":true,"href":"https:\/\/www.perfumeparlour.es\/en\/wp-json\/wp\/v2\/media\/6940"}],"wp:attachment":[{"href":"https:\/\/www.perfumeparlour.es\/en\/wp-json\/wp\/v2\/media?parent=6930"}],"wp:term":[{"taxonomy":"product_brand","embeddable":true,"href":"https:\/\/www.perfumeparlour.es\/en\/wp-json\/wp\/v2\/product_brand?post=6930"},{"taxonomy":"product_cat","embeddable":true,"href":"https:\/\/www.perfumeparlour.es\/en\/wp-json\/wp\/v2\/product_cat?post=6930"},{"taxonomy":"product_tag","embeddable":true,"href":"https:\/\/www.perfumeparlour.es\/en\/wp-json\/wp\/v2\/product_tag?post=6930"}],"curies":[{"name":"wp","href":"https:\/\/api.w.org\/{rel}","templated":true}]}}