{"id":6837,"date":"2025-08-21T06:45:02","date_gmt":"2025-08-21T06:45:02","guid":{"rendered":"https:\/\/www.perfumeparlour.es\/?post_type=product&#038;p=6837"},"modified":"2025-08-21T06:53:15","modified_gmt":"2025-08-21T06:53:15","slug":"dubai-oud-2208-una-fragancia-aromatica-de-oud-elegante","status":"publish","type":"product","link":"https:\/\/www.perfumeparlour.es\/en\/product\/dubai-oud-2208-una-fragancia-aromatica-de-oud-elegante\/","title":{"rendered":"DUBAI OUD &#8211; 2208 &#8211; Una fragancia arom\u00e1tica de Oud elegante\u00ae"},"content":{"rendered":"<p><span style=\"color: #000000;\"><strong>Top Note: <\/strong>Dulce, rosado, picante y terroso<\/span><\/p>\n<hr \/>\n<p><span style=\"color: #000000;\"><strong>Middle Note:<\/strong> Haba tonka<\/span><\/p>\n<hr \/>\n<p><span style=\"color: #000000;\"><strong>Base Note:<\/strong> Oud<\/span><\/p>\n<p>&nbsp;<\/p>\n<h4><em><span dir=\"auto\">(Creaci\u00f3n de sal\u00f3n de perfumes)<\/span><\/em><\/h4>\n<p><span dir=\"auto\">Dubai Oud es una lujosa fragancia oriental amaderada que captura la esencia de los Emiratos \u00c1rabes Unidos. Este aroma \u00fanico combina notas dulces, rosadas, especiadas y terrosas, ofreciendo un aroma inolvidable y duradero. Una perfecta armon\u00eda de dulzura y especias, refleja la grandeza y opulencia de Dub\u00e1i, evocando recuerdos de su rica herencia y sofisticaci\u00f3n moderna.<\/span><\/p>\n<p>&nbsp;<\/p>\n<p><strong><span dir=\"auto\">Inspiraci\u00f3n:<\/span><\/strong><br \/>\n<span dir=\"auto\">Dubai Oud es una fragancia de lujo creada para transportarte al coraz\u00f3n de los Emiratos \u00c1rabes Unidos. Su cautivadora mezcla de aromas dulces y especiados encarna la elegancia atemporal y el esp\u00edritu lujoso de Dub\u00e1i, creando un aroma que perdura maravillosamente durante todo el d\u00eda.<\/span><\/p>","protected":false},"excerpt":{"rendered":"<h6><em>Una fragancia arom\u00e1tica de vainilla dulce\u00ae<\/em><\/h6>\n<p>&nbsp;<\/p>","protected":false},"featured_media":6847,"comment_status":"open","ping_status":"closed","template":"","meta":[],"product_brand":[],"product_cat":[211,168,128,142,177,172,115,238],"product_tag":[],"class_list":{"0":"post-6837","1":"product","2":"type-product","3":"status-publish","4":"has-post-thumbnail","6":"product_cat-dulce","7":"product_cat-floral","8":"product_cat-fragancia-unisex","9":"product_cat-invierno","10":"product_cat-nuestras-creaciones","11":"product_cat-oriental","12":"product_cat-otono","13":"product_cat-oud","15":"first","16":"instock","17":"shipping-taxable","18":"purchasable","19":"product-type-variable","20":"add-to-wishlist-after_add_to_cart"},"yoast_head":"<!-- This site is optimized with the Yoast SEO plugin v27.3 - https:\/\/yoast.com\/product\/yoast-seo-wordpress\/ -->\n<title>DUBAI OUD - 2208 - Una fragancia arom\u00e1tica de Oud elegante\u00ae - Perfumes Parlour<\/title>\n<meta name=\"robots\" content=\"index, follow, max-snippet:-1, max-image-preview:large, max-video-preview:-1\" \/>\n<link rel=\"canonical\" href=\"https:\/\/www.perfumeparlour.es\/en\/product\/dubai-oud-2208-una-fragancia-aromatica-de-oud-elegante\/\" \/>\n<meta property=\"og:locale\" content=\"en_GB\" \/>\n<meta property=\"og:type\" content=\"article\" \/>\n<meta property=\"og:title\" content=\"DUBAI OUD - 2208 - Una fragancia arom\u00e1tica de Oud elegante\u00ae - Perfumes Parlour\" \/>\n<meta property=\"og:description\" content=\"Una fragancia arom\u00e1tica de vainilla dulce\u00ae &nbsp;\" \/>\n<meta property=\"og:url\" content=\"https:\/\/www.perfumeparlour.es\/en\/product\/dubai-oud-2208-una-fragancia-aromatica-de-oud-elegante\/\" \/>\n<meta property=\"og:site_name\" content=\"Perfumes Parlour\" \/>\n<meta property=\"article:modified_time\" content=\"2025-08-21T06:53:15+00:00\" \/>\n<meta property=\"og:image\" content=\"https:\/\/www.perfumeparlour.es\/wp-content\/uploads\/2025\/08\/oud-Dubai-scaled.webp\" \/>\n\t<meta property=\"og:image:width\" content=\"1707\" \/>\n\t<meta property=\"og:image:height\" content=\"2560\" \/>\n\t<meta property=\"og:image:type\" content=\"image\/webp\" \/>\n<meta name=\"twitter:card\" content=\"summary_large_image\" \/>\n<meta name=\"twitter:label1\" content=\"Estimated reading time\" \/>\n\t<meta name=\"twitter:data1\" content=\"1 minute\" \/>\n<script type=\"application\/ld+json\" class=\"yoast-schema-graph\">{\"@context\":\"https:\\\/\\\/schema.org\",\"@graph\":[{\"@type\":\"WebPage\",\"@id\":\"https:\\\/\\\/www.perfumeparlour.es\\\/product\\\/dubai-oud-2208-una-fragancia-aromatica-de-oud-elegante\\\/\",\"url\":\"https:\\\/\\\/www.perfumeparlour.es\\\/product\\\/dubai-oud-2208-una-fragancia-aromatica-de-oud-elegante\\\/\",\"name\":\"DUBAI OUD - 2208 - Una fragancia arom\u00e1tica de Oud elegante\u00ae - Perfumes Parlour\",\"isPartOf\":{\"@id\":\"https:\\\/\\\/www.perfumeparlour.es\\\/#website\"},\"primaryImageOfPage\":{\"@id\":\"https:\\\/\\\/www.perfumeparlour.es\\\/product\\\/dubai-oud-2208-una-fragancia-aromatica-de-oud-elegante\\\/#primaryimage\"},\"image\":{\"@id\":\"https:\\\/\\\/www.perfumeparlour.es\\\/product\\\/dubai-oud-2208-una-fragancia-aromatica-de-oud-elegante\\\/#primaryimage\"},\"thumbnailUrl\":\"https:\\\/\\\/www.perfumeparlour.es\\\/wp-content\\\/uploads\\\/2025\\\/08\\\/oud-Dubai-scaled.webp\",\"datePublished\":\"2025-08-21T06:45:02+00:00\",\"dateModified\":\"2025-08-21T06:53:15+00:00\",\"breadcrumb\":{\"@id\":\"https:\\\/\\\/www.perfumeparlour.es\\\/product\\\/dubai-oud-2208-una-fragancia-aromatica-de-oud-elegante\\\/#breadcrumb\"},\"inLanguage\":\"en-GB\",\"potentialAction\":[{\"@type\":\"ReadAction\",\"target\":[\"https:\\\/\\\/www.perfumeparlour.es\\\/product\\\/dubai-oud-2208-una-fragancia-aromatica-de-oud-elegante\\\/\"]}]},{\"@type\":\"ImageObject\",\"inLanguage\":\"en-GB\",\"@id\":\"https:\\\/\\\/www.perfumeparlour.es\\\/product\\\/dubai-oud-2208-una-fragancia-aromatica-de-oud-elegante\\\/#primaryimage\",\"url\":\"https:\\\/\\\/www.perfumeparlour.es\\\/wp-content\\\/uploads\\\/2025\\\/08\\\/oud-Dubai-scaled.webp\",\"contentUrl\":\"https:\\\/\\\/www.perfumeparlour.es\\\/wp-content\\\/uploads\\\/2025\\\/08\\\/oud-Dubai-scaled.webp\",\"width\":1707,\"height\":2560},{\"@type\":\"BreadcrumbList\",\"@id\":\"https:\\\/\\\/www.perfumeparlour.es\\\/product\\\/dubai-oud-2208-una-fragancia-aromatica-de-oud-elegante\\\/#breadcrumb\",\"itemListElement\":[{\"@type\":\"ListItem\",\"position\":1,\"name\":\"Portada\",\"item\":\"https:\\\/\\\/www.perfumeparlour.es\\\/\"},{\"@type\":\"ListItem\",\"position\":2,\"name\":\"Tienda\",\"item\":\"https:\\\/\\\/www.perfumeparlour.es\\\/shop\\\/\"},{\"@type\":\"ListItem\",\"position\":3,\"name\":\"DUBAI OUD &#8211; 2208 &#8211; Una fragancia arom\u00e1tica de Oud elegante\u00ae\"}]},{\"@type\":\"WebSite\",\"@id\":\"https:\\\/\\\/www.perfumeparlour.es\\\/#website\",\"url\":\"https:\\\/\\\/www.perfumeparlour.es\\\/\",\"name\":\"Perfumes Parlour\",\"description\":\"\",\"potentialAction\":[{\"@type\":\"SearchAction\",\"target\":{\"@type\":\"EntryPoint\",\"urlTemplate\":\"https:\\\/\\\/www.perfumeparlour.es\\\/?s={search_term_string}\"},\"query-input\":{\"@type\":\"PropertyValueSpecification\",\"valueRequired\":true,\"valueName\":\"search_term_string\"}}],\"inLanguage\":\"en-GB\"}]}<\/script>\n<!-- \/ Yoast SEO plugin. -->","yoast_head_json":{"title":"DUBAI OUD - 2208 - Una fragancia arom\u00e1tica de Oud elegante\u00ae - Perfumes Parlour","robots":{"index":"index","follow":"follow","max-snippet":"max-snippet:-1","max-image-preview":"max-image-preview:large","max-video-preview":"max-video-preview:-1"},"canonical":"https:\/\/www.perfumeparlour.es\/en\/product\/dubai-oud-2208-una-fragancia-aromatica-de-oud-elegante\/","og_locale":"en_GB","og_type":"article","og_title":"DUBAI OUD - 2208 - Una fragancia arom\u00e1tica de Oud elegante\u00ae - Perfumes Parlour","og_description":"Una fragancia arom\u00e1tica de vainilla dulce\u00ae &nbsp;","og_url":"https:\/\/www.perfumeparlour.es\/en\/product\/dubai-oud-2208-una-fragancia-aromatica-de-oud-elegante\/","og_site_name":"Perfumes Parlour","article_modified_time":"2025-08-21T06:53:15+00:00","og_image":[{"width":1707,"height":2560,"url":"https:\/\/www.perfumeparlour.es\/wp-content\/uploads\/2025\/08\/oud-Dubai-scaled.webp","type":"image\/webp"}],"twitter_card":"summary_large_image","twitter_misc":{"Estimated reading time":"1 minute"},"schema":{"@context":"https:\/\/schema.org","@graph":[{"@type":"WebPage","@id":"https:\/\/www.perfumeparlour.es\/product\/dubai-oud-2208-una-fragancia-aromatica-de-oud-elegante\/","url":"https:\/\/www.perfumeparlour.es\/product\/dubai-oud-2208-una-fragancia-aromatica-de-oud-elegante\/","name":"DUBAI OUD - 2208 - Una fragancia arom\u00e1tica de Oud elegante\u00ae - Perfumes Parlour","isPartOf":{"@id":"https:\/\/www.perfumeparlour.es\/#website"},"primaryImageOfPage":{"@id":"https:\/\/www.perfumeparlour.es\/product\/dubai-oud-2208-una-fragancia-aromatica-de-oud-elegante\/#primaryimage"},"image":{"@id":"https:\/\/www.perfumeparlour.es\/product\/dubai-oud-2208-una-fragancia-aromatica-de-oud-elegante\/#primaryimage"},"thumbnailUrl":"https:\/\/www.perfumeparlour.es\/wp-content\/uploads\/2025\/08\/oud-Dubai-scaled.webp","datePublished":"2025-08-21T06:45:02+00:00","dateModified":"2025-08-21T06:53:15+00:00","breadcrumb":{"@id":"https:\/\/www.perfumeparlour.es\/product\/dubai-oud-2208-una-fragancia-aromatica-de-oud-elegante\/#breadcrumb"},"inLanguage":"en-GB","potentialAction":[{"@type":"ReadAction","target":["https:\/\/www.perfumeparlour.es\/product\/dubai-oud-2208-una-fragancia-aromatica-de-oud-elegante\/"]}]},{"@type":"ImageObject","inLanguage":"en-GB","@id":"https:\/\/www.perfumeparlour.es\/product\/dubai-oud-2208-una-fragancia-aromatica-de-oud-elegante\/#primaryimage","url":"https:\/\/www.perfumeparlour.es\/wp-content\/uploads\/2025\/08\/oud-Dubai-scaled.webp","contentUrl":"https:\/\/www.perfumeparlour.es\/wp-content\/uploads\/2025\/08\/oud-Dubai-scaled.webp","width":1707,"height":2560},{"@type":"BreadcrumbList","@id":"https:\/\/www.perfumeparlour.es\/product\/dubai-oud-2208-una-fragancia-aromatica-de-oud-elegante\/#breadcrumb","itemListElement":[{"@type":"ListItem","position":1,"name":"Portada","item":"https:\/\/www.perfumeparlour.es\/"},{"@type":"ListItem","position":2,"name":"Tienda","item":"https:\/\/www.perfumeparlour.es\/shop\/"},{"@type":"ListItem","position":3,"name":"DUBAI OUD &#8211; 2208 &#8211; Una fragancia arom\u00e1tica de Oud elegante\u00ae"}]},{"@type":"WebSite","@id":"https:\/\/www.perfumeparlour.es\/#website","url":"https:\/\/www.perfumeparlour.es\/","name":"Perfumes Parlour","description":"","potentialAction":[{"@type":"SearchAction","target":{"@type":"EntryPoint","urlTemplate":"https:\/\/www.perfumeparlour.es\/?s={search_term_string}"},"query-input":{"@type":"PropertyValueSpecification","valueRequired":true,"valueName":"search_term_string"}}],"inLanguage":"en-GB"}]}},"jetpack_sharing_enabled":true,"_links":{"self":[{"href":"https:\/\/www.perfumeparlour.es\/en\/wp-json\/wp\/v2\/product\/6837","targetHints":{"allow":["GET"]}}],"collection":[{"href":"https:\/\/www.perfumeparlour.es\/en\/wp-json\/wp\/v2\/product"}],"about":[{"href":"https:\/\/www.perfumeparlour.es\/en\/wp-json\/wp\/v2\/types\/product"}],"replies":[{"embeddable":true,"href":"https:\/\/www.perfumeparlour.es\/en\/wp-json\/wp\/v2\/comments?post=6837"}],"wp:featuredmedia":[{"embeddable":true,"href":"https:\/\/www.perfumeparlour.es\/en\/wp-json\/wp\/v2\/media\/6847"}],"wp:attachment":[{"href":"https:\/\/www.perfumeparlour.es\/en\/wp-json\/wp\/v2\/media?parent=6837"}],"wp:term":[{"taxonomy":"product_brand","embeddable":true,"href":"https:\/\/www.perfumeparlour.es\/en\/wp-json\/wp\/v2\/product_brand?post=6837"},{"taxonomy":"product_cat","embeddable":true,"href":"https:\/\/www.perfumeparlour.es\/en\/wp-json\/wp\/v2\/product_cat?post=6837"},{"taxonomy":"product_tag","embeddable":true,"href":"https:\/\/www.perfumeparlour.es\/en\/wp-json\/wp\/v2\/product_tag?post=6837"}],"curies":[{"name":"wp","href":"https:\/\/api.w.org\/{rel}","templated":true}]}}