{"id":6729,"date":"2025-05-11T08:53:09","date_gmt":"2025-05-11T08:53:09","guid":{"rendered":"https:\/\/www.perfumeparlour.es\/?post_type=product&#038;p=6729"},"modified":"2025-05-11T09:00:07","modified_gmt":"2025-05-11T09:00:07","slug":"golden-agar-0636-pertenece-a-la-familia-de-notas-olfativas-similares-a-la-madera-de-oud","status":"publish","type":"product","link":"https:\/\/www.perfumeparlour.es\/en\/product\/golden-agar-0636-pertenece-a-la-familia-de-notas-olfativas-similares-a-la-madera-de-oud\/","title":{"rendered":"GOLDEN AGAR &#8211; 0636 &#8211; Pertenece a la familia de notas olfativas similares a la madera de Oud\u00ae"},"content":{"rendered":"<h4>Nota altas:\u00a0 \u00a0 Pimienta rosa\u00a0 \u00a0 \u00a0 <a href=\"https:\/\/www.perfumeparlour.es\/wp-content\/uploads\/2025\/02\/PIMIENTA-ROSA.jpg\"><img decoding=\"async\" class=\"alignnone  wp-image-6003\" src=\"https:\/\/www.perfumeparlour.es\/wp-content\/uploads\/2025\/02\/PIMIENTA-ROSA.jpg\" alt=\"\" width=\"164\" height=\"109\" srcset=\"https:\/\/www.perfumeparlour.es\/wp-content\/uploads\/2025\/02\/PIMIENTA-ROSA.jpg 270w, https:\/\/www.perfumeparlour.es\/wp-content\/uploads\/2025\/02\/PIMIENTA-ROSA-18x12.jpg 18w\" sizes=\"(max-width: 164px) 100vw, 164px\" \/><\/a> \u00a0 \u00a0Cardamomo\u00a0 <a href=\"https:\/\/www.perfumeparlour.es\/wp-content\/uploads\/2025\/02\/CARDAMOMO.jpg\"><img decoding=\"async\" class=\"alignnone size-full wp-image-5955\" src=\"https:\/\/www.perfumeparlour.es\/wp-content\/uploads\/2025\/02\/CARDAMOMO.jpg\" alt=\"\" width=\"120\" height=\"120\" srcset=\"https:\/\/www.perfumeparlour.es\/wp-content\/uploads\/2025\/02\/CARDAMOMO.jpg 120w, https:\/\/www.perfumeparlour.es\/wp-content\/uploads\/2025\/02\/CARDAMOMO-12x12.jpg 12w, https:\/\/www.perfumeparlour.es\/wp-content\/uploads\/2025\/02\/CARDAMOMO-55x55.jpg 55w, https:\/\/www.perfumeparlour.es\/wp-content\/uploads\/2025\/02\/CARDAMOMO-100x100.jpg 100w\" sizes=\"(max-width: 120px) 100vw, 120px\" \/><\/a><\/h4>\n<hr \/>\n<p><strong>Nota media: <\/strong><\/p>\n<p><strong>\u00a0Madera de agar\u00a0 <a href=\"https:\/\/www.perfumeparlour.es\/wp-content\/uploads\/2025\/02\/MADERA-DE-AGAR.jpg\"><img decoding=\"async\" class=\"alignnone size-full wp-image-5960\" src=\"https:\/\/www.perfumeparlour.es\/wp-content\/uploads\/2025\/02\/MADERA-DE-AGAR.jpg\" alt=\"\" width=\"120\" height=\"120\" srcset=\"https:\/\/www.perfumeparlour.es\/wp-content\/uploads\/2025\/02\/MADERA-DE-AGAR.jpg 120w, https:\/\/www.perfumeparlour.es\/wp-content\/uploads\/2025\/02\/MADERA-DE-AGAR-12x12.jpg 12w, https:\/\/www.perfumeparlour.es\/wp-content\/uploads\/2025\/02\/MADERA-DE-AGAR-55x55.jpg 55w, https:\/\/www.perfumeparlour.es\/wp-content\/uploads\/2025\/02\/MADERA-DE-AGAR-100x100.jpg 100w\" sizes=\"(max-width: 120px) 100vw, 120px\" \/><\/a><\/strong><\/p>\n<hr \/>\n<p><strong>Nota base:<\/strong><\/p>\n<p><strong>\u00a0 \u00a0Ambar\u00a0 \u00a0 <a href=\"https:\/\/www.perfumeparlour.es\/wp-content\/uploads\/2025\/02\/AMBAR.jpg\"><img loading=\"lazy\" decoding=\"async\" class=\"alignnone wp-image-5964\" src=\"https:\/\/www.perfumeparlour.es\/wp-content\/uploads\/2025\/02\/AMBAR-300x200.jpg\" alt=\"\" width=\"173\" height=\"115\" srcset=\"https:\/\/www.perfumeparlour.es\/wp-content\/uploads\/2025\/02\/AMBAR-300x200.jpg 300w, https:\/\/www.perfumeparlour.es\/wp-content\/uploads\/2025\/02\/AMBAR-1024x683.jpg 1024w, https:\/\/www.perfumeparlour.es\/wp-content\/uploads\/2025\/02\/AMBAR-768x512.jpg 768w, https:\/\/www.perfumeparlour.es\/wp-content\/uploads\/2025\/02\/AMBAR-1536x1024.jpg 1536w, https:\/\/www.perfumeparlour.es\/wp-content\/uploads\/2025\/02\/AMBAR-2048x1366.jpg 2048w, https:\/\/www.perfumeparlour.es\/wp-content\/uploads\/2025\/02\/AMBAR-18x12.jpg 18w, https:\/\/www.perfumeparlour.es\/wp-content\/uploads\/2025\/02\/AMBAR-600x400.jpg 600w\" sizes=\"(max-width: 173px) 100vw, 173px\" \/><\/a>\u00a0 \u00a0Haba tonka\u00a0 \u00a0 <a href=\"https:\/\/www.perfumeparlour.es\/wp-content\/uploads\/2025\/02\/HABA-TONKA.jpg\"><img loading=\"lazy\" decoding=\"async\" class=\"alignnone size-full wp-image-5958\" src=\"https:\/\/www.perfumeparlour.es\/wp-content\/uploads\/2025\/02\/HABA-TONKA.jpg\" alt=\"\" width=\"120\" height=\"120\" srcset=\"https:\/\/www.perfumeparlour.es\/wp-content\/uploads\/2025\/02\/HABA-TONKA.jpg 120w, https:\/\/www.perfumeparlour.es\/wp-content\/uploads\/2025\/02\/HABA-TONKA-12x12.jpg 12w, https:\/\/www.perfumeparlour.es\/wp-content\/uploads\/2025\/02\/HABA-TONKA-55x55.jpg 55w, https:\/\/www.perfumeparlour.es\/wp-content\/uploads\/2025\/02\/HABA-TONKA-100x100.jpg 100w\" sizes=\"(max-width: 120px) 100vw, 120px\" \/><\/a>\u00a0\u00a0<\/strong><\/p>\n<div class=\"easytabs-content-item easytabs-content-item-static\" data-et-marker=\"tabs-triumphing-for-men-0929-s0\" data-et-handle=\"tabs-disclaimer\">\n<div class=\"easytabs-accordion-item\" tabindex=\"-1\" role=\"tab\" aria-labelledby=\"easytabs-slide-label-035-2\" aria-selected=\"false\"><\/div>\n<\/div>\n<p>&nbsp;<\/p>\n<div class=\"easytabs-content-item easytabs-active\" data-et-marker=\"tabs-noire-labellum-for-women-0101-3\" data-et-handle=\"tabs-description\">\n<div class=\"easytabs-content-holder\" role=\"tabpanel\" aria-labelledby=\"easytabs-slide-label-1742887716053-0\" aria-expanded=\"true\" aria-hidden=\"false\">\n<p><span>Este es un perfume del a\u00f1o 2007. Tiene como acordes principales: amaderado, c\u00e1lido y especiado, oud, bals\u00e1mico y arom\u00e1tico.<\/span><\/p>\n<p><span>De conformidad con las directrices de la IFRA, se ha revisado la formulaci\u00f3n y el nuevo lote del 08\/04\/2022 no contiene Lilial.<\/span><\/p>\n<\/div>\n<\/div>","protected":false},"excerpt":{"rendered":"<h6><em><span>Pertenece a la familia de notas olfativas similares a la madera de Oud\u00ae<\/span><\/em><\/h6>\n<p>&nbsp;<\/p>","protected":false},"featured_media":4345,"comment_status":"open","ping_status":"closed","template":"","meta":[],"product_brand":[],"product_cat":[261,128,150,115,238,158],"product_tag":[],"class_list":{"0":"post-6729","1":"product","2":"type-product","3":"status-publish","4":"has-post-thumbnail","6":"product_cat-amaderado","7":"product_cat-fragancia-unisex","8":"product_cat-notas","9":"product_cat-otono","10":"product_cat-oud","11":"product_cat-primavera","13":"first","14":"instock","15":"shipping-taxable","16":"purchasable","17":"product-type-variable","18":"add-to-wishlist-after_add_to_cart"},"yoast_head":"<!-- This site is optimized with the Yoast SEO plugin v27.3 - https:\/\/yoast.com\/product\/yoast-seo-wordpress\/ -->\n<title>GOLDEN AGAR - 0636 - Pertenece a la familia de notas olfativas similares a la madera de Oud\u00ae - Perfumes Parlour<\/title>\n<meta name=\"robots\" content=\"index, follow, max-snippet:-1, max-image-preview:large, max-video-preview:-1\" \/>\n<link rel=\"canonical\" href=\"https:\/\/www.perfumeparlour.es\/en\/product\/golden-agar-0636-pertenece-a-la-familia-de-notas-olfativas-similares-a-la-madera-de-oud\/\" \/>\n<meta property=\"og:locale\" content=\"en_GB\" \/>\n<meta property=\"og:type\" content=\"article\" \/>\n<meta property=\"og:title\" content=\"GOLDEN AGAR - 0636 - Pertenece a la familia de notas olfativas similares a la madera de Oud\u00ae - Perfumes Parlour\" \/>\n<meta property=\"og:description\" content=\"Pertenece a la familia de notas olfativas similares a la madera de Oud\u00ae &nbsp;\" \/>\n<meta property=\"og:url\" content=\"https:\/\/www.perfumeparlour.es\/en\/product\/golden-agar-0636-pertenece-a-la-familia-de-notas-olfativas-similares-a-la-madera-de-oud\/\" \/>\n<meta property=\"og:site_name\" content=\"Perfumes Parlour\" \/>\n<meta property=\"article:modified_time\" content=\"2025-05-11T09:00:07+00:00\" \/>\n<meta property=\"og:image\" content=\"https:\/\/www.perfumeparlour.es\/wp-content\/uploads\/2024\/10\/1728076640263.jpg\" \/>\n\t<meta property=\"og:image:width\" content=\"800\" \/>\n\t<meta property=\"og:image:height\" content=\"638\" \/>\n\t<meta property=\"og:image:type\" content=\"image\/jpeg\" \/>\n<meta name=\"twitter:card\" content=\"summary_large_image\" \/>\n<meta name=\"twitter:label1\" content=\"Estimated reading time\" \/>\n\t<meta name=\"twitter:data1\" content=\"2 minutes\" \/>\n<script type=\"application\/ld+json\" class=\"yoast-schema-graph\">{\"@context\":\"https:\\\/\\\/schema.org\",\"@graph\":[{\"@type\":\"WebPage\",\"@id\":\"https:\\\/\\\/www.perfumeparlour.es\\\/product\\\/golden-agar-0636-pertenece-a-la-familia-de-notas-olfativas-similares-a-la-madera-de-oud\\\/\",\"url\":\"https:\\\/\\\/www.perfumeparlour.es\\\/product\\\/golden-agar-0636-pertenece-a-la-familia-de-notas-olfativas-similares-a-la-madera-de-oud\\\/\",\"name\":\"GOLDEN AGAR - 0636 - Pertenece a la familia de notas olfativas similares a la madera de Oud\u00ae - Perfumes Parlour\",\"isPartOf\":{\"@id\":\"https:\\\/\\\/www.perfumeparlour.es\\\/#website\"},\"primaryImageOfPage\":{\"@id\":\"https:\\\/\\\/www.perfumeparlour.es\\\/product\\\/golden-agar-0636-pertenece-a-la-familia-de-notas-olfativas-similares-a-la-madera-de-oud\\\/#primaryimage\"},\"image\":{\"@id\":\"https:\\\/\\\/www.perfumeparlour.es\\\/product\\\/golden-agar-0636-pertenece-a-la-familia-de-notas-olfativas-similares-a-la-madera-de-oud\\\/#primaryimage\"},\"thumbnailUrl\":\"https:\\\/\\\/www.perfumeparlour.es\\\/wp-content\\\/uploads\\\/2024\\\/10\\\/1728076640263.jpg\",\"datePublished\":\"2025-05-11T08:53:09+00:00\",\"dateModified\":\"2025-05-11T09:00:07+00:00\",\"breadcrumb\":{\"@id\":\"https:\\\/\\\/www.perfumeparlour.es\\\/product\\\/golden-agar-0636-pertenece-a-la-familia-de-notas-olfativas-similares-a-la-madera-de-oud\\\/#breadcrumb\"},\"inLanguage\":\"en-GB\",\"potentialAction\":[{\"@type\":\"ReadAction\",\"target\":[\"https:\\\/\\\/www.perfumeparlour.es\\\/product\\\/golden-agar-0636-pertenece-a-la-familia-de-notas-olfativas-similares-a-la-madera-de-oud\\\/\"]}]},{\"@type\":\"ImageObject\",\"inLanguage\":\"en-GB\",\"@id\":\"https:\\\/\\\/www.perfumeparlour.es\\\/product\\\/golden-agar-0636-pertenece-a-la-familia-de-notas-olfativas-similares-a-la-madera-de-oud\\\/#primaryimage\",\"url\":\"https:\\\/\\\/www.perfumeparlour.es\\\/wp-content\\\/uploads\\\/2024\\\/10\\\/1728076640263.jpg\",\"contentUrl\":\"https:\\\/\\\/www.perfumeparlour.es\\\/wp-content\\\/uploads\\\/2024\\\/10\\\/1728076640263.jpg\",\"width\":800,\"height\":638},{\"@type\":\"BreadcrumbList\",\"@id\":\"https:\\\/\\\/www.perfumeparlour.es\\\/product\\\/golden-agar-0636-pertenece-a-la-familia-de-notas-olfativas-similares-a-la-madera-de-oud\\\/#breadcrumb\",\"itemListElement\":[{\"@type\":\"ListItem\",\"position\":1,\"name\":\"Portada\",\"item\":\"https:\\\/\\\/www.perfumeparlour.es\\\/\"},{\"@type\":\"ListItem\",\"position\":2,\"name\":\"Tienda\",\"item\":\"https:\\\/\\\/www.perfumeparlour.es\\\/shop\\\/\"},{\"@type\":\"ListItem\",\"position\":3,\"name\":\"GOLDEN AGAR &#8211; 0636 &#8211; Pertenece a la familia de notas olfativas similares a la madera de Oud\u00ae\"}]},{\"@type\":\"WebSite\",\"@id\":\"https:\\\/\\\/www.perfumeparlour.es\\\/#website\",\"url\":\"https:\\\/\\\/www.perfumeparlour.es\\\/\",\"name\":\"Perfumes Parlour\",\"description\":\"\",\"potentialAction\":[{\"@type\":\"SearchAction\",\"target\":{\"@type\":\"EntryPoint\",\"urlTemplate\":\"https:\\\/\\\/www.perfumeparlour.es\\\/?s={search_term_string}\"},\"query-input\":{\"@type\":\"PropertyValueSpecification\",\"valueRequired\":true,\"valueName\":\"search_term_string\"}}],\"inLanguage\":\"en-GB\"}]}<\/script>\n<!-- \/ Yoast SEO plugin. -->","yoast_head_json":{"title":"GOLDEN AGAR - 0636 - Pertenece a la familia de notas olfativas similares a la madera de Oud\u00ae - Perfumes Parlour","robots":{"index":"index","follow":"follow","max-snippet":"max-snippet:-1","max-image-preview":"max-image-preview:large","max-video-preview":"max-video-preview:-1"},"canonical":"https:\/\/www.perfumeparlour.es\/en\/product\/golden-agar-0636-pertenece-a-la-familia-de-notas-olfativas-similares-a-la-madera-de-oud\/","og_locale":"en_GB","og_type":"article","og_title":"GOLDEN AGAR - 0636 - Pertenece a la familia de notas olfativas similares a la madera de Oud\u00ae - Perfumes Parlour","og_description":"Pertenece a la familia de notas olfativas similares a la madera de Oud\u00ae &nbsp;","og_url":"https:\/\/www.perfumeparlour.es\/en\/product\/golden-agar-0636-pertenece-a-la-familia-de-notas-olfativas-similares-a-la-madera-de-oud\/","og_site_name":"Perfumes Parlour","article_modified_time":"2025-05-11T09:00:07+00:00","og_image":[{"width":800,"height":638,"url":"https:\/\/www.perfumeparlour.es\/wp-content\/uploads\/2024\/10\/1728076640263.jpg","type":"image\/jpeg"}],"twitter_card":"summary_large_image","twitter_misc":{"Estimated reading time":"2 minutes"},"schema":{"@context":"https:\/\/schema.org","@graph":[{"@type":"WebPage","@id":"https:\/\/www.perfumeparlour.es\/product\/golden-agar-0636-pertenece-a-la-familia-de-notas-olfativas-similares-a-la-madera-de-oud\/","url":"https:\/\/www.perfumeparlour.es\/product\/golden-agar-0636-pertenece-a-la-familia-de-notas-olfativas-similares-a-la-madera-de-oud\/","name":"GOLDEN AGAR - 0636 - Pertenece a la familia de notas olfativas similares a la madera de Oud\u00ae - Perfumes Parlour","isPartOf":{"@id":"https:\/\/www.perfumeparlour.es\/#website"},"primaryImageOfPage":{"@id":"https:\/\/www.perfumeparlour.es\/product\/golden-agar-0636-pertenece-a-la-familia-de-notas-olfativas-similares-a-la-madera-de-oud\/#primaryimage"},"image":{"@id":"https:\/\/www.perfumeparlour.es\/product\/golden-agar-0636-pertenece-a-la-familia-de-notas-olfativas-similares-a-la-madera-de-oud\/#primaryimage"},"thumbnailUrl":"https:\/\/www.perfumeparlour.es\/wp-content\/uploads\/2024\/10\/1728076640263.jpg","datePublished":"2025-05-11T08:53:09+00:00","dateModified":"2025-05-11T09:00:07+00:00","breadcrumb":{"@id":"https:\/\/www.perfumeparlour.es\/product\/golden-agar-0636-pertenece-a-la-familia-de-notas-olfativas-similares-a-la-madera-de-oud\/#breadcrumb"},"inLanguage":"en-GB","potentialAction":[{"@type":"ReadAction","target":["https:\/\/www.perfumeparlour.es\/product\/golden-agar-0636-pertenece-a-la-familia-de-notas-olfativas-similares-a-la-madera-de-oud\/"]}]},{"@type":"ImageObject","inLanguage":"en-GB","@id":"https:\/\/www.perfumeparlour.es\/product\/golden-agar-0636-pertenece-a-la-familia-de-notas-olfativas-similares-a-la-madera-de-oud\/#primaryimage","url":"https:\/\/www.perfumeparlour.es\/wp-content\/uploads\/2024\/10\/1728076640263.jpg","contentUrl":"https:\/\/www.perfumeparlour.es\/wp-content\/uploads\/2024\/10\/1728076640263.jpg","width":800,"height":638},{"@type":"BreadcrumbList","@id":"https:\/\/www.perfumeparlour.es\/product\/golden-agar-0636-pertenece-a-la-familia-de-notas-olfativas-similares-a-la-madera-de-oud\/#breadcrumb","itemListElement":[{"@type":"ListItem","position":1,"name":"Portada","item":"https:\/\/www.perfumeparlour.es\/"},{"@type":"ListItem","position":2,"name":"Tienda","item":"https:\/\/www.perfumeparlour.es\/shop\/"},{"@type":"ListItem","position":3,"name":"GOLDEN AGAR &#8211; 0636 &#8211; Pertenece a la familia de notas olfativas similares a la madera de Oud\u00ae"}]},{"@type":"WebSite","@id":"https:\/\/www.perfumeparlour.es\/#website","url":"https:\/\/www.perfumeparlour.es\/","name":"Perfumes Parlour","description":"","potentialAction":[{"@type":"SearchAction","target":{"@type":"EntryPoint","urlTemplate":"https:\/\/www.perfumeparlour.es\/?s={search_term_string}"},"query-input":{"@type":"PropertyValueSpecification","valueRequired":true,"valueName":"search_term_string"}}],"inLanguage":"en-GB"}]}},"jetpack_sharing_enabled":true,"_links":{"self":[{"href":"https:\/\/www.perfumeparlour.es\/en\/wp-json\/wp\/v2\/product\/6729","targetHints":{"allow":["GET"]}}],"collection":[{"href":"https:\/\/www.perfumeparlour.es\/en\/wp-json\/wp\/v2\/product"}],"about":[{"href":"https:\/\/www.perfumeparlour.es\/en\/wp-json\/wp\/v2\/types\/product"}],"replies":[{"embeddable":true,"href":"https:\/\/www.perfumeparlour.es\/en\/wp-json\/wp\/v2\/comments?post=6729"}],"wp:featuredmedia":[{"embeddable":true,"href":"https:\/\/www.perfumeparlour.es\/en\/wp-json\/wp\/v2\/media\/4345"}],"wp:attachment":[{"href":"https:\/\/www.perfumeparlour.es\/en\/wp-json\/wp\/v2\/media?parent=6729"}],"wp:term":[{"taxonomy":"product_brand","embeddable":true,"href":"https:\/\/www.perfumeparlour.es\/en\/wp-json\/wp\/v2\/product_brand?post=6729"},{"taxonomy":"product_cat","embeddable":true,"href":"https:\/\/www.perfumeparlour.es\/en\/wp-json\/wp\/v2\/product_cat?post=6729"},{"taxonomy":"product_tag","embeddable":true,"href":"https:\/\/www.perfumeparlour.es\/en\/wp-json\/wp\/v2\/product_tag?post=6729"}],"curies":[{"name":"wp","href":"https:\/\/api.w.org\/{rel}","templated":true}]}}