{"id":6685,"date":"2025-05-11T07:49:59","date_gmt":"2025-05-11T07:49:59","guid":{"rendered":"https:\/\/www.perfumeparlour.es\/?post_type=product&#038;p=6685"},"modified":"2025-05-11T07:55:46","modified_gmt":"2025-05-11T07:55:46","slug":"sevilla-genoa-0628-pertenece-a-la-familia-de-notas-olfativas-similares-a-neroli-portofino","status":"publish","type":"product","link":"https:\/\/www.perfumeparlour.es\/en\/product\/sevilla-genoa-0628-pertenece-a-la-familia-de-notas-olfativas-similares-a-neroli-portofino\/","title":{"rendered":"SEVILLA GENOA &#8211; 0628 &#8211; Pertenece a la familia de notas olfativas similares a Neroli Portofino\u00ae"},"content":{"rendered":"<h4>Nota altas:\u00a0 \u00a0 Bergamota\u00a0 \u00a0 \u00a0<a href=\"https:\/\/www.perfumeparlour.es\/wp-content\/uploads\/2025\/02\/BERGAMOTA.jpg\"><img decoding=\"async\" class=\"alignnone  wp-image-6152\" src=\"https:\/\/www.perfumeparlour.es\/wp-content\/uploads\/2025\/02\/BERGAMOTA.jpg\" alt=\"\" width=\"164\" height=\"109\" srcset=\"https:\/\/www.perfumeparlour.es\/wp-content\/uploads\/2025\/02\/BERGAMOTA.jpg 270w, https:\/\/www.perfumeparlour.es\/wp-content\/uploads\/2025\/02\/BERGAMOTA-18x12.jpg 18w\" sizes=\"(max-width: 164px) 100vw, 164px\" \/><\/a> \u00a0 Mandarina\u00a0 <a href=\"https:\/\/www.perfumeparlour.es\/wp-content\/uploads\/2025\/02\/MANDARINA.jpg\"><img decoding=\"async\" class=\"alignnone  wp-image-5977\" src=\"https:\/\/www.perfumeparlour.es\/wp-content\/uploads\/2025\/02\/MANDARINA.jpg\" alt=\"\" width=\"168\" height=\"111\" srcset=\"https:\/\/www.perfumeparlour.es\/wp-content\/uploads\/2025\/02\/MANDARINA.jpg 272w, https:\/\/www.perfumeparlour.es\/wp-content\/uploads\/2025\/02\/MANDARINA-18x12.jpg 18w\" sizes=\"(max-width: 168px) 100vw, 168px\" \/><\/a><\/h4>\n<hr \/>\n<p><strong>Nota media: <\/strong><\/p>\n<p><strong>\u00a0\u00a0 Jazmin\u00a0 \u00a0 <a href=\"https:\/\/www.perfumeparlour.es\/wp-content\/uploads\/2025\/02\/JAZMIN.jpg\"><img decoding=\"async\" class=\"alignnone size-full wp-image-5959\" src=\"https:\/\/www.perfumeparlour.es\/wp-content\/uploads\/2025\/02\/JAZMIN.jpg\" alt=\"\" width=\"120\" height=\"120\" srcset=\"https:\/\/www.perfumeparlour.es\/wp-content\/uploads\/2025\/02\/JAZMIN.jpg 120w, https:\/\/www.perfumeparlour.es\/wp-content\/uploads\/2025\/02\/JAZMIN-12x12.jpg 12w, https:\/\/www.perfumeparlour.es\/wp-content\/uploads\/2025\/02\/JAZMIN-55x55.jpg 55w, https:\/\/www.perfumeparlour.es\/wp-content\/uploads\/2025\/02\/JAZMIN-100x100.jpg 100w\" sizes=\"(max-width: 120px) 100vw, 120px\" \/><\/a><\/strong><\/p>\n<hr \/>\n<p><strong>Nota base:<\/strong><\/p>\n<p><strong>\u00a0 \u00a0Ambar\u00a0 \u00a0 <a href=\"https:\/\/www.perfumeparlour.es\/wp-content\/uploads\/2025\/02\/AMBAR.jpg\"><img loading=\"lazy\" decoding=\"async\" class=\"alignnone  wp-image-5964\" src=\"https:\/\/www.perfumeparlour.es\/wp-content\/uploads\/2025\/02\/AMBAR-300x200.jpg\" alt=\"\" width=\"161\" height=\"107\" srcset=\"https:\/\/www.perfumeparlour.es\/wp-content\/uploads\/2025\/02\/AMBAR-300x200.jpg 300w, https:\/\/www.perfumeparlour.es\/wp-content\/uploads\/2025\/02\/AMBAR-1024x683.jpg 1024w, https:\/\/www.perfumeparlour.es\/wp-content\/uploads\/2025\/02\/AMBAR-768x512.jpg 768w, https:\/\/www.perfumeparlour.es\/wp-content\/uploads\/2025\/02\/AMBAR-1536x1024.jpg 1536w, https:\/\/www.perfumeparlour.es\/wp-content\/uploads\/2025\/02\/AMBAR-2048x1366.jpg 2048w, https:\/\/www.perfumeparlour.es\/wp-content\/uploads\/2025\/02\/AMBAR-18x12.jpg 18w, https:\/\/www.perfumeparlour.es\/wp-content\/uploads\/2025\/02\/AMBAR-600x400.jpg 600w\" sizes=\"(max-width: 161px) 100vw, 161px\" \/><\/a>\u00a0\u00a0<\/strong><\/p>\n<div class=\"easytabs-content-item easytabs-content-item-static\" data-et-marker=\"tabs-triumphing-for-men-0929-s0\" data-et-handle=\"tabs-disclaimer\">\n<div class=\"easytabs-accordion-item\" tabindex=\"-1\" role=\"tab\" aria-labelledby=\"easytabs-slide-label-035-2\" aria-selected=\"false\"><\/div>\n<\/div>\n<p>&nbsp;<\/p>\n<div class=\"easytabs-content-item easytabs-active\" data-et-marker=\"tabs-noire-labellum-for-women-0101-3\" data-et-handle=\"tabs-description\">\n<div class=\"easytabs-content-holder\" role=\"tabpanel\" aria-labelledby=\"easytabs-slide-label-1742887716053-0\" aria-expanded=\"true\" aria-hidden=\"false\">\n<p>Esta es una fragancia arom\u00e1tica c\u00edtrica del a\u00f1o 2011.<\/p>\n<\/div>\n<\/div>","protected":false},"excerpt":{"rendered":"<h6><em><span>Pertenece a la familia de notas olfativas similares a Neroli Portofino\u00ae<\/span><\/em><\/h6>\n<p>&nbsp;<\/p>","protected":false},"featured_media":4345,"comment_status":"open","ping_status":"closed","template":"","meta":[],"product_brand":[],"product_cat":[261,160,128,150,158,159],"product_tag":[],"class_list":{"0":"post-6685","1":"product","2":"type-product","3":"status-publish","4":"has-post-thumbnail","6":"product_cat-amaderado","7":"product_cat-citricos","8":"product_cat-fragancia-unisex","9":"product_cat-notas","10":"product_cat-primavera","11":"product_cat-verano","13":"first","14":"instock","15":"shipping-taxable","16":"purchasable","17":"product-type-variable","18":"add-to-wishlist-after_add_to_cart"},"yoast_head":"<!-- This site is optimized with the Yoast SEO plugin v27.4 - https:\/\/yoast.com\/product\/yoast-seo-wordpress\/ -->\n<title>SEVILLA GENOA - 0628 - Pertenece a la familia de notas olfativas similares a Neroli Portofino\u00ae - Perfumes Parlour<\/title>\n<meta name=\"robots\" content=\"index, follow, max-snippet:-1, max-image-preview:large, max-video-preview:-1\" \/>\n<link rel=\"canonical\" href=\"https:\/\/www.perfumeparlour.es\/en\/product\/sevilla-genoa-0628-pertenece-a-la-familia-de-notas-olfativas-similares-a-neroli-portofino\/\" \/>\n<meta property=\"og:locale\" content=\"en_GB\" \/>\n<meta property=\"og:type\" content=\"article\" \/>\n<meta property=\"og:title\" content=\"SEVILLA GENOA - 0628 - Pertenece a la familia de notas olfativas similares a Neroli Portofino\u00ae - Perfumes Parlour\" \/>\n<meta property=\"og:description\" content=\"Pertenece a la familia de notas olfativas similares a Neroli Portofino\u00ae &nbsp;\" \/>\n<meta property=\"og:url\" content=\"https:\/\/www.perfumeparlour.es\/en\/product\/sevilla-genoa-0628-pertenece-a-la-familia-de-notas-olfativas-similares-a-neroli-portofino\/\" \/>\n<meta property=\"og:site_name\" content=\"Perfumes Parlour\" \/>\n<meta property=\"article:modified_time\" content=\"2025-05-11T07:55:46+00:00\" \/>\n<meta property=\"og:image\" content=\"https:\/\/www.perfumeparlour.es\/wp-content\/uploads\/2024\/10\/1728076640263.jpg\" \/>\n\t<meta property=\"og:image:width\" content=\"800\" \/>\n\t<meta property=\"og:image:height\" content=\"638\" \/>\n\t<meta property=\"og:image:type\" content=\"image\/jpeg\" \/>\n<meta name=\"twitter:card\" content=\"summary_large_image\" \/>\n<meta name=\"twitter:label1\" content=\"Estimated reading time\" \/>\n\t<meta name=\"twitter:data1\" content=\"2 minutes\" \/>\n<script type=\"application\/ld+json\" class=\"yoast-schema-graph\">{\"@context\":\"https:\\\/\\\/schema.org\",\"@graph\":[{\"@type\":\"WebPage\",\"@id\":\"https:\\\/\\\/www.perfumeparlour.es\\\/product\\\/sevilla-genoa-0628-pertenece-a-la-familia-de-notas-olfativas-similares-a-neroli-portofino\\\/\",\"url\":\"https:\\\/\\\/www.perfumeparlour.es\\\/product\\\/sevilla-genoa-0628-pertenece-a-la-familia-de-notas-olfativas-similares-a-neroli-portofino\\\/\",\"name\":\"SEVILLA GENOA - 0628 - Pertenece a la familia de notas olfativas similares a Neroli Portofino\u00ae - Perfumes Parlour\",\"isPartOf\":{\"@id\":\"https:\\\/\\\/www.perfumeparlour.es\\\/#website\"},\"primaryImageOfPage\":{\"@id\":\"https:\\\/\\\/www.perfumeparlour.es\\\/product\\\/sevilla-genoa-0628-pertenece-a-la-familia-de-notas-olfativas-similares-a-neroli-portofino\\\/#primaryimage\"},\"image\":{\"@id\":\"https:\\\/\\\/www.perfumeparlour.es\\\/product\\\/sevilla-genoa-0628-pertenece-a-la-familia-de-notas-olfativas-similares-a-neroli-portofino\\\/#primaryimage\"},\"thumbnailUrl\":\"https:\\\/\\\/www.perfumeparlour.es\\\/wp-content\\\/uploads\\\/2024\\\/10\\\/1728076640263.jpg\",\"datePublished\":\"2025-05-11T07:49:59+00:00\",\"dateModified\":\"2025-05-11T07:55:46+00:00\",\"breadcrumb\":{\"@id\":\"https:\\\/\\\/www.perfumeparlour.es\\\/product\\\/sevilla-genoa-0628-pertenece-a-la-familia-de-notas-olfativas-similares-a-neroli-portofino\\\/#breadcrumb\"},\"inLanguage\":\"en-GB\",\"potentialAction\":[{\"@type\":\"ReadAction\",\"target\":[\"https:\\\/\\\/www.perfumeparlour.es\\\/product\\\/sevilla-genoa-0628-pertenece-a-la-familia-de-notas-olfativas-similares-a-neroli-portofino\\\/\"]}]},{\"@type\":\"ImageObject\",\"inLanguage\":\"en-GB\",\"@id\":\"https:\\\/\\\/www.perfumeparlour.es\\\/product\\\/sevilla-genoa-0628-pertenece-a-la-familia-de-notas-olfativas-similares-a-neroli-portofino\\\/#primaryimage\",\"url\":\"https:\\\/\\\/www.perfumeparlour.es\\\/wp-content\\\/uploads\\\/2024\\\/10\\\/1728076640263.jpg\",\"contentUrl\":\"https:\\\/\\\/www.perfumeparlour.es\\\/wp-content\\\/uploads\\\/2024\\\/10\\\/1728076640263.jpg\",\"width\":800,\"height\":638},{\"@type\":\"BreadcrumbList\",\"@id\":\"https:\\\/\\\/www.perfumeparlour.es\\\/product\\\/sevilla-genoa-0628-pertenece-a-la-familia-de-notas-olfativas-similares-a-neroli-portofino\\\/#breadcrumb\",\"itemListElement\":[{\"@type\":\"ListItem\",\"position\":1,\"name\":\"Portada\",\"item\":\"https:\\\/\\\/www.perfumeparlour.es\\\/\"},{\"@type\":\"ListItem\",\"position\":2,\"name\":\"Tienda\",\"item\":\"https:\\\/\\\/www.perfumeparlour.es\\\/shop\\\/\"},{\"@type\":\"ListItem\",\"position\":3,\"name\":\"SEVILLA GENOA &#8211; 0628 &#8211; Pertenece a la familia de notas olfativas similares a Neroli Portofino\u00ae\"}]},{\"@type\":\"WebSite\",\"@id\":\"https:\\\/\\\/www.perfumeparlour.es\\\/#website\",\"url\":\"https:\\\/\\\/www.perfumeparlour.es\\\/\",\"name\":\"Perfumes Parlour\",\"description\":\"\",\"potentialAction\":[{\"@type\":\"SearchAction\",\"target\":{\"@type\":\"EntryPoint\",\"urlTemplate\":\"https:\\\/\\\/www.perfumeparlour.es\\\/?s={search_term_string}\"},\"query-input\":{\"@type\":\"PropertyValueSpecification\",\"valueRequired\":true,\"valueName\":\"search_term_string\"}}],\"inLanguage\":\"en-GB\"}]}<\/script>\n<!-- \/ Yoast SEO plugin. -->","yoast_head_json":{"title":"SEVILLA GENOA - 0628 - Pertenece a la familia de notas olfativas similares a Neroli Portofino\u00ae - Perfumes Parlour","robots":{"index":"index","follow":"follow","max-snippet":"max-snippet:-1","max-image-preview":"max-image-preview:large","max-video-preview":"max-video-preview:-1"},"canonical":"https:\/\/www.perfumeparlour.es\/en\/product\/sevilla-genoa-0628-pertenece-a-la-familia-de-notas-olfativas-similares-a-neroli-portofino\/","og_locale":"en_GB","og_type":"article","og_title":"SEVILLA GENOA - 0628 - Pertenece a la familia de notas olfativas similares a Neroli Portofino\u00ae - Perfumes Parlour","og_description":"Pertenece a la familia de notas olfativas similares a Neroli Portofino\u00ae &nbsp;","og_url":"https:\/\/www.perfumeparlour.es\/en\/product\/sevilla-genoa-0628-pertenece-a-la-familia-de-notas-olfativas-similares-a-neroli-portofino\/","og_site_name":"Perfumes Parlour","article_modified_time":"2025-05-11T07:55:46+00:00","og_image":[{"width":800,"height":638,"url":"https:\/\/www.perfumeparlour.es\/wp-content\/uploads\/2024\/10\/1728076640263.jpg","type":"image\/jpeg"}],"twitter_card":"summary_large_image","twitter_misc":{"Estimated reading time":"2 minutes"},"schema":{"@context":"https:\/\/schema.org","@graph":[{"@type":"WebPage","@id":"https:\/\/www.perfumeparlour.es\/product\/sevilla-genoa-0628-pertenece-a-la-familia-de-notas-olfativas-similares-a-neroli-portofino\/","url":"https:\/\/www.perfumeparlour.es\/product\/sevilla-genoa-0628-pertenece-a-la-familia-de-notas-olfativas-similares-a-neroli-portofino\/","name":"SEVILLA GENOA - 0628 - Pertenece a la familia de notas olfativas similares a Neroli Portofino\u00ae - Perfumes Parlour","isPartOf":{"@id":"https:\/\/www.perfumeparlour.es\/#website"},"primaryImageOfPage":{"@id":"https:\/\/www.perfumeparlour.es\/product\/sevilla-genoa-0628-pertenece-a-la-familia-de-notas-olfativas-similares-a-neroli-portofino\/#primaryimage"},"image":{"@id":"https:\/\/www.perfumeparlour.es\/product\/sevilla-genoa-0628-pertenece-a-la-familia-de-notas-olfativas-similares-a-neroli-portofino\/#primaryimage"},"thumbnailUrl":"https:\/\/www.perfumeparlour.es\/wp-content\/uploads\/2024\/10\/1728076640263.jpg","datePublished":"2025-05-11T07:49:59+00:00","dateModified":"2025-05-11T07:55:46+00:00","breadcrumb":{"@id":"https:\/\/www.perfumeparlour.es\/product\/sevilla-genoa-0628-pertenece-a-la-familia-de-notas-olfativas-similares-a-neroli-portofino\/#breadcrumb"},"inLanguage":"en-GB","potentialAction":[{"@type":"ReadAction","target":["https:\/\/www.perfumeparlour.es\/product\/sevilla-genoa-0628-pertenece-a-la-familia-de-notas-olfativas-similares-a-neroli-portofino\/"]}]},{"@type":"ImageObject","inLanguage":"en-GB","@id":"https:\/\/www.perfumeparlour.es\/product\/sevilla-genoa-0628-pertenece-a-la-familia-de-notas-olfativas-similares-a-neroli-portofino\/#primaryimage","url":"https:\/\/www.perfumeparlour.es\/wp-content\/uploads\/2024\/10\/1728076640263.jpg","contentUrl":"https:\/\/www.perfumeparlour.es\/wp-content\/uploads\/2024\/10\/1728076640263.jpg","width":800,"height":638},{"@type":"BreadcrumbList","@id":"https:\/\/www.perfumeparlour.es\/product\/sevilla-genoa-0628-pertenece-a-la-familia-de-notas-olfativas-similares-a-neroli-portofino\/#breadcrumb","itemListElement":[{"@type":"ListItem","position":1,"name":"Portada","item":"https:\/\/www.perfumeparlour.es\/"},{"@type":"ListItem","position":2,"name":"Tienda","item":"https:\/\/www.perfumeparlour.es\/shop\/"},{"@type":"ListItem","position":3,"name":"SEVILLA GENOA &#8211; 0628 &#8211; Pertenece a la familia de notas olfativas similares a Neroli Portofino\u00ae"}]},{"@type":"WebSite","@id":"https:\/\/www.perfumeparlour.es\/#website","url":"https:\/\/www.perfumeparlour.es\/","name":"Perfumes Parlour","description":"","potentialAction":[{"@type":"SearchAction","target":{"@type":"EntryPoint","urlTemplate":"https:\/\/www.perfumeparlour.es\/?s={search_term_string}"},"query-input":{"@type":"PropertyValueSpecification","valueRequired":true,"valueName":"search_term_string"}}],"inLanguage":"en-GB"}]}},"jetpack_sharing_enabled":true,"_links":{"self":[{"href":"https:\/\/www.perfumeparlour.es\/en\/wp-json\/wp\/v2\/product\/6685","targetHints":{"allow":["GET"]}}],"collection":[{"href":"https:\/\/www.perfumeparlour.es\/en\/wp-json\/wp\/v2\/product"}],"about":[{"href":"https:\/\/www.perfumeparlour.es\/en\/wp-json\/wp\/v2\/types\/product"}],"replies":[{"embeddable":true,"href":"https:\/\/www.perfumeparlour.es\/en\/wp-json\/wp\/v2\/comments?post=6685"}],"wp:featuredmedia":[{"embeddable":true,"href":"https:\/\/www.perfumeparlour.es\/en\/wp-json\/wp\/v2\/media\/4345"}],"wp:attachment":[{"href":"https:\/\/www.perfumeparlour.es\/en\/wp-json\/wp\/v2\/media?parent=6685"}],"wp:term":[{"taxonomy":"product_brand","embeddable":true,"href":"https:\/\/www.perfumeparlour.es\/en\/wp-json\/wp\/v2\/product_brand?post=6685"},{"taxonomy":"product_cat","embeddable":true,"href":"https:\/\/www.perfumeparlour.es\/en\/wp-json\/wp\/v2\/product_cat?post=6685"},{"taxonomy":"product_tag","embeddable":true,"href":"https:\/\/www.perfumeparlour.es\/en\/wp-json\/wp\/v2\/product_tag?post=6685"}],"curies":[{"name":"wp","href":"https:\/\/api.w.org\/{rel}","templated":true}]}}