{"id":6607,"date":"2025-03-25T07:29:08","date_gmt":"2025-03-25T07:29:08","guid":{"rendered":"https:\/\/www.perfumeparlour.es\/?post_type=product&#038;p=6607"},"modified":"2025-03-25T07:38:49","modified_gmt":"2025-03-25T07:38:49","slug":"noire-labellum-for-women-0101-pertenece-a-la-familia-de-notas-olfativas-similares-a-black-orchid","status":"publish","type":"product","link":"https:\/\/www.perfumeparlour.es\/en\/product\/noire-labellum-for-women-0101-pertenece-a-la-familia-de-notas-olfativas-similares-a-black-orchid\/","title":{"rendered":"NOIRE LABELLUM FOR WOMEN &#8211; 0101 &#8211; Pertenece a la familia de notas olfativas similares a Black Orchid\u00ae"},"content":{"rendered":"<h4>Nota altas:\u00a0 \u00a0 Limon\u00a0 \u00a0 <a href=\"https:\/\/www.perfumeparlour.es\/wp-content\/uploads\/2025\/02\/LIMON.jpg\"><img decoding=\"async\" class=\"alignnone  wp-image-5990\" src=\"https:\/\/www.perfumeparlour.es\/wp-content\/uploads\/2025\/02\/LIMON.jpg\" alt=\"\" width=\"120\" height=\"120\" srcset=\"https:\/\/www.perfumeparlour.es\/wp-content\/uploads\/2025\/02\/LIMON.jpg 180w, https:\/\/www.perfumeparlour.es\/wp-content\/uploads\/2025\/02\/LIMON-150x150.jpg 150w, https:\/\/www.perfumeparlour.es\/wp-content\/uploads\/2025\/02\/LIMON-12x12.jpg 12w, https:\/\/www.perfumeparlour.es\/wp-content\/uploads\/2025\/02\/LIMON-55x55.jpg 55w, https:\/\/www.perfumeparlour.es\/wp-content\/uploads\/2025\/02\/LIMON-100x100.jpg 100w\" sizes=\"(max-width: 120px) 100vw, 120px\" \/><\/a> \u00a0 \u00a0Bergamota\u00a0 \u00a0 <a href=\"https:\/\/www.perfumeparlour.es\/wp-content\/uploads\/2025\/02\/BERGAMOTA.jpg\"><img decoding=\"async\" class=\"alignnone  wp-image-6152\" src=\"https:\/\/www.perfumeparlour.es\/wp-content\/uploads\/2025\/02\/BERGAMOTA.jpg\" alt=\"\" width=\"144\" height=\"96\" srcset=\"https:\/\/www.perfumeparlour.es\/wp-content\/uploads\/2025\/02\/BERGAMOTA.jpg 270w, https:\/\/www.perfumeparlour.es\/wp-content\/uploads\/2025\/02\/BERGAMOTA-18x12.jpg 18w\" sizes=\"(max-width: 144px) 100vw, 144px\" \/><\/a><\/h4>\n<hr \/>\n<p><strong>Nota media: <\/strong><\/p>\n<p><strong>\u00a0Orquidea\u00a0 \u00a0 \u00a0 <img decoding=\"async\" class=\"\" src=\"https:\/\/tse4.mm.bing.net\/th?id=OIP.V5_qhBb5VRUsawz-Mpf50wHaE7&amp;pid=Api&amp;P=0&amp;h=180\" width=\"164\" height=\"109\" \/>\u00a0 Especias\u00a0 \u00a0 <img loading=\"lazy\" decoding=\"async\" class=\"\" src=\"https:\/\/tse3.mm.bing.net\/th?id=OIP.NxtT99M31QUodVgyrVyQWwHaE8&amp;pid=Api&amp;P=0&amp;h=180\" width=\"164\" height=\"109\" \/><\/strong><\/p>\n<hr \/>\n<p><strong>Nota base:<\/strong><\/p>\n<p><strong>Chocolate\u00a0 \u00a0 <a href=\"https:\/\/www.perfumeparlour.es\/wp-content\/uploads\/2025\/02\/CHOCOLATE.jpg\"><img loading=\"lazy\" decoding=\"async\" class=\"alignnone  wp-image-6129\" src=\"https:\/\/www.perfumeparlour.es\/wp-content\/uploads\/2025\/02\/CHOCOLATE-300x169.jpg\" alt=\"\" width=\"186\" height=\"105\" srcset=\"https:\/\/www.perfumeparlour.es\/wp-content\/uploads\/2025\/02\/CHOCOLATE-300x169.jpg 300w, https:\/\/www.perfumeparlour.es\/wp-content\/uploads\/2025\/02\/CHOCOLATE-18x10.jpg 18w, https:\/\/www.perfumeparlour.es\/wp-content\/uploads\/2025\/02\/CHOCOLATE.jpg 319w\" sizes=\"(max-width: 186px) 100vw, 186px\" \/><\/a> \u00a0 Vainilla\u00a0 \u00a0 <a href=\"https:\/\/www.perfumeparlour.es\/wp-content\/uploads\/2025\/02\/VAINILLA.jpg\"><img loading=\"lazy\" decoding=\"async\" class=\"alignnone  wp-image-5966\" src=\"https:\/\/www.perfumeparlour.es\/wp-content\/uploads\/2025\/02\/VAINILLA.jpg\" alt=\"\" width=\"165\" height=\"122\" srcset=\"https:\/\/www.perfumeparlour.es\/wp-content\/uploads\/2025\/02\/VAINILLA.jpg 244w, https:\/\/www.perfumeparlour.es\/wp-content\/uploads\/2025\/02\/VAINILLA-16x12.jpg 16w\" sizes=\"(max-width: 165px) 100vw, 165px\" \/><\/a> \u00a0 Pachuli\u00a0 \u00a0 <a href=\"https:\/\/www.perfumeparlour.es\/wp-content\/uploads\/2025\/02\/PACHULI.jpg\"><img loading=\"lazy\" decoding=\"async\" class=\"alignnone size-full wp-image-5963\" src=\"https:\/\/www.perfumeparlour.es\/wp-content\/uploads\/2025\/02\/PACHULI.jpg\" alt=\"\" width=\"120\" height=\"120\" srcset=\"https:\/\/www.perfumeparlour.es\/wp-content\/uploads\/2025\/02\/PACHULI.jpg 120w, https:\/\/www.perfumeparlour.es\/wp-content\/uploads\/2025\/02\/PACHULI-12x12.jpg 12w, https:\/\/www.perfumeparlour.es\/wp-content\/uploads\/2025\/02\/PACHULI-55x55.jpg 55w, https:\/\/www.perfumeparlour.es\/wp-content\/uploads\/2025\/02\/PACHULI-100x100.jpg 100w\" sizes=\"(max-width: 120px) 100vw, 120px\" \/><\/a> \u00a0<\/strong><\/p>\n<div class=\"easytabs-content-item easytabs-content-item-static\" data-et-marker=\"tabs-triumphing-for-men-0929-s0\" data-et-handle=\"tabs-disclaimer\">\n<div class=\"easytabs-accordion-item\" tabindex=\"-1\" role=\"tab\" aria-labelledby=\"easytabs-slide-label-035-2\" aria-selected=\"false\"><\/div>\n<\/div>\n<p>&nbsp;<\/p>\n<div class=\"easytabs-content-item easytabs-active\" data-et-marker=\"tabs-noire-labellum-for-women-0101-3\" data-et-handle=\"tabs-description\">\n<div class=\"easytabs-content-holder\" role=\"tabpanel\" aria-labelledby=\"easytabs-slide-label-1742887716053-0\" aria-expanded=\"true\" aria-hidden=\"false\">\n<p><span>Una fragancia intensa, especiada y amaderada, para los d\u00edas m\u00e1s fr\u00edos. Esta fragancia se cre\u00f3 con la intenci\u00f3n de ser una especie de esencia de cachemira negra, algo oscuro. Se anunci\u00f3 como chipre oriental. Las notas de salida son jazm\u00edn franc\u00e9s, trufa negra, ylang-ylang, grosella negra y c\u00edtricos efervescentes. En el coraz\u00f3n floral y especiado, se encuentra la orqu\u00eddea negra, m\u00e1s imaginaria que real, y el fondo combina notas amaderadas (pachul\u00ed y s\u00e1ndalo), chocolate negro, incienso, \u00e1mbar, vetiver, vainilla y b\u00e1lsamo.<\/span><\/p>\n<\/div>\n<\/div>","protected":false},"excerpt":{"rendered":"<h6><em><span>Pertenece a la familia de notas olfativas similares a Black Orchid\u00ae<\/span><\/em><\/h6>\n<p>&nbsp;<\/p>","protected":false},"featured_media":4345,"comment_status":"open","ping_status":"closed","template":"","meta":[],"product_brand":[],"product_cat":[271,168,47,128,150,172,115,158,232],"product_tag":[],"class_list":{"0":"post-6607","1":"product","2":"type-product","3":"status-publish","4":"has-post-thumbnail","6":"product_cat-especiado","7":"product_cat-floral","8":"product_cat-fragancia-para-mujer","9":"product_cat-fragancia-unisex","10":"product_cat-notas","11":"product_cat-oriental","12":"product_cat-otono","13":"product_cat-primavera","14":"product_cat-vainilla","16":"first","17":"instock","18":"shipping-taxable","19":"purchasable","20":"product-type-variable","21":"add-to-wishlist-after_add_to_cart"},"yoast_head":"<!-- This site is optimized with the Yoast SEO plugin v27.3 - https:\/\/yoast.com\/product\/yoast-seo-wordpress\/ -->\n<title>NOIRE LABELLUM FOR WOMEN - 0101 - Pertenece a la familia de notas olfativas similares a Black Orchid\u00ae - Perfumes Parlour<\/title>\n<meta name=\"robots\" content=\"index, follow, max-snippet:-1, max-image-preview:large, max-video-preview:-1\" \/>\n<link rel=\"canonical\" href=\"https:\/\/www.perfumeparlour.es\/en\/product\/noire-labellum-for-women-0101-pertenece-a-la-familia-de-notas-olfativas-similares-a-black-orchid\/\" \/>\n<meta property=\"og:locale\" content=\"en_GB\" \/>\n<meta property=\"og:type\" content=\"article\" \/>\n<meta property=\"og:title\" content=\"NOIRE LABELLUM FOR WOMEN - 0101 - Pertenece a la familia de notas olfativas similares a Black Orchid\u00ae - Perfumes Parlour\" \/>\n<meta property=\"og:description\" content=\"Pertenece a la familia de notas olfativas similares a Black Orchid\u00ae &nbsp;\" \/>\n<meta property=\"og:url\" content=\"https:\/\/www.perfumeparlour.es\/en\/product\/noire-labellum-for-women-0101-pertenece-a-la-familia-de-notas-olfativas-similares-a-black-orchid\/\" \/>\n<meta property=\"og:site_name\" content=\"Perfumes Parlour\" \/>\n<meta property=\"article:modified_time\" content=\"2025-03-25T07:38:49+00:00\" \/>\n<meta property=\"og:image\" content=\"https:\/\/www.perfumeparlour.es\/wp-content\/uploads\/2024\/10\/1728076640263.jpg\" \/>\n\t<meta property=\"og:image:width\" content=\"800\" \/>\n\t<meta property=\"og:image:height\" content=\"638\" \/>\n\t<meta property=\"og:image:type\" content=\"image\/jpeg\" \/>\n<meta name=\"twitter:card\" content=\"summary_large_image\" \/>\n<meta name=\"twitter:label1\" content=\"Estimated reading time\" \/>\n\t<meta name=\"twitter:data1\" content=\"3 minutes\" \/>\n<script type=\"application\/ld+json\" class=\"yoast-schema-graph\">{\"@context\":\"https:\\\/\\\/schema.org\",\"@graph\":[{\"@type\":\"WebPage\",\"@id\":\"https:\\\/\\\/www.perfumeparlour.es\\\/product\\\/noire-labellum-for-women-0101-pertenece-a-la-familia-de-notas-olfativas-similares-a-black-orchid\\\/\",\"url\":\"https:\\\/\\\/www.perfumeparlour.es\\\/product\\\/noire-labellum-for-women-0101-pertenece-a-la-familia-de-notas-olfativas-similares-a-black-orchid\\\/\",\"name\":\"NOIRE LABELLUM FOR WOMEN - 0101 - Pertenece a la familia de notas olfativas similares a Black Orchid\u00ae - Perfumes Parlour\",\"isPartOf\":{\"@id\":\"https:\\\/\\\/www.perfumeparlour.es\\\/#website\"},\"primaryImageOfPage\":{\"@id\":\"https:\\\/\\\/www.perfumeparlour.es\\\/product\\\/noire-labellum-for-women-0101-pertenece-a-la-familia-de-notas-olfativas-similares-a-black-orchid\\\/#primaryimage\"},\"image\":{\"@id\":\"https:\\\/\\\/www.perfumeparlour.es\\\/product\\\/noire-labellum-for-women-0101-pertenece-a-la-familia-de-notas-olfativas-similares-a-black-orchid\\\/#primaryimage\"},\"thumbnailUrl\":\"https:\\\/\\\/www.perfumeparlour.es\\\/wp-content\\\/uploads\\\/2024\\\/10\\\/1728076640263.jpg\",\"datePublished\":\"2025-03-25T07:29:08+00:00\",\"dateModified\":\"2025-03-25T07:38:49+00:00\",\"breadcrumb\":{\"@id\":\"https:\\\/\\\/www.perfumeparlour.es\\\/product\\\/noire-labellum-for-women-0101-pertenece-a-la-familia-de-notas-olfativas-similares-a-black-orchid\\\/#breadcrumb\"},\"inLanguage\":\"en-GB\",\"potentialAction\":[{\"@type\":\"ReadAction\",\"target\":[\"https:\\\/\\\/www.perfumeparlour.es\\\/product\\\/noire-labellum-for-women-0101-pertenece-a-la-familia-de-notas-olfativas-similares-a-black-orchid\\\/\"]}]},{\"@type\":\"ImageObject\",\"inLanguage\":\"en-GB\",\"@id\":\"https:\\\/\\\/www.perfumeparlour.es\\\/product\\\/noire-labellum-for-women-0101-pertenece-a-la-familia-de-notas-olfativas-similares-a-black-orchid\\\/#primaryimage\",\"url\":\"https:\\\/\\\/www.perfumeparlour.es\\\/wp-content\\\/uploads\\\/2024\\\/10\\\/1728076640263.jpg\",\"contentUrl\":\"https:\\\/\\\/www.perfumeparlour.es\\\/wp-content\\\/uploads\\\/2024\\\/10\\\/1728076640263.jpg\",\"width\":800,\"height\":638},{\"@type\":\"BreadcrumbList\",\"@id\":\"https:\\\/\\\/www.perfumeparlour.es\\\/product\\\/noire-labellum-for-women-0101-pertenece-a-la-familia-de-notas-olfativas-similares-a-black-orchid\\\/#breadcrumb\",\"itemListElement\":[{\"@type\":\"ListItem\",\"position\":1,\"name\":\"Portada\",\"item\":\"https:\\\/\\\/www.perfumeparlour.es\\\/\"},{\"@type\":\"ListItem\",\"position\":2,\"name\":\"Tienda\",\"item\":\"https:\\\/\\\/www.perfumeparlour.es\\\/shop\\\/\"},{\"@type\":\"ListItem\",\"position\":3,\"name\":\"NOIRE LABELLUM FOR WOMEN &#8211; 0101 &#8211; Pertenece a la familia de notas olfativas similares a Black Orchid\u00ae\"}]},{\"@type\":\"WebSite\",\"@id\":\"https:\\\/\\\/www.perfumeparlour.es\\\/#website\",\"url\":\"https:\\\/\\\/www.perfumeparlour.es\\\/\",\"name\":\"Perfumes Parlour\",\"description\":\"\",\"potentialAction\":[{\"@type\":\"SearchAction\",\"target\":{\"@type\":\"EntryPoint\",\"urlTemplate\":\"https:\\\/\\\/www.perfumeparlour.es\\\/?s={search_term_string}\"},\"query-input\":{\"@type\":\"PropertyValueSpecification\",\"valueRequired\":true,\"valueName\":\"search_term_string\"}}],\"inLanguage\":\"en-GB\"}]}<\/script>\n<!-- \/ Yoast SEO plugin. -->","yoast_head_json":{"title":"NOIRE LABELLUM FOR WOMEN - 0101 - Pertenece a la familia de notas olfativas similares a Black Orchid\u00ae - Perfumes Parlour","robots":{"index":"index","follow":"follow","max-snippet":"max-snippet:-1","max-image-preview":"max-image-preview:large","max-video-preview":"max-video-preview:-1"},"canonical":"https:\/\/www.perfumeparlour.es\/en\/product\/noire-labellum-for-women-0101-pertenece-a-la-familia-de-notas-olfativas-similares-a-black-orchid\/","og_locale":"en_GB","og_type":"article","og_title":"NOIRE LABELLUM FOR WOMEN - 0101 - Pertenece a la familia de notas olfativas similares a Black Orchid\u00ae - Perfumes Parlour","og_description":"Pertenece a la familia de notas olfativas similares a Black Orchid\u00ae &nbsp;","og_url":"https:\/\/www.perfumeparlour.es\/en\/product\/noire-labellum-for-women-0101-pertenece-a-la-familia-de-notas-olfativas-similares-a-black-orchid\/","og_site_name":"Perfumes Parlour","article_modified_time":"2025-03-25T07:38:49+00:00","og_image":[{"width":800,"height":638,"url":"https:\/\/www.perfumeparlour.es\/wp-content\/uploads\/2024\/10\/1728076640263.jpg","type":"image\/jpeg"}],"twitter_card":"summary_large_image","twitter_misc":{"Estimated reading time":"3 minutes"},"schema":{"@context":"https:\/\/schema.org","@graph":[{"@type":"WebPage","@id":"https:\/\/www.perfumeparlour.es\/product\/noire-labellum-for-women-0101-pertenece-a-la-familia-de-notas-olfativas-similares-a-black-orchid\/","url":"https:\/\/www.perfumeparlour.es\/product\/noire-labellum-for-women-0101-pertenece-a-la-familia-de-notas-olfativas-similares-a-black-orchid\/","name":"NOIRE LABELLUM FOR WOMEN - 0101 - Pertenece a la familia de notas olfativas similares a Black Orchid\u00ae - Perfumes Parlour","isPartOf":{"@id":"https:\/\/www.perfumeparlour.es\/#website"},"primaryImageOfPage":{"@id":"https:\/\/www.perfumeparlour.es\/product\/noire-labellum-for-women-0101-pertenece-a-la-familia-de-notas-olfativas-similares-a-black-orchid\/#primaryimage"},"image":{"@id":"https:\/\/www.perfumeparlour.es\/product\/noire-labellum-for-women-0101-pertenece-a-la-familia-de-notas-olfativas-similares-a-black-orchid\/#primaryimage"},"thumbnailUrl":"https:\/\/www.perfumeparlour.es\/wp-content\/uploads\/2024\/10\/1728076640263.jpg","datePublished":"2025-03-25T07:29:08+00:00","dateModified":"2025-03-25T07:38:49+00:00","breadcrumb":{"@id":"https:\/\/www.perfumeparlour.es\/product\/noire-labellum-for-women-0101-pertenece-a-la-familia-de-notas-olfativas-similares-a-black-orchid\/#breadcrumb"},"inLanguage":"en-GB","potentialAction":[{"@type":"ReadAction","target":["https:\/\/www.perfumeparlour.es\/product\/noire-labellum-for-women-0101-pertenece-a-la-familia-de-notas-olfativas-similares-a-black-orchid\/"]}]},{"@type":"ImageObject","inLanguage":"en-GB","@id":"https:\/\/www.perfumeparlour.es\/product\/noire-labellum-for-women-0101-pertenece-a-la-familia-de-notas-olfativas-similares-a-black-orchid\/#primaryimage","url":"https:\/\/www.perfumeparlour.es\/wp-content\/uploads\/2024\/10\/1728076640263.jpg","contentUrl":"https:\/\/www.perfumeparlour.es\/wp-content\/uploads\/2024\/10\/1728076640263.jpg","width":800,"height":638},{"@type":"BreadcrumbList","@id":"https:\/\/www.perfumeparlour.es\/product\/noire-labellum-for-women-0101-pertenece-a-la-familia-de-notas-olfativas-similares-a-black-orchid\/#breadcrumb","itemListElement":[{"@type":"ListItem","position":1,"name":"Portada","item":"https:\/\/www.perfumeparlour.es\/"},{"@type":"ListItem","position":2,"name":"Tienda","item":"https:\/\/www.perfumeparlour.es\/shop\/"},{"@type":"ListItem","position":3,"name":"NOIRE LABELLUM FOR WOMEN &#8211; 0101 &#8211; Pertenece a la familia de notas olfativas similares a Black Orchid\u00ae"}]},{"@type":"WebSite","@id":"https:\/\/www.perfumeparlour.es\/#website","url":"https:\/\/www.perfumeparlour.es\/","name":"Perfumes Parlour","description":"","potentialAction":[{"@type":"SearchAction","target":{"@type":"EntryPoint","urlTemplate":"https:\/\/www.perfumeparlour.es\/?s={search_term_string}"},"query-input":{"@type":"PropertyValueSpecification","valueRequired":true,"valueName":"search_term_string"}}],"inLanguage":"en-GB"}]}},"jetpack_sharing_enabled":true,"_links":{"self":[{"href":"https:\/\/www.perfumeparlour.es\/en\/wp-json\/wp\/v2\/product\/6607","targetHints":{"allow":["GET"]}}],"collection":[{"href":"https:\/\/www.perfumeparlour.es\/en\/wp-json\/wp\/v2\/product"}],"about":[{"href":"https:\/\/www.perfumeparlour.es\/en\/wp-json\/wp\/v2\/types\/product"}],"replies":[{"embeddable":true,"href":"https:\/\/www.perfumeparlour.es\/en\/wp-json\/wp\/v2\/comments?post=6607"}],"wp:featuredmedia":[{"embeddable":true,"href":"https:\/\/www.perfumeparlour.es\/en\/wp-json\/wp\/v2\/media\/4345"}],"wp:attachment":[{"href":"https:\/\/www.perfumeparlour.es\/en\/wp-json\/wp\/v2\/media?parent=6607"}],"wp:term":[{"taxonomy":"product_brand","embeddable":true,"href":"https:\/\/www.perfumeparlour.es\/en\/wp-json\/wp\/v2\/product_brand?post=6607"},{"taxonomy":"product_cat","embeddable":true,"href":"https:\/\/www.perfumeparlour.es\/en\/wp-json\/wp\/v2\/product_cat?post=6607"},{"taxonomy":"product_tag","embeddable":true,"href":"https:\/\/www.perfumeparlour.es\/en\/wp-json\/wp\/v2\/product_tag?post=6607"}],"curies":[{"name":"wp","href":"https:\/\/api.w.org\/{rel}","templated":true}]}}