{"id":6564,"date":"2025-03-18T20:06:11","date_gmt":"2025-03-18T20:06:11","guid":{"rendered":"https:\/\/www.perfumeparlour.es\/?post_type=product&#038;p=6564"},"modified":"2025-03-18T20:16:07","modified_gmt":"2025-03-18T20:16:07","slug":"desert-de-afrique-0261-pertenece-a-la-familia-de-notas-olfativas-similares-a-lair-du-desert-marocain","status":"publish","type":"product","link":"https:\/\/www.perfumeparlour.es\/en\/product\/desert-de-afrique-0261-pertenece-a-la-familia-de-notas-olfativas-similares-a-lair-du-desert-marocain\/","title":{"rendered":"DESERT DE AFRIQUE &#8211; 0261 &#8211; Pertenece a la familia de notas olfativas similares a L&#8217;Air du Desert Marocain\u00ae"},"content":{"rendered":"<p style=\"text-align: left;\"><span style=\"color: #000000;\"><strong>Top Note:<\/strong> Abedul\u00a0 \u00a0 \u00a0 <img decoding=\"async\" class=\"\" src=\"https:\/\/tse3.mm.bing.net\/th?id=OIP.KaN0QjN9WbffEur9dpLzowHaHa&amp;pid=Api&amp;P=0&amp;h=180\" width=\"115\" height=\"115\" \/>\u00a0 Lavanda\u00a0 \u00a0 <a href=\"https:\/\/www.perfumeparlour.es\/wp-content\/uploads\/2025\/03\/LAVANDA.webp\"><img decoding=\"async\" class=\"alignnone  wp-image-6353\" src=\"https:\/\/www.perfumeparlour.es\/wp-content\/uploads\/2025\/03\/LAVANDA-300x200.webp\" alt=\"\" width=\"143\" height=\"95\" srcset=\"https:\/\/www.perfumeparlour.es\/wp-content\/uploads\/2025\/03\/LAVANDA-300x200.webp 300w, https:\/\/www.perfumeparlour.es\/wp-content\/uploads\/2025\/03\/LAVANDA-1024x683.webp 1024w, https:\/\/www.perfumeparlour.es\/wp-content\/uploads\/2025\/03\/LAVANDA-768x512.webp 768w, https:\/\/www.perfumeparlour.es\/wp-content\/uploads\/2025\/03\/LAVANDA-1536x1024.webp 1536w, https:\/\/www.perfumeparlour.es\/wp-content\/uploads\/2025\/03\/LAVANDA-18x12.webp 18w, https:\/\/www.perfumeparlour.es\/wp-content\/uploads\/2025\/03\/LAVANDA-600x400.webp 600w, https:\/\/www.perfumeparlour.es\/wp-content\/uploads\/2025\/03\/LAVANDA.webp 1920w\" sizes=\"(max-width: 143px) 100vw, 143px\" \/><\/a><\/span><\/p>\n<hr \/>\n<p><span style=\"color: #000000;\"><strong>Middle Note:<\/strong> Geranio\u00a0 \u00a0 <img decoding=\"async\" class=\"\" src=\"https:\/\/tse3.mm.bing.net\/th?id=OIP.sVKh3pB7r3ZAibj0AuhinAHaFj&amp;pid=Api&amp;P=0&amp;h=180\" width=\"147\" height=\"110\" \/>\u00a0 \u00a0Ladano\u00a0 <a href=\"https:\/\/www.perfumeparlour.es\/wp-content\/uploads\/2025\/02\/LADANO.jpg\"><img loading=\"lazy\" decoding=\"async\" class=\"alignnone  wp-image-6030\" src=\"https:\/\/www.perfumeparlour.es\/wp-content\/uploads\/2025\/02\/LADANO-300x200.jpg\" alt=\"\" width=\"158\" height=\"105\" srcset=\"https:\/\/www.perfumeparlour.es\/wp-content\/uploads\/2025\/02\/LADANO-300x200.jpg 300w, https:\/\/www.perfumeparlour.es\/wp-content\/uploads\/2025\/02\/LADANO-768x512.jpg 768w, https:\/\/www.perfumeparlour.es\/wp-content\/uploads\/2025\/02\/LADANO-18x12.jpg 18w, https:\/\/www.perfumeparlour.es\/wp-content\/uploads\/2025\/02\/LADANO-600x400.jpg 600w, https:\/\/www.perfumeparlour.es\/wp-content\/uploads\/2025\/02\/LADANO.jpg 1024w\" sizes=\"(max-width: 158px) 100vw, 158px\" \/><\/a>\u00a0 \u00a0<\/span><\/p>\n<hr \/>\n<p><span style=\"color: #000000;\"><strong>Base Note:\u00a0 <\/strong>Pachuli\u00a0 <a href=\"https:\/\/www.perfumeparlour.es\/wp-content\/uploads\/2025\/02\/PACHULI.jpg\"><img loading=\"lazy\" decoding=\"async\" class=\"alignnone size-full wp-image-5963\" src=\"https:\/\/www.perfumeparlour.es\/wp-content\/uploads\/2025\/02\/PACHULI.jpg\" alt=\"\" width=\"120\" height=\"120\" srcset=\"https:\/\/www.perfumeparlour.es\/wp-content\/uploads\/2025\/02\/PACHULI.jpg 120w, https:\/\/www.perfumeparlour.es\/wp-content\/uploads\/2025\/02\/PACHULI-12x12.jpg 12w, https:\/\/www.perfumeparlour.es\/wp-content\/uploads\/2025\/02\/PACHULI-55x55.jpg 55w, https:\/\/www.perfumeparlour.es\/wp-content\/uploads\/2025\/02\/PACHULI-100x100.jpg 100w\" sizes=\"(max-width: 120px) 100vw, 120px\" \/><\/a> \u00a0 Vetiver\u00a0 \u00a0 \u00a0 <a href=\"https:\/\/www.perfumeparlour.es\/wp-content\/uploads\/2025\/02\/VETIVER.jpg\"><img loading=\"lazy\" decoding=\"async\" class=\"alignnone size-full wp-image-6092\" src=\"https:\/\/www.perfumeparlour.es\/wp-content\/uploads\/2025\/02\/VETIVER.jpg\" alt=\"\" width=\"120\" height=\"120\" srcset=\"https:\/\/www.perfumeparlour.es\/wp-content\/uploads\/2025\/02\/VETIVER.jpg 120w, https:\/\/www.perfumeparlour.es\/wp-content\/uploads\/2025\/02\/VETIVER-12x12.jpg 12w, https:\/\/www.perfumeparlour.es\/wp-content\/uploads\/2025\/02\/VETIVER-55x55.jpg 55w, https:\/\/www.perfumeparlour.es\/wp-content\/uploads\/2025\/02\/VETIVER-100x100.jpg 100w\" sizes=\"(max-width: 120px) 100vw, 120px\" \/><\/a>\u00a0Ambar \u00a0 \u00a0 \u00a0 <a href=\"https:\/\/www.perfumeparlour.es\/wp-content\/uploads\/2025\/02\/AMBAR.jpg\"><img loading=\"lazy\" decoding=\"async\" class=\"alignnone wp-image-5964\" src=\"https:\/\/www.perfumeparlour.es\/wp-content\/uploads\/2025\/02\/AMBAR-300x200.jpg\" alt=\"\" width=\"191\" height=\"127\" srcset=\"https:\/\/www.perfumeparlour.es\/wp-content\/uploads\/2025\/02\/AMBAR-300x200.jpg 300w, https:\/\/www.perfumeparlour.es\/wp-content\/uploads\/2025\/02\/AMBAR-1024x683.jpg 1024w, https:\/\/www.perfumeparlour.es\/wp-content\/uploads\/2025\/02\/AMBAR-768x512.jpg 768w, https:\/\/www.perfumeparlour.es\/wp-content\/uploads\/2025\/02\/AMBAR-1536x1024.jpg 1536w, https:\/\/www.perfumeparlour.es\/wp-content\/uploads\/2025\/02\/AMBAR-2048x1366.jpg 2048w, https:\/\/www.perfumeparlour.es\/wp-content\/uploads\/2025\/02\/AMBAR-18x12.jpg 18w, https:\/\/www.perfumeparlour.es\/wp-content\/uploads\/2025\/02\/AMBAR-600x400.jpg 600w\" sizes=\"(max-width: 191px) 100vw, 191px\" \/><\/a><\/span><\/p>\n<h4>Esta fragancia tiene los acordes principales: amaderado, arom\u00e1tico, \u00e1mbar, anim\u00e1lico, verde, fresco y especiado.<\/h4>","protected":false},"excerpt":{"rendered":"<p>&nbsp;<\/p>\n<h6><em><span>Pertenece a la familia de notas olfativas similares a L&#8217;Air du Desert Marocain\u00ae<\/span><\/em><\/h6>\n<div class=\"collection-filter\">\n<div class=\"grid grid--uniform\">\n<p class=\"grid__item small--one-half medium-up--one-half text-right collection-filter__item--sort\"><label class=\"hidden-label\" for=\"SortBy\">Clasificar<\/label><\/p>\n<\/div>\n<\/div>\n<p>&nbsp;<\/p>","protected":false},"featured_media":4345,"comment_status":"open","ping_status":"closed","template":"","meta":[],"product_brand":[],"product_cat":[271,128,150,172,115,158],"product_tag":[],"class_list":{"0":"post-6564","1":"product","2":"type-product","3":"status-publish","4":"has-post-thumbnail","6":"product_cat-especiado","7":"product_cat-fragancia-unisex","8":"product_cat-notas","9":"product_cat-oriental","10":"product_cat-otono","11":"product_cat-primavera","13":"first","14":"instock","15":"shipping-taxable","16":"purchasable","17":"product-type-variable","18":"add-to-wishlist-after_add_to_cart"},"yoast_head":"<!-- This site is optimized with the Yoast SEO plugin v27.3 - https:\/\/yoast.com\/product\/yoast-seo-wordpress\/ -->\n<title>DESERT DE AFRIQUE - 0261 - Pertenece a la familia de notas olfativas similares a L&#039;Air du Desert Marocain\u00ae - Perfumes Parlour<\/title>\n<meta name=\"robots\" content=\"index, follow, max-snippet:-1, max-image-preview:large, max-video-preview:-1\" \/>\n<link rel=\"canonical\" href=\"https:\/\/www.perfumeparlour.es\/en\/product\/desert-de-afrique-0261-pertenece-a-la-familia-de-notas-olfativas-similares-a-lair-du-desert-marocain\/\" \/>\n<meta property=\"og:locale\" content=\"en_GB\" \/>\n<meta property=\"og:type\" content=\"article\" \/>\n<meta property=\"og:title\" content=\"DESERT DE AFRIQUE - 0261 - Pertenece a la familia de notas olfativas similares a L&#039;Air du Desert Marocain\u00ae - Perfumes Parlour\" \/>\n<meta property=\"og:description\" content=\"&nbsp; Pertenece a la familia de notas olfativas similares a L&#039;Air du Desert Marocain\u00ae   Clasificar    &nbsp;\" \/>\n<meta property=\"og:url\" content=\"https:\/\/www.perfumeparlour.es\/en\/product\/desert-de-afrique-0261-pertenece-a-la-familia-de-notas-olfativas-similares-a-lair-du-desert-marocain\/\" \/>\n<meta property=\"og:site_name\" content=\"Perfumes Parlour\" \/>\n<meta property=\"article:modified_time\" content=\"2025-03-18T20:16:07+00:00\" \/>\n<meta property=\"og:image\" content=\"https:\/\/www.perfumeparlour.es\/wp-content\/uploads\/2024\/10\/1728076640263.jpg\" \/>\n\t<meta property=\"og:image:width\" content=\"800\" \/>\n\t<meta property=\"og:image:height\" content=\"638\" \/>\n\t<meta property=\"og:image:type\" content=\"image\/jpeg\" \/>\n<meta name=\"twitter:card\" content=\"summary_large_image\" \/>\n<meta name=\"twitter:label1\" content=\"Estimated reading time\" \/>\n\t<meta name=\"twitter:data1\" content=\"2 minutes\" \/>\n<script type=\"application\/ld+json\" class=\"yoast-schema-graph\">{\"@context\":\"https:\\\/\\\/schema.org\",\"@graph\":[{\"@type\":\"WebPage\",\"@id\":\"https:\\\/\\\/www.perfumeparlour.es\\\/product\\\/desert-de-afrique-0261-pertenece-a-la-familia-de-notas-olfativas-similares-a-lair-du-desert-marocain\\\/\",\"url\":\"https:\\\/\\\/www.perfumeparlour.es\\\/product\\\/desert-de-afrique-0261-pertenece-a-la-familia-de-notas-olfativas-similares-a-lair-du-desert-marocain\\\/\",\"name\":\"DESERT DE AFRIQUE - 0261 - Pertenece a la familia de notas olfativas similares a L'Air du Desert Marocain\u00ae - Perfumes Parlour\",\"isPartOf\":{\"@id\":\"https:\\\/\\\/www.perfumeparlour.es\\\/#website\"},\"primaryImageOfPage\":{\"@id\":\"https:\\\/\\\/www.perfumeparlour.es\\\/product\\\/desert-de-afrique-0261-pertenece-a-la-familia-de-notas-olfativas-similares-a-lair-du-desert-marocain\\\/#primaryimage\"},\"image\":{\"@id\":\"https:\\\/\\\/www.perfumeparlour.es\\\/product\\\/desert-de-afrique-0261-pertenece-a-la-familia-de-notas-olfativas-similares-a-lair-du-desert-marocain\\\/#primaryimage\"},\"thumbnailUrl\":\"https:\\\/\\\/www.perfumeparlour.es\\\/wp-content\\\/uploads\\\/2024\\\/10\\\/1728076640263.jpg\",\"datePublished\":\"2025-03-18T20:06:11+00:00\",\"dateModified\":\"2025-03-18T20:16:07+00:00\",\"breadcrumb\":{\"@id\":\"https:\\\/\\\/www.perfumeparlour.es\\\/product\\\/desert-de-afrique-0261-pertenece-a-la-familia-de-notas-olfativas-similares-a-lair-du-desert-marocain\\\/#breadcrumb\"},\"inLanguage\":\"en-GB\",\"potentialAction\":[{\"@type\":\"ReadAction\",\"target\":[\"https:\\\/\\\/www.perfumeparlour.es\\\/product\\\/desert-de-afrique-0261-pertenece-a-la-familia-de-notas-olfativas-similares-a-lair-du-desert-marocain\\\/\"]}]},{\"@type\":\"ImageObject\",\"inLanguage\":\"en-GB\",\"@id\":\"https:\\\/\\\/www.perfumeparlour.es\\\/product\\\/desert-de-afrique-0261-pertenece-a-la-familia-de-notas-olfativas-similares-a-lair-du-desert-marocain\\\/#primaryimage\",\"url\":\"https:\\\/\\\/www.perfumeparlour.es\\\/wp-content\\\/uploads\\\/2024\\\/10\\\/1728076640263.jpg\",\"contentUrl\":\"https:\\\/\\\/www.perfumeparlour.es\\\/wp-content\\\/uploads\\\/2024\\\/10\\\/1728076640263.jpg\",\"width\":800,\"height\":638},{\"@type\":\"BreadcrumbList\",\"@id\":\"https:\\\/\\\/www.perfumeparlour.es\\\/product\\\/desert-de-afrique-0261-pertenece-a-la-familia-de-notas-olfativas-similares-a-lair-du-desert-marocain\\\/#breadcrumb\",\"itemListElement\":[{\"@type\":\"ListItem\",\"position\":1,\"name\":\"Portada\",\"item\":\"https:\\\/\\\/www.perfumeparlour.es\\\/\"},{\"@type\":\"ListItem\",\"position\":2,\"name\":\"Tienda\",\"item\":\"https:\\\/\\\/www.perfumeparlour.es\\\/shop\\\/\"},{\"@type\":\"ListItem\",\"position\":3,\"name\":\"DESERT DE AFRIQUE &#8211; 0261 &#8211; Pertenece a la familia de notas olfativas similares a L&#8217;Air du Desert Marocain\u00ae\"}]},{\"@type\":\"WebSite\",\"@id\":\"https:\\\/\\\/www.perfumeparlour.es\\\/#website\",\"url\":\"https:\\\/\\\/www.perfumeparlour.es\\\/\",\"name\":\"Perfumes Parlour\",\"description\":\"\",\"potentialAction\":[{\"@type\":\"SearchAction\",\"target\":{\"@type\":\"EntryPoint\",\"urlTemplate\":\"https:\\\/\\\/www.perfumeparlour.es\\\/?s={search_term_string}\"},\"query-input\":{\"@type\":\"PropertyValueSpecification\",\"valueRequired\":true,\"valueName\":\"search_term_string\"}}],\"inLanguage\":\"en-GB\"}]}<\/script>\n<!-- \/ Yoast SEO plugin. -->","yoast_head_json":{"title":"DESERT DE AFRIQUE - 0261 - Pertenece a la familia de notas olfativas similares a L'Air du Desert Marocain\u00ae - Perfumes Parlour","robots":{"index":"index","follow":"follow","max-snippet":"max-snippet:-1","max-image-preview":"max-image-preview:large","max-video-preview":"max-video-preview:-1"},"canonical":"https:\/\/www.perfumeparlour.es\/en\/product\/desert-de-afrique-0261-pertenece-a-la-familia-de-notas-olfativas-similares-a-lair-du-desert-marocain\/","og_locale":"en_GB","og_type":"article","og_title":"DESERT DE AFRIQUE - 0261 - Pertenece a la familia de notas olfativas similares a L'Air du Desert Marocain\u00ae - Perfumes Parlour","og_description":"&nbsp; Pertenece a la familia de notas olfativas similares a L'Air du Desert Marocain\u00ae   Clasificar    &nbsp;","og_url":"https:\/\/www.perfumeparlour.es\/en\/product\/desert-de-afrique-0261-pertenece-a-la-familia-de-notas-olfativas-similares-a-lair-du-desert-marocain\/","og_site_name":"Perfumes Parlour","article_modified_time":"2025-03-18T20:16:07+00:00","og_image":[{"width":800,"height":638,"url":"https:\/\/www.perfumeparlour.es\/wp-content\/uploads\/2024\/10\/1728076640263.jpg","type":"image\/jpeg"}],"twitter_card":"summary_large_image","twitter_misc":{"Estimated reading time":"2 minutes"},"schema":{"@context":"https:\/\/schema.org","@graph":[{"@type":"WebPage","@id":"https:\/\/www.perfumeparlour.es\/product\/desert-de-afrique-0261-pertenece-a-la-familia-de-notas-olfativas-similares-a-lair-du-desert-marocain\/","url":"https:\/\/www.perfumeparlour.es\/product\/desert-de-afrique-0261-pertenece-a-la-familia-de-notas-olfativas-similares-a-lair-du-desert-marocain\/","name":"DESERT DE AFRIQUE - 0261 - Pertenece a la familia de notas olfativas similares a L'Air du Desert Marocain\u00ae - Perfumes Parlour","isPartOf":{"@id":"https:\/\/www.perfumeparlour.es\/#website"},"primaryImageOfPage":{"@id":"https:\/\/www.perfumeparlour.es\/product\/desert-de-afrique-0261-pertenece-a-la-familia-de-notas-olfativas-similares-a-lair-du-desert-marocain\/#primaryimage"},"image":{"@id":"https:\/\/www.perfumeparlour.es\/product\/desert-de-afrique-0261-pertenece-a-la-familia-de-notas-olfativas-similares-a-lair-du-desert-marocain\/#primaryimage"},"thumbnailUrl":"https:\/\/www.perfumeparlour.es\/wp-content\/uploads\/2024\/10\/1728076640263.jpg","datePublished":"2025-03-18T20:06:11+00:00","dateModified":"2025-03-18T20:16:07+00:00","breadcrumb":{"@id":"https:\/\/www.perfumeparlour.es\/product\/desert-de-afrique-0261-pertenece-a-la-familia-de-notas-olfativas-similares-a-lair-du-desert-marocain\/#breadcrumb"},"inLanguage":"en-GB","potentialAction":[{"@type":"ReadAction","target":["https:\/\/www.perfumeparlour.es\/product\/desert-de-afrique-0261-pertenece-a-la-familia-de-notas-olfativas-similares-a-lair-du-desert-marocain\/"]}]},{"@type":"ImageObject","inLanguage":"en-GB","@id":"https:\/\/www.perfumeparlour.es\/product\/desert-de-afrique-0261-pertenece-a-la-familia-de-notas-olfativas-similares-a-lair-du-desert-marocain\/#primaryimage","url":"https:\/\/www.perfumeparlour.es\/wp-content\/uploads\/2024\/10\/1728076640263.jpg","contentUrl":"https:\/\/www.perfumeparlour.es\/wp-content\/uploads\/2024\/10\/1728076640263.jpg","width":800,"height":638},{"@type":"BreadcrumbList","@id":"https:\/\/www.perfumeparlour.es\/product\/desert-de-afrique-0261-pertenece-a-la-familia-de-notas-olfativas-similares-a-lair-du-desert-marocain\/#breadcrumb","itemListElement":[{"@type":"ListItem","position":1,"name":"Portada","item":"https:\/\/www.perfumeparlour.es\/"},{"@type":"ListItem","position":2,"name":"Tienda","item":"https:\/\/www.perfumeparlour.es\/shop\/"},{"@type":"ListItem","position":3,"name":"DESERT DE AFRIQUE &#8211; 0261 &#8211; Pertenece a la familia de notas olfativas similares a L&#8217;Air du Desert Marocain\u00ae"}]},{"@type":"WebSite","@id":"https:\/\/www.perfumeparlour.es\/#website","url":"https:\/\/www.perfumeparlour.es\/","name":"Perfumes Parlour","description":"","potentialAction":[{"@type":"SearchAction","target":{"@type":"EntryPoint","urlTemplate":"https:\/\/www.perfumeparlour.es\/?s={search_term_string}"},"query-input":{"@type":"PropertyValueSpecification","valueRequired":true,"valueName":"search_term_string"}}],"inLanguage":"en-GB"}]}},"jetpack_sharing_enabled":true,"_links":{"self":[{"href":"https:\/\/www.perfumeparlour.es\/en\/wp-json\/wp\/v2\/product\/6564","targetHints":{"allow":["GET"]}}],"collection":[{"href":"https:\/\/www.perfumeparlour.es\/en\/wp-json\/wp\/v2\/product"}],"about":[{"href":"https:\/\/www.perfumeparlour.es\/en\/wp-json\/wp\/v2\/types\/product"}],"replies":[{"embeddable":true,"href":"https:\/\/www.perfumeparlour.es\/en\/wp-json\/wp\/v2\/comments?post=6564"}],"wp:featuredmedia":[{"embeddable":true,"href":"https:\/\/www.perfumeparlour.es\/en\/wp-json\/wp\/v2\/media\/4345"}],"wp:attachment":[{"href":"https:\/\/www.perfumeparlour.es\/en\/wp-json\/wp\/v2\/media?parent=6564"}],"wp:term":[{"taxonomy":"product_brand","embeddable":true,"href":"https:\/\/www.perfumeparlour.es\/en\/wp-json\/wp\/v2\/product_brand?post=6564"},{"taxonomy":"product_cat","embeddable":true,"href":"https:\/\/www.perfumeparlour.es\/en\/wp-json\/wp\/v2\/product_cat?post=6564"},{"taxonomy":"product_tag","embeddable":true,"href":"https:\/\/www.perfumeparlour.es\/en\/wp-json\/wp\/v2\/product_tag?post=6564"}],"curies":[{"name":"wp","href":"https:\/\/api.w.org\/{rel}","templated":true}]}}