{"id":6354,"date":"2025-03-09T21:33:20","date_gmt":"2025-03-09T21:33:20","guid":{"rendered":"https:\/\/www.perfumeparlour.es\/?post_type=product&#038;p=6354"},"modified":"2026-03-15T10:29:01","modified_gmt":"2026-03-15T10:29:01","slug":"woody-bliss-for-men-2125-pertenece-a-la-familia-de-notas-olfativas-similares-a-perseus-de-parfums-de-marly","status":"publish","type":"product","link":"https:\/\/www.perfumeparlour.es\/en\/product\/woody-bliss-for-men-2125-pertenece-a-la-familia-de-notas-olfativas-similares-a-perseus-de-parfums-de-marly\/","title":{"rendered":"WOODY BLISS FOR MEN &#8211; 2125 &#8211; Pertenece a la familia de notas olfativas Similares a Perseus  de  Parfums de Marly \u00ae"},"content":{"rendered":"<h4>Nota altas:\u00a0 \u00a0 Pomelo\u00a0 <a href=\"https:\/\/www.perfumeparlour.es\/wp-content\/uploads\/2025\/02\/POMELO.jpg\"><img decoding=\"async\" class=\"alignnone wp-image-6174\" src=\"https:\/\/www.perfumeparlour.es\/wp-content\/uploads\/2025\/02\/POMELO.jpg\" alt=\"\" width=\"118\" height=\"116\" srcset=\"https:\/\/www.perfumeparlour.es\/wp-content\/uploads\/2025\/02\/POMELO.jpg 183w, https:\/\/www.perfumeparlour.es\/wp-content\/uploads\/2025\/02\/POMELO-12x12.jpg 12w, https:\/\/www.perfumeparlour.es\/wp-content\/uploads\/2025\/02\/POMELO-55x55.jpg 55w\" sizes=\"(max-width: 118px) 100vw, 118px\" \/><\/a>\u00a0 \u00a0Grosella negra \u00a0 <a href=\"https:\/\/www.perfumeparlour.es\/wp-content\/uploads\/2025\/02\/GROSELLA-NEGRA.jpg\"><img decoding=\"async\" class=\"alignnone wp-image-5991\" src=\"https:\/\/www.perfumeparlour.es\/wp-content\/uploads\/2025\/02\/GROSELLA-NEGRA.jpg\" alt=\"\" width=\"150\" height=\"100\" srcset=\"https:\/\/www.perfumeparlour.es\/wp-content\/uploads\/2025\/02\/GROSELLA-NEGRA.jpg 270w, https:\/\/www.perfumeparlour.es\/wp-content\/uploads\/2025\/02\/GROSELLA-NEGRA-18x12.jpg 18w\" sizes=\"(max-width: 150px) 100vw, 150px\" \/><\/a>\u00a0\u00a0\u00a0 \u00a0Bergamota\u00a0 <a href=\"https:\/\/www.perfumeparlour.es\/wp-content\/uploads\/2025\/02\/BERGAMOTA.jpg\"><img decoding=\"async\" class=\"alignnone wp-image-6152\" src=\"https:\/\/www.perfumeparlour.es\/wp-content\/uploads\/2025\/02\/BERGAMOTA.jpg\" alt=\"\" width=\"153\" height=\"102\" srcset=\"https:\/\/www.perfumeparlour.es\/wp-content\/uploads\/2025\/02\/BERGAMOTA.jpg 270w, https:\/\/www.perfumeparlour.es\/wp-content\/uploads\/2025\/02\/BERGAMOTA-18x12.jpg 18w\" sizes=\"(max-width: 153px) 100vw, 153px\" \/><\/a><\/h4>\n<hr \/>\n<p><strong>Nota media: <\/strong><\/p>\n<p><strong>\u00a0Vetiver\u00a0 <a href=\"https:\/\/www.perfumeparlour.es\/wp-content\/uploads\/2025\/02\/VETIVER.jpg\"><img loading=\"lazy\" decoding=\"async\" class=\"alignnone size-full wp-image-6092\" src=\"https:\/\/www.perfumeparlour.es\/wp-content\/uploads\/2025\/02\/VETIVER.jpg\" alt=\"\" width=\"120\" height=\"120\" srcset=\"https:\/\/www.perfumeparlour.es\/wp-content\/uploads\/2025\/02\/VETIVER.jpg 120w, https:\/\/www.perfumeparlour.es\/wp-content\/uploads\/2025\/02\/VETIVER-12x12.jpg 12w, https:\/\/www.perfumeparlour.es\/wp-content\/uploads\/2025\/02\/VETIVER-55x55.jpg 55w, https:\/\/www.perfumeparlour.es\/wp-content\/uploads\/2025\/02\/VETIVER-100x100.jpg 100w\" sizes=\"(max-width: 120px) 100vw, 120px\" \/><\/a>\u00a0 \u00a0 Mandarina\u00a0 \u00a0 <a href=\"https:\/\/www.perfumeparlour.es\/wp-content\/uploads\/2025\/02\/MANDARINA.jpg\"><img loading=\"lazy\" decoding=\"async\" class=\"alignnone wp-image-5977\" src=\"https:\/\/www.perfumeparlour.es\/wp-content\/uploads\/2025\/02\/MANDARINA.jpg\" alt=\"\" width=\"165\" height=\"109\" srcset=\"https:\/\/www.perfumeparlour.es\/wp-content\/uploads\/2025\/02\/MANDARINA.jpg 272w, https:\/\/www.perfumeparlour.es\/wp-content\/uploads\/2025\/02\/MANDARINA-18x12.jpg 18w\" sizes=\"(max-width: 165px) 100vw, 165px\" \/><\/a><\/strong><\/p>\n<hr \/>\n<p><strong>Nota base:<\/strong><\/p>\n<p><strong>Cedro\u00a0 \u00a0 <a href=\"https:\/\/www.perfumeparlour.es\/wp-content\/uploads\/2025\/02\/CEDRO.jpg\"><img loading=\"lazy\" decoding=\"async\" class=\"alignnone size-full wp-image-5956\" src=\"https:\/\/www.perfumeparlour.es\/wp-content\/uploads\/2025\/02\/CEDRO.jpg\" alt=\"\" width=\"120\" height=\"120\" srcset=\"https:\/\/www.perfumeparlour.es\/wp-content\/uploads\/2025\/02\/CEDRO.jpg 120w, https:\/\/www.perfumeparlour.es\/wp-content\/uploads\/2025\/02\/CEDRO-12x12.jpg 12w, https:\/\/www.perfumeparlour.es\/wp-content\/uploads\/2025\/02\/CEDRO-55x55.jpg 55w, https:\/\/www.perfumeparlour.es\/wp-content\/uploads\/2025\/02\/CEDRO-100x100.jpg 100w\" sizes=\"(max-width: 120px) 100vw, 120px\" \/><\/a>\u00a0 \u00a0Madera de cachemira\u00a0 \u00a0 <a href=\"https:\/\/www.perfumeparlour.es\/wp-content\/uploads\/2025\/02\/CACHEMIRA.webp\"><img loading=\"lazy\" decoding=\"async\" class=\"alignnone wp-image-6006\" src=\"https:\/\/www.perfumeparlour.es\/wp-content\/uploads\/2025\/02\/CACHEMIRA-300x200.webp\" alt=\"\" width=\"161\" height=\"107\" srcset=\"https:\/\/www.perfumeparlour.es\/wp-content\/uploads\/2025\/02\/CACHEMIRA-300x200.webp 300w, https:\/\/www.perfumeparlour.es\/wp-content\/uploads\/2025\/02\/CACHEMIRA-1024x682.webp 1024w, https:\/\/www.perfumeparlour.es\/wp-content\/uploads\/2025\/02\/CACHEMIRA-768x512.webp 768w, https:\/\/www.perfumeparlour.es\/wp-content\/uploads\/2025\/02\/CACHEMIRA-1536x1023.webp 1536w, https:\/\/www.perfumeparlour.es\/wp-content\/uploads\/2025\/02\/CACHEMIRA-18x12.webp 18w, https:\/\/www.perfumeparlour.es\/wp-content\/uploads\/2025\/02\/CACHEMIRA-600x400.webp 600w, https:\/\/www.perfumeparlour.es\/wp-content\/uploads\/2025\/02\/CACHEMIRA.webp 1588w\" sizes=\"(max-width: 161px) 100vw, 161px\" \/><\/a><\/strong><\/p>\n<div class=\"easytabs-content-item easytabs-content-item-static\" data-et-marker=\"tabs-triumphing-for-men-0929-s0\" data-et-handle=\"tabs-disclaimer\">\n<div class=\"easytabs-accordion-item\" tabindex=\"-1\" role=\"tab\" aria-labelledby=\"easytabs-slide-label-035-2\" aria-selected=\"false\"><\/div>\n<\/div>\n<p>&nbsp;<\/p>\n<h4>Woody Bliss for Men es una fragancia arom\u00e1tica amaderada para hombres. Este cautivador aroma se abre con notas frescas de pomelo, bergamota y grosella negra. El coraz\u00f3n revela una mezcla de vetiver, mandarina verde y geranio, mientras que la base est\u00e1 compuesta de madera seca, madera de cachemira y \u00e1mbar gris, creando una impresi\u00f3n duradera de elegancia y sofisticaci\u00f3n.<\/h4>","protected":false},"excerpt":{"rendered":"<h6><em>Pertenece a la familia de notas olfativas Similares a\u00a0<b>Perseus\u00a0<\/b>\u00a0de\u00a0\u00a0<b>Parfums de Marly<\/b>\u00a0\u00ae\u00a0<\/em><\/h6>\n<p>&nbsp;<\/p>","protected":false},"featured_media":7763,"comment_status":"open","ping_status":"closed","template":"","meta":[],"product_brand":[],"product_cat":[261,156,160,128,150,158,159],"product_tag":[],"class_list":{"0":"post-6354","1":"product","2":"type-product","3":"status-publish","4":"has-post-thumbnail","6":"product_cat-amaderado","7":"product_cat-aromatico","8":"product_cat-citricos","9":"product_cat-fragancia-unisex","10":"product_cat-notas","11":"product_cat-primavera","12":"product_cat-verano","14":"first","15":"instock","16":"shipping-taxable","17":"purchasable","18":"product-type-variable","19":"add-to-wishlist-after_add_to_cart"},"yoast_head":"<!-- This site is optimized with the Yoast SEO plugin v27.3 - https:\/\/yoast.com\/product\/yoast-seo-wordpress\/ -->\n<title>WOODY BLISS FOR MEN - 2125 - Pertenece a la familia de notas olfativas Similares a Perseus de Parfums de Marly \u00ae - Perfumes Parlour<\/title>\n<meta name=\"robots\" content=\"index, follow, max-snippet:-1, max-image-preview:large, max-video-preview:-1\" \/>\n<link rel=\"canonical\" href=\"https:\/\/www.perfumeparlour.es\/en\/product\/woody-bliss-for-men-2125-pertenece-a-la-familia-de-notas-olfativas-similares-a-perseus-de-parfums-de-marly\/\" \/>\n<meta property=\"og:locale\" content=\"en_GB\" \/>\n<meta property=\"og:type\" content=\"article\" \/>\n<meta property=\"og:title\" content=\"WOODY BLISS FOR MEN - 2125 - Pertenece a la familia de notas olfativas Similares a Perseus de Parfums de Marly \u00ae - Perfumes Parlour\" \/>\n<meta property=\"og:description\" content=\"Pertenece a la familia de notas olfativas Similares a\u00a0Perseus\u00a0\u00a0de\u00a0\u00a0Parfums de Marly\u00a0\u00ae\u00a0 &nbsp;\" \/>\n<meta property=\"og:url\" content=\"https:\/\/www.perfumeparlour.es\/en\/product\/woody-bliss-for-men-2125-pertenece-a-la-familia-de-notas-olfativas-similares-a-perseus-de-parfums-de-marly\/\" \/>\n<meta property=\"og:site_name\" content=\"Perfumes Parlour\" \/>\n<meta property=\"article:modified_time\" content=\"2026-03-15T10:29:01+00:00\" \/>\n<meta property=\"og:image\" content=\"https:\/\/www.perfumeparlour.es\/wp-content\/uploads\/2025\/03\/Woody-Bliss-for-Men.webp\" \/>\n\t<meta property=\"og:image:width\" content=\"800\" \/>\n\t<meta property=\"og:image:height\" content=\"1200\" \/>\n\t<meta property=\"og:image:type\" content=\"image\/webp\" \/>\n<meta name=\"twitter:card\" content=\"summary_large_image\" \/>\n<meta name=\"twitter:label1\" content=\"Estimated reading time\" \/>\n\t<meta name=\"twitter:data1\" content=\"2 minutes\" \/>\n<script type=\"application\/ld+json\" class=\"yoast-schema-graph\">{\"@context\":\"https:\\\/\\\/schema.org\",\"@graph\":[{\"@type\":\"WebPage\",\"@id\":\"https:\\\/\\\/www.perfumeparlour.es\\\/product\\\/woody-bliss-for-men-2125-pertenece-a-la-familia-de-notas-olfativas-similares-a-perseus-de-parfums-de-marly\\\/\",\"url\":\"https:\\\/\\\/www.perfumeparlour.es\\\/product\\\/woody-bliss-for-men-2125-pertenece-a-la-familia-de-notas-olfativas-similares-a-perseus-de-parfums-de-marly\\\/\",\"name\":\"WOODY BLISS FOR MEN - 2125 - Pertenece a la familia de notas olfativas Similares a Perseus de Parfums de Marly \u00ae - Perfumes Parlour\",\"isPartOf\":{\"@id\":\"https:\\\/\\\/www.perfumeparlour.es\\\/#website\"},\"primaryImageOfPage\":{\"@id\":\"https:\\\/\\\/www.perfumeparlour.es\\\/product\\\/woody-bliss-for-men-2125-pertenece-a-la-familia-de-notas-olfativas-similares-a-perseus-de-parfums-de-marly\\\/#primaryimage\"},\"image\":{\"@id\":\"https:\\\/\\\/www.perfumeparlour.es\\\/product\\\/woody-bliss-for-men-2125-pertenece-a-la-familia-de-notas-olfativas-similares-a-perseus-de-parfums-de-marly\\\/#primaryimage\"},\"thumbnailUrl\":\"https:\\\/\\\/www.perfumeparlour.es\\\/wp-content\\\/uploads\\\/2025\\\/03\\\/Woody-Bliss-for-Men.webp\",\"datePublished\":\"2025-03-09T21:33:20+00:00\",\"dateModified\":\"2026-03-15T10:29:01+00:00\",\"breadcrumb\":{\"@id\":\"https:\\\/\\\/www.perfumeparlour.es\\\/product\\\/woody-bliss-for-men-2125-pertenece-a-la-familia-de-notas-olfativas-similares-a-perseus-de-parfums-de-marly\\\/#breadcrumb\"},\"inLanguage\":\"en-GB\",\"potentialAction\":[{\"@type\":\"ReadAction\",\"target\":[\"https:\\\/\\\/www.perfumeparlour.es\\\/product\\\/woody-bliss-for-men-2125-pertenece-a-la-familia-de-notas-olfativas-similares-a-perseus-de-parfums-de-marly\\\/\"]}]},{\"@type\":\"ImageObject\",\"inLanguage\":\"en-GB\",\"@id\":\"https:\\\/\\\/www.perfumeparlour.es\\\/product\\\/woody-bliss-for-men-2125-pertenece-a-la-familia-de-notas-olfativas-similares-a-perseus-de-parfums-de-marly\\\/#primaryimage\",\"url\":\"https:\\\/\\\/www.perfumeparlour.es\\\/wp-content\\\/uploads\\\/2025\\\/03\\\/Woody-Bliss-for-Men.webp\",\"contentUrl\":\"https:\\\/\\\/www.perfumeparlour.es\\\/wp-content\\\/uploads\\\/2025\\\/03\\\/Woody-Bliss-for-Men.webp\",\"width\":800,\"height\":1200},{\"@type\":\"BreadcrumbList\",\"@id\":\"https:\\\/\\\/www.perfumeparlour.es\\\/product\\\/woody-bliss-for-men-2125-pertenece-a-la-familia-de-notas-olfativas-similares-a-perseus-de-parfums-de-marly\\\/#breadcrumb\",\"itemListElement\":[{\"@type\":\"ListItem\",\"position\":1,\"name\":\"Portada\",\"item\":\"https:\\\/\\\/www.perfumeparlour.es\\\/\"},{\"@type\":\"ListItem\",\"position\":2,\"name\":\"Tienda\",\"item\":\"https:\\\/\\\/www.perfumeparlour.es\\\/shop\\\/\"},{\"@type\":\"ListItem\",\"position\":3,\"name\":\"WOODY BLISS FOR MEN &#8211; 2125 &#8211; Pertenece a la familia de notas olfativas Similares a Perseus de Parfums de Marly \u00ae\"}]},{\"@type\":\"WebSite\",\"@id\":\"https:\\\/\\\/www.perfumeparlour.es\\\/#website\",\"url\":\"https:\\\/\\\/www.perfumeparlour.es\\\/\",\"name\":\"Perfumes Parlour\",\"description\":\"\",\"potentialAction\":[{\"@type\":\"SearchAction\",\"target\":{\"@type\":\"EntryPoint\",\"urlTemplate\":\"https:\\\/\\\/www.perfumeparlour.es\\\/?s={search_term_string}\"},\"query-input\":{\"@type\":\"PropertyValueSpecification\",\"valueRequired\":true,\"valueName\":\"search_term_string\"}}],\"inLanguage\":\"en-GB\"}]}<\/script>\n<!-- \/ Yoast SEO plugin. -->","yoast_head_json":{"title":"WOODY BLISS FOR MEN - 2125 - Pertenece a la familia de notas olfativas Similares a Perseus de Parfums de Marly \u00ae - Perfumes Parlour","robots":{"index":"index","follow":"follow","max-snippet":"max-snippet:-1","max-image-preview":"max-image-preview:large","max-video-preview":"max-video-preview:-1"},"canonical":"https:\/\/www.perfumeparlour.es\/en\/product\/woody-bliss-for-men-2125-pertenece-a-la-familia-de-notas-olfativas-similares-a-perseus-de-parfums-de-marly\/","og_locale":"en_GB","og_type":"article","og_title":"WOODY BLISS FOR MEN - 2125 - Pertenece a la familia de notas olfativas Similares a Perseus de Parfums de Marly \u00ae - Perfumes Parlour","og_description":"Pertenece a la familia de notas olfativas Similares a\u00a0Perseus\u00a0\u00a0de\u00a0\u00a0Parfums de Marly\u00a0\u00ae\u00a0 &nbsp;","og_url":"https:\/\/www.perfumeparlour.es\/en\/product\/woody-bliss-for-men-2125-pertenece-a-la-familia-de-notas-olfativas-similares-a-perseus-de-parfums-de-marly\/","og_site_name":"Perfumes Parlour","article_modified_time":"2026-03-15T10:29:01+00:00","og_image":[{"width":800,"height":1200,"url":"https:\/\/www.perfumeparlour.es\/wp-content\/uploads\/2025\/03\/Woody-Bliss-for-Men.webp","type":"image\/webp"}],"twitter_card":"summary_large_image","twitter_misc":{"Estimated reading time":"2 minutes"},"schema":{"@context":"https:\/\/schema.org","@graph":[{"@type":"WebPage","@id":"https:\/\/www.perfumeparlour.es\/product\/woody-bliss-for-men-2125-pertenece-a-la-familia-de-notas-olfativas-similares-a-perseus-de-parfums-de-marly\/","url":"https:\/\/www.perfumeparlour.es\/product\/woody-bliss-for-men-2125-pertenece-a-la-familia-de-notas-olfativas-similares-a-perseus-de-parfums-de-marly\/","name":"WOODY BLISS FOR MEN - 2125 - Pertenece a la familia de notas olfativas Similares a Perseus de Parfums de Marly \u00ae - Perfumes Parlour","isPartOf":{"@id":"https:\/\/www.perfumeparlour.es\/#website"},"primaryImageOfPage":{"@id":"https:\/\/www.perfumeparlour.es\/product\/woody-bliss-for-men-2125-pertenece-a-la-familia-de-notas-olfativas-similares-a-perseus-de-parfums-de-marly\/#primaryimage"},"image":{"@id":"https:\/\/www.perfumeparlour.es\/product\/woody-bliss-for-men-2125-pertenece-a-la-familia-de-notas-olfativas-similares-a-perseus-de-parfums-de-marly\/#primaryimage"},"thumbnailUrl":"https:\/\/www.perfumeparlour.es\/wp-content\/uploads\/2025\/03\/Woody-Bliss-for-Men.webp","datePublished":"2025-03-09T21:33:20+00:00","dateModified":"2026-03-15T10:29:01+00:00","breadcrumb":{"@id":"https:\/\/www.perfumeparlour.es\/product\/woody-bliss-for-men-2125-pertenece-a-la-familia-de-notas-olfativas-similares-a-perseus-de-parfums-de-marly\/#breadcrumb"},"inLanguage":"en-GB","potentialAction":[{"@type":"ReadAction","target":["https:\/\/www.perfumeparlour.es\/product\/woody-bliss-for-men-2125-pertenece-a-la-familia-de-notas-olfativas-similares-a-perseus-de-parfums-de-marly\/"]}]},{"@type":"ImageObject","inLanguage":"en-GB","@id":"https:\/\/www.perfumeparlour.es\/product\/woody-bliss-for-men-2125-pertenece-a-la-familia-de-notas-olfativas-similares-a-perseus-de-parfums-de-marly\/#primaryimage","url":"https:\/\/www.perfumeparlour.es\/wp-content\/uploads\/2025\/03\/Woody-Bliss-for-Men.webp","contentUrl":"https:\/\/www.perfumeparlour.es\/wp-content\/uploads\/2025\/03\/Woody-Bliss-for-Men.webp","width":800,"height":1200},{"@type":"BreadcrumbList","@id":"https:\/\/www.perfumeparlour.es\/product\/woody-bliss-for-men-2125-pertenece-a-la-familia-de-notas-olfativas-similares-a-perseus-de-parfums-de-marly\/#breadcrumb","itemListElement":[{"@type":"ListItem","position":1,"name":"Portada","item":"https:\/\/www.perfumeparlour.es\/"},{"@type":"ListItem","position":2,"name":"Tienda","item":"https:\/\/www.perfumeparlour.es\/shop\/"},{"@type":"ListItem","position":3,"name":"WOODY BLISS FOR MEN &#8211; 2125 &#8211; Pertenece a la familia de notas olfativas Similares a Perseus de Parfums de Marly \u00ae"}]},{"@type":"WebSite","@id":"https:\/\/www.perfumeparlour.es\/#website","url":"https:\/\/www.perfumeparlour.es\/","name":"Perfumes Parlour","description":"","potentialAction":[{"@type":"SearchAction","target":{"@type":"EntryPoint","urlTemplate":"https:\/\/www.perfumeparlour.es\/?s={search_term_string}"},"query-input":{"@type":"PropertyValueSpecification","valueRequired":true,"valueName":"search_term_string"}}],"inLanguage":"en-GB"}]}},"jetpack_sharing_enabled":true,"_links":{"self":[{"href":"https:\/\/www.perfumeparlour.es\/en\/wp-json\/wp\/v2\/product\/6354","targetHints":{"allow":["GET"]}}],"collection":[{"href":"https:\/\/www.perfumeparlour.es\/en\/wp-json\/wp\/v2\/product"}],"about":[{"href":"https:\/\/www.perfumeparlour.es\/en\/wp-json\/wp\/v2\/types\/product"}],"replies":[{"embeddable":true,"href":"https:\/\/www.perfumeparlour.es\/en\/wp-json\/wp\/v2\/comments?post=6354"}],"wp:featuredmedia":[{"embeddable":true,"href":"https:\/\/www.perfumeparlour.es\/en\/wp-json\/wp\/v2\/media\/7763"}],"wp:attachment":[{"href":"https:\/\/www.perfumeparlour.es\/en\/wp-json\/wp\/v2\/media?parent=6354"}],"wp:term":[{"taxonomy":"product_brand","embeddable":true,"href":"https:\/\/www.perfumeparlour.es\/en\/wp-json\/wp\/v2\/product_brand?post=6354"},{"taxonomy":"product_cat","embeddable":true,"href":"https:\/\/www.perfumeparlour.es\/en\/wp-json\/wp\/v2\/product_cat?post=6354"},{"taxonomy":"product_tag","embeddable":true,"href":"https:\/\/www.perfumeparlour.es\/en\/wp-json\/wp\/v2\/product_tag?post=6354"}],"curies":[{"name":"wp","href":"https:\/\/api.w.org\/{rel}","templated":true}]}}