{"id":6239,"date":"2025-02-16T19:37:26","date_gmt":"2025-02-16T19:37:26","guid":{"rendered":"https:\/\/www.perfumeparlour.es\/?post_type=product&#038;p=6239"},"modified":"2026-03-15T07:32:15","modified_gmt":"2026-03-15T07:32:15","slug":"eminent-leaf-1550-pertenece-a-la-familia-de-notas-olfativas-similares-a-montabaco-ormonde-jayne","status":"publish","type":"product","link":"https:\/\/www.perfumeparlour.es\/en\/product\/eminent-leaf-1550-pertenece-a-la-familia-de-notas-olfativas-similares-a-montabaco-ormonde-jayne\/","title":{"rendered":"EMINENT LEAF &#8211; 1550 &#8211; Pertenece a la familia de notas olfativas similares a Montabaco &#8211; Ormonde Jayne\u00ae"},"content":{"rendered":"<h4>Nota alta:<\/h4>\n<h4>Cardamomo\u00a0 <a href=\"https:\/\/www.perfumeparlour.es\/wp-content\/uploads\/2025\/02\/CARDAMOMO.jpg\"><img decoding=\"async\" class=\"alignnone wp-image-5955\" src=\"https:\/\/www.perfumeparlour.es\/wp-content\/uploads\/2025\/02\/CARDAMOMO.jpg\" alt=\"\" width=\"104\" height=\"104\" srcset=\"https:\/\/www.perfumeparlour.es\/wp-content\/uploads\/2025\/02\/CARDAMOMO.jpg 120w, https:\/\/www.perfumeparlour.es\/wp-content\/uploads\/2025\/02\/CARDAMOMO-12x12.jpg 12w, https:\/\/www.perfumeparlour.es\/wp-content\/uploads\/2025\/02\/CARDAMOMO-55x55.jpg 55w, https:\/\/www.perfumeparlour.es\/wp-content\/uploads\/2025\/02\/CARDAMOMO-100x100.jpg 100w\" sizes=\"(max-width: 104px) 100vw, 104px\" \/><\/a>\u00a0 \u00a0enebro\u00a0 <a href=\"https:\/\/www.perfumeparlour.es\/wp-content\/uploads\/2025\/02\/ENEBRO.jpg\"><img decoding=\"async\" class=\"alignnone wp-image-6005\" src=\"https:\/\/www.perfumeparlour.es\/wp-content\/uploads\/2025\/02\/ENEBRO-300x169.jpg\" alt=\"\" width=\"170\" height=\"96\" srcset=\"https:\/\/www.perfumeparlour.es\/wp-content\/uploads\/2025\/02\/ENEBRO-300x169.jpg 300w, https:\/\/www.perfumeparlour.es\/wp-content\/uploads\/2025\/02\/ENEBRO-1024x576.jpg 1024w, https:\/\/www.perfumeparlour.es\/wp-content\/uploads\/2025\/02\/ENEBRO-768x432.jpg 768w, https:\/\/www.perfumeparlour.es\/wp-content\/uploads\/2025\/02\/ENEBRO-18x10.jpg 18w, https:\/\/www.perfumeparlour.es\/wp-content\/uploads\/2025\/02\/ENEBRO-600x338.jpg 600w, https:\/\/www.perfumeparlour.es\/wp-content\/uploads\/2025\/02\/ENEBRO.jpg 1280w\" sizes=\"(max-width: 170px) 100vw, 170px\" \/><\/a> bergamota\u00a0 <a href=\"https:\/\/www.perfumeparlour.es\/wp-content\/uploads\/2025\/02\/BERGAMOTA.jpg\"><img decoding=\"async\" class=\"alignnone wp-image-6152\" src=\"https:\/\/www.perfumeparlour.es\/wp-content\/uploads\/2025\/02\/BERGAMOTA.jpg\" alt=\"\" width=\"132\" height=\"88\" srcset=\"https:\/\/www.perfumeparlour.es\/wp-content\/uploads\/2025\/02\/BERGAMOTA.jpg 270w, https:\/\/www.perfumeparlour.es\/wp-content\/uploads\/2025\/02\/BERGAMOTA-18x12.jpg 18w\" sizes=\"(max-width: 132px) 100vw, 132px\" \/><\/a><\/h4>\n<hr \/>\n<p><strong>Nota media: <\/strong><\/p>\n<p><strong>\u00a0Magnolia\u00a0 <a href=\"https:\/\/www.perfumeparlour.es\/wp-content\/uploads\/2025\/02\/MAGNOLIA.jpg\"><img loading=\"lazy\" decoding=\"async\" class=\"alignnone wp-image-6128\" src=\"https:\/\/www.perfumeparlour.es\/wp-content\/uploads\/2025\/02\/MAGNOLIA.jpg\" alt=\"\" width=\"144\" height=\"92\" srcset=\"https:\/\/www.perfumeparlour.es\/wp-content\/uploads\/2025\/02\/MAGNOLIA.jpg 281w, https:\/\/www.perfumeparlour.es\/wp-content\/uploads\/2025\/02\/MAGNOLIA-18x12.jpg 18w\" sizes=\"(max-width: 144px) 100vw, 144px\" \/><\/a>\u00a0 \u00a0aire de monta\u00f1a\u00a0 <img loading=\"lazy\" decoding=\"async\" class=\"\" src=\"https:\/\/takiruna.files.wordpress.com\/2012\/09\/takiruna-monta.jpg?w=640\" width=\"144\" height=\"95\" \/><\/strong><\/p>\n<hr \/>\n<p><strong>Nota base:<\/strong><\/p>\n<p><strong>Hoha de tabaco\u00a0 <a href=\"https:\/\/www.perfumeparlour.es\/wp-content\/uploads\/2025\/02\/TABACO.jpg\"><img loading=\"lazy\" decoding=\"async\" class=\"alignnone wp-image-6019\" src=\"https:\/\/www.perfumeparlour.es\/wp-content\/uploads\/2025\/02\/TABACO.jpg\" alt=\"\" width=\"160\" height=\"106\" srcset=\"https:\/\/www.perfumeparlour.es\/wp-content\/uploads\/2025\/02\/TABACO.jpg 271w, https:\/\/www.perfumeparlour.es\/wp-content\/uploads\/2025\/02\/TABACO-18x12.jpg 18w\" sizes=\"(max-width: 160px) 100vw, 160px\" \/><\/a> \u00a0 \u00a0haba tonka\u00a0 <a href=\"https:\/\/www.perfumeparlour.es\/wp-content\/uploads\/2025\/02\/HABA-TONKA.jpg\"><img loading=\"lazy\" decoding=\"async\" class=\"alignnone size-full wp-image-5958\" src=\"https:\/\/www.perfumeparlour.es\/wp-content\/uploads\/2025\/02\/HABA-TONKA.jpg\" alt=\"\" width=\"120\" height=\"120\" srcset=\"https:\/\/www.perfumeparlour.es\/wp-content\/uploads\/2025\/02\/HABA-TONKA.jpg 120w, https:\/\/www.perfumeparlour.es\/wp-content\/uploads\/2025\/02\/HABA-TONKA-12x12.jpg 12w, https:\/\/www.perfumeparlour.es\/wp-content\/uploads\/2025\/02\/HABA-TONKA-55x55.jpg 55w, https:\/\/www.perfumeparlour.es\/wp-content\/uploads\/2025\/02\/HABA-TONKA-100x100.jpg 100w\" sizes=\"(max-width: 120px) 100vw, 120px\" \/><\/a> \u00a0 \u00a0cedro\u00a0 <a href=\"https:\/\/www.perfumeparlour.es\/wp-content\/uploads\/2025\/02\/CEDRO.jpg\"><img loading=\"lazy\" decoding=\"async\" class=\"alignnone size-full wp-image-5956\" src=\"https:\/\/www.perfumeparlour.es\/wp-content\/uploads\/2025\/02\/CEDRO.jpg\" alt=\"\" width=\"120\" height=\"120\" srcset=\"https:\/\/www.perfumeparlour.es\/wp-content\/uploads\/2025\/02\/CEDRO.jpg 120w, https:\/\/www.perfumeparlour.es\/wp-content\/uploads\/2025\/02\/CEDRO-12x12.jpg 12w, https:\/\/www.perfumeparlour.es\/wp-content\/uploads\/2025\/02\/CEDRO-55x55.jpg 55w, https:\/\/www.perfumeparlour.es\/wp-content\/uploads\/2025\/02\/CEDRO-100x100.jpg 100w\" sizes=\"(max-width: 120px) 100vw, 120px\" \/><\/a><\/strong><\/p>\n<div class=\"easytabs-content-item easytabs-content-item-static\" data-et-marker=\"tabs-triumphing-for-men-0929-s0\" data-et-handle=\"tabs-disclaimer\">\n<div class=\"easytabs-accordion-item\" tabindex=\"-1\" role=\"tab\" aria-labelledby=\"easytabs-slide-label-035-2\" aria-selected=\"false\"><\/div>\n<\/div>\n<p>&nbsp;<\/p>\n<h4>Tiene acordes principales amaderados, arom\u00e1ticos, frescos, c\u00e1lidos, especiados, florales y c\u00edtricos.<\/h4>","protected":false},"excerpt":{"rendered":"<h6><em>Pertenece a la familia de notas olfativas similares a Montabaco &#8211; Ormonde Jayne\u00ae<\/em><\/h6>\n<p>&nbsp;<\/p>","protected":false},"featured_media":7725,"comment_status":"open","ping_status":"closed","template":"","meta":[],"product_brand":[],"product_cat":[261,156,271,44,174,150,115,158],"product_tag":[],"class_list":{"0":"post-6239","1":"product","2":"type-product","3":"status-publish","4":"has-post-thumbnail","6":"product_cat-amaderado","7":"product_cat-aromatico","8":"product_cat-especiado","9":"product_cat-fragancias-para-hombres","10":"product_cat-lenoso","11":"product_cat-notas","12":"product_cat-otono","13":"product_cat-primavera","15":"first","16":"instock","17":"shipping-taxable","18":"purchasable","19":"product-type-variable","20":"add-to-wishlist-after_add_to_cart"},"yoast_head":"<!-- This site is optimized with the Yoast SEO plugin v27.4 - https:\/\/yoast.com\/product\/yoast-seo-wordpress\/ -->\n<title>EMINENT LEAF - 1550 - Pertenece a la familia de notas olfativas similares a Montabaco - Ormonde Jayne\u00ae - Perfumes Parlour<\/title>\n<meta name=\"robots\" content=\"index, follow, max-snippet:-1, max-image-preview:large, max-video-preview:-1\" \/>\n<link rel=\"canonical\" href=\"https:\/\/www.perfumeparlour.es\/en\/product\/eminent-leaf-1550-pertenece-a-la-familia-de-notas-olfativas-similares-a-montabaco-ormonde-jayne\/\" \/>\n<meta property=\"og:locale\" content=\"en_GB\" \/>\n<meta property=\"og:type\" content=\"article\" \/>\n<meta property=\"og:title\" content=\"EMINENT LEAF - 1550 - Pertenece a la familia de notas olfativas similares a Montabaco - Ormonde Jayne\u00ae - Perfumes Parlour\" \/>\n<meta property=\"og:description\" content=\"Pertenece a la familia de notas olfativas similares a Montabaco - Ormonde Jayne\u00ae &nbsp;\" \/>\n<meta property=\"og:url\" content=\"https:\/\/www.perfumeparlour.es\/en\/product\/eminent-leaf-1550-pertenece-a-la-familia-de-notas-olfativas-similares-a-montabaco-ormonde-jayne\/\" \/>\n<meta property=\"og:site_name\" content=\"Perfumes Parlour\" \/>\n<meta property=\"article:modified_time\" content=\"2026-03-15T07:32:15+00:00\" \/>\n<meta property=\"og:image\" content=\"https:\/\/www.perfumeparlour.es\/wp-content\/uploads\/2025\/02\/Eminent-Leaf_83566417-9e4f-4fbd-a697-0ecd3e0c14af.webp\" \/>\n\t<meta property=\"og:image:width\" content=\"800\" \/>\n\t<meta property=\"og:image:height\" content=\"1200\" \/>\n\t<meta property=\"og:image:type\" content=\"image\/webp\" \/>\n<meta name=\"twitter:card\" content=\"summary_large_image\" \/>\n<meta name=\"twitter:label1\" content=\"Estimated reading time\" \/>\n\t<meta name=\"twitter:data1\" content=\"2 minutes\" \/>\n<script type=\"application\/ld+json\" class=\"yoast-schema-graph\">{\"@context\":\"https:\\\/\\\/schema.org\",\"@graph\":[{\"@type\":\"WebPage\",\"@id\":\"https:\\\/\\\/www.perfumeparlour.es\\\/product\\\/eminent-leaf-1550-pertenece-a-la-familia-de-notas-olfativas-similares-a-montabaco-ormonde-jayne\\\/\",\"url\":\"https:\\\/\\\/www.perfumeparlour.es\\\/product\\\/eminent-leaf-1550-pertenece-a-la-familia-de-notas-olfativas-similares-a-montabaco-ormonde-jayne\\\/\",\"name\":\"EMINENT LEAF - 1550 - Pertenece a la familia de notas olfativas similares a Montabaco - Ormonde Jayne\u00ae - Perfumes Parlour\",\"isPartOf\":{\"@id\":\"https:\\\/\\\/www.perfumeparlour.es\\\/#website\"},\"primaryImageOfPage\":{\"@id\":\"https:\\\/\\\/www.perfumeparlour.es\\\/product\\\/eminent-leaf-1550-pertenece-a-la-familia-de-notas-olfativas-similares-a-montabaco-ormonde-jayne\\\/#primaryimage\"},\"image\":{\"@id\":\"https:\\\/\\\/www.perfumeparlour.es\\\/product\\\/eminent-leaf-1550-pertenece-a-la-familia-de-notas-olfativas-similares-a-montabaco-ormonde-jayne\\\/#primaryimage\"},\"thumbnailUrl\":\"https:\\\/\\\/www.perfumeparlour.es\\\/wp-content\\\/uploads\\\/2025\\\/02\\\/Eminent-Leaf_83566417-9e4f-4fbd-a697-0ecd3e0c14af.webp\",\"datePublished\":\"2025-02-16T19:37:26+00:00\",\"dateModified\":\"2026-03-15T07:32:15+00:00\",\"breadcrumb\":{\"@id\":\"https:\\\/\\\/www.perfumeparlour.es\\\/product\\\/eminent-leaf-1550-pertenece-a-la-familia-de-notas-olfativas-similares-a-montabaco-ormonde-jayne\\\/#breadcrumb\"},\"inLanguage\":\"en-GB\",\"potentialAction\":[{\"@type\":\"ReadAction\",\"target\":[\"https:\\\/\\\/www.perfumeparlour.es\\\/product\\\/eminent-leaf-1550-pertenece-a-la-familia-de-notas-olfativas-similares-a-montabaco-ormonde-jayne\\\/\"]}]},{\"@type\":\"ImageObject\",\"inLanguage\":\"en-GB\",\"@id\":\"https:\\\/\\\/www.perfumeparlour.es\\\/product\\\/eminent-leaf-1550-pertenece-a-la-familia-de-notas-olfativas-similares-a-montabaco-ormonde-jayne\\\/#primaryimage\",\"url\":\"https:\\\/\\\/www.perfumeparlour.es\\\/wp-content\\\/uploads\\\/2025\\\/02\\\/Eminent-Leaf_83566417-9e4f-4fbd-a697-0ecd3e0c14af.webp\",\"contentUrl\":\"https:\\\/\\\/www.perfumeparlour.es\\\/wp-content\\\/uploads\\\/2025\\\/02\\\/Eminent-Leaf_83566417-9e4f-4fbd-a697-0ecd3e0c14af.webp\",\"width\":800,\"height\":1200},{\"@type\":\"BreadcrumbList\",\"@id\":\"https:\\\/\\\/www.perfumeparlour.es\\\/product\\\/eminent-leaf-1550-pertenece-a-la-familia-de-notas-olfativas-similares-a-montabaco-ormonde-jayne\\\/#breadcrumb\",\"itemListElement\":[{\"@type\":\"ListItem\",\"position\":1,\"name\":\"Portada\",\"item\":\"https:\\\/\\\/www.perfumeparlour.es\\\/\"},{\"@type\":\"ListItem\",\"position\":2,\"name\":\"Tienda\",\"item\":\"https:\\\/\\\/www.perfumeparlour.es\\\/shop\\\/\"},{\"@type\":\"ListItem\",\"position\":3,\"name\":\"EMINENT LEAF &#8211; 1550 &#8211; Pertenece a la familia de notas olfativas similares a Montabaco &#8211; Ormonde Jayne\u00ae\"}]},{\"@type\":\"WebSite\",\"@id\":\"https:\\\/\\\/www.perfumeparlour.es\\\/#website\",\"url\":\"https:\\\/\\\/www.perfumeparlour.es\\\/\",\"name\":\"Perfumes Parlour\",\"description\":\"\",\"potentialAction\":[{\"@type\":\"SearchAction\",\"target\":{\"@type\":\"EntryPoint\",\"urlTemplate\":\"https:\\\/\\\/www.perfumeparlour.es\\\/?s={search_term_string}\"},\"query-input\":{\"@type\":\"PropertyValueSpecification\",\"valueRequired\":true,\"valueName\":\"search_term_string\"}}],\"inLanguage\":\"en-GB\"}]}<\/script>\n<!-- \/ Yoast SEO plugin. -->","yoast_head_json":{"title":"EMINENT LEAF - 1550 - Pertenece a la familia de notas olfativas similares a Montabaco - Ormonde Jayne\u00ae - Perfumes Parlour","robots":{"index":"index","follow":"follow","max-snippet":"max-snippet:-1","max-image-preview":"max-image-preview:large","max-video-preview":"max-video-preview:-1"},"canonical":"https:\/\/www.perfumeparlour.es\/en\/product\/eminent-leaf-1550-pertenece-a-la-familia-de-notas-olfativas-similares-a-montabaco-ormonde-jayne\/","og_locale":"en_GB","og_type":"article","og_title":"EMINENT LEAF - 1550 - Pertenece a la familia de notas olfativas similares a Montabaco - Ormonde Jayne\u00ae - Perfumes Parlour","og_description":"Pertenece a la familia de notas olfativas similares a Montabaco - Ormonde Jayne\u00ae &nbsp;","og_url":"https:\/\/www.perfumeparlour.es\/en\/product\/eminent-leaf-1550-pertenece-a-la-familia-de-notas-olfativas-similares-a-montabaco-ormonde-jayne\/","og_site_name":"Perfumes Parlour","article_modified_time":"2026-03-15T07:32:15+00:00","og_image":[{"width":800,"height":1200,"url":"https:\/\/www.perfumeparlour.es\/wp-content\/uploads\/2025\/02\/Eminent-Leaf_83566417-9e4f-4fbd-a697-0ecd3e0c14af.webp","type":"image\/webp"}],"twitter_card":"summary_large_image","twitter_misc":{"Estimated reading time":"2 minutes"},"schema":{"@context":"https:\/\/schema.org","@graph":[{"@type":"WebPage","@id":"https:\/\/www.perfumeparlour.es\/product\/eminent-leaf-1550-pertenece-a-la-familia-de-notas-olfativas-similares-a-montabaco-ormonde-jayne\/","url":"https:\/\/www.perfumeparlour.es\/product\/eminent-leaf-1550-pertenece-a-la-familia-de-notas-olfativas-similares-a-montabaco-ormonde-jayne\/","name":"EMINENT LEAF - 1550 - Pertenece a la familia de notas olfativas similares a Montabaco - Ormonde Jayne\u00ae - Perfumes Parlour","isPartOf":{"@id":"https:\/\/www.perfumeparlour.es\/#website"},"primaryImageOfPage":{"@id":"https:\/\/www.perfumeparlour.es\/product\/eminent-leaf-1550-pertenece-a-la-familia-de-notas-olfativas-similares-a-montabaco-ormonde-jayne\/#primaryimage"},"image":{"@id":"https:\/\/www.perfumeparlour.es\/product\/eminent-leaf-1550-pertenece-a-la-familia-de-notas-olfativas-similares-a-montabaco-ormonde-jayne\/#primaryimage"},"thumbnailUrl":"https:\/\/www.perfumeparlour.es\/wp-content\/uploads\/2025\/02\/Eminent-Leaf_83566417-9e4f-4fbd-a697-0ecd3e0c14af.webp","datePublished":"2025-02-16T19:37:26+00:00","dateModified":"2026-03-15T07:32:15+00:00","breadcrumb":{"@id":"https:\/\/www.perfumeparlour.es\/product\/eminent-leaf-1550-pertenece-a-la-familia-de-notas-olfativas-similares-a-montabaco-ormonde-jayne\/#breadcrumb"},"inLanguage":"en-GB","potentialAction":[{"@type":"ReadAction","target":["https:\/\/www.perfumeparlour.es\/product\/eminent-leaf-1550-pertenece-a-la-familia-de-notas-olfativas-similares-a-montabaco-ormonde-jayne\/"]}]},{"@type":"ImageObject","inLanguage":"en-GB","@id":"https:\/\/www.perfumeparlour.es\/product\/eminent-leaf-1550-pertenece-a-la-familia-de-notas-olfativas-similares-a-montabaco-ormonde-jayne\/#primaryimage","url":"https:\/\/www.perfumeparlour.es\/wp-content\/uploads\/2025\/02\/Eminent-Leaf_83566417-9e4f-4fbd-a697-0ecd3e0c14af.webp","contentUrl":"https:\/\/www.perfumeparlour.es\/wp-content\/uploads\/2025\/02\/Eminent-Leaf_83566417-9e4f-4fbd-a697-0ecd3e0c14af.webp","width":800,"height":1200},{"@type":"BreadcrumbList","@id":"https:\/\/www.perfumeparlour.es\/product\/eminent-leaf-1550-pertenece-a-la-familia-de-notas-olfativas-similares-a-montabaco-ormonde-jayne\/#breadcrumb","itemListElement":[{"@type":"ListItem","position":1,"name":"Portada","item":"https:\/\/www.perfumeparlour.es\/"},{"@type":"ListItem","position":2,"name":"Tienda","item":"https:\/\/www.perfumeparlour.es\/shop\/"},{"@type":"ListItem","position":3,"name":"EMINENT LEAF &#8211; 1550 &#8211; Pertenece a la familia de notas olfativas similares a Montabaco &#8211; Ormonde Jayne\u00ae"}]},{"@type":"WebSite","@id":"https:\/\/www.perfumeparlour.es\/#website","url":"https:\/\/www.perfumeparlour.es\/","name":"Perfumes Parlour","description":"","potentialAction":[{"@type":"SearchAction","target":{"@type":"EntryPoint","urlTemplate":"https:\/\/www.perfumeparlour.es\/?s={search_term_string}"},"query-input":{"@type":"PropertyValueSpecification","valueRequired":true,"valueName":"search_term_string"}}],"inLanguage":"en-GB"}]}},"jetpack_sharing_enabled":true,"_links":{"self":[{"href":"https:\/\/www.perfumeparlour.es\/en\/wp-json\/wp\/v2\/product\/6239","targetHints":{"allow":["GET"]}}],"collection":[{"href":"https:\/\/www.perfumeparlour.es\/en\/wp-json\/wp\/v2\/product"}],"about":[{"href":"https:\/\/www.perfumeparlour.es\/en\/wp-json\/wp\/v2\/types\/product"}],"replies":[{"embeddable":true,"href":"https:\/\/www.perfumeparlour.es\/en\/wp-json\/wp\/v2\/comments?post=6239"}],"wp:featuredmedia":[{"embeddable":true,"href":"https:\/\/www.perfumeparlour.es\/en\/wp-json\/wp\/v2\/media\/7725"}],"wp:attachment":[{"href":"https:\/\/www.perfumeparlour.es\/en\/wp-json\/wp\/v2\/media?parent=6239"}],"wp:term":[{"taxonomy":"product_brand","embeddable":true,"href":"https:\/\/www.perfumeparlour.es\/en\/wp-json\/wp\/v2\/product_brand?post=6239"},{"taxonomy":"product_cat","embeddable":true,"href":"https:\/\/www.perfumeparlour.es\/en\/wp-json\/wp\/v2\/product_cat?post=6239"},{"taxonomy":"product_tag","embeddable":true,"href":"https:\/\/www.perfumeparlour.es\/en\/wp-json\/wp\/v2\/product_tag?post=6239"}],"curies":[{"name":"wp","href":"https:\/\/api.w.org\/{rel}","templated":true}]}}