{"id":6228,"date":"2025-02-16T19:08:56","date_gmt":"2025-02-16T19:08:56","guid":{"rendered":"https:\/\/www.perfumeparlour.es\/?post_type=product&#038;p=6228"},"modified":"2025-02-16T19:18:11","modified_gmt":"2025-02-16T19:18:11","slug":"manor-1339-pertenece-a-la-familia-de-notas-olfativas-similares-a-terroni-orto-parisi","status":"publish","type":"product","link":"https:\/\/www.perfumeparlour.es\/en\/product\/manor-1339-pertenece-a-la-familia-de-notas-olfativas-similares-a-terroni-orto-parisi\/","title":{"rendered":"MANOR &#8211; 1339 &#8211; Pertenece a la familia de notas olfativas similares a Terroni \u2013 Orto Parisi\u00ae"},"content":{"rendered":"<h4>Nota alta:<\/h4>\n<h4>Abedul\u00a0 <img decoding=\"async\" class=\"\" src=\"https:\/\/tse2.mm.bing.net\/th?id=OIP.88SsG99I_0jmAn0XHCQ-iwHaFj&amp;pid=Api&amp;P=0&amp;h=180\" width=\"149\" height=\"112\" \/>\u00a0 \u00a0 ambar\u00a0 <a href=\"https:\/\/www.perfumeparlour.es\/wp-content\/uploads\/2025\/02\/AMBAR.jpg\"><img decoding=\"async\" class=\"alignnone  wp-image-5964\" src=\"https:\/\/www.perfumeparlour.es\/wp-content\/uploads\/2025\/02\/AMBAR-300x200.jpg\" alt=\"\" width=\"161\" height=\"107\" srcset=\"https:\/\/www.perfumeparlour.es\/wp-content\/uploads\/2025\/02\/AMBAR-300x200.jpg 300w, https:\/\/www.perfumeparlour.es\/wp-content\/uploads\/2025\/02\/AMBAR-1024x683.jpg 1024w, https:\/\/www.perfumeparlour.es\/wp-content\/uploads\/2025\/02\/AMBAR-768x512.jpg 768w, https:\/\/www.perfumeparlour.es\/wp-content\/uploads\/2025\/02\/AMBAR-1536x1024.jpg 1536w, https:\/\/www.perfumeparlour.es\/wp-content\/uploads\/2025\/02\/AMBAR-2048x1366.jpg 2048w, https:\/\/www.perfumeparlour.es\/wp-content\/uploads\/2025\/02\/AMBAR-18x12.jpg 18w, https:\/\/www.perfumeparlour.es\/wp-content\/uploads\/2025\/02\/AMBAR-600x400.jpg 600w\" sizes=\"(max-width: 161px) 100vw, 161px\" \/><\/a><\/h4>\n<hr \/>\n<p><strong>Nota media: <\/strong><\/p>\n<p><strong>\u00a0Incienso\u00a0 \u00a0 <a href=\"https:\/\/www.perfumeparlour.es\/wp-content\/uploads\/2025\/02\/INCIENSO.jpg\"><img decoding=\"async\" class=\"alignnone  wp-image-6007\" src=\"https:\/\/www.perfumeparlour.es\/wp-content\/uploads\/2025\/02\/INCIENSO-300x192.jpg\" alt=\"\" width=\"156\" height=\"100\" srcset=\"https:\/\/www.perfumeparlour.es\/wp-content\/uploads\/2025\/02\/INCIENSO-300x192.jpg 300w, https:\/\/www.perfumeparlour.es\/wp-content\/uploads\/2025\/02\/INCIENSO-1024x655.jpg 1024w, https:\/\/www.perfumeparlour.es\/wp-content\/uploads\/2025\/02\/INCIENSO-768x492.jpg 768w, https:\/\/www.perfumeparlour.es\/wp-content\/uploads\/2025\/02\/INCIENSO-18x12.jpg 18w, https:\/\/www.perfumeparlour.es\/wp-content\/uploads\/2025\/02\/INCIENSO-600x384.jpg 600w, https:\/\/www.perfumeparlour.es\/wp-content\/uploads\/2025\/02\/INCIENSO.jpg 1200w\" sizes=\"(max-width: 156px) 100vw, 156px\" \/><\/a><\/strong><\/p>\n<hr \/>\n<p><strong>Nota base:<\/strong><\/p>\n<p><strong>Almizcles,\u00a0 <a href=\"https:\/\/www.perfumeparlour.es\/wp-content\/uploads\/2025\/02\/ALMIZCLE.jpg\"><img loading=\"lazy\" decoding=\"async\" class=\"alignnone size-full wp-image-6104\" src=\"https:\/\/www.perfumeparlour.es\/wp-content\/uploads\/2025\/02\/ALMIZCLE.jpg\" alt=\"\" width=\"120\" height=\"120\" srcset=\"https:\/\/www.perfumeparlour.es\/wp-content\/uploads\/2025\/02\/ALMIZCLE.jpg 120w, https:\/\/www.perfumeparlour.es\/wp-content\/uploads\/2025\/02\/ALMIZCLE-12x12.jpg 12w, https:\/\/www.perfumeparlour.es\/wp-content\/uploads\/2025\/02\/ALMIZCLE-55x55.jpg 55w, https:\/\/www.perfumeparlour.es\/wp-content\/uploads\/2025\/02\/ALMIZCLE-100x100.jpg 100w\" sizes=\"(max-width: 120px) 100vw, 120px\" \/><\/a>\u00a0 \u00a0cedro\u00a0 <a href=\"https:\/\/www.perfumeparlour.es\/wp-content\/uploads\/2025\/02\/CEDRO.jpg\"><img loading=\"lazy\" decoding=\"async\" class=\"alignnone size-full wp-image-5956\" src=\"https:\/\/www.perfumeparlour.es\/wp-content\/uploads\/2025\/02\/CEDRO.jpg\" alt=\"\" width=\"120\" height=\"120\" srcset=\"https:\/\/www.perfumeparlour.es\/wp-content\/uploads\/2025\/02\/CEDRO.jpg 120w, https:\/\/www.perfumeparlour.es\/wp-content\/uploads\/2025\/02\/CEDRO-12x12.jpg 12w, https:\/\/www.perfumeparlour.es\/wp-content\/uploads\/2025\/02\/CEDRO-55x55.jpg 55w, https:\/\/www.perfumeparlour.es\/wp-content\/uploads\/2025\/02\/CEDRO-100x100.jpg 100w\" sizes=\"(max-width: 120px) 100vw, 120px\" \/><\/a><\/strong><\/p>\n<div class=\"easytabs-content-item easytabs-content-item-static\" data-et-marker=\"tabs-triumphing-for-men-0929-s0\" data-et-handle=\"tabs-disclaimer\">\n<div class=\"easytabs-accordion-item\" tabindex=\"-1\" role=\"tab\" aria-labelledby=\"easytabs-slide-label-035-2\" aria-selected=\"false\"><\/div>\n<\/div>\n<p>&nbsp;<\/p>\n<h4>Esta fragancia est\u00e1 inspirada en las ra\u00edces y la tierra que rodea el volc\u00e1n Vesubio, presentada de una manera hermosa. El aroma es supuestamente profundo, intenso y terroso.<\/h4>","protected":false},"excerpt":{"rendered":"<h6><em><span>Pertenece a la familia de notas olfativas similares a Terroni \u2013 Orto Parisi\u00ae<\/span><\/em><\/h6>\n<p>&nbsp;<\/p>","protected":false},"featured_media":4345,"comment_status":"open","ping_status":"closed","template":"","meta":[],"product_brand":[],"product_cat":[261,156,157,44,128,142,150,172,115],"product_tag":[],"class_list":{"0":"post-6228","1":"product","2":"type-product","3":"status-publish","4":"has-post-thumbnail","6":"product_cat-amaderado","7":"product_cat-aromatico","8":"product_cat-chypre","9":"product_cat-fragancias-para-hombres","10":"product_cat-fragancia-unisex","11":"product_cat-invierno","12":"product_cat-notas","13":"product_cat-oriental","14":"product_cat-otono","16":"first","17":"instock","18":"shipping-taxable","19":"purchasable","20":"product-type-variable","21":"add-to-wishlist-after_add_to_cart"},"yoast_head":"<!-- This site is optimized with the Yoast SEO plugin v27.3 - https:\/\/yoast.com\/product\/yoast-seo-wordpress\/ -->\n<title>MANOR - 1339 - Pertenece a la familia de notas olfativas similares a Terroni \u2013 Orto Parisi\u00ae - Perfumes Parlour<\/title>\n<meta name=\"robots\" content=\"index, follow, max-snippet:-1, max-image-preview:large, max-video-preview:-1\" \/>\n<link rel=\"canonical\" href=\"https:\/\/www.perfumeparlour.es\/en\/product\/manor-1339-pertenece-a-la-familia-de-notas-olfativas-similares-a-terroni-orto-parisi\/\" \/>\n<meta property=\"og:locale\" content=\"en_GB\" \/>\n<meta property=\"og:type\" content=\"article\" \/>\n<meta property=\"og:title\" content=\"MANOR - 1339 - Pertenece a la familia de notas olfativas similares a Terroni \u2013 Orto Parisi\u00ae - Perfumes Parlour\" \/>\n<meta property=\"og:description\" content=\"Pertenece a la familia de notas olfativas similares a Terroni \u2013 Orto Parisi\u00ae &nbsp;\" \/>\n<meta property=\"og:url\" content=\"https:\/\/www.perfumeparlour.es\/en\/product\/manor-1339-pertenece-a-la-familia-de-notas-olfativas-similares-a-terroni-orto-parisi\/\" \/>\n<meta property=\"og:site_name\" content=\"Perfumes Parlour\" \/>\n<meta property=\"article:modified_time\" content=\"2025-02-16T19:18:11+00:00\" \/>\n<meta property=\"og:image\" content=\"https:\/\/www.perfumeparlour.es\/wp-content\/uploads\/2024\/10\/1728076640263.jpg\" \/>\n\t<meta property=\"og:image:width\" content=\"800\" \/>\n\t<meta property=\"og:image:height\" content=\"638\" \/>\n\t<meta property=\"og:image:type\" content=\"image\/jpeg\" \/>\n<meta name=\"twitter:card\" content=\"summary_large_image\" \/>\n<meta name=\"twitter:label1\" content=\"Estimated reading time\" \/>\n\t<meta name=\"twitter:data1\" content=\"2 minutes\" \/>\n<script type=\"application\/ld+json\" class=\"yoast-schema-graph\">{\"@context\":\"https:\\\/\\\/schema.org\",\"@graph\":[{\"@type\":\"WebPage\",\"@id\":\"https:\\\/\\\/www.perfumeparlour.es\\\/product\\\/manor-1339-pertenece-a-la-familia-de-notas-olfativas-similares-a-terroni-orto-parisi\\\/\",\"url\":\"https:\\\/\\\/www.perfumeparlour.es\\\/product\\\/manor-1339-pertenece-a-la-familia-de-notas-olfativas-similares-a-terroni-orto-parisi\\\/\",\"name\":\"MANOR - 1339 - Pertenece a la familia de notas olfativas similares a Terroni \u2013 Orto Parisi\u00ae - Perfumes Parlour\",\"isPartOf\":{\"@id\":\"https:\\\/\\\/www.perfumeparlour.es\\\/#website\"},\"primaryImageOfPage\":{\"@id\":\"https:\\\/\\\/www.perfumeparlour.es\\\/product\\\/manor-1339-pertenece-a-la-familia-de-notas-olfativas-similares-a-terroni-orto-parisi\\\/#primaryimage\"},\"image\":{\"@id\":\"https:\\\/\\\/www.perfumeparlour.es\\\/product\\\/manor-1339-pertenece-a-la-familia-de-notas-olfativas-similares-a-terroni-orto-parisi\\\/#primaryimage\"},\"thumbnailUrl\":\"https:\\\/\\\/www.perfumeparlour.es\\\/wp-content\\\/uploads\\\/2024\\\/10\\\/1728076640263.jpg\",\"datePublished\":\"2025-02-16T19:08:56+00:00\",\"dateModified\":\"2025-02-16T19:18:11+00:00\",\"breadcrumb\":{\"@id\":\"https:\\\/\\\/www.perfumeparlour.es\\\/product\\\/manor-1339-pertenece-a-la-familia-de-notas-olfativas-similares-a-terroni-orto-parisi\\\/#breadcrumb\"},\"inLanguage\":\"en-GB\",\"potentialAction\":[{\"@type\":\"ReadAction\",\"target\":[\"https:\\\/\\\/www.perfumeparlour.es\\\/product\\\/manor-1339-pertenece-a-la-familia-de-notas-olfativas-similares-a-terroni-orto-parisi\\\/\"]}]},{\"@type\":\"ImageObject\",\"inLanguage\":\"en-GB\",\"@id\":\"https:\\\/\\\/www.perfumeparlour.es\\\/product\\\/manor-1339-pertenece-a-la-familia-de-notas-olfativas-similares-a-terroni-orto-parisi\\\/#primaryimage\",\"url\":\"https:\\\/\\\/www.perfumeparlour.es\\\/wp-content\\\/uploads\\\/2024\\\/10\\\/1728076640263.jpg\",\"contentUrl\":\"https:\\\/\\\/www.perfumeparlour.es\\\/wp-content\\\/uploads\\\/2024\\\/10\\\/1728076640263.jpg\",\"width\":800,\"height\":638},{\"@type\":\"BreadcrumbList\",\"@id\":\"https:\\\/\\\/www.perfumeparlour.es\\\/product\\\/manor-1339-pertenece-a-la-familia-de-notas-olfativas-similares-a-terroni-orto-parisi\\\/#breadcrumb\",\"itemListElement\":[{\"@type\":\"ListItem\",\"position\":1,\"name\":\"Portada\",\"item\":\"https:\\\/\\\/www.perfumeparlour.es\\\/\"},{\"@type\":\"ListItem\",\"position\":2,\"name\":\"Tienda\",\"item\":\"https:\\\/\\\/www.perfumeparlour.es\\\/shop\\\/\"},{\"@type\":\"ListItem\",\"position\":3,\"name\":\"MANOR &#8211; 1339 &#8211; Pertenece a la familia de notas olfativas similares a Terroni \u2013 Orto Parisi\u00ae\"}]},{\"@type\":\"WebSite\",\"@id\":\"https:\\\/\\\/www.perfumeparlour.es\\\/#website\",\"url\":\"https:\\\/\\\/www.perfumeparlour.es\\\/\",\"name\":\"Perfumes Parlour\",\"description\":\"\",\"potentialAction\":[{\"@type\":\"SearchAction\",\"target\":{\"@type\":\"EntryPoint\",\"urlTemplate\":\"https:\\\/\\\/www.perfumeparlour.es\\\/?s={search_term_string}\"},\"query-input\":{\"@type\":\"PropertyValueSpecification\",\"valueRequired\":true,\"valueName\":\"search_term_string\"}}],\"inLanguage\":\"en-GB\"}]}<\/script>\n<!-- \/ Yoast SEO plugin. -->","yoast_head_json":{"title":"MANOR - 1339 - Pertenece a la familia de notas olfativas similares a Terroni \u2013 Orto Parisi\u00ae - Perfumes Parlour","robots":{"index":"index","follow":"follow","max-snippet":"max-snippet:-1","max-image-preview":"max-image-preview:large","max-video-preview":"max-video-preview:-1"},"canonical":"https:\/\/www.perfumeparlour.es\/en\/product\/manor-1339-pertenece-a-la-familia-de-notas-olfativas-similares-a-terroni-orto-parisi\/","og_locale":"en_GB","og_type":"article","og_title":"MANOR - 1339 - Pertenece a la familia de notas olfativas similares a Terroni \u2013 Orto Parisi\u00ae - Perfumes Parlour","og_description":"Pertenece a la familia de notas olfativas similares a Terroni \u2013 Orto Parisi\u00ae &nbsp;","og_url":"https:\/\/www.perfumeparlour.es\/en\/product\/manor-1339-pertenece-a-la-familia-de-notas-olfativas-similares-a-terroni-orto-parisi\/","og_site_name":"Perfumes Parlour","article_modified_time":"2025-02-16T19:18:11+00:00","og_image":[{"width":800,"height":638,"url":"https:\/\/www.perfumeparlour.es\/wp-content\/uploads\/2024\/10\/1728076640263.jpg","type":"image\/jpeg"}],"twitter_card":"summary_large_image","twitter_misc":{"Estimated reading time":"2 minutes"},"schema":{"@context":"https:\/\/schema.org","@graph":[{"@type":"WebPage","@id":"https:\/\/www.perfumeparlour.es\/product\/manor-1339-pertenece-a-la-familia-de-notas-olfativas-similares-a-terroni-orto-parisi\/","url":"https:\/\/www.perfumeparlour.es\/product\/manor-1339-pertenece-a-la-familia-de-notas-olfativas-similares-a-terroni-orto-parisi\/","name":"MANOR - 1339 - Pertenece a la familia de notas olfativas similares a Terroni \u2013 Orto Parisi\u00ae - Perfumes Parlour","isPartOf":{"@id":"https:\/\/www.perfumeparlour.es\/#website"},"primaryImageOfPage":{"@id":"https:\/\/www.perfumeparlour.es\/product\/manor-1339-pertenece-a-la-familia-de-notas-olfativas-similares-a-terroni-orto-parisi\/#primaryimage"},"image":{"@id":"https:\/\/www.perfumeparlour.es\/product\/manor-1339-pertenece-a-la-familia-de-notas-olfativas-similares-a-terroni-orto-parisi\/#primaryimage"},"thumbnailUrl":"https:\/\/www.perfumeparlour.es\/wp-content\/uploads\/2024\/10\/1728076640263.jpg","datePublished":"2025-02-16T19:08:56+00:00","dateModified":"2025-02-16T19:18:11+00:00","breadcrumb":{"@id":"https:\/\/www.perfumeparlour.es\/product\/manor-1339-pertenece-a-la-familia-de-notas-olfativas-similares-a-terroni-orto-parisi\/#breadcrumb"},"inLanguage":"en-GB","potentialAction":[{"@type":"ReadAction","target":["https:\/\/www.perfumeparlour.es\/product\/manor-1339-pertenece-a-la-familia-de-notas-olfativas-similares-a-terroni-orto-parisi\/"]}]},{"@type":"ImageObject","inLanguage":"en-GB","@id":"https:\/\/www.perfumeparlour.es\/product\/manor-1339-pertenece-a-la-familia-de-notas-olfativas-similares-a-terroni-orto-parisi\/#primaryimage","url":"https:\/\/www.perfumeparlour.es\/wp-content\/uploads\/2024\/10\/1728076640263.jpg","contentUrl":"https:\/\/www.perfumeparlour.es\/wp-content\/uploads\/2024\/10\/1728076640263.jpg","width":800,"height":638},{"@type":"BreadcrumbList","@id":"https:\/\/www.perfumeparlour.es\/product\/manor-1339-pertenece-a-la-familia-de-notas-olfativas-similares-a-terroni-orto-parisi\/#breadcrumb","itemListElement":[{"@type":"ListItem","position":1,"name":"Portada","item":"https:\/\/www.perfumeparlour.es\/"},{"@type":"ListItem","position":2,"name":"Tienda","item":"https:\/\/www.perfumeparlour.es\/shop\/"},{"@type":"ListItem","position":3,"name":"MANOR &#8211; 1339 &#8211; Pertenece a la familia de notas olfativas similares a Terroni \u2013 Orto Parisi\u00ae"}]},{"@type":"WebSite","@id":"https:\/\/www.perfumeparlour.es\/#website","url":"https:\/\/www.perfumeparlour.es\/","name":"Perfumes Parlour","description":"","potentialAction":[{"@type":"SearchAction","target":{"@type":"EntryPoint","urlTemplate":"https:\/\/www.perfumeparlour.es\/?s={search_term_string}"},"query-input":{"@type":"PropertyValueSpecification","valueRequired":true,"valueName":"search_term_string"}}],"inLanguage":"en-GB"}]}},"jetpack_sharing_enabled":true,"_links":{"self":[{"href":"https:\/\/www.perfumeparlour.es\/en\/wp-json\/wp\/v2\/product\/6228","targetHints":{"allow":["GET"]}}],"collection":[{"href":"https:\/\/www.perfumeparlour.es\/en\/wp-json\/wp\/v2\/product"}],"about":[{"href":"https:\/\/www.perfumeparlour.es\/en\/wp-json\/wp\/v2\/types\/product"}],"replies":[{"embeddable":true,"href":"https:\/\/www.perfumeparlour.es\/en\/wp-json\/wp\/v2\/comments?post=6228"}],"wp:featuredmedia":[{"embeddable":true,"href":"https:\/\/www.perfumeparlour.es\/en\/wp-json\/wp\/v2\/media\/4345"}],"wp:attachment":[{"href":"https:\/\/www.perfumeparlour.es\/en\/wp-json\/wp\/v2\/media?parent=6228"}],"wp:term":[{"taxonomy":"product_brand","embeddable":true,"href":"https:\/\/www.perfumeparlour.es\/en\/wp-json\/wp\/v2\/product_brand?post=6228"},{"taxonomy":"product_cat","embeddable":true,"href":"https:\/\/www.perfumeparlour.es\/en\/wp-json\/wp\/v2\/product_cat?post=6228"},{"taxonomy":"product_tag","embeddable":true,"href":"https:\/\/www.perfumeparlour.es\/en\/wp-json\/wp\/v2\/product_tag?post=6228"}],"curies":[{"name":"wp","href":"https:\/\/api.w.org\/{rel}","templated":true}]}}