{"id":6033,"date":"2025-02-12T07:37:09","date_gmt":"2025-02-12T07:37:09","guid":{"rendered":"https:\/\/www.perfumeparlour.es\/?post_type=product&#038;p=6033"},"modified":"2026-03-13T08:42:41","modified_gmt":"2026-03-13T08:42:41","slug":"night-wood-0774-pertenece-a-la-familia-de-notas-olfativas-similares-a-black-aoud","status":"publish","type":"product","link":"https:\/\/www.perfumeparlour.es\/en\/product\/night-wood-0774-pertenece-a-la-familia-de-notas-olfativas-similares-a-black-aoud\/","title":{"rendered":"NIGHT WOOD &#8211; 0774 &#8211; Pertenece a la familia de notas olfativas similares a Black Aoud\u00ae"},"content":{"rendered":"<h4>Nota alta:<\/h4>\n<h4>Rosa\u00a0 <a href=\"https:\/\/www.perfumeparlour.es\/wp-content\/uploads\/2025\/02\/ROSA.jpg\"><img decoding=\"async\" class=\"alignnone size-full wp-image-5965\" src=\"https:\/\/www.perfumeparlour.es\/wp-content\/uploads\/2025\/02\/ROSA.jpg\" alt=\"\" width=\"120\" height=\"120\" srcset=\"https:\/\/www.perfumeparlour.es\/wp-content\/uploads\/2025\/02\/ROSA.jpg 120w, https:\/\/www.perfumeparlour.es\/wp-content\/uploads\/2025\/02\/ROSA-12x12.jpg 12w, https:\/\/www.perfumeparlour.es\/wp-content\/uploads\/2025\/02\/ROSA-55x55.jpg 55w, https:\/\/www.perfumeparlour.es\/wp-content\/uploads\/2025\/02\/ROSA-100x100.jpg 100w\" sizes=\"(max-width: 120px) 100vw, 120px\" \/><\/a><\/h4>\n<hr \/>\n<p><strong>Nota media: <\/strong><\/p>\n<p><strong>Almizcle,\u00a0 \u00a0 \u00a0pachuli<a href=\"https:\/\/www.perfumeparlour.es\/wp-content\/uploads\/2025\/02\/PACHULI.jpg\"><img decoding=\"async\" class=\"alignnone size-full wp-image-5963\" src=\"https:\/\/www.perfumeparlour.es\/wp-content\/uploads\/2025\/02\/PACHULI.jpg\" alt=\"\" width=\"120\" height=\"120\" srcset=\"https:\/\/www.perfumeparlour.es\/wp-content\/uploads\/2025\/02\/PACHULI.jpg 120w, https:\/\/www.perfumeparlour.es\/wp-content\/uploads\/2025\/02\/PACHULI-12x12.jpg 12w, https:\/\/www.perfumeparlour.es\/wp-content\/uploads\/2025\/02\/PACHULI-55x55.jpg 55w, https:\/\/www.perfumeparlour.es\/wp-content\/uploads\/2025\/02\/PACHULI-100x100.jpg 100w\" sizes=\"(max-width: 120px) 100vw, 120px\" \/><\/a><\/strong><\/p>\n<hr \/>\n<p><strong>Nota base:<\/strong><\/p>\n<p><strong>Madera de oud <a href=\"https:\/\/www.perfumeparlour.es\/wp-content\/uploads\/2025\/02\/MADERA-DE-AGAR.jpg\"><img decoding=\"async\" class=\"alignnone size-full wp-image-5960\" src=\"https:\/\/www.perfumeparlour.es\/wp-content\/uploads\/2025\/02\/MADERA-DE-AGAR.jpg\" alt=\"\" width=\"120\" height=\"120\" srcset=\"https:\/\/www.perfumeparlour.es\/wp-content\/uploads\/2025\/02\/MADERA-DE-AGAR.jpg 120w, https:\/\/www.perfumeparlour.es\/wp-content\/uploads\/2025\/02\/MADERA-DE-AGAR-12x12.jpg 12w, https:\/\/www.perfumeparlour.es\/wp-content\/uploads\/2025\/02\/MADERA-DE-AGAR-55x55.jpg 55w, https:\/\/www.perfumeparlour.es\/wp-content\/uploads\/2025\/02\/MADERA-DE-AGAR-100x100.jpg 100w\" sizes=\"(max-width: 120px) 100vw, 120px\" \/><\/a><\/strong><a href=\"https:\/\/www.perfumeparlour.es\/wp-content\/uploads\/2025\/02\/VAINILLA.jpg\">\u00a0<\/a><\/p>\n<div class=\"easytabs-content-item easytabs-content-item-static\" data-et-marker=\"tabs-triumphing-for-men-0929-s0\" data-et-handle=\"tabs-disclaimer\">\n<div class=\"easytabs-accordion-item\" tabindex=\"-1\" role=\"tab\" aria-labelledby=\"easytabs-slide-label-035-2\" aria-selected=\"false\"><\/div>\n<\/div>\n<p>&nbsp;<\/p>\n<h4>Esta fragancia es una fragancia floral amaderada con almizcle. Es una poci\u00f3n burbujeante de rosa aterciopelada y la sensaci\u00f3n de cuero antiguo del l\u00e1dano, mezclada con aceites m\u00edsticos del \u00e1rbol de oud.<\/h4>","protected":false},"excerpt":{"rendered":"<h6><em>Pertenece a la familia de notas olfativas similares a Black Aoud\u00ae<\/em><\/h6>\n<p>&nbsp;<\/p>","protected":false},"featured_media":7680,"comment_status":"open","ping_status":"closed","template":"","meta":[],"product_brand":[],"product_cat":[255,156,128,142,172,115,238],"product_tag":[],"class_list":{"0":"post-6033","1":"product","2":"type-product","3":"status-publish","4":"has-post-thumbnail","6":"product_cat-amaderada","7":"product_cat-aromatico","8":"product_cat-fragancia-unisex","9":"product_cat-invierno","10":"product_cat-oriental","11":"product_cat-otono","12":"product_cat-oud","14":"first","15":"instock","16":"shipping-taxable","17":"purchasable","18":"product-type-variable","19":"add-to-wishlist-after_add_to_cart"},"yoast_head":"<!-- This site is optimized with the Yoast SEO plugin v27.3 - https:\/\/yoast.com\/product\/yoast-seo-wordpress\/ -->\n<title>NIGHT WOOD - 0774 - Pertenece a la familia de notas olfativas similares a Black Aoud\u00ae - Perfumes Parlour<\/title>\n<meta name=\"robots\" content=\"index, follow, max-snippet:-1, max-image-preview:large, max-video-preview:-1\" \/>\n<link rel=\"canonical\" href=\"https:\/\/www.perfumeparlour.es\/en\/product\/night-wood-0774-pertenece-a-la-familia-de-notas-olfativas-similares-a-black-aoud\/\" \/>\n<meta property=\"og:locale\" content=\"en_GB\" \/>\n<meta property=\"og:type\" content=\"article\" \/>\n<meta property=\"og:title\" content=\"NIGHT WOOD - 0774 - Pertenece a la familia de notas olfativas similares a Black Aoud\u00ae - Perfumes Parlour\" \/>\n<meta property=\"og:description\" content=\"Pertenece a la familia de notas olfativas similares a Black Aoud\u00ae &nbsp;\" \/>\n<meta property=\"og:url\" content=\"https:\/\/www.perfumeparlour.es\/en\/product\/night-wood-0774-pertenece-a-la-familia-de-notas-olfativas-similares-a-black-aoud\/\" \/>\n<meta property=\"og:site_name\" content=\"Perfumes Parlour\" \/>\n<meta property=\"article:modified_time\" content=\"2026-03-13T08:42:41+00:00\" \/>\n<meta property=\"og:image\" content=\"https:\/\/www.perfumeparlour.es\/wp-content\/uploads\/2025\/02\/Night-Wood_6fcfdd32-fed0-4b07-b55d-3ca592ed96b5.webp\" \/>\n\t<meta property=\"og:image:width\" content=\"800\" \/>\n\t<meta property=\"og:image:height\" content=\"1200\" \/>\n\t<meta property=\"og:image:type\" content=\"image\/webp\" \/>\n<meta name=\"twitter:card\" content=\"summary_large_image\" \/>\n<meta name=\"twitter:label1\" content=\"Estimated reading time\" \/>\n\t<meta name=\"twitter:data1\" content=\"2 minutes\" \/>\n<script type=\"application\/ld+json\" class=\"yoast-schema-graph\">{\"@context\":\"https:\\\/\\\/schema.org\",\"@graph\":[{\"@type\":\"WebPage\",\"@id\":\"https:\\\/\\\/www.perfumeparlour.es\\\/product\\\/night-wood-0774-pertenece-a-la-familia-de-notas-olfativas-similares-a-black-aoud\\\/\",\"url\":\"https:\\\/\\\/www.perfumeparlour.es\\\/product\\\/night-wood-0774-pertenece-a-la-familia-de-notas-olfativas-similares-a-black-aoud\\\/\",\"name\":\"NIGHT WOOD - 0774 - Pertenece a la familia de notas olfativas similares a Black Aoud\u00ae - Perfumes Parlour\",\"isPartOf\":{\"@id\":\"https:\\\/\\\/www.perfumeparlour.es\\\/#website\"},\"primaryImageOfPage\":{\"@id\":\"https:\\\/\\\/www.perfumeparlour.es\\\/product\\\/night-wood-0774-pertenece-a-la-familia-de-notas-olfativas-similares-a-black-aoud\\\/#primaryimage\"},\"image\":{\"@id\":\"https:\\\/\\\/www.perfumeparlour.es\\\/product\\\/night-wood-0774-pertenece-a-la-familia-de-notas-olfativas-similares-a-black-aoud\\\/#primaryimage\"},\"thumbnailUrl\":\"https:\\\/\\\/www.perfumeparlour.es\\\/wp-content\\\/uploads\\\/2025\\\/02\\\/Night-Wood_6fcfdd32-fed0-4b07-b55d-3ca592ed96b5.webp\",\"datePublished\":\"2025-02-12T07:37:09+00:00\",\"dateModified\":\"2026-03-13T08:42:41+00:00\",\"breadcrumb\":{\"@id\":\"https:\\\/\\\/www.perfumeparlour.es\\\/product\\\/night-wood-0774-pertenece-a-la-familia-de-notas-olfativas-similares-a-black-aoud\\\/#breadcrumb\"},\"inLanguage\":\"en-GB\",\"potentialAction\":[{\"@type\":\"ReadAction\",\"target\":[\"https:\\\/\\\/www.perfumeparlour.es\\\/product\\\/night-wood-0774-pertenece-a-la-familia-de-notas-olfativas-similares-a-black-aoud\\\/\"]}]},{\"@type\":\"ImageObject\",\"inLanguage\":\"en-GB\",\"@id\":\"https:\\\/\\\/www.perfumeparlour.es\\\/product\\\/night-wood-0774-pertenece-a-la-familia-de-notas-olfativas-similares-a-black-aoud\\\/#primaryimage\",\"url\":\"https:\\\/\\\/www.perfumeparlour.es\\\/wp-content\\\/uploads\\\/2025\\\/02\\\/Night-Wood_6fcfdd32-fed0-4b07-b55d-3ca592ed96b5.webp\",\"contentUrl\":\"https:\\\/\\\/www.perfumeparlour.es\\\/wp-content\\\/uploads\\\/2025\\\/02\\\/Night-Wood_6fcfdd32-fed0-4b07-b55d-3ca592ed96b5.webp\",\"width\":800,\"height\":1200},{\"@type\":\"BreadcrumbList\",\"@id\":\"https:\\\/\\\/www.perfumeparlour.es\\\/product\\\/night-wood-0774-pertenece-a-la-familia-de-notas-olfativas-similares-a-black-aoud\\\/#breadcrumb\",\"itemListElement\":[{\"@type\":\"ListItem\",\"position\":1,\"name\":\"Portada\",\"item\":\"https:\\\/\\\/www.perfumeparlour.es\\\/\"},{\"@type\":\"ListItem\",\"position\":2,\"name\":\"Tienda\",\"item\":\"https:\\\/\\\/www.perfumeparlour.es\\\/shop\\\/\"},{\"@type\":\"ListItem\",\"position\":3,\"name\":\"NIGHT WOOD &#8211; 0774 &#8211; Pertenece a la familia de notas olfativas similares a Black Aoud\u00ae\"}]},{\"@type\":\"WebSite\",\"@id\":\"https:\\\/\\\/www.perfumeparlour.es\\\/#website\",\"url\":\"https:\\\/\\\/www.perfumeparlour.es\\\/\",\"name\":\"Perfumes Parlour\",\"description\":\"\",\"potentialAction\":[{\"@type\":\"SearchAction\",\"target\":{\"@type\":\"EntryPoint\",\"urlTemplate\":\"https:\\\/\\\/www.perfumeparlour.es\\\/?s={search_term_string}\"},\"query-input\":{\"@type\":\"PropertyValueSpecification\",\"valueRequired\":true,\"valueName\":\"search_term_string\"}}],\"inLanguage\":\"en-GB\"}]}<\/script>\n<!-- \/ Yoast SEO plugin. -->","yoast_head_json":{"title":"NIGHT WOOD - 0774 - Pertenece a la familia de notas olfativas similares a Black Aoud\u00ae - Perfumes Parlour","robots":{"index":"index","follow":"follow","max-snippet":"max-snippet:-1","max-image-preview":"max-image-preview:large","max-video-preview":"max-video-preview:-1"},"canonical":"https:\/\/www.perfumeparlour.es\/en\/product\/night-wood-0774-pertenece-a-la-familia-de-notas-olfativas-similares-a-black-aoud\/","og_locale":"en_GB","og_type":"article","og_title":"NIGHT WOOD - 0774 - Pertenece a la familia de notas olfativas similares a Black Aoud\u00ae - Perfumes Parlour","og_description":"Pertenece a la familia de notas olfativas similares a Black Aoud\u00ae &nbsp;","og_url":"https:\/\/www.perfumeparlour.es\/en\/product\/night-wood-0774-pertenece-a-la-familia-de-notas-olfativas-similares-a-black-aoud\/","og_site_name":"Perfumes Parlour","article_modified_time":"2026-03-13T08:42:41+00:00","og_image":[{"width":800,"height":1200,"url":"https:\/\/www.perfumeparlour.es\/wp-content\/uploads\/2025\/02\/Night-Wood_6fcfdd32-fed0-4b07-b55d-3ca592ed96b5.webp","type":"image\/webp"}],"twitter_card":"summary_large_image","twitter_misc":{"Estimated reading time":"2 minutes"},"schema":{"@context":"https:\/\/schema.org","@graph":[{"@type":"WebPage","@id":"https:\/\/www.perfumeparlour.es\/product\/night-wood-0774-pertenece-a-la-familia-de-notas-olfativas-similares-a-black-aoud\/","url":"https:\/\/www.perfumeparlour.es\/product\/night-wood-0774-pertenece-a-la-familia-de-notas-olfativas-similares-a-black-aoud\/","name":"NIGHT WOOD - 0774 - Pertenece a la familia de notas olfativas similares a Black Aoud\u00ae - Perfumes Parlour","isPartOf":{"@id":"https:\/\/www.perfumeparlour.es\/#website"},"primaryImageOfPage":{"@id":"https:\/\/www.perfumeparlour.es\/product\/night-wood-0774-pertenece-a-la-familia-de-notas-olfativas-similares-a-black-aoud\/#primaryimage"},"image":{"@id":"https:\/\/www.perfumeparlour.es\/product\/night-wood-0774-pertenece-a-la-familia-de-notas-olfativas-similares-a-black-aoud\/#primaryimage"},"thumbnailUrl":"https:\/\/www.perfumeparlour.es\/wp-content\/uploads\/2025\/02\/Night-Wood_6fcfdd32-fed0-4b07-b55d-3ca592ed96b5.webp","datePublished":"2025-02-12T07:37:09+00:00","dateModified":"2026-03-13T08:42:41+00:00","breadcrumb":{"@id":"https:\/\/www.perfumeparlour.es\/product\/night-wood-0774-pertenece-a-la-familia-de-notas-olfativas-similares-a-black-aoud\/#breadcrumb"},"inLanguage":"en-GB","potentialAction":[{"@type":"ReadAction","target":["https:\/\/www.perfumeparlour.es\/product\/night-wood-0774-pertenece-a-la-familia-de-notas-olfativas-similares-a-black-aoud\/"]}]},{"@type":"ImageObject","inLanguage":"en-GB","@id":"https:\/\/www.perfumeparlour.es\/product\/night-wood-0774-pertenece-a-la-familia-de-notas-olfativas-similares-a-black-aoud\/#primaryimage","url":"https:\/\/www.perfumeparlour.es\/wp-content\/uploads\/2025\/02\/Night-Wood_6fcfdd32-fed0-4b07-b55d-3ca592ed96b5.webp","contentUrl":"https:\/\/www.perfumeparlour.es\/wp-content\/uploads\/2025\/02\/Night-Wood_6fcfdd32-fed0-4b07-b55d-3ca592ed96b5.webp","width":800,"height":1200},{"@type":"BreadcrumbList","@id":"https:\/\/www.perfumeparlour.es\/product\/night-wood-0774-pertenece-a-la-familia-de-notas-olfativas-similares-a-black-aoud\/#breadcrumb","itemListElement":[{"@type":"ListItem","position":1,"name":"Portada","item":"https:\/\/www.perfumeparlour.es\/"},{"@type":"ListItem","position":2,"name":"Tienda","item":"https:\/\/www.perfumeparlour.es\/shop\/"},{"@type":"ListItem","position":3,"name":"NIGHT WOOD &#8211; 0774 &#8211; Pertenece a la familia de notas olfativas similares a Black Aoud\u00ae"}]},{"@type":"WebSite","@id":"https:\/\/www.perfumeparlour.es\/#website","url":"https:\/\/www.perfumeparlour.es\/","name":"Perfumes Parlour","description":"","potentialAction":[{"@type":"SearchAction","target":{"@type":"EntryPoint","urlTemplate":"https:\/\/www.perfumeparlour.es\/?s={search_term_string}"},"query-input":{"@type":"PropertyValueSpecification","valueRequired":true,"valueName":"search_term_string"}}],"inLanguage":"en-GB"}]}},"jetpack_sharing_enabled":true,"_links":{"self":[{"href":"https:\/\/www.perfumeparlour.es\/en\/wp-json\/wp\/v2\/product\/6033","targetHints":{"allow":["GET"]}}],"collection":[{"href":"https:\/\/www.perfumeparlour.es\/en\/wp-json\/wp\/v2\/product"}],"about":[{"href":"https:\/\/www.perfumeparlour.es\/en\/wp-json\/wp\/v2\/types\/product"}],"replies":[{"embeddable":true,"href":"https:\/\/www.perfumeparlour.es\/en\/wp-json\/wp\/v2\/comments?post=6033"}],"wp:featuredmedia":[{"embeddable":true,"href":"https:\/\/www.perfumeparlour.es\/en\/wp-json\/wp\/v2\/media\/7680"}],"wp:attachment":[{"href":"https:\/\/www.perfumeparlour.es\/en\/wp-json\/wp\/v2\/media?parent=6033"}],"wp:term":[{"taxonomy":"product_brand","embeddable":true,"href":"https:\/\/www.perfumeparlour.es\/en\/wp-json\/wp\/v2\/product_brand?post=6033"},{"taxonomy":"product_cat","embeddable":true,"href":"https:\/\/www.perfumeparlour.es\/en\/wp-json\/wp\/v2\/product_cat?post=6033"},{"taxonomy":"product_tag","embeddable":true,"href":"https:\/\/www.perfumeparlour.es\/en\/wp-json\/wp\/v2\/product_tag?post=6033"}],"curies":[{"name":"wp","href":"https:\/\/api.w.org\/{rel}","templated":true}]}}