{"id":5992,"date":"2025-02-08T18:53:13","date_gmt":"2025-02-08T18:53:13","guid":{"rendered":"https:\/\/www.perfumeparlour.es\/?post_type=product&#038;p=5992"},"modified":"2026-03-12T00:20:59","modified_gmt":"2026-03-12T00:20:59","slug":"wood-fire-1874-pertenece-a-la-familia-de-notas-olfativas-similares-a-replica-maison-margiela-by-the-fireplace","status":"publish","type":"product","link":"https:\/\/www.perfumeparlour.es\/en\/product\/wood-fire-1874-pertenece-a-la-familia-de-notas-olfativas-similares-a-replica-maison-margiela-by-the-fireplace\/","title":{"rendered":"WOOD FIRE &#8211; 1874 &#8211; Pertenece a la familia de notas olfativas similares a Replica Maison Margiela By The Fireplace\u00ae"},"content":{"rendered":"<h4>Nota alta:<\/h4>\n<h4>Clavo\u00a0 <a href=\"https:\/\/www.perfumeparlour.es\/wp-content\/uploads\/2025\/02\/CLAVO.jpg\"><img decoding=\"async\" class=\"alignnone wp-image-6004\" src=\"https:\/\/www.perfumeparlour.es\/wp-content\/uploads\/2025\/02\/CLAVO-300x207.jpg\" alt=\"\" width=\"138\" height=\"95\" srcset=\"https:\/\/www.perfumeparlour.es\/wp-content\/uploads\/2025\/02\/CLAVO-300x207.jpg 300w, https:\/\/www.perfumeparlour.es\/wp-content\/uploads\/2025\/02\/CLAVO-1024x707.jpg 1024w, https:\/\/www.perfumeparlour.es\/wp-content\/uploads\/2025\/02\/CLAVO-768x531.jpg 768w, https:\/\/www.perfumeparlour.es\/wp-content\/uploads\/2025\/02\/CLAVO-18x12.jpg 18w, https:\/\/www.perfumeparlour.es\/wp-content\/uploads\/2025\/02\/CLAVO-600x415.jpg 600w, https:\/\/www.perfumeparlour.es\/wp-content\/uploads\/2025\/02\/CLAVO.jpg 1200w\" sizes=\"(max-width: 138px) 100vw, 138px\" \/><\/a>\u00a0 \u00a0flor de naranja\u00a0 <a href=\"https:\/\/www.perfumeparlour.es\/wp-content\/uploads\/2025\/02\/MANDARINA.jpg\"><img decoding=\"async\" class=\"alignnone wp-image-5977\" src=\"https:\/\/www.perfumeparlour.es\/wp-content\/uploads\/2025\/02\/MANDARINA.jpg\" alt=\"\" width=\"171\" height=\"113\" srcset=\"https:\/\/www.perfumeparlour.es\/wp-content\/uploads\/2025\/02\/MANDARINA.jpg 272w, https:\/\/www.perfumeparlour.es\/wp-content\/uploads\/2025\/02\/MANDARINA-18x12.jpg 18w\" sizes=\"(max-width: 171px) 100vw, 171px\" \/> \u00a0 \u00a0 \u00a0<\/a>pimienta rosa\u00a0 <a href=\"https:\/\/www.perfumeparlour.es\/wp-content\/uploads\/2025\/02\/PIMIENTA-ROSA.jpg\"><img decoding=\"async\" class=\"alignnone wp-image-6003\" src=\"https:\/\/www.perfumeparlour.es\/wp-content\/uploads\/2025\/02\/PIMIENTA-ROSA.jpg\" alt=\"\" width=\"150\" height=\"100\" srcset=\"https:\/\/www.perfumeparlour.es\/wp-content\/uploads\/2025\/02\/PIMIENTA-ROSA.jpg 270w, https:\/\/www.perfumeparlour.es\/wp-content\/uploads\/2025\/02\/PIMIENTA-ROSA-18x12.jpg 18w\" sizes=\"(max-width: 150px) 100vw, 150px\" \/><\/a><\/h4>\n<hr \/>\n<p><strong>Nota media: <\/strong><\/p>\n<p><strong><a href=\"https:\/\/www.perfumeparlour.es\/wp-content\/uploads\/2025\/02\/PACHULI.jpg\">Enebro <\/a><a href=\"https:\/\/www.perfumeparlour.es\/wp-content\/uploads\/2025\/02\/ENEBRO.jpg\"><img loading=\"lazy\" decoding=\"async\" class=\"alignnone wp-image-6005\" src=\"https:\/\/www.perfumeparlour.es\/wp-content\/uploads\/2025\/02\/ENEBRO-300x169.jpg\" alt=\"\" width=\"174\" height=\"98\" srcset=\"https:\/\/www.perfumeparlour.es\/wp-content\/uploads\/2025\/02\/ENEBRO-300x169.jpg 300w, https:\/\/www.perfumeparlour.es\/wp-content\/uploads\/2025\/02\/ENEBRO-1024x576.jpg 1024w, https:\/\/www.perfumeparlour.es\/wp-content\/uploads\/2025\/02\/ENEBRO-768x432.jpg 768w, https:\/\/www.perfumeparlour.es\/wp-content\/uploads\/2025\/02\/ENEBRO-18x10.jpg 18w, https:\/\/www.perfumeparlour.es\/wp-content\/uploads\/2025\/02\/ENEBRO-600x338.jpg 600w, https:\/\/www.perfumeparlour.es\/wp-content\/uploads\/2025\/02\/ENEBRO.jpg 1280w\" sizes=\"(max-width: 174px) 100vw, 174px\" \/><\/a><a href=\"https:\/\/www.perfumeparlour.es\/wp-content\/uploads\/2025\/02\/PACHULI.jpg\">, Madera de Guayaco\u00a0 <\/a><a href=\"https:\/\/www.perfumeparlour.es\/wp-content\/uploads\/2025\/02\/CEDRO.jpg\"><img loading=\"lazy\" decoding=\"async\" class=\"alignnone size-full wp-image-5956\" src=\"https:\/\/www.perfumeparlour.es\/wp-content\/uploads\/2025\/02\/CEDRO.jpg\" alt=\"\" width=\"120\" height=\"120\" srcset=\"https:\/\/www.perfumeparlour.es\/wp-content\/uploads\/2025\/02\/CEDRO.jpg 120w, https:\/\/www.perfumeparlour.es\/wp-content\/uploads\/2025\/02\/CEDRO-12x12.jpg 12w, https:\/\/www.perfumeparlour.es\/wp-content\/uploads\/2025\/02\/CEDRO-55x55.jpg 55w, https:\/\/www.perfumeparlour.es\/wp-content\/uploads\/2025\/02\/CEDRO-100x100.jpg 100w\" sizes=\"(max-width: 120px) 100vw, 120px\" \/>\u00a0 Incienso\u00a0 <\/a><a href=\"https:\/\/www.perfumeparlour.es\/wp-content\/uploads\/2025\/02\/INCIENSO.jpg\"><img loading=\"lazy\" decoding=\"async\" class=\"alignnone wp-image-6007\" src=\"https:\/\/www.perfumeparlour.es\/wp-content\/uploads\/2025\/02\/INCIENSO-300x192.jpg\" alt=\"\" width=\"177\" height=\"113\" srcset=\"https:\/\/www.perfumeparlour.es\/wp-content\/uploads\/2025\/02\/INCIENSO-300x192.jpg 300w, https:\/\/www.perfumeparlour.es\/wp-content\/uploads\/2025\/02\/INCIENSO-1024x655.jpg 1024w, https:\/\/www.perfumeparlour.es\/wp-content\/uploads\/2025\/02\/INCIENSO-768x492.jpg 768w, https:\/\/www.perfumeparlour.es\/wp-content\/uploads\/2025\/02\/INCIENSO-18x12.jpg 18w, https:\/\/www.perfumeparlour.es\/wp-content\/uploads\/2025\/02\/INCIENSO-600x384.jpg 600w, https:\/\/www.perfumeparlour.es\/wp-content\/uploads\/2025\/02\/INCIENSO.jpg 1200w\" sizes=\"(max-width: 177px) 100vw, 177px\" \/><\/a><\/strong><\/p>\n<hr \/>\n<p><strong>Nota base:<\/strong><\/p>\n<p><strong>Cachemira\u00a0 <a href=\"https:\/\/www.perfumeparlour.es\/wp-content\/uploads\/2025\/02\/CACHEMIRA.webp\"><img loading=\"lazy\" decoding=\"async\" class=\"alignnone wp-image-6006\" src=\"https:\/\/www.perfumeparlour.es\/wp-content\/uploads\/2025\/02\/CACHEMIRA-300x200.webp\" alt=\"\" width=\"152\" height=\"101\" srcset=\"https:\/\/www.perfumeparlour.es\/wp-content\/uploads\/2025\/02\/CACHEMIRA-300x200.webp 300w, https:\/\/www.perfumeparlour.es\/wp-content\/uploads\/2025\/02\/CACHEMIRA-1024x682.webp 1024w, https:\/\/www.perfumeparlour.es\/wp-content\/uploads\/2025\/02\/CACHEMIRA-768x512.webp 768w, https:\/\/www.perfumeparlour.es\/wp-content\/uploads\/2025\/02\/CACHEMIRA-1536x1023.webp 1536w, https:\/\/www.perfumeparlour.es\/wp-content\/uploads\/2025\/02\/CACHEMIRA-18x12.webp 18w, https:\/\/www.perfumeparlour.es\/wp-content\/uploads\/2025\/02\/CACHEMIRA-600x400.webp 600w, https:\/\/www.perfumeparlour.es\/wp-content\/uploads\/2025\/02\/CACHEMIRA.webp 1588w\" sizes=\"(max-width: 152px) 100vw, 152px\" \/><\/a>\u00a0 Vainilla<\/strong><a href=\"https:\/\/www.perfumeparlour.es\/wp-content\/uploads\/2025\/02\/VAINILLA.jpg\"><img loading=\"lazy\" decoding=\"async\" class=\"alignnone wp-image-5966\" src=\"https:\/\/www.perfumeparlour.es\/wp-content\/uploads\/2025\/02\/VAINILLA.jpg\" alt=\"\" width=\"157\" height=\"116\" srcset=\"https:\/\/www.perfumeparlour.es\/wp-content\/uploads\/2025\/02\/VAINILLA.jpg 244w, https:\/\/www.perfumeparlour.es\/wp-content\/uploads\/2025\/02\/VAINILLA-16x12.jpg 16w\" sizes=\"(max-width: 157px) 100vw, 157px\" \/><\/a><\/p>\n<div class=\"easytabs-content-item easytabs-content-item-static\" data-et-marker=\"tabs-triumphing-for-men-0929-s0\" data-et-handle=\"tabs-disclaimer\">\n<div class=\"easytabs-accordion-item\" tabindex=\"-1\" role=\"tab\" aria-labelledby=\"easytabs-slide-label-035-2\" aria-selected=\"false\"><\/div>\n<\/div>\n<p>&nbsp;<\/p>\n<h4>Una fragancia muy \u00fanica que da una sensaci\u00f3n c\u00e1lida de chimenea, con una almendra dulce espectacular, obtendras una proyecci\u00f3n y duraci\u00f3n enorme.<\/h4>","protected":false},"excerpt":{"rendered":"<h6><em>Pertenece a la familia de notas olfativas similares a Replica Maison Margiela By The Fireplace\u00ae<\/em><\/h6>\n<p>&nbsp;<\/p>","protected":false},"featured_media":4345,"comment_status":"open","ping_status":"closed","template":"","meta":[],"product_brand":[],"product_cat":[255,156,211,271,128,142,172,115,232],"product_tag":[],"class_list":{"0":"post-5992","1":"product","2":"type-product","3":"status-publish","4":"has-post-thumbnail","6":"product_cat-amaderada","7":"product_cat-aromatico","8":"product_cat-dulce","9":"product_cat-especiado","10":"product_cat-fragancia-unisex","11":"product_cat-invierno","12":"product_cat-oriental","13":"product_cat-otono","14":"product_cat-vainilla","16":"first","17":"instock","18":"shipping-taxable","19":"purchasable","20":"product-type-variable","21":"add-to-wishlist-after_add_to_cart"},"yoast_head":"<!-- This site is optimized with the Yoast SEO plugin v27.3 - https:\/\/yoast.com\/product\/yoast-seo-wordpress\/ -->\n<title>WOOD FIRE - 1874 - Pertenece a la familia de notas olfativas similares a Replica Maison Margiela By The Fireplace\u00ae - Perfumes Parlour<\/title>\n<meta name=\"robots\" content=\"index, follow, max-snippet:-1, max-image-preview:large, max-video-preview:-1\" \/>\n<link rel=\"canonical\" href=\"https:\/\/www.perfumeparlour.es\/en\/product\/wood-fire-1874-pertenece-a-la-familia-de-notas-olfativas-similares-a-replica-maison-margiela-by-the-fireplace\/\" \/>\n<meta property=\"og:locale\" content=\"en_GB\" \/>\n<meta property=\"og:type\" content=\"article\" \/>\n<meta property=\"og:title\" content=\"WOOD FIRE - 1874 - Pertenece a la familia de notas olfativas similares a Replica Maison Margiela By The Fireplace\u00ae - Perfumes Parlour\" \/>\n<meta property=\"og:description\" content=\"Pertenece a la familia de notas olfativas similares a Replica Maison Margiela By The Fireplace\u00ae &nbsp;\" \/>\n<meta property=\"og:url\" content=\"https:\/\/www.perfumeparlour.es\/en\/product\/wood-fire-1874-pertenece-a-la-familia-de-notas-olfativas-similares-a-replica-maison-margiela-by-the-fireplace\/\" \/>\n<meta property=\"og:site_name\" content=\"Perfumes Parlour\" \/>\n<meta property=\"article:modified_time\" content=\"2026-03-12T00:20:59+00:00\" \/>\n<meta property=\"og:image\" content=\"https:\/\/www.perfumeparlour.es\/wp-content\/uploads\/2024\/10\/1728076640263.jpg\" \/>\n\t<meta property=\"og:image:width\" content=\"800\" \/>\n\t<meta property=\"og:image:height\" content=\"638\" \/>\n\t<meta property=\"og:image:type\" content=\"image\/jpeg\" \/>\n<meta name=\"twitter:card\" content=\"summary_large_image\" \/>\n<meta name=\"twitter:label1\" content=\"Estimated reading time\" \/>\n\t<meta name=\"twitter:data1\" content=\"2 minutes\" \/>\n<script type=\"application\/ld+json\" class=\"yoast-schema-graph\">{\"@context\":\"https:\\\/\\\/schema.org\",\"@graph\":[{\"@type\":\"WebPage\",\"@id\":\"https:\\\/\\\/www.perfumeparlour.es\\\/product\\\/wood-fire-1874-pertenece-a-la-familia-de-notas-olfativas-similares-a-replica-maison-margiela-by-the-fireplace\\\/\",\"url\":\"https:\\\/\\\/www.perfumeparlour.es\\\/product\\\/wood-fire-1874-pertenece-a-la-familia-de-notas-olfativas-similares-a-replica-maison-margiela-by-the-fireplace\\\/\",\"name\":\"WOOD FIRE - 1874 - Pertenece a la familia de notas olfativas similares a Replica Maison Margiela By The Fireplace\u00ae - Perfumes Parlour\",\"isPartOf\":{\"@id\":\"https:\\\/\\\/www.perfumeparlour.es\\\/#website\"},\"primaryImageOfPage\":{\"@id\":\"https:\\\/\\\/www.perfumeparlour.es\\\/product\\\/wood-fire-1874-pertenece-a-la-familia-de-notas-olfativas-similares-a-replica-maison-margiela-by-the-fireplace\\\/#primaryimage\"},\"image\":{\"@id\":\"https:\\\/\\\/www.perfumeparlour.es\\\/product\\\/wood-fire-1874-pertenece-a-la-familia-de-notas-olfativas-similares-a-replica-maison-margiela-by-the-fireplace\\\/#primaryimage\"},\"thumbnailUrl\":\"https:\\\/\\\/www.perfumeparlour.es\\\/wp-content\\\/uploads\\\/2024\\\/10\\\/1728076640263.jpg\",\"datePublished\":\"2025-02-08T18:53:13+00:00\",\"dateModified\":\"2026-03-12T00:20:59+00:00\",\"breadcrumb\":{\"@id\":\"https:\\\/\\\/www.perfumeparlour.es\\\/product\\\/wood-fire-1874-pertenece-a-la-familia-de-notas-olfativas-similares-a-replica-maison-margiela-by-the-fireplace\\\/#breadcrumb\"},\"inLanguage\":\"en-GB\",\"potentialAction\":[{\"@type\":\"ReadAction\",\"target\":[\"https:\\\/\\\/www.perfumeparlour.es\\\/product\\\/wood-fire-1874-pertenece-a-la-familia-de-notas-olfativas-similares-a-replica-maison-margiela-by-the-fireplace\\\/\"]}]},{\"@type\":\"ImageObject\",\"inLanguage\":\"en-GB\",\"@id\":\"https:\\\/\\\/www.perfumeparlour.es\\\/product\\\/wood-fire-1874-pertenece-a-la-familia-de-notas-olfativas-similares-a-replica-maison-margiela-by-the-fireplace\\\/#primaryimage\",\"url\":\"https:\\\/\\\/www.perfumeparlour.es\\\/wp-content\\\/uploads\\\/2024\\\/10\\\/1728076640263.jpg\",\"contentUrl\":\"https:\\\/\\\/www.perfumeparlour.es\\\/wp-content\\\/uploads\\\/2024\\\/10\\\/1728076640263.jpg\",\"width\":800,\"height\":638},{\"@type\":\"BreadcrumbList\",\"@id\":\"https:\\\/\\\/www.perfumeparlour.es\\\/product\\\/wood-fire-1874-pertenece-a-la-familia-de-notas-olfativas-similares-a-replica-maison-margiela-by-the-fireplace\\\/#breadcrumb\",\"itemListElement\":[{\"@type\":\"ListItem\",\"position\":1,\"name\":\"Portada\",\"item\":\"https:\\\/\\\/www.perfumeparlour.es\\\/\"},{\"@type\":\"ListItem\",\"position\":2,\"name\":\"Tienda\",\"item\":\"https:\\\/\\\/www.perfumeparlour.es\\\/shop\\\/\"},{\"@type\":\"ListItem\",\"position\":3,\"name\":\"WOOD FIRE &#8211; 1874 &#8211; Pertenece a la familia de notas olfativas similares a Replica Maison Margiela By The Fireplace\u00ae\"}]},{\"@type\":\"WebSite\",\"@id\":\"https:\\\/\\\/www.perfumeparlour.es\\\/#website\",\"url\":\"https:\\\/\\\/www.perfumeparlour.es\\\/\",\"name\":\"Perfumes Parlour\",\"description\":\"\",\"potentialAction\":[{\"@type\":\"SearchAction\",\"target\":{\"@type\":\"EntryPoint\",\"urlTemplate\":\"https:\\\/\\\/www.perfumeparlour.es\\\/?s={search_term_string}\"},\"query-input\":{\"@type\":\"PropertyValueSpecification\",\"valueRequired\":true,\"valueName\":\"search_term_string\"}}],\"inLanguage\":\"en-GB\"}]}<\/script>\n<!-- \/ Yoast SEO plugin. -->","yoast_head_json":{"title":"WOOD FIRE - 1874 - Pertenece a la familia de notas olfativas similares a Replica Maison Margiela By The Fireplace\u00ae - Perfumes Parlour","robots":{"index":"index","follow":"follow","max-snippet":"max-snippet:-1","max-image-preview":"max-image-preview:large","max-video-preview":"max-video-preview:-1"},"canonical":"https:\/\/www.perfumeparlour.es\/en\/product\/wood-fire-1874-pertenece-a-la-familia-de-notas-olfativas-similares-a-replica-maison-margiela-by-the-fireplace\/","og_locale":"en_GB","og_type":"article","og_title":"WOOD FIRE - 1874 - Pertenece a la familia de notas olfativas similares a Replica Maison Margiela By The Fireplace\u00ae - Perfumes Parlour","og_description":"Pertenece a la familia de notas olfativas similares a Replica Maison Margiela By The Fireplace\u00ae &nbsp;","og_url":"https:\/\/www.perfumeparlour.es\/en\/product\/wood-fire-1874-pertenece-a-la-familia-de-notas-olfativas-similares-a-replica-maison-margiela-by-the-fireplace\/","og_site_name":"Perfumes Parlour","article_modified_time":"2026-03-12T00:20:59+00:00","og_image":[{"width":800,"height":638,"url":"https:\/\/www.perfumeparlour.es\/wp-content\/uploads\/2024\/10\/1728076640263.jpg","type":"image\/jpeg"}],"twitter_card":"summary_large_image","twitter_misc":{"Estimated reading time":"2 minutes"},"schema":{"@context":"https:\/\/schema.org","@graph":[{"@type":"WebPage","@id":"https:\/\/www.perfumeparlour.es\/product\/wood-fire-1874-pertenece-a-la-familia-de-notas-olfativas-similares-a-replica-maison-margiela-by-the-fireplace\/","url":"https:\/\/www.perfumeparlour.es\/product\/wood-fire-1874-pertenece-a-la-familia-de-notas-olfativas-similares-a-replica-maison-margiela-by-the-fireplace\/","name":"WOOD FIRE - 1874 - Pertenece a la familia de notas olfativas similares a Replica Maison Margiela By The Fireplace\u00ae - Perfumes Parlour","isPartOf":{"@id":"https:\/\/www.perfumeparlour.es\/#website"},"primaryImageOfPage":{"@id":"https:\/\/www.perfumeparlour.es\/product\/wood-fire-1874-pertenece-a-la-familia-de-notas-olfativas-similares-a-replica-maison-margiela-by-the-fireplace\/#primaryimage"},"image":{"@id":"https:\/\/www.perfumeparlour.es\/product\/wood-fire-1874-pertenece-a-la-familia-de-notas-olfativas-similares-a-replica-maison-margiela-by-the-fireplace\/#primaryimage"},"thumbnailUrl":"https:\/\/www.perfumeparlour.es\/wp-content\/uploads\/2024\/10\/1728076640263.jpg","datePublished":"2025-02-08T18:53:13+00:00","dateModified":"2026-03-12T00:20:59+00:00","breadcrumb":{"@id":"https:\/\/www.perfumeparlour.es\/product\/wood-fire-1874-pertenece-a-la-familia-de-notas-olfativas-similares-a-replica-maison-margiela-by-the-fireplace\/#breadcrumb"},"inLanguage":"en-GB","potentialAction":[{"@type":"ReadAction","target":["https:\/\/www.perfumeparlour.es\/product\/wood-fire-1874-pertenece-a-la-familia-de-notas-olfativas-similares-a-replica-maison-margiela-by-the-fireplace\/"]}]},{"@type":"ImageObject","inLanguage":"en-GB","@id":"https:\/\/www.perfumeparlour.es\/product\/wood-fire-1874-pertenece-a-la-familia-de-notas-olfativas-similares-a-replica-maison-margiela-by-the-fireplace\/#primaryimage","url":"https:\/\/www.perfumeparlour.es\/wp-content\/uploads\/2024\/10\/1728076640263.jpg","contentUrl":"https:\/\/www.perfumeparlour.es\/wp-content\/uploads\/2024\/10\/1728076640263.jpg","width":800,"height":638},{"@type":"BreadcrumbList","@id":"https:\/\/www.perfumeparlour.es\/product\/wood-fire-1874-pertenece-a-la-familia-de-notas-olfativas-similares-a-replica-maison-margiela-by-the-fireplace\/#breadcrumb","itemListElement":[{"@type":"ListItem","position":1,"name":"Portada","item":"https:\/\/www.perfumeparlour.es\/"},{"@type":"ListItem","position":2,"name":"Tienda","item":"https:\/\/www.perfumeparlour.es\/shop\/"},{"@type":"ListItem","position":3,"name":"WOOD FIRE &#8211; 1874 &#8211; Pertenece a la familia de notas olfativas similares a Replica Maison Margiela By The Fireplace\u00ae"}]},{"@type":"WebSite","@id":"https:\/\/www.perfumeparlour.es\/#website","url":"https:\/\/www.perfumeparlour.es\/","name":"Perfumes Parlour","description":"","potentialAction":[{"@type":"SearchAction","target":{"@type":"EntryPoint","urlTemplate":"https:\/\/www.perfumeparlour.es\/?s={search_term_string}"},"query-input":{"@type":"PropertyValueSpecification","valueRequired":true,"valueName":"search_term_string"}}],"inLanguage":"en-GB"}]}},"jetpack_sharing_enabled":true,"_links":{"self":[{"href":"https:\/\/www.perfumeparlour.es\/en\/wp-json\/wp\/v2\/product\/5992","targetHints":{"allow":["GET"]}}],"collection":[{"href":"https:\/\/www.perfumeparlour.es\/en\/wp-json\/wp\/v2\/product"}],"about":[{"href":"https:\/\/www.perfumeparlour.es\/en\/wp-json\/wp\/v2\/types\/product"}],"replies":[{"embeddable":true,"href":"https:\/\/www.perfumeparlour.es\/en\/wp-json\/wp\/v2\/comments?post=5992"}],"wp:featuredmedia":[{"embeddable":true,"href":"https:\/\/www.perfumeparlour.es\/en\/wp-json\/wp\/v2\/media\/4345"}],"wp:attachment":[{"href":"https:\/\/www.perfumeparlour.es\/en\/wp-json\/wp\/v2\/media?parent=5992"}],"wp:term":[{"taxonomy":"product_brand","embeddable":true,"href":"https:\/\/www.perfumeparlour.es\/en\/wp-json\/wp\/v2\/product_brand?post=5992"},{"taxonomy":"product_cat","embeddable":true,"href":"https:\/\/www.perfumeparlour.es\/en\/wp-json\/wp\/v2\/product_cat?post=5992"},{"taxonomy":"product_tag","embeddable":true,"href":"https:\/\/www.perfumeparlour.es\/en\/wp-json\/wp\/v2\/product_tag?post=5992"}],"curies":[{"name":"wp","href":"https:\/\/api.w.org\/{rel}","templated":true}]}}