{"id":5877,"date":"2025-02-03T13:15:50","date_gmt":"2025-02-03T13:15:50","guid":{"rendered":"https:\/\/www.perfumeparlour.es\/?post_type=product&#038;p=5877"},"modified":"2025-10-23T05:54:05","modified_gmt":"2025-10-23T05:54:05","slug":"iris-enchantment-for-women-2122-pertenece-a-la-familia-de-notas-olfativas-similares-a-spell-on-you-de-louis-vuitton","status":"publish","type":"product","link":"https:\/\/www.perfumeparlour.es\/en\/product\/iris-enchantment-for-women-2122-pertenece-a-la-familia-de-notas-olfativas-similares-a-spell-on-you-de-louis-vuitton\/","title":{"rendered":"IRIS ENCHANTMENT FOR WOMEN &#8211; 2122 &#8211; Pertenece a la familia de notas olfativas similares a Spell On You de Louis Vuitton\u00ae"},"content":{"rendered":"<p><span style=\"color: #000000;\"><strong>Top Note<\/strong>:<\/span><\/p>\n<div>\n<div><img decoding=\"async\" src=\"https:\/\/fimgs.net\/mdimg\/sastojci\/t.116.jpg\" \/>\u00a0 violeta\u00a0 \u00a0 <img decoding=\"async\" src=\"https:\/\/fimgs.net\/mdimg\/sastojci\/t.11.jpg\" \/>\u00a0 iris de la Toscana\u00a0 \u00a0 <img decoding=\"async\" src=\"https:\/\/fimgs.net\/mdimg\/sastojci\/t.318.jpg\" \/>\u00a0 notas verdes<\/div>\n<\/div>\n<hr \/>\n<p><span style=\"color: #000000;\"><strong>Middle Note:<\/strong><\/span><\/p>\n<div>\n<div><img decoding=\"async\" src=\"https:\/\/fimgs.net\/mdimg\/sastojci\/t.105.jpg\" \/>\u00a0 rosa\u00a0 \u00a0 <img decoding=\"async\" src=\"https:\/\/fimgs.net\/mdimg\/sastojci\/t.14.jpg\" \/>\u00a0 jazm\u00edn chino<\/div>\n<\/div>\n<hr \/>\n<p><span style=\"color: #000000;\"><strong>Base Note:<\/strong><\/span><\/p>\n<div>\n<div><img decoding=\"async\" src=\"https:\/\/fimgs.net\/mdimg\/sastojci\/t.117.jpg\" \/>\u00a0 durazno (melocot\u00f3n)\u00a0 \u00a0 \u00a0<img decoding=\"async\" src=\"https:\/\/fimgs.net\/mdimg\/sastojci\/t.4.jpg\" \/>\u00a0 almizcle blanco<\/div>\n<\/div>\n<div class=\"easytabs-content-item easytabs-content-item-static\" data-et-marker=\"tabs-triumphing-for-men-0929-s0\" data-et-handle=\"tabs-disclaimer\">\n<div class=\"easytabs-accordion-item\" tabindex=\"-1\" role=\"tab\" aria-labelledby=\"easytabs-slide-label-035-2\" aria-selected=\"false\"><\/div>\n<\/div>\n<p>&nbsp;<\/p>\n<h4>Entra en un mundo de encanto floral con Iris Enchantment. Esta cautivadora fragancia combina la sensualidad del iris con el delicado encanto de la rosa y el jazm\u00edn. Perfecta para cualquier ocasi\u00f3n, deja que esta fragancia se convierta en tu aroma caracter\u00edstico.<\/h4>","protected":false},"excerpt":{"rendered":"<h6><em>Pertenece a la familia de notas olfativas similares a Spell On You de Louis Vuitton\u00ae<\/em><\/h6>\n<p>&nbsp;<\/p>","protected":false},"featured_media":7484,"comment_status":"open","ping_status":"closed","template":"","meta":[],"product_brand":[],"product_cat":[169,156,160,284,168,47,158,159],"product_tag":[],"class_list":{"0":"post-5877","1":"product","2":"type-product","3":"status-publish","4":"has-post-thumbnail","6":"product_cat-afrutado","7":"product_cat-aromatico","8":"product_cat-citricos","9":"product_cat-empolvado","10":"product_cat-floral","11":"product_cat-fragancia-para-mujer","12":"product_cat-primavera","13":"product_cat-verano","15":"first","16":"instock","17":"shipping-taxable","18":"purchasable","19":"product-type-variable","20":"add-to-wishlist-after_add_to_cart"},"yoast_head":"<!-- This site is optimized with the Yoast SEO plugin v27.4 - https:\/\/yoast.com\/product\/yoast-seo-wordpress\/ -->\n<title>IRIS ENCHANTMENT FOR WOMEN - 2122 - Pertenece a la familia de notas olfativas similares a Spell On You de Louis Vuitton\u00ae - Perfumes Parlour<\/title>\n<meta name=\"robots\" content=\"index, follow, max-snippet:-1, max-image-preview:large, max-video-preview:-1\" \/>\n<link rel=\"canonical\" href=\"https:\/\/www.perfumeparlour.es\/en\/product\/iris-enchantment-for-women-2122-pertenece-a-la-familia-de-notas-olfativas-similares-a-spell-on-you-de-louis-vuitton\/\" \/>\n<meta property=\"og:locale\" content=\"en_GB\" \/>\n<meta property=\"og:type\" content=\"article\" \/>\n<meta property=\"og:title\" content=\"IRIS ENCHANTMENT FOR WOMEN - 2122 - Pertenece a la familia de notas olfativas similares a Spell On You de Louis Vuitton\u00ae - Perfumes Parlour\" \/>\n<meta property=\"og:description\" content=\"Pertenece a la familia de notas olfativas similares a Spell On You de Louis Vuitton\u00ae &nbsp;\" \/>\n<meta property=\"og:url\" content=\"https:\/\/www.perfumeparlour.es\/en\/product\/iris-enchantment-for-women-2122-pertenece-a-la-familia-de-notas-olfativas-similares-a-spell-on-you-de-louis-vuitton\/\" \/>\n<meta property=\"og:site_name\" content=\"Perfumes Parlour\" \/>\n<meta property=\"article:modified_time\" content=\"2025-10-23T05:54:05+00:00\" \/>\n<meta property=\"og:image\" content=\"https:\/\/www.perfumeparlour.es\/wp-content\/uploads\/2025\/02\/Iris-Enchantment-For-Women-scaled.webp\" \/>\n\t<meta property=\"og:image:width\" content=\"1707\" \/>\n\t<meta property=\"og:image:height\" content=\"2560\" \/>\n\t<meta property=\"og:image:type\" content=\"image\/webp\" \/>\n<meta name=\"twitter:card\" content=\"summary_large_image\" \/>\n<meta name=\"twitter:label1\" content=\"Estimated reading time\" \/>\n\t<meta name=\"twitter:data1\" content=\"2 minutes\" \/>\n<script type=\"application\/ld+json\" class=\"yoast-schema-graph\">{\"@context\":\"https:\\\/\\\/schema.org\",\"@graph\":[{\"@type\":\"WebPage\",\"@id\":\"https:\\\/\\\/www.perfumeparlour.es\\\/product\\\/iris-enchantment-for-women-2122-pertenece-a-la-familia-de-notas-olfativas-similares-a-spell-on-you-de-louis-vuitton\\\/\",\"url\":\"https:\\\/\\\/www.perfumeparlour.es\\\/product\\\/iris-enchantment-for-women-2122-pertenece-a-la-familia-de-notas-olfativas-similares-a-spell-on-you-de-louis-vuitton\\\/\",\"name\":\"IRIS ENCHANTMENT FOR WOMEN - 2122 - Pertenece a la familia de notas olfativas similares a Spell On You de Louis Vuitton\u00ae - Perfumes Parlour\",\"isPartOf\":{\"@id\":\"https:\\\/\\\/www.perfumeparlour.es\\\/#website\"},\"primaryImageOfPage\":{\"@id\":\"https:\\\/\\\/www.perfumeparlour.es\\\/product\\\/iris-enchantment-for-women-2122-pertenece-a-la-familia-de-notas-olfativas-similares-a-spell-on-you-de-louis-vuitton\\\/#primaryimage\"},\"image\":{\"@id\":\"https:\\\/\\\/www.perfumeparlour.es\\\/product\\\/iris-enchantment-for-women-2122-pertenece-a-la-familia-de-notas-olfativas-similares-a-spell-on-you-de-louis-vuitton\\\/#primaryimage\"},\"thumbnailUrl\":\"https:\\\/\\\/www.perfumeparlour.es\\\/wp-content\\\/uploads\\\/2025\\\/02\\\/Iris-Enchantment-For-Women-scaled.webp\",\"datePublished\":\"2025-02-03T13:15:50+00:00\",\"dateModified\":\"2025-10-23T05:54:05+00:00\",\"breadcrumb\":{\"@id\":\"https:\\\/\\\/www.perfumeparlour.es\\\/product\\\/iris-enchantment-for-women-2122-pertenece-a-la-familia-de-notas-olfativas-similares-a-spell-on-you-de-louis-vuitton\\\/#breadcrumb\"},\"inLanguage\":\"en-GB\",\"potentialAction\":[{\"@type\":\"ReadAction\",\"target\":[\"https:\\\/\\\/www.perfumeparlour.es\\\/product\\\/iris-enchantment-for-women-2122-pertenece-a-la-familia-de-notas-olfativas-similares-a-spell-on-you-de-louis-vuitton\\\/\"]}]},{\"@type\":\"ImageObject\",\"inLanguage\":\"en-GB\",\"@id\":\"https:\\\/\\\/www.perfumeparlour.es\\\/product\\\/iris-enchantment-for-women-2122-pertenece-a-la-familia-de-notas-olfativas-similares-a-spell-on-you-de-louis-vuitton\\\/#primaryimage\",\"url\":\"https:\\\/\\\/www.perfumeparlour.es\\\/wp-content\\\/uploads\\\/2025\\\/02\\\/Iris-Enchantment-For-Women-scaled.webp\",\"contentUrl\":\"https:\\\/\\\/www.perfumeparlour.es\\\/wp-content\\\/uploads\\\/2025\\\/02\\\/Iris-Enchantment-For-Women-scaled.webp\",\"width\":1707,\"height\":2560},{\"@type\":\"BreadcrumbList\",\"@id\":\"https:\\\/\\\/www.perfumeparlour.es\\\/product\\\/iris-enchantment-for-women-2122-pertenece-a-la-familia-de-notas-olfativas-similares-a-spell-on-you-de-louis-vuitton\\\/#breadcrumb\",\"itemListElement\":[{\"@type\":\"ListItem\",\"position\":1,\"name\":\"Portada\",\"item\":\"https:\\\/\\\/www.perfumeparlour.es\\\/\"},{\"@type\":\"ListItem\",\"position\":2,\"name\":\"Tienda\",\"item\":\"https:\\\/\\\/www.perfumeparlour.es\\\/shop\\\/\"},{\"@type\":\"ListItem\",\"position\":3,\"name\":\"IRIS ENCHANTMENT FOR WOMEN &#8211; 2122 &#8211; Pertenece a la familia de notas olfativas similares a Spell On You de Louis Vuitton\u00ae\"}]},{\"@type\":\"WebSite\",\"@id\":\"https:\\\/\\\/www.perfumeparlour.es\\\/#website\",\"url\":\"https:\\\/\\\/www.perfumeparlour.es\\\/\",\"name\":\"Perfumes Parlour\",\"description\":\"\",\"potentialAction\":[{\"@type\":\"SearchAction\",\"target\":{\"@type\":\"EntryPoint\",\"urlTemplate\":\"https:\\\/\\\/www.perfumeparlour.es\\\/?s={search_term_string}\"},\"query-input\":{\"@type\":\"PropertyValueSpecification\",\"valueRequired\":true,\"valueName\":\"search_term_string\"}}],\"inLanguage\":\"en-GB\"}]}<\/script>\n<!-- \/ Yoast SEO plugin. -->","yoast_head_json":{"title":"IRIS ENCHANTMENT FOR WOMEN - 2122 - Pertenece a la familia de notas olfativas similares a Spell On You de Louis Vuitton\u00ae - Perfumes Parlour","robots":{"index":"index","follow":"follow","max-snippet":"max-snippet:-1","max-image-preview":"max-image-preview:large","max-video-preview":"max-video-preview:-1"},"canonical":"https:\/\/www.perfumeparlour.es\/en\/product\/iris-enchantment-for-women-2122-pertenece-a-la-familia-de-notas-olfativas-similares-a-spell-on-you-de-louis-vuitton\/","og_locale":"en_GB","og_type":"article","og_title":"IRIS ENCHANTMENT FOR WOMEN - 2122 - Pertenece a la familia de notas olfativas similares a Spell On You de Louis Vuitton\u00ae - Perfumes Parlour","og_description":"Pertenece a la familia de notas olfativas similares a Spell On You de Louis Vuitton\u00ae &nbsp;","og_url":"https:\/\/www.perfumeparlour.es\/en\/product\/iris-enchantment-for-women-2122-pertenece-a-la-familia-de-notas-olfativas-similares-a-spell-on-you-de-louis-vuitton\/","og_site_name":"Perfumes Parlour","article_modified_time":"2025-10-23T05:54:05+00:00","og_image":[{"width":1707,"height":2560,"url":"https:\/\/www.perfumeparlour.es\/wp-content\/uploads\/2025\/02\/Iris-Enchantment-For-Women-scaled.webp","type":"image\/webp"}],"twitter_card":"summary_large_image","twitter_misc":{"Estimated reading time":"2 minutes"},"schema":{"@context":"https:\/\/schema.org","@graph":[{"@type":"WebPage","@id":"https:\/\/www.perfumeparlour.es\/product\/iris-enchantment-for-women-2122-pertenece-a-la-familia-de-notas-olfativas-similares-a-spell-on-you-de-louis-vuitton\/","url":"https:\/\/www.perfumeparlour.es\/product\/iris-enchantment-for-women-2122-pertenece-a-la-familia-de-notas-olfativas-similares-a-spell-on-you-de-louis-vuitton\/","name":"IRIS ENCHANTMENT FOR WOMEN - 2122 - Pertenece a la familia de notas olfativas similares a Spell On You de Louis Vuitton\u00ae - Perfumes Parlour","isPartOf":{"@id":"https:\/\/www.perfumeparlour.es\/#website"},"primaryImageOfPage":{"@id":"https:\/\/www.perfumeparlour.es\/product\/iris-enchantment-for-women-2122-pertenece-a-la-familia-de-notas-olfativas-similares-a-spell-on-you-de-louis-vuitton\/#primaryimage"},"image":{"@id":"https:\/\/www.perfumeparlour.es\/product\/iris-enchantment-for-women-2122-pertenece-a-la-familia-de-notas-olfativas-similares-a-spell-on-you-de-louis-vuitton\/#primaryimage"},"thumbnailUrl":"https:\/\/www.perfumeparlour.es\/wp-content\/uploads\/2025\/02\/Iris-Enchantment-For-Women-scaled.webp","datePublished":"2025-02-03T13:15:50+00:00","dateModified":"2025-10-23T05:54:05+00:00","breadcrumb":{"@id":"https:\/\/www.perfumeparlour.es\/product\/iris-enchantment-for-women-2122-pertenece-a-la-familia-de-notas-olfativas-similares-a-spell-on-you-de-louis-vuitton\/#breadcrumb"},"inLanguage":"en-GB","potentialAction":[{"@type":"ReadAction","target":["https:\/\/www.perfumeparlour.es\/product\/iris-enchantment-for-women-2122-pertenece-a-la-familia-de-notas-olfativas-similares-a-spell-on-you-de-louis-vuitton\/"]}]},{"@type":"ImageObject","inLanguage":"en-GB","@id":"https:\/\/www.perfumeparlour.es\/product\/iris-enchantment-for-women-2122-pertenece-a-la-familia-de-notas-olfativas-similares-a-spell-on-you-de-louis-vuitton\/#primaryimage","url":"https:\/\/www.perfumeparlour.es\/wp-content\/uploads\/2025\/02\/Iris-Enchantment-For-Women-scaled.webp","contentUrl":"https:\/\/www.perfumeparlour.es\/wp-content\/uploads\/2025\/02\/Iris-Enchantment-For-Women-scaled.webp","width":1707,"height":2560},{"@type":"BreadcrumbList","@id":"https:\/\/www.perfumeparlour.es\/product\/iris-enchantment-for-women-2122-pertenece-a-la-familia-de-notas-olfativas-similares-a-spell-on-you-de-louis-vuitton\/#breadcrumb","itemListElement":[{"@type":"ListItem","position":1,"name":"Portada","item":"https:\/\/www.perfumeparlour.es\/"},{"@type":"ListItem","position":2,"name":"Tienda","item":"https:\/\/www.perfumeparlour.es\/shop\/"},{"@type":"ListItem","position":3,"name":"IRIS ENCHANTMENT FOR WOMEN &#8211; 2122 &#8211; Pertenece a la familia de notas olfativas similares a Spell On You de Louis Vuitton\u00ae"}]},{"@type":"WebSite","@id":"https:\/\/www.perfumeparlour.es\/#website","url":"https:\/\/www.perfumeparlour.es\/","name":"Perfumes Parlour","description":"","potentialAction":[{"@type":"SearchAction","target":{"@type":"EntryPoint","urlTemplate":"https:\/\/www.perfumeparlour.es\/?s={search_term_string}"},"query-input":{"@type":"PropertyValueSpecification","valueRequired":true,"valueName":"search_term_string"}}],"inLanguage":"en-GB"}]}},"jetpack_sharing_enabled":true,"_links":{"self":[{"href":"https:\/\/www.perfumeparlour.es\/en\/wp-json\/wp\/v2\/product\/5877","targetHints":{"allow":["GET"]}}],"collection":[{"href":"https:\/\/www.perfumeparlour.es\/en\/wp-json\/wp\/v2\/product"}],"about":[{"href":"https:\/\/www.perfumeparlour.es\/en\/wp-json\/wp\/v2\/types\/product"}],"replies":[{"embeddable":true,"href":"https:\/\/www.perfumeparlour.es\/en\/wp-json\/wp\/v2\/comments?post=5877"}],"wp:featuredmedia":[{"embeddable":true,"href":"https:\/\/www.perfumeparlour.es\/en\/wp-json\/wp\/v2\/media\/7484"}],"wp:attachment":[{"href":"https:\/\/www.perfumeparlour.es\/en\/wp-json\/wp\/v2\/media?parent=5877"}],"wp:term":[{"taxonomy":"product_brand","embeddable":true,"href":"https:\/\/www.perfumeparlour.es\/en\/wp-json\/wp\/v2\/product_brand?post=5877"},{"taxonomy":"product_cat","embeddable":true,"href":"https:\/\/www.perfumeparlour.es\/en\/wp-json\/wp\/v2\/product_cat?post=5877"},{"taxonomy":"product_tag","embeddable":true,"href":"https:\/\/www.perfumeparlour.es\/en\/wp-json\/wp\/v2\/product_tag?post=5877"}],"curies":[{"name":"wp","href":"https:\/\/api.w.org\/{rel}","templated":true}]}}