{"id":5727,"date":"2025-01-26T08:16:39","date_gmt":"2025-01-26T08:16:39","guid":{"rendered":"https:\/\/www.perfumeparlour.es\/?post_type=product&#038;p=5727"},"modified":"2025-10-21T06:38:06","modified_gmt":"2025-10-21T06:38:06","slug":"desert-hide-0204-pertenece-a-la-familia-de-notas-olfativas-similares-a-cuir-28-dubai-de-le-labo","status":"publish","type":"product","link":"https:\/\/www.perfumeparlour.es\/en\/product\/desert-hide-0204-pertenece-a-la-familia-de-notas-olfativas-similares-a-cuir-28-dubai-de-le-labo\/","title":{"rendered":"DESERT HIDE &#8211; 0204 &#8211; Pertenece a la familia de notas olfativas Similares a Cuir 28 Dubai  de  Le Labo \u00ae"},"content":{"rendered":"<p><span style=\"color: #000000;\"><strong>Top Note:<\/strong><\/span><\/p>\n<div>\n<div><img decoding=\"async\" src=\"https:\/\/fimgs.net\/mdimg\/sastojci\/t.156.jpg\" \/>\u00a0 cuero\u00a0 \u00a0 \u00a0<img decoding=\"async\" src=\"https:\/\/fimgs.net\/mdimg\/sastojci\/t.2.jpg\" \/>\u00a0 vetiver<\/div>\n<\/div>\n<hr \/>\n<p><span style=\"color: #000000;\"><strong>Middle Note:<\/strong><\/span><\/p>\n<div>\n<div class=\"button-group\">Show votes<\/div>\n<\/div>\n<div class=\"text-center notes-box\"><\/div>\n<div>\n<div>\n<div><img decoding=\"async\" src=\"https:\/\/fimgs.net\/mdimg\/sastojci\/t.315.jpg\" \/>\u00a0 notas amaderadas\u00a0 \u00a0 <img decoding=\"async\" src=\"https:\/\/fimgs.net\/mdimg\/sastojci\/t.4.jpg\" \/>\u00a0 almizcle<\/div>\n<\/div>\n<\/div>\n<hr \/>\n<p><span style=\"color: #000000;\"><strong>Base Note:<\/strong><\/span><\/p>\n<div><img decoding=\"async\" src=\"https:\/\/fimgs.net\/mdimg\/sastojci\/t.74.jpg\" \/>\u00a0 absoluto de vainilla<\/div>\n<p>Desert Hide &#8211; 0204 de Perfume Parlour es una fragancia de cuero para mujeres y hombres. Cuero, vetiver, notas amaderadas, almizcle, absoluto de vainilla. La fragancia combina notas ex\u00f3ticas de cuero, vetiver terroso y almizcle con un toque de vainilla para lograr un aroma lujoso y cautivador que dejar\u00e1 una impresi\u00f3n duradera. Adecuado tanto para hombres como para mujeres.<\/p>\n<h4><span class=\"fragrantica-blockquote\">\u00a0<\/span><\/h4>","protected":false},"excerpt":{"rendered":"<h6><em>Pertenece a la familia de notas olfativas Similares a\u00a0<b>Cuir 28 Dubai\u00a0<\/b>\u00a0de\u00a0\u00a0<b>Le Labo<\/b>\u00a0\u00ae<\/em><\/h6>\n<div class=\"collection-filter\">\n<div class=\"grid grid--uniform\">\n<h6 class=\"grid__item small--one-half medium-up--one-half\"><button id=\"FilterDrawerTrigger\" class=\"collection-filter__item--drawer js-drawer-open-collection-filters btn btn--tertiary\" type=\"button\" aria-controls=\"FilterDrawer\" aria-expanded=\"false\">\u00a0Filtrar<\/button><\/h6>\n<p class=\"grid__item small--one-half medium-up--one-half text-right collection-filter__item--sort\"><label class=\"hidden-label\" for=\"SortBy\">Clasificar<\/label><\/p>\n<\/div>\n<\/div>","protected":false},"featured_media":7439,"comment_status":"open","ping_status":"closed","template":"","meta":[],"product_brand":[],"product_cat":[261,171,44,128,142,150,115,232],"product_tag":[],"class_list":{"0":"post-5727","1":"product","2":"type-product","3":"status-publish","4":"has-post-thumbnail","6":"product_cat-amaderado","7":"product_cat-cuero","8":"product_cat-fragancias-para-hombres","9":"product_cat-fragancia-unisex","10":"product_cat-invierno","11":"product_cat-notas","12":"product_cat-otono","13":"product_cat-vainilla","15":"first","16":"instock","17":"shipping-taxable","18":"purchasable","19":"product-type-variable","20":"add-to-wishlist-after_add_to_cart"},"yoast_head":"<!-- This site is optimized with the Yoast SEO plugin v27.3 - https:\/\/yoast.com\/product\/yoast-seo-wordpress\/ -->\n<title>DESERT HIDE - 0204 - Pertenece a la familia de notas olfativas Similares a Cuir 28 Dubai de Le Labo \u00ae - Perfumes Parlour<\/title>\n<meta name=\"robots\" content=\"index, follow, max-snippet:-1, max-image-preview:large, max-video-preview:-1\" \/>\n<link rel=\"canonical\" href=\"https:\/\/www.perfumeparlour.es\/en\/product\/desert-hide-0204-pertenece-a-la-familia-de-notas-olfativas-similares-a-cuir-28-dubai-de-le-labo\/\" \/>\n<meta property=\"og:locale\" content=\"en_GB\" \/>\n<meta property=\"og:type\" content=\"article\" \/>\n<meta property=\"og:title\" content=\"DESERT HIDE - 0204 - Pertenece a la familia de notas olfativas Similares a Cuir 28 Dubai de Le Labo \u00ae - Perfumes Parlour\" \/>\n<meta property=\"og:description\" content=\"Pertenece a la familia de notas olfativas Similares a\u00a0Cuir 28 Dubai\u00a0\u00a0de\u00a0\u00a0Le Labo\u00a0\u00ae   \u00a0Filtrar Clasificar\" \/>\n<meta property=\"og:url\" content=\"https:\/\/www.perfumeparlour.es\/en\/product\/desert-hide-0204-pertenece-a-la-familia-de-notas-olfativas-similares-a-cuir-28-dubai-de-le-labo\/\" \/>\n<meta property=\"og:site_name\" content=\"Perfumes Parlour\" \/>\n<meta property=\"article:modified_time\" content=\"2025-10-21T06:38:06+00:00\" \/>\n<meta property=\"og:image\" content=\"https:\/\/www.perfumeparlour.es\/wp-content\/uploads\/2025\/01\/Desert-Hide-0204-scaled.webp\" \/>\n\t<meta property=\"og:image:width\" content=\"1707\" \/>\n\t<meta property=\"og:image:height\" content=\"2560\" \/>\n\t<meta property=\"og:image:type\" content=\"image\/webp\" \/>\n<meta name=\"twitter:card\" content=\"summary_large_image\" \/>\n<meta name=\"twitter:label1\" content=\"Estimated reading time\" \/>\n\t<meta name=\"twitter:data1\" content=\"2 minutes\" \/>\n<script type=\"application\/ld+json\" class=\"yoast-schema-graph\">{\"@context\":\"https:\\\/\\\/schema.org\",\"@graph\":[{\"@type\":\"WebPage\",\"@id\":\"https:\\\/\\\/www.perfumeparlour.es\\\/product\\\/desert-hide-0204-pertenece-a-la-familia-de-notas-olfativas-similares-a-cuir-28-dubai-de-le-labo\\\/\",\"url\":\"https:\\\/\\\/www.perfumeparlour.es\\\/product\\\/desert-hide-0204-pertenece-a-la-familia-de-notas-olfativas-similares-a-cuir-28-dubai-de-le-labo\\\/\",\"name\":\"DESERT HIDE - 0204 - Pertenece a la familia de notas olfativas Similares a Cuir 28 Dubai de Le Labo \u00ae - Perfumes Parlour\",\"isPartOf\":{\"@id\":\"https:\\\/\\\/www.perfumeparlour.es\\\/#website\"},\"primaryImageOfPage\":{\"@id\":\"https:\\\/\\\/www.perfumeparlour.es\\\/product\\\/desert-hide-0204-pertenece-a-la-familia-de-notas-olfativas-similares-a-cuir-28-dubai-de-le-labo\\\/#primaryimage\"},\"image\":{\"@id\":\"https:\\\/\\\/www.perfumeparlour.es\\\/product\\\/desert-hide-0204-pertenece-a-la-familia-de-notas-olfativas-similares-a-cuir-28-dubai-de-le-labo\\\/#primaryimage\"},\"thumbnailUrl\":\"https:\\\/\\\/www.perfumeparlour.es\\\/wp-content\\\/uploads\\\/2025\\\/01\\\/Desert-Hide-0204-scaled.webp\",\"datePublished\":\"2025-01-26T08:16:39+00:00\",\"dateModified\":\"2025-10-21T06:38:06+00:00\",\"breadcrumb\":{\"@id\":\"https:\\\/\\\/www.perfumeparlour.es\\\/product\\\/desert-hide-0204-pertenece-a-la-familia-de-notas-olfativas-similares-a-cuir-28-dubai-de-le-labo\\\/#breadcrumb\"},\"inLanguage\":\"en-GB\",\"potentialAction\":[{\"@type\":\"ReadAction\",\"target\":[\"https:\\\/\\\/www.perfumeparlour.es\\\/product\\\/desert-hide-0204-pertenece-a-la-familia-de-notas-olfativas-similares-a-cuir-28-dubai-de-le-labo\\\/\"]}]},{\"@type\":\"ImageObject\",\"inLanguage\":\"en-GB\",\"@id\":\"https:\\\/\\\/www.perfumeparlour.es\\\/product\\\/desert-hide-0204-pertenece-a-la-familia-de-notas-olfativas-similares-a-cuir-28-dubai-de-le-labo\\\/#primaryimage\",\"url\":\"https:\\\/\\\/www.perfumeparlour.es\\\/wp-content\\\/uploads\\\/2025\\\/01\\\/Desert-Hide-0204-scaled.webp\",\"contentUrl\":\"https:\\\/\\\/www.perfumeparlour.es\\\/wp-content\\\/uploads\\\/2025\\\/01\\\/Desert-Hide-0204-scaled.webp\",\"width\":1707,\"height\":2560},{\"@type\":\"BreadcrumbList\",\"@id\":\"https:\\\/\\\/www.perfumeparlour.es\\\/product\\\/desert-hide-0204-pertenece-a-la-familia-de-notas-olfativas-similares-a-cuir-28-dubai-de-le-labo\\\/#breadcrumb\",\"itemListElement\":[{\"@type\":\"ListItem\",\"position\":1,\"name\":\"Portada\",\"item\":\"https:\\\/\\\/www.perfumeparlour.es\\\/\"},{\"@type\":\"ListItem\",\"position\":2,\"name\":\"Tienda\",\"item\":\"https:\\\/\\\/www.perfumeparlour.es\\\/shop\\\/\"},{\"@type\":\"ListItem\",\"position\":3,\"name\":\"DESERT HIDE &#8211; 0204 &#8211; Pertenece a la familia de notas olfativas Similares a Cuir 28 Dubai de Le Labo \u00ae\"}]},{\"@type\":\"WebSite\",\"@id\":\"https:\\\/\\\/www.perfumeparlour.es\\\/#website\",\"url\":\"https:\\\/\\\/www.perfumeparlour.es\\\/\",\"name\":\"Perfumes Parlour\",\"description\":\"\",\"potentialAction\":[{\"@type\":\"SearchAction\",\"target\":{\"@type\":\"EntryPoint\",\"urlTemplate\":\"https:\\\/\\\/www.perfumeparlour.es\\\/?s={search_term_string}\"},\"query-input\":{\"@type\":\"PropertyValueSpecification\",\"valueRequired\":true,\"valueName\":\"search_term_string\"}}],\"inLanguage\":\"en-GB\"}]}<\/script>\n<!-- \/ Yoast SEO plugin. -->","yoast_head_json":{"title":"DESERT HIDE - 0204 - Pertenece a la familia de notas olfativas Similares a Cuir 28 Dubai de Le Labo \u00ae - Perfumes Parlour","robots":{"index":"index","follow":"follow","max-snippet":"max-snippet:-1","max-image-preview":"max-image-preview:large","max-video-preview":"max-video-preview:-1"},"canonical":"https:\/\/www.perfumeparlour.es\/en\/product\/desert-hide-0204-pertenece-a-la-familia-de-notas-olfativas-similares-a-cuir-28-dubai-de-le-labo\/","og_locale":"en_GB","og_type":"article","og_title":"DESERT HIDE - 0204 - Pertenece a la familia de notas olfativas Similares a Cuir 28 Dubai de Le Labo \u00ae - Perfumes Parlour","og_description":"Pertenece a la familia de notas olfativas Similares a\u00a0Cuir 28 Dubai\u00a0\u00a0de\u00a0\u00a0Le Labo\u00a0\u00ae   \u00a0Filtrar Clasificar","og_url":"https:\/\/www.perfumeparlour.es\/en\/product\/desert-hide-0204-pertenece-a-la-familia-de-notas-olfativas-similares-a-cuir-28-dubai-de-le-labo\/","og_site_name":"Perfumes Parlour","article_modified_time":"2025-10-21T06:38:06+00:00","og_image":[{"width":1707,"height":2560,"url":"https:\/\/www.perfumeparlour.es\/wp-content\/uploads\/2025\/01\/Desert-Hide-0204-scaled.webp","type":"image\/webp"}],"twitter_card":"summary_large_image","twitter_misc":{"Estimated reading time":"2 minutes"},"schema":{"@context":"https:\/\/schema.org","@graph":[{"@type":"WebPage","@id":"https:\/\/www.perfumeparlour.es\/product\/desert-hide-0204-pertenece-a-la-familia-de-notas-olfativas-similares-a-cuir-28-dubai-de-le-labo\/","url":"https:\/\/www.perfumeparlour.es\/product\/desert-hide-0204-pertenece-a-la-familia-de-notas-olfativas-similares-a-cuir-28-dubai-de-le-labo\/","name":"DESERT HIDE - 0204 - Pertenece a la familia de notas olfativas Similares a Cuir 28 Dubai de Le Labo \u00ae - Perfumes Parlour","isPartOf":{"@id":"https:\/\/www.perfumeparlour.es\/#website"},"primaryImageOfPage":{"@id":"https:\/\/www.perfumeparlour.es\/product\/desert-hide-0204-pertenece-a-la-familia-de-notas-olfativas-similares-a-cuir-28-dubai-de-le-labo\/#primaryimage"},"image":{"@id":"https:\/\/www.perfumeparlour.es\/product\/desert-hide-0204-pertenece-a-la-familia-de-notas-olfativas-similares-a-cuir-28-dubai-de-le-labo\/#primaryimage"},"thumbnailUrl":"https:\/\/www.perfumeparlour.es\/wp-content\/uploads\/2025\/01\/Desert-Hide-0204-scaled.webp","datePublished":"2025-01-26T08:16:39+00:00","dateModified":"2025-10-21T06:38:06+00:00","breadcrumb":{"@id":"https:\/\/www.perfumeparlour.es\/product\/desert-hide-0204-pertenece-a-la-familia-de-notas-olfativas-similares-a-cuir-28-dubai-de-le-labo\/#breadcrumb"},"inLanguage":"en-GB","potentialAction":[{"@type":"ReadAction","target":["https:\/\/www.perfumeparlour.es\/product\/desert-hide-0204-pertenece-a-la-familia-de-notas-olfativas-similares-a-cuir-28-dubai-de-le-labo\/"]}]},{"@type":"ImageObject","inLanguage":"en-GB","@id":"https:\/\/www.perfumeparlour.es\/product\/desert-hide-0204-pertenece-a-la-familia-de-notas-olfativas-similares-a-cuir-28-dubai-de-le-labo\/#primaryimage","url":"https:\/\/www.perfumeparlour.es\/wp-content\/uploads\/2025\/01\/Desert-Hide-0204-scaled.webp","contentUrl":"https:\/\/www.perfumeparlour.es\/wp-content\/uploads\/2025\/01\/Desert-Hide-0204-scaled.webp","width":1707,"height":2560},{"@type":"BreadcrumbList","@id":"https:\/\/www.perfumeparlour.es\/product\/desert-hide-0204-pertenece-a-la-familia-de-notas-olfativas-similares-a-cuir-28-dubai-de-le-labo\/#breadcrumb","itemListElement":[{"@type":"ListItem","position":1,"name":"Portada","item":"https:\/\/www.perfumeparlour.es\/"},{"@type":"ListItem","position":2,"name":"Tienda","item":"https:\/\/www.perfumeparlour.es\/shop\/"},{"@type":"ListItem","position":3,"name":"DESERT HIDE &#8211; 0204 &#8211; Pertenece a la familia de notas olfativas Similares a Cuir 28 Dubai de Le Labo \u00ae"}]},{"@type":"WebSite","@id":"https:\/\/www.perfumeparlour.es\/#website","url":"https:\/\/www.perfumeparlour.es\/","name":"Perfumes Parlour","description":"","potentialAction":[{"@type":"SearchAction","target":{"@type":"EntryPoint","urlTemplate":"https:\/\/www.perfumeparlour.es\/?s={search_term_string}"},"query-input":{"@type":"PropertyValueSpecification","valueRequired":true,"valueName":"search_term_string"}}],"inLanguage":"en-GB"}]}},"jetpack_sharing_enabled":true,"_links":{"self":[{"href":"https:\/\/www.perfumeparlour.es\/en\/wp-json\/wp\/v2\/product\/5727","targetHints":{"allow":["GET"]}}],"collection":[{"href":"https:\/\/www.perfumeparlour.es\/en\/wp-json\/wp\/v2\/product"}],"about":[{"href":"https:\/\/www.perfumeparlour.es\/en\/wp-json\/wp\/v2\/types\/product"}],"replies":[{"embeddable":true,"href":"https:\/\/www.perfumeparlour.es\/en\/wp-json\/wp\/v2\/comments?post=5727"}],"wp:featuredmedia":[{"embeddable":true,"href":"https:\/\/www.perfumeparlour.es\/en\/wp-json\/wp\/v2\/media\/7439"}],"wp:attachment":[{"href":"https:\/\/www.perfumeparlour.es\/en\/wp-json\/wp\/v2\/media?parent=5727"}],"wp:term":[{"taxonomy":"product_brand","embeddable":true,"href":"https:\/\/www.perfumeparlour.es\/en\/wp-json\/wp\/v2\/product_brand?post=5727"},{"taxonomy":"product_cat","embeddable":true,"href":"https:\/\/www.perfumeparlour.es\/en\/wp-json\/wp\/v2\/product_cat?post=5727"},{"taxonomy":"product_tag","embeddable":true,"href":"https:\/\/www.perfumeparlour.es\/en\/wp-json\/wp\/v2\/product_tag?post=5727"}],"curies":[{"name":"wp","href":"https:\/\/api.w.org\/{rel}","templated":true}]}}