{"id":5519,"date":"2025-01-19T08:12:58","date_gmt":"2025-01-19T08:12:58","guid":{"rendered":"https:\/\/www.perfumeparlour.es\/?post_type=product&#038;p=5519"},"modified":"2025-12-12T21:16:01","modified_gmt":"2025-12-12T21:16:01","slug":"eminent-wood-0223-pertenece-a-la-familia-de-notas-olfativas-similares-a-oud-for-greatness-initio-parfums-prives","status":"publish","type":"product","link":"https:\/\/www.perfumeparlour.es\/en\/product\/eminent-wood-0223-pertenece-a-la-familia-de-notas-olfativas-similares-a-oud-for-greatness-initio-parfums-prives\/","title":{"rendered":"EMINENT WOOD &#8211; 0223 &#8211; Pertenece a la familia de notas olfativas similares a Oud for Greatness &#8211; Initio Parfums Prives\u00ae"},"content":{"rendered":"<p><span style=\"color: #000000;\"><strong>Top Note<\/strong>:<\/span><\/p>\n<div>\n<div><img decoding=\"async\" src=\"https:\/\/fimgs.net\/mdimg\/sastojci\/t.55.jpg\" \/>\u00a0 azafr\u00e1n\u00a0 \u00a0 \u00a0<img decoding=\"async\" src=\"https:\/\/fimgs.net\/mdimg\/sastojci\/t.59.jpg\" \/>\u00a0 nuez moscada\u00a0 \u00a0 \u00a0<img decoding=\"async\" src=\"https:\/\/fimgs.net\/mdimg\/sastojci\/t.1.jpg\" \/>\u00a0 lavanda<\/div>\n<\/div>\n<hr \/>\n<p><span style=\"color: #000000;\"><strong>Middle Note:<\/strong><\/span><\/p>\n<div><img decoding=\"async\" src=\"https:\/\/fimgs.net\/mdimg\/sastojci\/t.114.jpg\" \/>\u00a0 madera de oud<\/div>\n<hr \/>\n<p><span style=\"color: #000000;\"><strong>Base Note:<\/strong><\/span><\/p>\n<div>\n<div><img decoding=\"async\" src=\"https:\/\/fimgs.net\/mdimg\/sastojci\/t.34.jpg\" \/>\u00a0 pachul\u00ed\u00a0 \u00a0 \u00a0<img decoding=\"async\" src=\"https:\/\/fimgs.net\/mdimg\/sastojci\/t.4.jpg\" \/>\u00a0 almizcle<\/div>\n<\/div>\n<div class=\"easytabs-content-item easytabs-content-item-static\" data-et-marker=\"tabs-triumphing-for-men-0929-s0\" data-et-handle=\"tabs-disclaimer\">\n<div class=\"easytabs-accordion-item\" tabindex=\"-1\" role=\"tab\" aria-labelledby=\"easytabs-slide-label-035-2\" aria-selected=\"false\"><\/div>\n<\/div>\n<p>&nbsp;<\/p>\n<h4>Esta fragancia tiene los acordes principales: picante fresco, picante c\u00e1lido, oud, pachul\u00ed, arom\u00e1tico.<\/h4>","protected":false},"excerpt":{"rendered":"<h6><em>Pertenece a la familia de notas olfativas similares a Oud for Greatness &#8211; Initio Parfums Prives\u00ae<\/em><\/h6>\n<p>&nbsp;<\/p>","protected":false},"featured_media":7304,"comment_status":"open","ping_status":"closed","template":"","meta":[],"product_brand":[],"product_cat":[261,156,211,128,142,172,115,238],"product_tag":[],"class_list":{"0":"post-5519","1":"product","2":"type-product","3":"status-publish","4":"has-post-thumbnail","6":"product_cat-amaderado","7":"product_cat-aromatico","8":"product_cat-dulce","9":"product_cat-fragancia-unisex","10":"product_cat-invierno","11":"product_cat-oriental","12":"product_cat-otono","13":"product_cat-oud","15":"first","16":"instock","17":"shipping-taxable","18":"purchasable","19":"product-type-variable","20":"add-to-wishlist-after_add_to_cart"},"yoast_head":"<!-- This site is optimized with the Yoast SEO plugin v27.3 - https:\/\/yoast.com\/product\/yoast-seo-wordpress\/ -->\n<title>EMINENT WOOD - 0223 - Pertenece a la familia de notas olfativas similares a Oud for Greatness - Initio Parfums Prives\u00ae - Perfumes Parlour<\/title>\n<meta name=\"robots\" content=\"index, follow, max-snippet:-1, max-image-preview:large, max-video-preview:-1\" \/>\n<link rel=\"canonical\" href=\"https:\/\/www.perfumeparlour.es\/en\/product\/eminent-wood-0223-pertenece-a-la-familia-de-notas-olfativas-similares-a-oud-for-greatness-initio-parfums-prives\/\" \/>\n<meta property=\"og:locale\" content=\"en_GB\" \/>\n<meta property=\"og:type\" content=\"article\" \/>\n<meta property=\"og:title\" content=\"EMINENT WOOD - 0223 - Pertenece a la familia de notas olfativas similares a Oud for Greatness - Initio Parfums Prives\u00ae - Perfumes Parlour\" \/>\n<meta property=\"og:description\" content=\"Pertenece a la familia de notas olfativas similares a Oud for Greatness - Initio Parfums Prives\u00ae &nbsp;\" \/>\n<meta property=\"og:url\" content=\"https:\/\/www.perfumeparlour.es\/en\/product\/eminent-wood-0223-pertenece-a-la-familia-de-notas-olfativas-similares-a-oud-for-greatness-initio-parfums-prives\/\" \/>\n<meta property=\"og:site_name\" content=\"Perfumes Parlour\" \/>\n<meta property=\"article:modified_time\" content=\"2025-12-12T21:16:01+00:00\" \/>\n<meta property=\"og:image\" content=\"https:\/\/www.perfumeparlour.es\/wp-content\/uploads\/2025\/01\/Eminent-Wood_7cbd6124-c30a-4478-bc9d-723ed2f572c1.webp\" \/>\n\t<meta property=\"og:image:width\" content=\"800\" \/>\n\t<meta property=\"og:image:height\" content=\"1200\" \/>\n\t<meta property=\"og:image:type\" content=\"image\/webp\" \/>\n<meta name=\"twitter:card\" content=\"summary_large_image\" \/>\n<meta name=\"twitter:label1\" content=\"Estimated reading time\" \/>\n\t<meta name=\"twitter:data1\" content=\"2 minutes\" \/>\n<script type=\"application\/ld+json\" class=\"yoast-schema-graph\">{\"@context\":\"https:\\\/\\\/schema.org\",\"@graph\":[{\"@type\":\"WebPage\",\"@id\":\"https:\\\/\\\/www.perfumeparlour.es\\\/product\\\/eminent-wood-0223-pertenece-a-la-familia-de-notas-olfativas-similares-a-oud-for-greatness-initio-parfums-prives\\\/\",\"url\":\"https:\\\/\\\/www.perfumeparlour.es\\\/product\\\/eminent-wood-0223-pertenece-a-la-familia-de-notas-olfativas-similares-a-oud-for-greatness-initio-parfums-prives\\\/\",\"name\":\"EMINENT WOOD - 0223 - Pertenece a la familia de notas olfativas similares a Oud for Greatness - Initio Parfums Prives\u00ae - Perfumes Parlour\",\"isPartOf\":{\"@id\":\"https:\\\/\\\/www.perfumeparlour.es\\\/#website\"},\"primaryImageOfPage\":{\"@id\":\"https:\\\/\\\/www.perfumeparlour.es\\\/product\\\/eminent-wood-0223-pertenece-a-la-familia-de-notas-olfativas-similares-a-oud-for-greatness-initio-parfums-prives\\\/#primaryimage\"},\"image\":{\"@id\":\"https:\\\/\\\/www.perfumeparlour.es\\\/product\\\/eminent-wood-0223-pertenece-a-la-familia-de-notas-olfativas-similares-a-oud-for-greatness-initio-parfums-prives\\\/#primaryimage\"},\"thumbnailUrl\":\"https:\\\/\\\/www.perfumeparlour.es\\\/wp-content\\\/uploads\\\/2025\\\/01\\\/Eminent-Wood_7cbd6124-c30a-4478-bc9d-723ed2f572c1.webp\",\"datePublished\":\"2025-01-19T08:12:58+00:00\",\"dateModified\":\"2025-12-12T21:16:01+00:00\",\"breadcrumb\":{\"@id\":\"https:\\\/\\\/www.perfumeparlour.es\\\/product\\\/eminent-wood-0223-pertenece-a-la-familia-de-notas-olfativas-similares-a-oud-for-greatness-initio-parfums-prives\\\/#breadcrumb\"},\"inLanguage\":\"en-GB\",\"potentialAction\":[{\"@type\":\"ReadAction\",\"target\":[\"https:\\\/\\\/www.perfumeparlour.es\\\/product\\\/eminent-wood-0223-pertenece-a-la-familia-de-notas-olfativas-similares-a-oud-for-greatness-initio-parfums-prives\\\/\"]}]},{\"@type\":\"ImageObject\",\"inLanguage\":\"en-GB\",\"@id\":\"https:\\\/\\\/www.perfumeparlour.es\\\/product\\\/eminent-wood-0223-pertenece-a-la-familia-de-notas-olfativas-similares-a-oud-for-greatness-initio-parfums-prives\\\/#primaryimage\",\"url\":\"https:\\\/\\\/www.perfumeparlour.es\\\/wp-content\\\/uploads\\\/2025\\\/01\\\/Eminent-Wood_7cbd6124-c30a-4478-bc9d-723ed2f572c1.webp\",\"contentUrl\":\"https:\\\/\\\/www.perfumeparlour.es\\\/wp-content\\\/uploads\\\/2025\\\/01\\\/Eminent-Wood_7cbd6124-c30a-4478-bc9d-723ed2f572c1.webp\",\"width\":800,\"height\":1200},{\"@type\":\"BreadcrumbList\",\"@id\":\"https:\\\/\\\/www.perfumeparlour.es\\\/product\\\/eminent-wood-0223-pertenece-a-la-familia-de-notas-olfativas-similares-a-oud-for-greatness-initio-parfums-prives\\\/#breadcrumb\",\"itemListElement\":[{\"@type\":\"ListItem\",\"position\":1,\"name\":\"Portada\",\"item\":\"https:\\\/\\\/www.perfumeparlour.es\\\/\"},{\"@type\":\"ListItem\",\"position\":2,\"name\":\"Tienda\",\"item\":\"https:\\\/\\\/www.perfumeparlour.es\\\/shop\\\/\"},{\"@type\":\"ListItem\",\"position\":3,\"name\":\"EMINENT WOOD &#8211; 0223 &#8211; Pertenece a la familia de notas olfativas similares a Oud for Greatness &#8211; Initio Parfums Prives\u00ae\"}]},{\"@type\":\"WebSite\",\"@id\":\"https:\\\/\\\/www.perfumeparlour.es\\\/#website\",\"url\":\"https:\\\/\\\/www.perfumeparlour.es\\\/\",\"name\":\"Perfumes Parlour\",\"description\":\"\",\"potentialAction\":[{\"@type\":\"SearchAction\",\"target\":{\"@type\":\"EntryPoint\",\"urlTemplate\":\"https:\\\/\\\/www.perfumeparlour.es\\\/?s={search_term_string}\"},\"query-input\":{\"@type\":\"PropertyValueSpecification\",\"valueRequired\":true,\"valueName\":\"search_term_string\"}}],\"inLanguage\":\"en-GB\"}]}<\/script>\n<!-- \/ Yoast SEO plugin. -->","yoast_head_json":{"title":"EMINENT WOOD - 0223 - Pertenece a la familia de notas olfativas similares a Oud for Greatness - Initio Parfums Prives\u00ae - Perfumes Parlour","robots":{"index":"index","follow":"follow","max-snippet":"max-snippet:-1","max-image-preview":"max-image-preview:large","max-video-preview":"max-video-preview:-1"},"canonical":"https:\/\/www.perfumeparlour.es\/en\/product\/eminent-wood-0223-pertenece-a-la-familia-de-notas-olfativas-similares-a-oud-for-greatness-initio-parfums-prives\/","og_locale":"en_GB","og_type":"article","og_title":"EMINENT WOOD - 0223 - Pertenece a la familia de notas olfativas similares a Oud for Greatness - Initio Parfums Prives\u00ae - Perfumes Parlour","og_description":"Pertenece a la familia de notas olfativas similares a Oud for Greatness - Initio Parfums Prives\u00ae &nbsp;","og_url":"https:\/\/www.perfumeparlour.es\/en\/product\/eminent-wood-0223-pertenece-a-la-familia-de-notas-olfativas-similares-a-oud-for-greatness-initio-parfums-prives\/","og_site_name":"Perfumes Parlour","article_modified_time":"2025-12-12T21:16:01+00:00","og_image":[{"width":800,"height":1200,"url":"https:\/\/www.perfumeparlour.es\/wp-content\/uploads\/2025\/01\/Eminent-Wood_7cbd6124-c30a-4478-bc9d-723ed2f572c1.webp","type":"image\/webp"}],"twitter_card":"summary_large_image","twitter_misc":{"Estimated reading time":"2 minutes"},"schema":{"@context":"https:\/\/schema.org","@graph":[{"@type":"WebPage","@id":"https:\/\/www.perfumeparlour.es\/product\/eminent-wood-0223-pertenece-a-la-familia-de-notas-olfativas-similares-a-oud-for-greatness-initio-parfums-prives\/","url":"https:\/\/www.perfumeparlour.es\/product\/eminent-wood-0223-pertenece-a-la-familia-de-notas-olfativas-similares-a-oud-for-greatness-initio-parfums-prives\/","name":"EMINENT WOOD - 0223 - Pertenece a la familia de notas olfativas similares a Oud for Greatness - Initio Parfums Prives\u00ae - Perfumes Parlour","isPartOf":{"@id":"https:\/\/www.perfumeparlour.es\/#website"},"primaryImageOfPage":{"@id":"https:\/\/www.perfumeparlour.es\/product\/eminent-wood-0223-pertenece-a-la-familia-de-notas-olfativas-similares-a-oud-for-greatness-initio-parfums-prives\/#primaryimage"},"image":{"@id":"https:\/\/www.perfumeparlour.es\/product\/eminent-wood-0223-pertenece-a-la-familia-de-notas-olfativas-similares-a-oud-for-greatness-initio-parfums-prives\/#primaryimage"},"thumbnailUrl":"https:\/\/www.perfumeparlour.es\/wp-content\/uploads\/2025\/01\/Eminent-Wood_7cbd6124-c30a-4478-bc9d-723ed2f572c1.webp","datePublished":"2025-01-19T08:12:58+00:00","dateModified":"2025-12-12T21:16:01+00:00","breadcrumb":{"@id":"https:\/\/www.perfumeparlour.es\/product\/eminent-wood-0223-pertenece-a-la-familia-de-notas-olfativas-similares-a-oud-for-greatness-initio-parfums-prives\/#breadcrumb"},"inLanguage":"en-GB","potentialAction":[{"@type":"ReadAction","target":["https:\/\/www.perfumeparlour.es\/product\/eminent-wood-0223-pertenece-a-la-familia-de-notas-olfativas-similares-a-oud-for-greatness-initio-parfums-prives\/"]}]},{"@type":"ImageObject","inLanguage":"en-GB","@id":"https:\/\/www.perfumeparlour.es\/product\/eminent-wood-0223-pertenece-a-la-familia-de-notas-olfativas-similares-a-oud-for-greatness-initio-parfums-prives\/#primaryimage","url":"https:\/\/www.perfumeparlour.es\/wp-content\/uploads\/2025\/01\/Eminent-Wood_7cbd6124-c30a-4478-bc9d-723ed2f572c1.webp","contentUrl":"https:\/\/www.perfumeparlour.es\/wp-content\/uploads\/2025\/01\/Eminent-Wood_7cbd6124-c30a-4478-bc9d-723ed2f572c1.webp","width":800,"height":1200},{"@type":"BreadcrumbList","@id":"https:\/\/www.perfumeparlour.es\/product\/eminent-wood-0223-pertenece-a-la-familia-de-notas-olfativas-similares-a-oud-for-greatness-initio-parfums-prives\/#breadcrumb","itemListElement":[{"@type":"ListItem","position":1,"name":"Portada","item":"https:\/\/www.perfumeparlour.es\/"},{"@type":"ListItem","position":2,"name":"Tienda","item":"https:\/\/www.perfumeparlour.es\/shop\/"},{"@type":"ListItem","position":3,"name":"EMINENT WOOD &#8211; 0223 &#8211; Pertenece a la familia de notas olfativas similares a Oud for Greatness &#8211; Initio Parfums Prives\u00ae"}]},{"@type":"WebSite","@id":"https:\/\/www.perfumeparlour.es\/#website","url":"https:\/\/www.perfumeparlour.es\/","name":"Perfumes Parlour","description":"","potentialAction":[{"@type":"SearchAction","target":{"@type":"EntryPoint","urlTemplate":"https:\/\/www.perfumeparlour.es\/?s={search_term_string}"},"query-input":{"@type":"PropertyValueSpecification","valueRequired":true,"valueName":"search_term_string"}}],"inLanguage":"en-GB"}]}},"jetpack_sharing_enabled":true,"_links":{"self":[{"href":"https:\/\/www.perfumeparlour.es\/en\/wp-json\/wp\/v2\/product\/5519","targetHints":{"allow":["GET"]}}],"collection":[{"href":"https:\/\/www.perfumeparlour.es\/en\/wp-json\/wp\/v2\/product"}],"about":[{"href":"https:\/\/www.perfumeparlour.es\/en\/wp-json\/wp\/v2\/types\/product"}],"replies":[{"embeddable":true,"href":"https:\/\/www.perfumeparlour.es\/en\/wp-json\/wp\/v2\/comments?post=5519"}],"wp:featuredmedia":[{"embeddable":true,"href":"https:\/\/www.perfumeparlour.es\/en\/wp-json\/wp\/v2\/media\/7304"}],"wp:attachment":[{"href":"https:\/\/www.perfumeparlour.es\/en\/wp-json\/wp\/v2\/media?parent=5519"}],"wp:term":[{"taxonomy":"product_brand","embeddable":true,"href":"https:\/\/www.perfumeparlour.es\/en\/wp-json\/wp\/v2\/product_brand?post=5519"},{"taxonomy":"product_cat","embeddable":true,"href":"https:\/\/www.perfumeparlour.es\/en\/wp-json\/wp\/v2\/product_cat?post=5519"},{"taxonomy":"product_tag","embeddable":true,"href":"https:\/\/www.perfumeparlour.es\/en\/wp-json\/wp\/v2\/product_tag?post=5519"}],"curies":[{"name":"wp","href":"https:\/\/api.w.org\/{rel}","templated":true}]}}