{"id":5466,"date":"2025-01-18T18:09:46","date_gmt":"2025-01-18T18:09:46","guid":{"rendered":"https:\/\/www.perfumeparlour.es\/?post_type=product&#038;p=5466"},"modified":"2025-09-22T06:23:12","modified_gmt":"2025-09-22T06:23:12","slug":"florence-spite-for-men-0588-pertenece-a-la-familia-de-notas-olfativas-similares-a-gucci-envy","status":"publish","type":"product","link":"https:\/\/www.perfumeparlour.es\/en\/product\/florence-spite-for-men-0588-pertenece-a-la-familia-de-notas-olfativas-similares-a-gucci-envy\/","title":{"rendered":"FLORENCE SPITE FOR MEN &#8211; 0588 &#8211; Pertenece a la familia de notas olfativas similares a Gucci Envy\u00ae"},"content":{"rendered":"<p><span style=\"color: #000000;\"><strong>Top Note<\/strong>:<\/span><\/p>\n<div>\n<div><img decoding=\"async\" src=\"https:\/\/fimgs.net\/mdimg\/sastojci\/t.62.jpg\" \/>\u00a0 jengibre\u00a0 \u00a0 \u00a0 <img decoding=\"async\" src=\"https:\/\/fimgs.net\/mdimg\/sastojci\/t.1.jpg\" \/>\u00a0 lavanda\u00a0 \u00a0 \u00a0 <img decoding=\"async\" src=\"https:\/\/fimgs.net\/mdimg\/sastojci\/t.63.jpg\" \/>\u00a0 cardamomo\u00a0 \u00a0 \u00a0<img decoding=\"async\" src=\"https:\/\/fimgs.net\/mdimg\/sastojci\/t.158.jpg\" \/>\u00a0 pimienta\u00a0 \u00a0 \u00a0<img decoding=\"async\" src=\"https:\/\/fimgs.net\/mdimg\/sastojci\/t.82.jpg\" \/>\u00a0 mandarina<\/div>\n<\/div>\n<hr \/>\n<p><span style=\"color: #000000;\"><strong>Middle Note:<\/strong><\/span><\/p>\n<div>\n<div><img decoding=\"async\" src=\"https:\/\/fimgs.net\/mdimg\/sastojci\/t.33.jpg\" \/>\u00a0 s\u00e1ndalo\u00a0 \u00a0 \u00a0 <img decoding=\"async\" src=\"https:\/\/fimgs.net\/mdimg\/sastojci\/t.41.jpg\" \/>\u00a0 cedro\u00a0 \u00a0 \u00a0 <img decoding=\"async\" src=\"https:\/\/fimgs.net\/mdimg\/sastojci\/t.7.jpg\" \/>\u00a0 clavel<\/div>\n<\/div>\n<hr \/>\n<p><span style=\"color: #000000;\"><strong>Base Note:<\/strong><\/span><\/p>\n<div>\n<div><img decoding=\"async\" src=\"https:\/\/fimgs.net\/mdimg\/sastojci\/t.68.jpg\" \/>\u00a0 incienso\u00a0 \u00a0 \u00a0 \u00a0<img decoding=\"async\" src=\"https:\/\/fimgs.net\/mdimg\/sastojci\/t.96.jpg\" \/>\u00a0 tabaco\u00a0 \u00a0 \u00a0 \u00a0<img decoding=\"async\" src=\"https:\/\/fimgs.net\/mdimg\/sastojci\/t.74.jpg\" \/>\u00a0 vainilla\u00a0 \u00a0 \u00a0 <img decoding=\"async\" src=\"https:\/\/fimgs.net\/mdimg\/sastojci\/t.54.jpg\" \/>\u00a0 \u00e1mbar\u00a0 \u00a0 \u00a0 <img decoding=\"async\" src=\"https:\/\/fimgs.net\/mdimg\/sastojci\/t.2.jpg\" \/>\u00a0 vetiver<\/div>\n<\/div>\n<div class=\"easytabs-content-item easytabs-content-item-static\" data-et-marker=\"tabs-triumphing-for-men-0929-s0\" data-et-handle=\"tabs-disclaimer\">\n<div class=\"easytabs-accordion-item\" tabindex=\"-1\" role=\"tab\" aria-labelledby=\"easytabs-slide-label-035-2\" aria-selected=\"false\"><\/div>\n<\/div>\n<p>&nbsp;<\/p>\n<h4>Este aroma es picante, pero las notas de salida frescas incluyen mandarina, cilantro, pimienta, palo de rosa, jengibre y lavanda. El coraz\u00f3n est\u00e1 compuesto por un bouquet floral de rosa y jazm\u00edn, condimentado con un poco de clavel y c\u00e1lidos matices amaderados de s\u00e1ndalo y cedro.<\/h4>","protected":false},"excerpt":{"rendered":"<h6><em>Pertenece a la familia de notas olfativas similares a Gucci Envy\u00ae<\/em><\/h6>\n<p>&nbsp;<\/p>","protected":false},"featured_media":7278,"comment_status":"open","ping_status":"closed","template":"","meta":[],"product_brand":[],"product_cat":[255,160,171,256,44,115,158,232],"product_tag":[],"class_list":{"0":"post-5466","1":"product","2":"type-product","3":"status-publish","4":"has-post-thumbnail","6":"product_cat-amaderada","7":"product_cat-citricos","8":"product_cat-cuero","9":"product_cat-descontinuado","10":"product_cat-fragancias-para-hombres","11":"product_cat-otono","12":"product_cat-primavera","13":"product_cat-vainilla","15":"first","16":"instock","17":"shipping-taxable","18":"purchasable","19":"product-type-variable","20":"add-to-wishlist-after_add_to_cart"},"yoast_head":"<!-- This site is optimized with the Yoast SEO plugin v27.3 - https:\/\/yoast.com\/product\/yoast-seo-wordpress\/ -->\n<title>FLORENCE SPITE FOR MEN - 0588 - Pertenece a la familia de notas olfativas similares a Gucci Envy\u00ae - Perfumes Parlour<\/title>\n<meta name=\"robots\" content=\"index, follow, max-snippet:-1, max-image-preview:large, max-video-preview:-1\" \/>\n<link rel=\"canonical\" href=\"https:\/\/www.perfumeparlour.es\/en\/product\/florence-spite-for-men-0588-pertenece-a-la-familia-de-notas-olfativas-similares-a-gucci-envy\/\" \/>\n<meta property=\"og:locale\" content=\"en_GB\" \/>\n<meta property=\"og:type\" content=\"article\" \/>\n<meta property=\"og:title\" content=\"FLORENCE SPITE FOR MEN - 0588 - Pertenece a la familia de notas olfativas similares a Gucci Envy\u00ae - Perfumes Parlour\" \/>\n<meta property=\"og:description\" content=\"Pertenece a la familia de notas olfativas similares a Gucci Envy\u00ae &nbsp;\" \/>\n<meta property=\"og:url\" content=\"https:\/\/www.perfumeparlour.es\/en\/product\/florence-spite-for-men-0588-pertenece-a-la-familia-de-notas-olfativas-similares-a-gucci-envy\/\" \/>\n<meta property=\"og:site_name\" content=\"Perfumes Parlour\" \/>\n<meta property=\"article:modified_time\" content=\"2025-09-22T06:23:12+00:00\" \/>\n<meta property=\"og:image\" content=\"https:\/\/www.perfumeparlour.es\/wp-content\/uploads\/2025\/01\/Florence-Spite-For-Men_bed7f5a4-64b1-4ec9-bc2f-c37fe8fbf922.webp\" \/>\n\t<meta property=\"og:image:width\" content=\"800\" \/>\n\t<meta property=\"og:image:height\" content=\"1200\" \/>\n\t<meta property=\"og:image:type\" content=\"image\/webp\" \/>\n<meta name=\"twitter:card\" content=\"summary_large_image\" \/>\n<meta name=\"twitter:label1\" content=\"Estimated reading time\" \/>\n\t<meta name=\"twitter:data1\" content=\"4 minutes\" \/>\n<script type=\"application\/ld+json\" class=\"yoast-schema-graph\">{\"@context\":\"https:\\\/\\\/schema.org\",\"@graph\":[{\"@type\":\"WebPage\",\"@id\":\"https:\\\/\\\/www.perfumeparlour.es\\\/product\\\/florence-spite-for-men-0588-pertenece-a-la-familia-de-notas-olfativas-similares-a-gucci-envy\\\/\",\"url\":\"https:\\\/\\\/www.perfumeparlour.es\\\/product\\\/florence-spite-for-men-0588-pertenece-a-la-familia-de-notas-olfativas-similares-a-gucci-envy\\\/\",\"name\":\"FLORENCE SPITE FOR MEN - 0588 - Pertenece a la familia de notas olfativas similares a Gucci Envy\u00ae - Perfumes Parlour\",\"isPartOf\":{\"@id\":\"https:\\\/\\\/www.perfumeparlour.es\\\/#website\"},\"primaryImageOfPage\":{\"@id\":\"https:\\\/\\\/www.perfumeparlour.es\\\/product\\\/florence-spite-for-men-0588-pertenece-a-la-familia-de-notas-olfativas-similares-a-gucci-envy\\\/#primaryimage\"},\"image\":{\"@id\":\"https:\\\/\\\/www.perfumeparlour.es\\\/product\\\/florence-spite-for-men-0588-pertenece-a-la-familia-de-notas-olfativas-similares-a-gucci-envy\\\/#primaryimage\"},\"thumbnailUrl\":\"https:\\\/\\\/www.perfumeparlour.es\\\/wp-content\\\/uploads\\\/2025\\\/01\\\/Florence-Spite-For-Men_bed7f5a4-64b1-4ec9-bc2f-c37fe8fbf922.webp\",\"datePublished\":\"2025-01-18T18:09:46+00:00\",\"dateModified\":\"2025-09-22T06:23:12+00:00\",\"breadcrumb\":{\"@id\":\"https:\\\/\\\/www.perfumeparlour.es\\\/product\\\/florence-spite-for-men-0588-pertenece-a-la-familia-de-notas-olfativas-similares-a-gucci-envy\\\/#breadcrumb\"},\"inLanguage\":\"en-GB\",\"potentialAction\":[{\"@type\":\"ReadAction\",\"target\":[\"https:\\\/\\\/www.perfumeparlour.es\\\/product\\\/florence-spite-for-men-0588-pertenece-a-la-familia-de-notas-olfativas-similares-a-gucci-envy\\\/\"]}]},{\"@type\":\"ImageObject\",\"inLanguage\":\"en-GB\",\"@id\":\"https:\\\/\\\/www.perfumeparlour.es\\\/product\\\/florence-spite-for-men-0588-pertenece-a-la-familia-de-notas-olfativas-similares-a-gucci-envy\\\/#primaryimage\",\"url\":\"https:\\\/\\\/www.perfumeparlour.es\\\/wp-content\\\/uploads\\\/2025\\\/01\\\/Florence-Spite-For-Men_bed7f5a4-64b1-4ec9-bc2f-c37fe8fbf922.webp\",\"contentUrl\":\"https:\\\/\\\/www.perfumeparlour.es\\\/wp-content\\\/uploads\\\/2025\\\/01\\\/Florence-Spite-For-Men_bed7f5a4-64b1-4ec9-bc2f-c37fe8fbf922.webp\",\"width\":800,\"height\":1200},{\"@type\":\"BreadcrumbList\",\"@id\":\"https:\\\/\\\/www.perfumeparlour.es\\\/product\\\/florence-spite-for-men-0588-pertenece-a-la-familia-de-notas-olfativas-similares-a-gucci-envy\\\/#breadcrumb\",\"itemListElement\":[{\"@type\":\"ListItem\",\"position\":1,\"name\":\"Portada\",\"item\":\"https:\\\/\\\/www.perfumeparlour.es\\\/\"},{\"@type\":\"ListItem\",\"position\":2,\"name\":\"Tienda\",\"item\":\"https:\\\/\\\/www.perfumeparlour.es\\\/shop\\\/\"},{\"@type\":\"ListItem\",\"position\":3,\"name\":\"FLORENCE SPITE FOR MEN &#8211; 0588 &#8211; Pertenece a la familia de notas olfativas similares a Gucci Envy\u00ae\"}]},{\"@type\":\"WebSite\",\"@id\":\"https:\\\/\\\/www.perfumeparlour.es\\\/#website\",\"url\":\"https:\\\/\\\/www.perfumeparlour.es\\\/\",\"name\":\"Perfumes Parlour\",\"description\":\"\",\"potentialAction\":[{\"@type\":\"SearchAction\",\"target\":{\"@type\":\"EntryPoint\",\"urlTemplate\":\"https:\\\/\\\/www.perfumeparlour.es\\\/?s={search_term_string}\"},\"query-input\":{\"@type\":\"PropertyValueSpecification\",\"valueRequired\":true,\"valueName\":\"search_term_string\"}}],\"inLanguage\":\"en-GB\"}]}<\/script>\n<!-- \/ Yoast SEO plugin. -->","yoast_head_json":{"title":"FLORENCE SPITE FOR MEN - 0588 - Pertenece a la familia de notas olfativas similares a Gucci Envy\u00ae - Perfumes Parlour","robots":{"index":"index","follow":"follow","max-snippet":"max-snippet:-1","max-image-preview":"max-image-preview:large","max-video-preview":"max-video-preview:-1"},"canonical":"https:\/\/www.perfumeparlour.es\/en\/product\/florence-spite-for-men-0588-pertenece-a-la-familia-de-notas-olfativas-similares-a-gucci-envy\/","og_locale":"en_GB","og_type":"article","og_title":"FLORENCE SPITE FOR MEN - 0588 - Pertenece a la familia de notas olfativas similares a Gucci Envy\u00ae - Perfumes Parlour","og_description":"Pertenece a la familia de notas olfativas similares a Gucci Envy\u00ae &nbsp;","og_url":"https:\/\/www.perfumeparlour.es\/en\/product\/florence-spite-for-men-0588-pertenece-a-la-familia-de-notas-olfativas-similares-a-gucci-envy\/","og_site_name":"Perfumes Parlour","article_modified_time":"2025-09-22T06:23:12+00:00","og_image":[{"width":800,"height":1200,"url":"https:\/\/www.perfumeparlour.es\/wp-content\/uploads\/2025\/01\/Florence-Spite-For-Men_bed7f5a4-64b1-4ec9-bc2f-c37fe8fbf922.webp","type":"image\/webp"}],"twitter_card":"summary_large_image","twitter_misc":{"Estimated reading time":"4 minutes"},"schema":{"@context":"https:\/\/schema.org","@graph":[{"@type":"WebPage","@id":"https:\/\/www.perfumeparlour.es\/product\/florence-spite-for-men-0588-pertenece-a-la-familia-de-notas-olfativas-similares-a-gucci-envy\/","url":"https:\/\/www.perfumeparlour.es\/product\/florence-spite-for-men-0588-pertenece-a-la-familia-de-notas-olfativas-similares-a-gucci-envy\/","name":"FLORENCE SPITE FOR MEN - 0588 - Pertenece a la familia de notas olfativas similares a Gucci Envy\u00ae - Perfumes Parlour","isPartOf":{"@id":"https:\/\/www.perfumeparlour.es\/#website"},"primaryImageOfPage":{"@id":"https:\/\/www.perfumeparlour.es\/product\/florence-spite-for-men-0588-pertenece-a-la-familia-de-notas-olfativas-similares-a-gucci-envy\/#primaryimage"},"image":{"@id":"https:\/\/www.perfumeparlour.es\/product\/florence-spite-for-men-0588-pertenece-a-la-familia-de-notas-olfativas-similares-a-gucci-envy\/#primaryimage"},"thumbnailUrl":"https:\/\/www.perfumeparlour.es\/wp-content\/uploads\/2025\/01\/Florence-Spite-For-Men_bed7f5a4-64b1-4ec9-bc2f-c37fe8fbf922.webp","datePublished":"2025-01-18T18:09:46+00:00","dateModified":"2025-09-22T06:23:12+00:00","breadcrumb":{"@id":"https:\/\/www.perfumeparlour.es\/product\/florence-spite-for-men-0588-pertenece-a-la-familia-de-notas-olfativas-similares-a-gucci-envy\/#breadcrumb"},"inLanguage":"en-GB","potentialAction":[{"@type":"ReadAction","target":["https:\/\/www.perfumeparlour.es\/product\/florence-spite-for-men-0588-pertenece-a-la-familia-de-notas-olfativas-similares-a-gucci-envy\/"]}]},{"@type":"ImageObject","inLanguage":"en-GB","@id":"https:\/\/www.perfumeparlour.es\/product\/florence-spite-for-men-0588-pertenece-a-la-familia-de-notas-olfativas-similares-a-gucci-envy\/#primaryimage","url":"https:\/\/www.perfumeparlour.es\/wp-content\/uploads\/2025\/01\/Florence-Spite-For-Men_bed7f5a4-64b1-4ec9-bc2f-c37fe8fbf922.webp","contentUrl":"https:\/\/www.perfumeparlour.es\/wp-content\/uploads\/2025\/01\/Florence-Spite-For-Men_bed7f5a4-64b1-4ec9-bc2f-c37fe8fbf922.webp","width":800,"height":1200},{"@type":"BreadcrumbList","@id":"https:\/\/www.perfumeparlour.es\/product\/florence-spite-for-men-0588-pertenece-a-la-familia-de-notas-olfativas-similares-a-gucci-envy\/#breadcrumb","itemListElement":[{"@type":"ListItem","position":1,"name":"Portada","item":"https:\/\/www.perfumeparlour.es\/"},{"@type":"ListItem","position":2,"name":"Tienda","item":"https:\/\/www.perfumeparlour.es\/shop\/"},{"@type":"ListItem","position":3,"name":"FLORENCE SPITE FOR MEN &#8211; 0588 &#8211; Pertenece a la familia de notas olfativas similares a Gucci Envy\u00ae"}]},{"@type":"WebSite","@id":"https:\/\/www.perfumeparlour.es\/#website","url":"https:\/\/www.perfumeparlour.es\/","name":"Perfumes Parlour","description":"","potentialAction":[{"@type":"SearchAction","target":{"@type":"EntryPoint","urlTemplate":"https:\/\/www.perfumeparlour.es\/?s={search_term_string}"},"query-input":{"@type":"PropertyValueSpecification","valueRequired":true,"valueName":"search_term_string"}}],"inLanguage":"en-GB"}]}},"jetpack_sharing_enabled":true,"_links":{"self":[{"href":"https:\/\/www.perfumeparlour.es\/en\/wp-json\/wp\/v2\/product\/5466","targetHints":{"allow":["GET"]}}],"collection":[{"href":"https:\/\/www.perfumeparlour.es\/en\/wp-json\/wp\/v2\/product"}],"about":[{"href":"https:\/\/www.perfumeparlour.es\/en\/wp-json\/wp\/v2\/types\/product"}],"replies":[{"embeddable":true,"href":"https:\/\/www.perfumeparlour.es\/en\/wp-json\/wp\/v2\/comments?post=5466"}],"wp:featuredmedia":[{"embeddable":true,"href":"https:\/\/www.perfumeparlour.es\/en\/wp-json\/wp\/v2\/media\/7278"}],"wp:attachment":[{"href":"https:\/\/www.perfumeparlour.es\/en\/wp-json\/wp\/v2\/media?parent=5466"}],"wp:term":[{"taxonomy":"product_brand","embeddable":true,"href":"https:\/\/www.perfumeparlour.es\/en\/wp-json\/wp\/v2\/product_brand?post=5466"},{"taxonomy":"product_cat","embeddable":true,"href":"https:\/\/www.perfumeparlour.es\/en\/wp-json\/wp\/v2\/product_cat?post=5466"},{"taxonomy":"product_tag","embeddable":true,"href":"https:\/\/www.perfumeparlour.es\/en\/wp-json\/wp\/v2\/product_tag?post=5466"}],"curies":[{"name":"wp","href":"https:\/\/api.w.org\/{rel}","templated":true}]}}