{"id":5405,"date":"2025-01-11T17:43:49","date_gmt":"2025-01-11T17:43:49","guid":{"rendered":"https:\/\/www.perfumeparlour.es\/?post_type=product&#038;p=5405"},"modified":"2025-12-12T21:17:23","modified_gmt":"2025-12-12T21:17:23","slug":"8th-avenue-for-women-0130-pertenece-a-la-familia-de-notas-olfativas-similares-a-champs-elysees","status":"publish","type":"product","link":"https:\/\/www.perfumeparlour.es\/en\/product\/8th-avenue-for-women-0130-pertenece-a-la-familia-de-notas-olfativas-similares-a-champs-elysees\/","title":{"rendered":"8th AVENUE FOR WOMEN &#8211; 0130 &#8211; Pertenece a la familia de notas olfativas similares a Champs Elysees by Guerlain\u00ae"},"content":{"rendered":"<p><span style=\"color: #000000;\"><strong>Top Note<\/strong>:<\/span><\/p>\n<div>\n<div><img decoding=\"async\" src=\"https:\/\/fimgs.net\/mdimg\/sastojci\/t.172.jpg\" \/>\u00a0 mel\u00f3n\u00a0 \u00a0 <img decoding=\"async\" src=\"https:\/\/fimgs.net\/mdimg\/sastojci\/t.117.jpg\" \/>\u00a0 durazno (melocot\u00f3n)\u00a0 \u00a0 \u00a0<img decoding=\"async\" src=\"https:\/\/fimgs.net\/mdimg\/sastojci\/t.130.jpg\" \/>\u00a0 almendra\u00a0 \u00a0 \u00a0<img decoding=\"async\" src=\"https:\/\/fimgs.net\/mdimg\/sastojci\/t.116.jpg\" \/>\u00a0 violeta<\/div>\n<\/div>\n<hr \/>\n<p><span style=\"color: #000000;\"><strong>Middle Note:<\/strong><\/span><\/p>\n<div>\n<div><img decoding=\"async\" src=\"https:\/\/fimgs.net\/mdimg\/sastojci\/t.152.jpg\" \/>\u00a0 lila\u00a0 \u00a0 \u00a0 <img decoding=\"async\" src=\"https:\/\/fimgs.net\/mdimg\/sastojci\/t.167.jpg\" \/>\u00a0 mimosa\u00a0 \u00a0 \u00a0 <img decoding=\"async\" src=\"https:\/\/fimgs.net\/mdimg\/sastojci\/t.109.jpg\" \/>\u00a0 lirio de los valles (muguete)<\/div>\n<\/div>\n<hr \/>\n<p><span style=\"color: #000000;\"><strong>Base Note:<\/strong><\/span><\/p>\n<div>\n<div><img decoding=\"async\" src=\"https:\/\/fimgs.net\/mdimg\/sastojci\/t.74.jpg\" \/>\u00a0 vainilla\u00a0 \u00a0 \u00a0 \u00a0<img decoding=\"async\" src=\"https:\/\/fimgs.net\/mdimg\/sastojci\/t.33.jpg\" \/>\u00a0 s\u00e1ndalo\u00a0 \u00a0 \u00a0<img decoding=\"async\" src=\"https:\/\/fimgs.net\/mdimg\/sastojci\/t.327.jpg\" \/>\u00a0 \u00e1rbol del almendro\u00a0 \u00a0 \u00a0 <img decoding=\"async\" src=\"https:\/\/fimgs.net\/mdimg\/sastojci\/t.69.jpg\" \/>\u00a0 benju\u00ed<\/div>\n<\/div>\n<div class=\"easytabs-content-item easytabs-content-item-static\" data-et-marker=\"tabs-triumphing-for-men-0929-s0\" data-et-handle=\"tabs-disclaimer\">\n<div class=\"easytabs-accordion-item\" tabindex=\"-1\" role=\"tab\" aria-labelledby=\"easytabs-slide-label-035-2\" aria-selected=\"false\"><\/div>\n<\/div>\n<p>&nbsp;<\/p>\n<h4>Fragancia delicada afrutada y floral. A la mimosa, la rosa, la almendra y los frutos del bosque les siguen el mel\u00f3n y las frutas ex\u00f3ticas. Es un perfume de d\u00eda. Lote revisado 03\/2021<\/h4>","protected":false},"excerpt":{"rendered":"<h6><em>Pertenece a la familia de notas olfativas similares a Champs Elyseesby by Guerlain\u00ae<\/em><\/h6>\n<p>&nbsp;<\/p>","protected":false},"featured_media":7247,"comment_status":"open","ping_status":"closed","template":"","meta":[],"product_brand":[],"product_cat":[261,284,168,47,158,159],"product_tag":[],"class_list":{"0":"post-5405","1":"product","2":"type-product","3":"status-publish","4":"has-post-thumbnail","6":"product_cat-amaderado","7":"product_cat-empolvado","8":"product_cat-floral","9":"product_cat-fragancia-para-mujer","10":"product_cat-primavera","11":"product_cat-verano","13":"first","14":"instock","15":"shipping-taxable","16":"purchasable","17":"product-type-variable","18":"add-to-wishlist-after_add_to_cart"},"yoast_head":"<!-- This site is optimized with the Yoast SEO plugin v27.3 - https:\/\/yoast.com\/product\/yoast-seo-wordpress\/ -->\n<title>8th AVENUE FOR WOMEN - 0130 - Pertenece a la familia de notas olfativas similares a Champs Elysees by Guerlain\u00ae - Perfumes Parlour<\/title>\n<meta name=\"robots\" content=\"index, follow, max-snippet:-1, max-image-preview:large, max-video-preview:-1\" \/>\n<link rel=\"canonical\" href=\"https:\/\/www.perfumeparlour.es\/en\/product\/8th-avenue-for-women-0130-pertenece-a-la-familia-de-notas-olfativas-similares-a-champs-elysees\/\" \/>\n<meta property=\"og:locale\" content=\"en_GB\" \/>\n<meta property=\"og:type\" content=\"article\" \/>\n<meta property=\"og:title\" content=\"8th AVENUE FOR WOMEN - 0130 - Pertenece a la familia de notas olfativas similares a Champs Elysees by Guerlain\u00ae - Perfumes Parlour\" \/>\n<meta property=\"og:description\" content=\"Pertenece a la familia de notas olfativas similares a Champs Elyseesby by Guerlain\u00ae &nbsp;\" \/>\n<meta property=\"og:url\" content=\"https:\/\/www.perfumeparlour.es\/en\/product\/8th-avenue-for-women-0130-pertenece-a-la-familia-de-notas-olfativas-similares-a-champs-elysees\/\" \/>\n<meta property=\"og:site_name\" content=\"Perfumes Parlour\" \/>\n<meta property=\"article:modified_time\" content=\"2025-12-12T21:17:23+00:00\" \/>\n<meta property=\"og:image\" content=\"https:\/\/www.perfumeparlour.es\/wp-content\/uploads\/2025\/01\/8th-Avenue-For-Women_c5081d22-f2af-49ad-9cfd-3bb42e90c96a.webp\" \/>\n\t<meta property=\"og:image:width\" content=\"800\" \/>\n\t<meta property=\"og:image:height\" content=\"1200\" \/>\n\t<meta property=\"og:image:type\" content=\"image\/webp\" \/>\n<meta name=\"twitter:card\" content=\"summary_large_image\" \/>\n<meta name=\"twitter:label1\" content=\"Estimated reading time\" \/>\n\t<meta name=\"twitter:data1\" content=\"3 minutes\" \/>\n<script type=\"application\/ld+json\" class=\"yoast-schema-graph\">{\"@context\":\"https:\\\/\\\/schema.org\",\"@graph\":[{\"@type\":\"WebPage\",\"@id\":\"https:\\\/\\\/www.perfumeparlour.es\\\/product\\\/8th-avenue-for-women-0130-pertenece-a-la-familia-de-notas-olfativas-similares-a-champs-elysees\\\/\",\"url\":\"https:\\\/\\\/www.perfumeparlour.es\\\/product\\\/8th-avenue-for-women-0130-pertenece-a-la-familia-de-notas-olfativas-similares-a-champs-elysees\\\/\",\"name\":\"8th AVENUE FOR WOMEN - 0130 - Pertenece a la familia de notas olfativas similares a Champs Elysees by Guerlain\u00ae - Perfumes Parlour\",\"isPartOf\":{\"@id\":\"https:\\\/\\\/www.perfumeparlour.es\\\/#website\"},\"primaryImageOfPage\":{\"@id\":\"https:\\\/\\\/www.perfumeparlour.es\\\/product\\\/8th-avenue-for-women-0130-pertenece-a-la-familia-de-notas-olfativas-similares-a-champs-elysees\\\/#primaryimage\"},\"image\":{\"@id\":\"https:\\\/\\\/www.perfumeparlour.es\\\/product\\\/8th-avenue-for-women-0130-pertenece-a-la-familia-de-notas-olfativas-similares-a-champs-elysees\\\/#primaryimage\"},\"thumbnailUrl\":\"https:\\\/\\\/www.perfumeparlour.es\\\/wp-content\\\/uploads\\\/2025\\\/01\\\/8th-Avenue-For-Women_c5081d22-f2af-49ad-9cfd-3bb42e90c96a.webp\",\"datePublished\":\"2025-01-11T17:43:49+00:00\",\"dateModified\":\"2025-12-12T21:17:23+00:00\",\"breadcrumb\":{\"@id\":\"https:\\\/\\\/www.perfumeparlour.es\\\/product\\\/8th-avenue-for-women-0130-pertenece-a-la-familia-de-notas-olfativas-similares-a-champs-elysees\\\/#breadcrumb\"},\"inLanguage\":\"en-GB\",\"potentialAction\":[{\"@type\":\"ReadAction\",\"target\":[\"https:\\\/\\\/www.perfumeparlour.es\\\/product\\\/8th-avenue-for-women-0130-pertenece-a-la-familia-de-notas-olfativas-similares-a-champs-elysees\\\/\"]}]},{\"@type\":\"ImageObject\",\"inLanguage\":\"en-GB\",\"@id\":\"https:\\\/\\\/www.perfumeparlour.es\\\/product\\\/8th-avenue-for-women-0130-pertenece-a-la-familia-de-notas-olfativas-similares-a-champs-elysees\\\/#primaryimage\",\"url\":\"https:\\\/\\\/www.perfumeparlour.es\\\/wp-content\\\/uploads\\\/2025\\\/01\\\/8th-Avenue-For-Women_c5081d22-f2af-49ad-9cfd-3bb42e90c96a.webp\",\"contentUrl\":\"https:\\\/\\\/www.perfumeparlour.es\\\/wp-content\\\/uploads\\\/2025\\\/01\\\/8th-Avenue-For-Women_c5081d22-f2af-49ad-9cfd-3bb42e90c96a.webp\",\"width\":800,\"height\":1200},{\"@type\":\"BreadcrumbList\",\"@id\":\"https:\\\/\\\/www.perfumeparlour.es\\\/product\\\/8th-avenue-for-women-0130-pertenece-a-la-familia-de-notas-olfativas-similares-a-champs-elysees\\\/#breadcrumb\",\"itemListElement\":[{\"@type\":\"ListItem\",\"position\":1,\"name\":\"Portada\",\"item\":\"https:\\\/\\\/www.perfumeparlour.es\\\/\"},{\"@type\":\"ListItem\",\"position\":2,\"name\":\"Tienda\",\"item\":\"https:\\\/\\\/www.perfumeparlour.es\\\/shop\\\/\"},{\"@type\":\"ListItem\",\"position\":3,\"name\":\"8th AVENUE FOR WOMEN &#8211; 0130 &#8211; Pertenece a la familia de notas olfativas similares a Champs Elysees by Guerlain\u00ae\"}]},{\"@type\":\"WebSite\",\"@id\":\"https:\\\/\\\/www.perfumeparlour.es\\\/#website\",\"url\":\"https:\\\/\\\/www.perfumeparlour.es\\\/\",\"name\":\"Perfumes Parlour\",\"description\":\"\",\"potentialAction\":[{\"@type\":\"SearchAction\",\"target\":{\"@type\":\"EntryPoint\",\"urlTemplate\":\"https:\\\/\\\/www.perfumeparlour.es\\\/?s={search_term_string}\"},\"query-input\":{\"@type\":\"PropertyValueSpecification\",\"valueRequired\":true,\"valueName\":\"search_term_string\"}}],\"inLanguage\":\"en-GB\"}]}<\/script>\n<!-- \/ Yoast SEO plugin. -->","yoast_head_json":{"title":"8th AVENUE FOR WOMEN - 0130 - Pertenece a la familia de notas olfativas similares a Champs Elysees by Guerlain\u00ae - Perfumes Parlour","robots":{"index":"index","follow":"follow","max-snippet":"max-snippet:-1","max-image-preview":"max-image-preview:large","max-video-preview":"max-video-preview:-1"},"canonical":"https:\/\/www.perfumeparlour.es\/en\/product\/8th-avenue-for-women-0130-pertenece-a-la-familia-de-notas-olfativas-similares-a-champs-elysees\/","og_locale":"en_GB","og_type":"article","og_title":"8th AVENUE FOR WOMEN - 0130 - Pertenece a la familia de notas olfativas similares a Champs Elysees by Guerlain\u00ae - Perfumes Parlour","og_description":"Pertenece a la familia de notas olfativas similares a Champs Elyseesby by Guerlain\u00ae &nbsp;","og_url":"https:\/\/www.perfumeparlour.es\/en\/product\/8th-avenue-for-women-0130-pertenece-a-la-familia-de-notas-olfativas-similares-a-champs-elysees\/","og_site_name":"Perfumes Parlour","article_modified_time":"2025-12-12T21:17:23+00:00","og_image":[{"width":800,"height":1200,"url":"https:\/\/www.perfumeparlour.es\/wp-content\/uploads\/2025\/01\/8th-Avenue-For-Women_c5081d22-f2af-49ad-9cfd-3bb42e90c96a.webp","type":"image\/webp"}],"twitter_card":"summary_large_image","twitter_misc":{"Estimated reading time":"3 minutes"},"schema":{"@context":"https:\/\/schema.org","@graph":[{"@type":"WebPage","@id":"https:\/\/www.perfumeparlour.es\/product\/8th-avenue-for-women-0130-pertenece-a-la-familia-de-notas-olfativas-similares-a-champs-elysees\/","url":"https:\/\/www.perfumeparlour.es\/product\/8th-avenue-for-women-0130-pertenece-a-la-familia-de-notas-olfativas-similares-a-champs-elysees\/","name":"8th AVENUE FOR WOMEN - 0130 - Pertenece a la familia de notas olfativas similares a Champs Elysees by Guerlain\u00ae - Perfumes Parlour","isPartOf":{"@id":"https:\/\/www.perfumeparlour.es\/#website"},"primaryImageOfPage":{"@id":"https:\/\/www.perfumeparlour.es\/product\/8th-avenue-for-women-0130-pertenece-a-la-familia-de-notas-olfativas-similares-a-champs-elysees\/#primaryimage"},"image":{"@id":"https:\/\/www.perfumeparlour.es\/product\/8th-avenue-for-women-0130-pertenece-a-la-familia-de-notas-olfativas-similares-a-champs-elysees\/#primaryimage"},"thumbnailUrl":"https:\/\/www.perfumeparlour.es\/wp-content\/uploads\/2025\/01\/8th-Avenue-For-Women_c5081d22-f2af-49ad-9cfd-3bb42e90c96a.webp","datePublished":"2025-01-11T17:43:49+00:00","dateModified":"2025-12-12T21:17:23+00:00","breadcrumb":{"@id":"https:\/\/www.perfumeparlour.es\/product\/8th-avenue-for-women-0130-pertenece-a-la-familia-de-notas-olfativas-similares-a-champs-elysees\/#breadcrumb"},"inLanguage":"en-GB","potentialAction":[{"@type":"ReadAction","target":["https:\/\/www.perfumeparlour.es\/product\/8th-avenue-for-women-0130-pertenece-a-la-familia-de-notas-olfativas-similares-a-champs-elysees\/"]}]},{"@type":"ImageObject","inLanguage":"en-GB","@id":"https:\/\/www.perfumeparlour.es\/product\/8th-avenue-for-women-0130-pertenece-a-la-familia-de-notas-olfativas-similares-a-champs-elysees\/#primaryimage","url":"https:\/\/www.perfumeparlour.es\/wp-content\/uploads\/2025\/01\/8th-Avenue-For-Women_c5081d22-f2af-49ad-9cfd-3bb42e90c96a.webp","contentUrl":"https:\/\/www.perfumeparlour.es\/wp-content\/uploads\/2025\/01\/8th-Avenue-For-Women_c5081d22-f2af-49ad-9cfd-3bb42e90c96a.webp","width":800,"height":1200},{"@type":"BreadcrumbList","@id":"https:\/\/www.perfumeparlour.es\/product\/8th-avenue-for-women-0130-pertenece-a-la-familia-de-notas-olfativas-similares-a-champs-elysees\/#breadcrumb","itemListElement":[{"@type":"ListItem","position":1,"name":"Portada","item":"https:\/\/www.perfumeparlour.es\/"},{"@type":"ListItem","position":2,"name":"Tienda","item":"https:\/\/www.perfumeparlour.es\/shop\/"},{"@type":"ListItem","position":3,"name":"8th AVENUE FOR WOMEN &#8211; 0130 &#8211; Pertenece a la familia de notas olfativas similares a Champs Elysees by Guerlain\u00ae"}]},{"@type":"WebSite","@id":"https:\/\/www.perfumeparlour.es\/#website","url":"https:\/\/www.perfumeparlour.es\/","name":"Perfumes Parlour","description":"","potentialAction":[{"@type":"SearchAction","target":{"@type":"EntryPoint","urlTemplate":"https:\/\/www.perfumeparlour.es\/?s={search_term_string}"},"query-input":{"@type":"PropertyValueSpecification","valueRequired":true,"valueName":"search_term_string"}}],"inLanguage":"en-GB"}]}},"jetpack_sharing_enabled":true,"_links":{"self":[{"href":"https:\/\/www.perfumeparlour.es\/en\/wp-json\/wp\/v2\/product\/5405","targetHints":{"allow":["GET"]}}],"collection":[{"href":"https:\/\/www.perfumeparlour.es\/en\/wp-json\/wp\/v2\/product"}],"about":[{"href":"https:\/\/www.perfumeparlour.es\/en\/wp-json\/wp\/v2\/types\/product"}],"replies":[{"embeddable":true,"href":"https:\/\/www.perfumeparlour.es\/en\/wp-json\/wp\/v2\/comments?post=5405"}],"wp:featuredmedia":[{"embeddable":true,"href":"https:\/\/www.perfumeparlour.es\/en\/wp-json\/wp\/v2\/media\/7247"}],"wp:attachment":[{"href":"https:\/\/www.perfumeparlour.es\/en\/wp-json\/wp\/v2\/media?parent=5405"}],"wp:term":[{"taxonomy":"product_brand","embeddable":true,"href":"https:\/\/www.perfumeparlour.es\/en\/wp-json\/wp\/v2\/product_brand?post=5405"},{"taxonomy":"product_cat","embeddable":true,"href":"https:\/\/www.perfumeparlour.es\/en\/wp-json\/wp\/v2\/product_cat?post=5405"},{"taxonomy":"product_tag","embeddable":true,"href":"https:\/\/www.perfumeparlour.es\/en\/wp-json\/wp\/v2\/product_tag?post=5405"}],"curies":[{"name":"wp","href":"https:\/\/api.w.org\/{rel}","templated":true}]}}