{"id":5235,"date":"2025-01-06T09:47:26","date_gmt":"2025-01-06T09:47:26","guid":{"rendered":"https:\/\/www.perfumeparlour.es\/?post_type=product&#038;p=5235"},"modified":"2025-09-20T19:45:38","modified_gmt":"2025-09-20T19:45:38","slug":"i-love-you-for-women-0263-pertenece-a-la-familia-de-notas-olfativas-similares-a-jadore","status":"publish","type":"product","link":"https:\/\/www.perfumeparlour.es\/en\/product\/i-love-you-for-women-0263-pertenece-a-la-familia-de-notas-olfativas-similares-a-jadore\/","title":{"rendered":"I LOVE YOU FOR WOMEN &#8211; 0263 &#8211; Pertenece a la familia de notas olfativas similares a Jadore Dior\u00ae"},"content":{"rendered":"<p><span style=\"color: #000000;\"><strong>Top Note<\/strong>:<\/span><\/p>\n<div>\n<div><img decoding=\"async\" src=\"https:\/\/fimgs.net\/mdimg\/sastojci\/t.182.jpg\" \/><\/div>\n<div>pera<\/div>\n<\/div>\n<div>\n<div><img decoding=\"async\" src=\"https:\/\/fimgs.net\/mdimg\/sastojci\/t.172.jpg\" \/><\/div>\n<div>mel\u00f3n<\/div>\n<\/div>\n<div>\n<div><img decoding=\"async\" src=\"https:\/\/fimgs.net\/mdimg\/sastojci\/t.147.jpg\" \/><\/div>\n<div>magnolia<\/div>\n<\/div>\n<div>\n<div><img decoding=\"async\" src=\"https:\/\/fimgs.net\/mdimg\/sastojci\/t.117.jpg\" \/><\/div>\n<div>durazno (melocot\u00f3n)<\/div>\n<\/div>\n<hr \/>\n<p><span style=\"color: #000000;\"><strong>Middle Note:<\/strong><\/span><\/p>\n<div>\n<div><img decoding=\"async\" src=\"https:\/\/fimgs.net\/mdimg\/sastojci\/t.14.jpg\" \/><\/div>\n<div>jazm\u00edn<\/div>\n<\/div>\n<div>\n<div><img decoding=\"async\" src=\"https:\/\/fimgs.net\/mdimg\/sastojci\/t.109.jpg\" \/><\/div>\n<div>lirio de los valles (muguete)<\/div>\n<\/div>\n<div>\n<div><img decoding=\"async\" src=\"https:\/\/fimgs.net\/mdimg\/sastojci\/t.25.jpg\" \/><\/div>\n<div>nardos<\/div>\n<\/div>\n<div>\n<div><img decoding=\"async\" src=\"https:\/\/fimgs.net\/mdimg\/sastojci\/t.94.jpg\" \/><\/div>\n<div>fresia<\/div>\n<\/div>\n<div>\n<div><img decoding=\"async\" src=\"https:\/\/fimgs.net\/mdimg\/sastojci\/t.105.jpg\" \/><\/div>\n<div>rosa<\/div>\n<\/div>\n<hr \/>\n<p><span style=\"color: #000000;\"><strong>Base Note:<\/strong><\/span><\/p>\n<div>\n<div><img decoding=\"async\" src=\"https:\/\/fimgs.net\/mdimg\/sastojci\/t.4.jpg\" \/><\/div>\n<div>almizcle<\/div>\n<\/div>\n<div>\n<div><img decoding=\"async\" src=\"https:\/\/fimgs.net\/mdimg\/sastojci\/t.74.jpg\" \/><\/div>\n<div>vainilla<\/div>\n<\/div>\n<div>\n<div><img decoding=\"async\" src=\"https:\/\/fimgs.net\/mdimg\/sastojci\/t.41.jpg\" \/><\/div>\n<div>cedro<\/div>\n<\/div>\n<div>\n<div><img decoding=\"async\" src=\"https:\/\/fimgs.net\/mdimg\/sastojci\/t.169.jpg\" \/><\/div>\n<div>zarzamora (frambuesa negra)<\/div>\n<\/div>\n<div class=\"easytabs-content-item easytabs-content-item-static\" data-et-marker=\"tabs-triumphing-for-men-0929-s0\" data-et-handle=\"tabs-disclaimer\">\n<div class=\"easytabs-accordion-item\" tabindex=\"-1\" role=\"tab\" aria-labelledby=\"easytabs-slide-label-035-2\" aria-selected=\"false\"><\/div>\n<\/div>\n<p>&nbsp;<\/p>\n<p>Aroma dulce pero bals\u00e1mico, floral ligeramente intenso con mandarina fresca en la parte superior; jazm\u00edn, ciruela, orqu\u00eddea y rosa en el coraz\u00f3n; y amaranto, almizcle y mora en el fondo.<\/p>","protected":false},"excerpt":{"rendered":"<h6><em>Pertenece a la familia de notas olfativas similares a Jadore Dior\u00ae<\/em><\/h6>\n<p>&nbsp;<\/p>","protected":false},"featured_media":7121,"comment_status":"open","ping_status":"closed","template":"","meta":[],"product_brand":[],"product_cat":[160,211,168,47,142,115,158,232],"product_tag":[],"class_list":{"0":"post-5235","1":"product","2":"type-product","3":"status-publish","4":"has-post-thumbnail","6":"product_cat-citricos","7":"product_cat-dulce","8":"product_cat-floral","9":"product_cat-fragancia-para-mujer","10":"product_cat-invierno","11":"product_cat-otono","12":"product_cat-primavera","13":"product_cat-vainilla","15":"first","16":"instock","17":"shipping-taxable","18":"purchasable","19":"product-type-variable","20":"add-to-wishlist-after_add_to_cart"},"yoast_head":"<!-- This site is optimized with the Yoast SEO plugin v27.3 - https:\/\/yoast.com\/product\/yoast-seo-wordpress\/ -->\n<title>I LOVE YOU FOR WOMEN - 0263 - Pertenece a la familia de notas olfativas similares a Jadore Dior\u00ae - Perfumes Parlour<\/title>\n<meta name=\"robots\" content=\"index, follow, max-snippet:-1, max-image-preview:large, max-video-preview:-1\" \/>\n<link rel=\"canonical\" href=\"https:\/\/www.perfumeparlour.es\/en\/product\/i-love-you-for-women-0263-pertenece-a-la-familia-de-notas-olfativas-similares-a-jadore\/\" \/>\n<meta property=\"og:locale\" content=\"en_GB\" \/>\n<meta property=\"og:type\" content=\"article\" \/>\n<meta property=\"og:title\" content=\"I LOVE YOU FOR WOMEN - 0263 - Pertenece a la familia de notas olfativas similares a Jadore Dior\u00ae - Perfumes Parlour\" \/>\n<meta property=\"og:description\" content=\"Pertenece a la familia de notas olfativas similares a Jadore Dior\u00ae &nbsp;\" \/>\n<meta property=\"og:url\" content=\"https:\/\/www.perfumeparlour.es\/en\/product\/i-love-you-for-women-0263-pertenece-a-la-familia-de-notas-olfativas-similares-a-jadore\/\" \/>\n<meta property=\"og:site_name\" content=\"Perfumes Parlour\" \/>\n<meta property=\"article:modified_time\" content=\"2025-09-20T19:45:38+00:00\" \/>\n<meta property=\"og:image\" content=\"https:\/\/www.perfumeparlour.es\/wp-content\/uploads\/2025\/01\/I-Love-You-For-Women_8ea54576-579f-489a-bc37-e7ea5c0bf157.webp\" \/>\n\t<meta property=\"og:image:width\" content=\"800\" \/>\n\t<meta property=\"og:image:height\" content=\"1200\" \/>\n\t<meta property=\"og:image:type\" content=\"image\/webp\" \/>\n<meta name=\"twitter:card\" content=\"summary_large_image\" \/>\n<meta name=\"twitter:label1\" content=\"Estimated reading time\" \/>\n\t<meta name=\"twitter:data1\" content=\"4 minutes\" \/>\n<script type=\"application\/ld+json\" class=\"yoast-schema-graph\">{\"@context\":\"https:\\\/\\\/schema.org\",\"@graph\":[{\"@type\":\"WebPage\",\"@id\":\"https:\\\/\\\/www.perfumeparlour.es\\\/product\\\/i-love-you-for-women-0263-pertenece-a-la-familia-de-notas-olfativas-similares-a-jadore\\\/\",\"url\":\"https:\\\/\\\/www.perfumeparlour.es\\\/product\\\/i-love-you-for-women-0263-pertenece-a-la-familia-de-notas-olfativas-similares-a-jadore\\\/\",\"name\":\"I LOVE YOU FOR WOMEN - 0263 - Pertenece a la familia de notas olfativas similares a Jadore Dior\u00ae - Perfumes Parlour\",\"isPartOf\":{\"@id\":\"https:\\\/\\\/www.perfumeparlour.es\\\/#website\"},\"primaryImageOfPage\":{\"@id\":\"https:\\\/\\\/www.perfumeparlour.es\\\/product\\\/i-love-you-for-women-0263-pertenece-a-la-familia-de-notas-olfativas-similares-a-jadore\\\/#primaryimage\"},\"image\":{\"@id\":\"https:\\\/\\\/www.perfumeparlour.es\\\/product\\\/i-love-you-for-women-0263-pertenece-a-la-familia-de-notas-olfativas-similares-a-jadore\\\/#primaryimage\"},\"thumbnailUrl\":\"https:\\\/\\\/www.perfumeparlour.es\\\/wp-content\\\/uploads\\\/2025\\\/01\\\/I-Love-You-For-Women_8ea54576-579f-489a-bc37-e7ea5c0bf157.webp\",\"datePublished\":\"2025-01-06T09:47:26+00:00\",\"dateModified\":\"2025-09-20T19:45:38+00:00\",\"breadcrumb\":{\"@id\":\"https:\\\/\\\/www.perfumeparlour.es\\\/product\\\/i-love-you-for-women-0263-pertenece-a-la-familia-de-notas-olfativas-similares-a-jadore\\\/#breadcrumb\"},\"inLanguage\":\"en-GB\",\"potentialAction\":[{\"@type\":\"ReadAction\",\"target\":[\"https:\\\/\\\/www.perfumeparlour.es\\\/product\\\/i-love-you-for-women-0263-pertenece-a-la-familia-de-notas-olfativas-similares-a-jadore\\\/\"]}]},{\"@type\":\"ImageObject\",\"inLanguage\":\"en-GB\",\"@id\":\"https:\\\/\\\/www.perfumeparlour.es\\\/product\\\/i-love-you-for-women-0263-pertenece-a-la-familia-de-notas-olfativas-similares-a-jadore\\\/#primaryimage\",\"url\":\"https:\\\/\\\/www.perfumeparlour.es\\\/wp-content\\\/uploads\\\/2025\\\/01\\\/I-Love-You-For-Women_8ea54576-579f-489a-bc37-e7ea5c0bf157.webp\",\"contentUrl\":\"https:\\\/\\\/www.perfumeparlour.es\\\/wp-content\\\/uploads\\\/2025\\\/01\\\/I-Love-You-For-Women_8ea54576-579f-489a-bc37-e7ea5c0bf157.webp\",\"width\":800,\"height\":1200},{\"@type\":\"BreadcrumbList\",\"@id\":\"https:\\\/\\\/www.perfumeparlour.es\\\/product\\\/i-love-you-for-women-0263-pertenece-a-la-familia-de-notas-olfativas-similares-a-jadore\\\/#breadcrumb\",\"itemListElement\":[{\"@type\":\"ListItem\",\"position\":1,\"name\":\"Portada\",\"item\":\"https:\\\/\\\/www.perfumeparlour.es\\\/\"},{\"@type\":\"ListItem\",\"position\":2,\"name\":\"Tienda\",\"item\":\"https:\\\/\\\/www.perfumeparlour.es\\\/shop\\\/\"},{\"@type\":\"ListItem\",\"position\":3,\"name\":\"I LOVE YOU FOR WOMEN &#8211; 0263 &#8211; Pertenece a la familia de notas olfativas similares a Jadore Dior\u00ae\"}]},{\"@type\":\"WebSite\",\"@id\":\"https:\\\/\\\/www.perfumeparlour.es\\\/#website\",\"url\":\"https:\\\/\\\/www.perfumeparlour.es\\\/\",\"name\":\"Perfumes Parlour\",\"description\":\"\",\"potentialAction\":[{\"@type\":\"SearchAction\",\"target\":{\"@type\":\"EntryPoint\",\"urlTemplate\":\"https:\\\/\\\/www.perfumeparlour.es\\\/?s={search_term_string}\"},\"query-input\":{\"@type\":\"PropertyValueSpecification\",\"valueRequired\":true,\"valueName\":\"search_term_string\"}}],\"inLanguage\":\"en-GB\"}]}<\/script>\n<!-- \/ Yoast SEO plugin. -->","yoast_head_json":{"title":"I LOVE YOU FOR WOMEN - 0263 - Pertenece a la familia de notas olfativas similares a Jadore Dior\u00ae - Perfumes Parlour","robots":{"index":"index","follow":"follow","max-snippet":"max-snippet:-1","max-image-preview":"max-image-preview:large","max-video-preview":"max-video-preview:-1"},"canonical":"https:\/\/www.perfumeparlour.es\/en\/product\/i-love-you-for-women-0263-pertenece-a-la-familia-de-notas-olfativas-similares-a-jadore\/","og_locale":"en_GB","og_type":"article","og_title":"I LOVE YOU FOR WOMEN - 0263 - Pertenece a la familia de notas olfativas similares a Jadore Dior\u00ae - Perfumes Parlour","og_description":"Pertenece a la familia de notas olfativas similares a Jadore Dior\u00ae &nbsp;","og_url":"https:\/\/www.perfumeparlour.es\/en\/product\/i-love-you-for-women-0263-pertenece-a-la-familia-de-notas-olfativas-similares-a-jadore\/","og_site_name":"Perfumes Parlour","article_modified_time":"2025-09-20T19:45:38+00:00","og_image":[{"width":800,"height":1200,"url":"https:\/\/www.perfumeparlour.es\/wp-content\/uploads\/2025\/01\/I-Love-You-For-Women_8ea54576-579f-489a-bc37-e7ea5c0bf157.webp","type":"image\/webp"}],"twitter_card":"summary_large_image","twitter_misc":{"Estimated reading time":"4 minutes"},"schema":{"@context":"https:\/\/schema.org","@graph":[{"@type":"WebPage","@id":"https:\/\/www.perfumeparlour.es\/product\/i-love-you-for-women-0263-pertenece-a-la-familia-de-notas-olfativas-similares-a-jadore\/","url":"https:\/\/www.perfumeparlour.es\/product\/i-love-you-for-women-0263-pertenece-a-la-familia-de-notas-olfativas-similares-a-jadore\/","name":"I LOVE YOU FOR WOMEN - 0263 - Pertenece a la familia de notas olfativas similares a Jadore Dior\u00ae - Perfumes Parlour","isPartOf":{"@id":"https:\/\/www.perfumeparlour.es\/#website"},"primaryImageOfPage":{"@id":"https:\/\/www.perfumeparlour.es\/product\/i-love-you-for-women-0263-pertenece-a-la-familia-de-notas-olfativas-similares-a-jadore\/#primaryimage"},"image":{"@id":"https:\/\/www.perfumeparlour.es\/product\/i-love-you-for-women-0263-pertenece-a-la-familia-de-notas-olfativas-similares-a-jadore\/#primaryimage"},"thumbnailUrl":"https:\/\/www.perfumeparlour.es\/wp-content\/uploads\/2025\/01\/I-Love-You-For-Women_8ea54576-579f-489a-bc37-e7ea5c0bf157.webp","datePublished":"2025-01-06T09:47:26+00:00","dateModified":"2025-09-20T19:45:38+00:00","breadcrumb":{"@id":"https:\/\/www.perfumeparlour.es\/product\/i-love-you-for-women-0263-pertenece-a-la-familia-de-notas-olfativas-similares-a-jadore\/#breadcrumb"},"inLanguage":"en-GB","potentialAction":[{"@type":"ReadAction","target":["https:\/\/www.perfumeparlour.es\/product\/i-love-you-for-women-0263-pertenece-a-la-familia-de-notas-olfativas-similares-a-jadore\/"]}]},{"@type":"ImageObject","inLanguage":"en-GB","@id":"https:\/\/www.perfumeparlour.es\/product\/i-love-you-for-women-0263-pertenece-a-la-familia-de-notas-olfativas-similares-a-jadore\/#primaryimage","url":"https:\/\/www.perfumeparlour.es\/wp-content\/uploads\/2025\/01\/I-Love-You-For-Women_8ea54576-579f-489a-bc37-e7ea5c0bf157.webp","contentUrl":"https:\/\/www.perfumeparlour.es\/wp-content\/uploads\/2025\/01\/I-Love-You-For-Women_8ea54576-579f-489a-bc37-e7ea5c0bf157.webp","width":800,"height":1200},{"@type":"BreadcrumbList","@id":"https:\/\/www.perfumeparlour.es\/product\/i-love-you-for-women-0263-pertenece-a-la-familia-de-notas-olfativas-similares-a-jadore\/#breadcrumb","itemListElement":[{"@type":"ListItem","position":1,"name":"Portada","item":"https:\/\/www.perfumeparlour.es\/"},{"@type":"ListItem","position":2,"name":"Tienda","item":"https:\/\/www.perfumeparlour.es\/shop\/"},{"@type":"ListItem","position":3,"name":"I LOVE YOU FOR WOMEN &#8211; 0263 &#8211; Pertenece a la familia de notas olfativas similares a Jadore Dior\u00ae"}]},{"@type":"WebSite","@id":"https:\/\/www.perfumeparlour.es\/#website","url":"https:\/\/www.perfumeparlour.es\/","name":"Perfumes Parlour","description":"","potentialAction":[{"@type":"SearchAction","target":{"@type":"EntryPoint","urlTemplate":"https:\/\/www.perfumeparlour.es\/?s={search_term_string}"},"query-input":{"@type":"PropertyValueSpecification","valueRequired":true,"valueName":"search_term_string"}}],"inLanguage":"en-GB"}]}},"jetpack_sharing_enabled":true,"_links":{"self":[{"href":"https:\/\/www.perfumeparlour.es\/en\/wp-json\/wp\/v2\/product\/5235","targetHints":{"allow":["GET"]}}],"collection":[{"href":"https:\/\/www.perfumeparlour.es\/en\/wp-json\/wp\/v2\/product"}],"about":[{"href":"https:\/\/www.perfumeparlour.es\/en\/wp-json\/wp\/v2\/types\/product"}],"replies":[{"embeddable":true,"href":"https:\/\/www.perfumeparlour.es\/en\/wp-json\/wp\/v2\/comments?post=5235"}],"wp:featuredmedia":[{"embeddable":true,"href":"https:\/\/www.perfumeparlour.es\/en\/wp-json\/wp\/v2\/media\/7121"}],"wp:attachment":[{"href":"https:\/\/www.perfumeparlour.es\/en\/wp-json\/wp\/v2\/media?parent=5235"}],"wp:term":[{"taxonomy":"product_brand","embeddable":true,"href":"https:\/\/www.perfumeparlour.es\/en\/wp-json\/wp\/v2\/product_brand?post=5235"},{"taxonomy":"product_cat","embeddable":true,"href":"https:\/\/www.perfumeparlour.es\/en\/wp-json\/wp\/v2\/product_cat?post=5235"},{"taxonomy":"product_tag","embeddable":true,"href":"https:\/\/www.perfumeparlour.es\/en\/wp-json\/wp\/v2\/product_tag?post=5235"}],"curies":[{"name":"wp","href":"https:\/\/api.w.org\/{rel}","templated":true}]}}