{"id":4927,"date":"2025-01-01T16:14:29","date_gmt":"2025-01-01T16:14:29","guid":{"rendered":"https:\/\/www.perfumeparlour.es\/?post_type=product&#038;p=4927"},"modified":"2025-08-26T10:18:39","modified_gmt":"2025-08-26T10:18:39","slug":"navy-intense-for-men-0061","status":"publish","type":"product","link":"https:\/\/www.perfumeparlour.es\/en\/product\/navy-intense-for-men-0061\/","title":{"rendered":"NAVY INTENSE FOR MEN &#8211; 0061 &#8211; \u00ae"},"content":{"rendered":"<p><span style=\"color: #000000;\"><strong>Top Note<\/strong>: Artemisia, menta, bergamota, ralladura de lim\u00f3n.<\/span><\/p>\n<hr \/>\n<p><span style=\"color: #000000;\"><strong>Middle Note:<\/strong> Pi\u00f1a, notas verdes, geranio, lavanda<\/span><\/p>\n<hr \/>\n<p><span style=\"color: #000000;\"><strong>Base Note:<\/strong> Madera de \u00e1mbar, haba tonka, Iso E Super, s\u00e1ndalo, cedro<\/span><\/p>\n<div class=\"easytabs-content-item easytabs-content-item-static\" data-et-marker=\"tabs-triumphing-for-men-0929-s0\" data-et-handle=\"tabs-disclaimer\">\n<div class=\"easytabs-accordion-item\" tabindex=\"-1\" role=\"tab\" aria-labelledby=\"easytabs-slide-label-035-2\" aria-selected=\"false\"><\/div>\n<\/div>\n<p>&nbsp;<\/p>\n<p>Esta fragancia tiene los acordes principales: amaderado, arom\u00e1tico, fresco y especiado, bals\u00e1mico, polvoriento y verde, perfecto regalo para chicos de entre 17 y 30 a\u00f1os.<\/p>","protected":false},"excerpt":{"rendered":"<h6><em>\u00ae<\/em><\/h6>\n<p>&nbsp;<\/p>","protected":false},"featured_media":6959,"comment_status":"open","ping_status":"closed","template":"","meta":[],"product_brand":[],"product_cat":[261,160,44,170,158,159],"product_tag":[],"class_list":{"0":"post-4927","1":"product","2":"type-product","3":"status-publish","4":"has-post-thumbnail","6":"product_cat-amaderado","7":"product_cat-citricos","8":"product_cat-fragancias-para-hombres","9":"product_cat-green","10":"product_cat-primavera","11":"product_cat-verano","13":"first","14":"instock","15":"shipping-taxable","16":"purchasable","17":"product-type-variable","18":"add-to-wishlist-after_add_to_cart"},"yoast_head":"<!-- This site is optimized with the Yoast SEO plugin v27.3 - https:\/\/yoast.com\/product\/yoast-seo-wordpress\/ -->\n<title>NAVY INTENSE FOR MEN - 0061 - \u00ae - Perfumes Parlour<\/title>\n<meta name=\"robots\" content=\"index, follow, max-snippet:-1, max-image-preview:large, max-video-preview:-1\" \/>\n<link rel=\"canonical\" href=\"https:\/\/www.perfumeparlour.es\/en\/product\/navy-intense-for-men-0061\/\" \/>\n<meta property=\"og:locale\" content=\"en_GB\" \/>\n<meta property=\"og:type\" content=\"article\" \/>\n<meta property=\"og:title\" content=\"NAVY INTENSE FOR MEN - 0061 - \u00ae - Perfumes Parlour\" \/>\n<meta property=\"og:description\" content=\"\u00ae &nbsp;\" \/>\n<meta property=\"og:url\" content=\"https:\/\/www.perfumeparlour.es\/en\/product\/navy-intense-for-men-0061\/\" \/>\n<meta property=\"og:site_name\" content=\"Perfumes Parlour\" \/>\n<meta property=\"article:modified_time\" content=\"2025-08-26T10:18:39+00:00\" \/>\n<meta property=\"og:image\" content=\"https:\/\/www.perfumeparlour.es\/wp-content\/uploads\/2025\/01\/Navy-Intense-For-Men-0061-scaled.webp\" \/>\n\t<meta property=\"og:image:width\" content=\"1707\" \/>\n\t<meta property=\"og:image:height\" content=\"2560\" \/>\n\t<meta property=\"og:image:type\" content=\"image\/webp\" \/>\n<meta name=\"twitter:card\" content=\"summary_large_image\" \/>\n<meta name=\"twitter:label1\" content=\"Estimated reading time\" \/>\n\t<meta name=\"twitter:data1\" content=\"1 minute\" \/>\n<script type=\"application\/ld+json\" class=\"yoast-schema-graph\">{\"@context\":\"https:\\\/\\\/schema.org\",\"@graph\":[{\"@type\":\"WebPage\",\"@id\":\"https:\\\/\\\/www.perfumeparlour.es\\\/product\\\/navy-intense-for-men-0061\\\/\",\"url\":\"https:\\\/\\\/www.perfumeparlour.es\\\/product\\\/navy-intense-for-men-0061\\\/\",\"name\":\"NAVY INTENSE FOR MEN - 0061 - \u00ae - Perfumes Parlour\",\"isPartOf\":{\"@id\":\"https:\\\/\\\/www.perfumeparlour.es\\\/#website\"},\"primaryImageOfPage\":{\"@id\":\"https:\\\/\\\/www.perfumeparlour.es\\\/product\\\/navy-intense-for-men-0061\\\/#primaryimage\"},\"image\":{\"@id\":\"https:\\\/\\\/www.perfumeparlour.es\\\/product\\\/navy-intense-for-men-0061\\\/#primaryimage\"},\"thumbnailUrl\":\"https:\\\/\\\/www.perfumeparlour.es\\\/wp-content\\\/uploads\\\/2025\\\/01\\\/Navy-Intense-For-Men-0061-scaled.webp\",\"datePublished\":\"2025-01-01T16:14:29+00:00\",\"dateModified\":\"2025-08-26T10:18:39+00:00\",\"breadcrumb\":{\"@id\":\"https:\\\/\\\/www.perfumeparlour.es\\\/product\\\/navy-intense-for-men-0061\\\/#breadcrumb\"},\"inLanguage\":\"en-GB\",\"potentialAction\":[{\"@type\":\"ReadAction\",\"target\":[\"https:\\\/\\\/www.perfumeparlour.es\\\/product\\\/navy-intense-for-men-0061\\\/\"]}]},{\"@type\":\"ImageObject\",\"inLanguage\":\"en-GB\",\"@id\":\"https:\\\/\\\/www.perfumeparlour.es\\\/product\\\/navy-intense-for-men-0061\\\/#primaryimage\",\"url\":\"https:\\\/\\\/www.perfumeparlour.es\\\/wp-content\\\/uploads\\\/2025\\\/01\\\/Navy-Intense-For-Men-0061-scaled.webp\",\"contentUrl\":\"https:\\\/\\\/www.perfumeparlour.es\\\/wp-content\\\/uploads\\\/2025\\\/01\\\/Navy-Intense-For-Men-0061-scaled.webp\",\"width\":1707,\"height\":2560},{\"@type\":\"BreadcrumbList\",\"@id\":\"https:\\\/\\\/www.perfumeparlour.es\\\/product\\\/navy-intense-for-men-0061\\\/#breadcrumb\",\"itemListElement\":[{\"@type\":\"ListItem\",\"position\":1,\"name\":\"Portada\",\"item\":\"https:\\\/\\\/www.perfumeparlour.es\\\/\"},{\"@type\":\"ListItem\",\"position\":2,\"name\":\"Tienda\",\"item\":\"https:\\\/\\\/www.perfumeparlour.es\\\/shop\\\/\"},{\"@type\":\"ListItem\",\"position\":3,\"name\":\"NAVY INTENSE FOR MEN &#8211; 0061 &#8211; \u00ae\"}]},{\"@type\":\"WebSite\",\"@id\":\"https:\\\/\\\/www.perfumeparlour.es\\\/#website\",\"url\":\"https:\\\/\\\/www.perfumeparlour.es\\\/\",\"name\":\"Perfumes Parlour\",\"description\":\"\",\"potentialAction\":[{\"@type\":\"SearchAction\",\"target\":{\"@type\":\"EntryPoint\",\"urlTemplate\":\"https:\\\/\\\/www.perfumeparlour.es\\\/?s={search_term_string}\"},\"query-input\":{\"@type\":\"PropertyValueSpecification\",\"valueRequired\":true,\"valueName\":\"search_term_string\"}}],\"inLanguage\":\"en-GB\"}]}<\/script>\n<!-- \/ Yoast SEO plugin. -->","yoast_head_json":{"title":"NAVY INTENSE FOR MEN - 0061 - \u00ae - Perfumes Parlour","robots":{"index":"index","follow":"follow","max-snippet":"max-snippet:-1","max-image-preview":"max-image-preview:large","max-video-preview":"max-video-preview:-1"},"canonical":"https:\/\/www.perfumeparlour.es\/en\/product\/navy-intense-for-men-0061\/","og_locale":"en_GB","og_type":"article","og_title":"NAVY INTENSE FOR MEN - 0061 - \u00ae - Perfumes Parlour","og_description":"\u00ae &nbsp;","og_url":"https:\/\/www.perfumeparlour.es\/en\/product\/navy-intense-for-men-0061\/","og_site_name":"Perfumes Parlour","article_modified_time":"2025-08-26T10:18:39+00:00","og_image":[{"width":1707,"height":2560,"url":"https:\/\/www.perfumeparlour.es\/wp-content\/uploads\/2025\/01\/Navy-Intense-For-Men-0061-scaled.webp","type":"image\/webp"}],"twitter_card":"summary_large_image","twitter_misc":{"Estimated reading time":"1 minute"},"schema":{"@context":"https:\/\/schema.org","@graph":[{"@type":"WebPage","@id":"https:\/\/www.perfumeparlour.es\/product\/navy-intense-for-men-0061\/","url":"https:\/\/www.perfumeparlour.es\/product\/navy-intense-for-men-0061\/","name":"NAVY INTENSE FOR MEN - 0061 - \u00ae - Perfumes Parlour","isPartOf":{"@id":"https:\/\/www.perfumeparlour.es\/#website"},"primaryImageOfPage":{"@id":"https:\/\/www.perfumeparlour.es\/product\/navy-intense-for-men-0061\/#primaryimage"},"image":{"@id":"https:\/\/www.perfumeparlour.es\/product\/navy-intense-for-men-0061\/#primaryimage"},"thumbnailUrl":"https:\/\/www.perfumeparlour.es\/wp-content\/uploads\/2025\/01\/Navy-Intense-For-Men-0061-scaled.webp","datePublished":"2025-01-01T16:14:29+00:00","dateModified":"2025-08-26T10:18:39+00:00","breadcrumb":{"@id":"https:\/\/www.perfumeparlour.es\/product\/navy-intense-for-men-0061\/#breadcrumb"},"inLanguage":"en-GB","potentialAction":[{"@type":"ReadAction","target":["https:\/\/www.perfumeparlour.es\/product\/navy-intense-for-men-0061\/"]}]},{"@type":"ImageObject","inLanguage":"en-GB","@id":"https:\/\/www.perfumeparlour.es\/product\/navy-intense-for-men-0061\/#primaryimage","url":"https:\/\/www.perfumeparlour.es\/wp-content\/uploads\/2025\/01\/Navy-Intense-For-Men-0061-scaled.webp","contentUrl":"https:\/\/www.perfumeparlour.es\/wp-content\/uploads\/2025\/01\/Navy-Intense-For-Men-0061-scaled.webp","width":1707,"height":2560},{"@type":"BreadcrumbList","@id":"https:\/\/www.perfumeparlour.es\/product\/navy-intense-for-men-0061\/#breadcrumb","itemListElement":[{"@type":"ListItem","position":1,"name":"Portada","item":"https:\/\/www.perfumeparlour.es\/"},{"@type":"ListItem","position":2,"name":"Tienda","item":"https:\/\/www.perfumeparlour.es\/shop\/"},{"@type":"ListItem","position":3,"name":"NAVY INTENSE FOR MEN &#8211; 0061 &#8211; \u00ae"}]},{"@type":"WebSite","@id":"https:\/\/www.perfumeparlour.es\/#website","url":"https:\/\/www.perfumeparlour.es\/","name":"Perfumes Parlour","description":"","potentialAction":[{"@type":"SearchAction","target":{"@type":"EntryPoint","urlTemplate":"https:\/\/www.perfumeparlour.es\/?s={search_term_string}"},"query-input":{"@type":"PropertyValueSpecification","valueRequired":true,"valueName":"search_term_string"}}],"inLanguage":"en-GB"}]}},"jetpack_sharing_enabled":true,"_links":{"self":[{"href":"https:\/\/www.perfumeparlour.es\/en\/wp-json\/wp\/v2\/product\/4927","targetHints":{"allow":["GET"]}}],"collection":[{"href":"https:\/\/www.perfumeparlour.es\/en\/wp-json\/wp\/v2\/product"}],"about":[{"href":"https:\/\/www.perfumeparlour.es\/en\/wp-json\/wp\/v2\/types\/product"}],"replies":[{"embeddable":true,"href":"https:\/\/www.perfumeparlour.es\/en\/wp-json\/wp\/v2\/comments?post=4927"}],"wp:featuredmedia":[{"embeddable":true,"href":"https:\/\/www.perfumeparlour.es\/en\/wp-json\/wp\/v2\/media\/6959"}],"wp:attachment":[{"href":"https:\/\/www.perfumeparlour.es\/en\/wp-json\/wp\/v2\/media?parent=4927"}],"wp:term":[{"taxonomy":"product_brand","embeddable":true,"href":"https:\/\/www.perfumeparlour.es\/en\/wp-json\/wp\/v2\/product_brand?post=4927"},{"taxonomy":"product_cat","embeddable":true,"href":"https:\/\/www.perfumeparlour.es\/en\/wp-json\/wp\/v2\/product_cat?post=4927"},{"taxonomy":"product_tag","embeddable":true,"href":"https:\/\/www.perfumeparlour.es\/en\/wp-json\/wp\/v2\/product_tag?post=4927"}],"curies":[{"name":"wp","href":"https:\/\/api.w.org\/{rel}","templated":true}]}}