{"id":4537,"date":"2024-10-24T05:46:31","date_gmt":"2024-10-24T05:46:31","guid":{"rendered":"https:\/\/www.perfumeparlour.es\/?post_type=product&#038;p=4537"},"modified":"2024-10-25T10:03:50","modified_gmt":"2024-10-25T10:03:50","slug":"triumphing-for-men-0929-notas-similares-a-las-que-se-encuentran-en-jubilation-xxv-amouage","status":"publish","type":"product","link":"https:\/\/www.perfumeparlour.es\/en\/product\/triumphing-for-men-0929-notas-similares-a-las-que-se-encuentran-en-jubilation-xxv-amouage\/","title":{"rendered":"TRIUMPHING FOR MEN &#8211; 0929 &#8211; Notas similares a las que se encuentran en Jubilation XXV &#8211; Amouage\u00ae"},"content":{"rendered":"<p><span style=\"color: #000000;\"><strong>Top Note<\/strong>: Naranja, cilantro, l\u00e1dano, estrag\u00f3n, ol\u00edbano y mora<\/span><\/p>\n<hr \/>\n<p><span style=\"color: #000000;\"><strong>Middle Note:<\/strong> Madera de guayaco, canela, laurel, miel, orqu\u00eddea, rosa, clavo\u00a0<\/span><\/p>\n<hr \/>\n<p><span style=\"color: #000000;\"><strong>Base Note:<\/strong> O<\/span>pop\u00f3naco, pachul\u00ed, mirra, cedro, almizcle, musgo de roble, \u00e1mbar gris<\/p>\n<div class=\"easytabs-content-item easytabs-content-item-static\" data-et-marker=\"tabs-triumphing-for-men-0929-s0\" data-et-handle=\"tabs-disclaimer\">\n<div class=\"easytabs-accordion-item\" tabindex=\"-1\" role=\"tab\" aria-labelledby=\"easytabs-slide-label-035-2\" aria-selected=\"false\"><\/div>\n<\/div>\n<p>&nbsp;<\/p>\n<p>Esta es una fragancia oriental Fougere para hombres.<\/p>","protected":false},"excerpt":{"rendered":"<h6><em>Notas similares a las que se encuentran en Jubilation XXV &#8211; Amouage\u00ae<\/em><\/h6>\n<p>&nbsp;<\/p>","protected":false},"featured_media":4345,"comment_status":"open","ping_status":"closed","template":"","meta":[],"product_brand":[],"product_cat":[157,171,44,142,115,238],"product_tag":[],"class_list":{"0":"post-4537","1":"product","2":"type-product","3":"status-publish","4":"has-post-thumbnail","6":"product_cat-chypre","7":"product_cat-cuero","8":"product_cat-fragancias-para-hombres","9":"product_cat-invierno","10":"product_cat-otono","11":"product_cat-oud","13":"first","14":"instock","15":"shipping-taxable","16":"purchasable","17":"product-type-variable","18":"add-to-wishlist-after_add_to_cart"},"yoast_head":"<!-- This site is optimized with the Yoast SEO plugin v27.3 - https:\/\/yoast.com\/product\/yoast-seo-wordpress\/ -->\n<title>TRIUMPHING FOR MEN - 0929 - Notas similares a las que se encuentran en Jubilation XXV - Amouage\u00ae - Perfumes Parlour<\/title>\n<meta name=\"robots\" content=\"index, follow, max-snippet:-1, max-image-preview:large, max-video-preview:-1\" \/>\n<link rel=\"canonical\" href=\"https:\/\/www.perfumeparlour.es\/en\/product\/triumphing-for-men-0929-notas-similares-a-las-que-se-encuentran-en-jubilation-xxv-amouage\/\" \/>\n<meta property=\"og:locale\" content=\"en_GB\" \/>\n<meta property=\"og:type\" content=\"article\" \/>\n<meta property=\"og:title\" content=\"TRIUMPHING FOR MEN - 0929 - Notas similares a las que se encuentran en Jubilation XXV - Amouage\u00ae - Perfumes Parlour\" \/>\n<meta property=\"og:description\" content=\"Notas similares a las que se encuentran en Jubilation XXV - Amouage\u00ae &nbsp;\" \/>\n<meta property=\"og:url\" content=\"https:\/\/www.perfumeparlour.es\/en\/product\/triumphing-for-men-0929-notas-similares-a-las-que-se-encuentran-en-jubilation-xxv-amouage\/\" \/>\n<meta property=\"og:site_name\" content=\"Perfumes Parlour\" \/>\n<meta property=\"article:modified_time\" content=\"2024-10-25T10:03:50+00:00\" \/>\n<meta property=\"og:image\" content=\"https:\/\/www.perfumeparlour.es\/wp-content\/uploads\/2024\/10\/1728076640263.jpg\" \/>\n\t<meta property=\"og:image:width\" content=\"800\" \/>\n\t<meta property=\"og:image:height\" content=\"638\" \/>\n\t<meta property=\"og:image:type\" content=\"image\/jpeg\" \/>\n<meta name=\"twitter:card\" content=\"summary_large_image\" \/>\n<meta name=\"twitter:label1\" content=\"Estimated reading time\" \/>\n\t<meta name=\"twitter:data1\" content=\"1 minute\" \/>\n<script type=\"application\/ld+json\" class=\"yoast-schema-graph\">{\"@context\":\"https:\\\/\\\/schema.org\",\"@graph\":[{\"@type\":\"WebPage\",\"@id\":\"https:\\\/\\\/www.perfumeparlour.es\\\/product\\\/triumphing-for-men-0929-notas-similares-a-las-que-se-encuentran-en-jubilation-xxv-amouage\\\/\",\"url\":\"https:\\\/\\\/www.perfumeparlour.es\\\/product\\\/triumphing-for-men-0929-notas-similares-a-las-que-se-encuentran-en-jubilation-xxv-amouage\\\/\",\"name\":\"TRIUMPHING FOR MEN - 0929 - Notas similares a las que se encuentran en Jubilation XXV - Amouage\u00ae - Perfumes Parlour\",\"isPartOf\":{\"@id\":\"https:\\\/\\\/www.perfumeparlour.es\\\/#website\"},\"primaryImageOfPage\":{\"@id\":\"https:\\\/\\\/www.perfumeparlour.es\\\/product\\\/triumphing-for-men-0929-notas-similares-a-las-que-se-encuentran-en-jubilation-xxv-amouage\\\/#primaryimage\"},\"image\":{\"@id\":\"https:\\\/\\\/www.perfumeparlour.es\\\/product\\\/triumphing-for-men-0929-notas-similares-a-las-que-se-encuentran-en-jubilation-xxv-amouage\\\/#primaryimage\"},\"thumbnailUrl\":\"https:\\\/\\\/www.perfumeparlour.es\\\/wp-content\\\/uploads\\\/2024\\\/10\\\/1728076640263.jpg\",\"datePublished\":\"2024-10-24T05:46:31+00:00\",\"dateModified\":\"2024-10-25T10:03:50+00:00\",\"breadcrumb\":{\"@id\":\"https:\\\/\\\/www.perfumeparlour.es\\\/product\\\/triumphing-for-men-0929-notas-similares-a-las-que-se-encuentran-en-jubilation-xxv-amouage\\\/#breadcrumb\"},\"inLanguage\":\"en-GB\",\"potentialAction\":[{\"@type\":\"ReadAction\",\"target\":[\"https:\\\/\\\/www.perfumeparlour.es\\\/product\\\/triumphing-for-men-0929-notas-similares-a-las-que-se-encuentran-en-jubilation-xxv-amouage\\\/\"]}]},{\"@type\":\"ImageObject\",\"inLanguage\":\"en-GB\",\"@id\":\"https:\\\/\\\/www.perfumeparlour.es\\\/product\\\/triumphing-for-men-0929-notas-similares-a-las-que-se-encuentran-en-jubilation-xxv-amouage\\\/#primaryimage\",\"url\":\"https:\\\/\\\/www.perfumeparlour.es\\\/wp-content\\\/uploads\\\/2024\\\/10\\\/1728076640263.jpg\",\"contentUrl\":\"https:\\\/\\\/www.perfumeparlour.es\\\/wp-content\\\/uploads\\\/2024\\\/10\\\/1728076640263.jpg\",\"width\":800,\"height\":638},{\"@type\":\"BreadcrumbList\",\"@id\":\"https:\\\/\\\/www.perfumeparlour.es\\\/product\\\/triumphing-for-men-0929-notas-similares-a-las-que-se-encuentran-en-jubilation-xxv-amouage\\\/#breadcrumb\",\"itemListElement\":[{\"@type\":\"ListItem\",\"position\":1,\"name\":\"Portada\",\"item\":\"https:\\\/\\\/www.perfumeparlour.es\\\/\"},{\"@type\":\"ListItem\",\"position\":2,\"name\":\"Tienda\",\"item\":\"https:\\\/\\\/www.perfumeparlour.es\\\/shop\\\/\"},{\"@type\":\"ListItem\",\"position\":3,\"name\":\"TRIUMPHING FOR MEN &#8211; 0929 &#8211; Notas similares a las que se encuentran en Jubilation XXV &#8211; Amouage\u00ae\"}]},{\"@type\":\"WebSite\",\"@id\":\"https:\\\/\\\/www.perfumeparlour.es\\\/#website\",\"url\":\"https:\\\/\\\/www.perfumeparlour.es\\\/\",\"name\":\"Perfumes Parlour\",\"description\":\"\",\"potentialAction\":[{\"@type\":\"SearchAction\",\"target\":{\"@type\":\"EntryPoint\",\"urlTemplate\":\"https:\\\/\\\/www.perfumeparlour.es\\\/?s={search_term_string}\"},\"query-input\":{\"@type\":\"PropertyValueSpecification\",\"valueRequired\":true,\"valueName\":\"search_term_string\"}}],\"inLanguage\":\"en-GB\"}]}<\/script>\n<!-- \/ Yoast SEO plugin. -->","yoast_head_json":{"title":"TRIUMPHING FOR MEN - 0929 - Notas similares a las que se encuentran en Jubilation XXV - Amouage\u00ae - Perfumes Parlour","robots":{"index":"index","follow":"follow","max-snippet":"max-snippet:-1","max-image-preview":"max-image-preview:large","max-video-preview":"max-video-preview:-1"},"canonical":"https:\/\/www.perfumeparlour.es\/en\/product\/triumphing-for-men-0929-notas-similares-a-las-que-se-encuentran-en-jubilation-xxv-amouage\/","og_locale":"en_GB","og_type":"article","og_title":"TRIUMPHING FOR MEN - 0929 - Notas similares a las que se encuentran en Jubilation XXV - Amouage\u00ae - Perfumes Parlour","og_description":"Notas similares a las que se encuentran en Jubilation XXV - Amouage\u00ae &nbsp;","og_url":"https:\/\/www.perfumeparlour.es\/en\/product\/triumphing-for-men-0929-notas-similares-a-las-que-se-encuentran-en-jubilation-xxv-amouage\/","og_site_name":"Perfumes Parlour","article_modified_time":"2024-10-25T10:03:50+00:00","og_image":[{"width":800,"height":638,"url":"https:\/\/www.perfumeparlour.es\/wp-content\/uploads\/2024\/10\/1728076640263.jpg","type":"image\/jpeg"}],"twitter_card":"summary_large_image","twitter_misc":{"Estimated reading time":"1 minute"},"schema":{"@context":"https:\/\/schema.org","@graph":[{"@type":"WebPage","@id":"https:\/\/www.perfumeparlour.es\/product\/triumphing-for-men-0929-notas-similares-a-las-que-se-encuentran-en-jubilation-xxv-amouage\/","url":"https:\/\/www.perfumeparlour.es\/product\/triumphing-for-men-0929-notas-similares-a-las-que-se-encuentran-en-jubilation-xxv-amouage\/","name":"TRIUMPHING FOR MEN - 0929 - Notas similares a las que se encuentran en Jubilation XXV - Amouage\u00ae - Perfumes Parlour","isPartOf":{"@id":"https:\/\/www.perfumeparlour.es\/#website"},"primaryImageOfPage":{"@id":"https:\/\/www.perfumeparlour.es\/product\/triumphing-for-men-0929-notas-similares-a-las-que-se-encuentran-en-jubilation-xxv-amouage\/#primaryimage"},"image":{"@id":"https:\/\/www.perfumeparlour.es\/product\/triumphing-for-men-0929-notas-similares-a-las-que-se-encuentran-en-jubilation-xxv-amouage\/#primaryimage"},"thumbnailUrl":"https:\/\/www.perfumeparlour.es\/wp-content\/uploads\/2024\/10\/1728076640263.jpg","datePublished":"2024-10-24T05:46:31+00:00","dateModified":"2024-10-25T10:03:50+00:00","breadcrumb":{"@id":"https:\/\/www.perfumeparlour.es\/product\/triumphing-for-men-0929-notas-similares-a-las-que-se-encuentran-en-jubilation-xxv-amouage\/#breadcrumb"},"inLanguage":"en-GB","potentialAction":[{"@type":"ReadAction","target":["https:\/\/www.perfumeparlour.es\/product\/triumphing-for-men-0929-notas-similares-a-las-que-se-encuentran-en-jubilation-xxv-amouage\/"]}]},{"@type":"ImageObject","inLanguage":"en-GB","@id":"https:\/\/www.perfumeparlour.es\/product\/triumphing-for-men-0929-notas-similares-a-las-que-se-encuentran-en-jubilation-xxv-amouage\/#primaryimage","url":"https:\/\/www.perfumeparlour.es\/wp-content\/uploads\/2024\/10\/1728076640263.jpg","contentUrl":"https:\/\/www.perfumeparlour.es\/wp-content\/uploads\/2024\/10\/1728076640263.jpg","width":800,"height":638},{"@type":"BreadcrumbList","@id":"https:\/\/www.perfumeparlour.es\/product\/triumphing-for-men-0929-notas-similares-a-las-que-se-encuentran-en-jubilation-xxv-amouage\/#breadcrumb","itemListElement":[{"@type":"ListItem","position":1,"name":"Portada","item":"https:\/\/www.perfumeparlour.es\/"},{"@type":"ListItem","position":2,"name":"Tienda","item":"https:\/\/www.perfumeparlour.es\/shop\/"},{"@type":"ListItem","position":3,"name":"TRIUMPHING FOR MEN &#8211; 0929 &#8211; Notas similares a las que se encuentran en Jubilation XXV &#8211; Amouage\u00ae"}]},{"@type":"WebSite","@id":"https:\/\/www.perfumeparlour.es\/#website","url":"https:\/\/www.perfumeparlour.es\/","name":"Perfumes Parlour","description":"","potentialAction":[{"@type":"SearchAction","target":{"@type":"EntryPoint","urlTemplate":"https:\/\/www.perfumeparlour.es\/?s={search_term_string}"},"query-input":{"@type":"PropertyValueSpecification","valueRequired":true,"valueName":"search_term_string"}}],"inLanguage":"en-GB"}]}},"jetpack_sharing_enabled":true,"_links":{"self":[{"href":"https:\/\/www.perfumeparlour.es\/en\/wp-json\/wp\/v2\/product\/4537","targetHints":{"allow":["GET"]}}],"collection":[{"href":"https:\/\/www.perfumeparlour.es\/en\/wp-json\/wp\/v2\/product"}],"about":[{"href":"https:\/\/www.perfumeparlour.es\/en\/wp-json\/wp\/v2\/types\/product"}],"replies":[{"embeddable":true,"href":"https:\/\/www.perfumeparlour.es\/en\/wp-json\/wp\/v2\/comments?post=4537"}],"wp:featuredmedia":[{"embeddable":true,"href":"https:\/\/www.perfumeparlour.es\/en\/wp-json\/wp\/v2\/media\/4345"}],"wp:attachment":[{"href":"https:\/\/www.perfumeparlour.es\/en\/wp-json\/wp\/v2\/media?parent=4537"}],"wp:term":[{"taxonomy":"product_brand","embeddable":true,"href":"https:\/\/www.perfumeparlour.es\/en\/wp-json\/wp\/v2\/product_brand?post=4537"},{"taxonomy":"product_cat","embeddable":true,"href":"https:\/\/www.perfumeparlour.es\/en\/wp-json\/wp\/v2\/product_cat?post=4537"},{"taxonomy":"product_tag","embeddable":true,"href":"https:\/\/www.perfumeparlour.es\/en\/wp-json\/wp\/v2\/product_tag?post=4537"}],"curies":[{"name":"wp","href":"https:\/\/api.w.org\/{rel}","templated":true}]}}