{"id":4447,"date":"2024-10-23T21:43:34","date_gmt":"2024-10-23T21:43:34","guid":{"rendered":"https:\/\/www.perfumeparlour.es\/?post_type=product&#038;p=4447"},"modified":"2025-08-19T21:01:00","modified_gmt":"2025-08-19T21:01:00","slug":"cedness-2019-trifusion-de-eminent-wood-0223-x-wood-miracle-1872-x-avalanche-woody-1848","status":"publish","type":"product","link":"https:\/\/www.perfumeparlour.es\/en\/product\/cedness-2019-trifusion-de-eminent-wood-0223-x-wood-miracle-1872-x-avalanche-woody-1848\/","title":{"rendered":"CEDNESS &#8211; 2019 &#8211; Trifusi\u00f3n de Eminent Wood 0223 x Wood Miracle 1872 x Avalanche Woody 1848\u00ae (Oud for gretnees+Cedrat Boise+Aventus ahumado)"},"content":{"rendered":"<p><span style=\"color: #000000;\"><strong>Top Note: <\/strong>C\u00edtricos sicilianos, especias picantes, grosella negra, lim\u00f3n, azafr\u00e1n, nuez moscada y lavanda<\/span><\/p>\n<hr \/>\n<p><span style=\"color: #000000;\"><strong>Middle Note:<\/strong> Hojas de pachul\u00ed, notas de cuero, jazm\u00edn, oud camboyano, s\u00e1ndalo blanco, madera de agar (oud), pi\u00f1a<\/span><\/p>\n<hr \/>\n<p><span style=\"color: #000000;\"><strong>Base Note:<\/strong> \u00c1mbar gris, almizcle blanco, vainas de vainilla y musgo de roble silvestre, pachul\u00ed, almizcle<\/span><\/p>\n<p>&nbsp;<\/p>\n<p>Una f\u00f3rmula embriagadora que emite los principios del amor apasionado y la aventura ferviente. La mezcla lograda del aroma asombrosamente natural que posee Eminent Wood con la esencia encantada de Wood Miracle, una creaci\u00f3n de gran \u00e9xito en ventas, hace de este perfume la encarnaci\u00f3n de la pura eminencia y el picante para hombres y mujeres por igual. Con el sorprendente esp\u00edritu de varios ouds que van desde el oud camboyano hasta el oud de madera de agar cuidadosamente superpuesto con tonos picantes pero evidentes de cautivadores c\u00edtricos sicilianos y toques de grosella negra, pi\u00f1a, lim\u00f3n y manzana, este aroma es para toda persona que posee una sensaci\u00f3n de gloria texturizada con una personalidad de suavidad y delicadeza.<\/p>","protected":false},"excerpt":{"rendered":"<h6><em>Trifusi\u00f3n de Eminent Wood 0223 x Wood Miracle 1872 x Avalanche Woody 1848\u00ae<\/em><\/h6>\n<div class=\"collection-filter\">\n<div class=\"grid grid--uniform\">\n<h6 class=\"grid__item small--one-half medium-up--one-half\"><button id=\"FilterDrawerTrigger\" class=\"collection-filter__item--drawer js-drawer-open-collection-filters btn btn--tertiary\" type=\"button\" aria-controls=\"FilterDrawer\" aria-expanded=\"false\">\u00a0Filtrar<\/button><\/h6>\n<p class=\"grid__item small--one-half medium-up--one-half text-right collection-filter__item--sort\"><label class=\"hidden-label\" for=\"SortBy\">Clasificar<\/label><\/p>\n<\/div>\n<\/div>","protected":false},"featured_media":6831,"comment_status":"open","ping_status":"closed","template":"","meta":[],"product_brand":[],"product_cat":[156,160,128,174,222,150,177,172,115,158],"product_tag":[],"class_list":{"0":"post-4447","1":"product","2":"type-product","3":"status-publish","4":"has-post-thumbnail","6":"product_cat-aromatico","7":"product_cat-citricos","8":"product_cat-fragancia-unisex","9":"product_cat-lenoso","10":"product_cat-miel-notas","11":"product_cat-notas","12":"product_cat-nuestras-creaciones","13":"product_cat-oriental","14":"product_cat-otono","15":"product_cat-primavera","17":"first","18":"instock","19":"shipping-taxable","20":"purchasable","21":"product-type-variable","22":"add-to-wishlist-after_add_to_cart"},"yoast_head":"<!-- This site is optimized with the Yoast SEO plugin v27.3 - https:\/\/yoast.com\/product\/yoast-seo-wordpress\/ -->\n<title>CEDNESS - 2019 - Trifusi\u00f3n de Eminent Wood 0223 x Wood Miracle 1872 x Avalanche Woody 1848\u00ae (Oud for gretnees+Cedrat Boise+Aventus ahumado) - Perfumes Parlour<\/title>\n<meta name=\"robots\" content=\"index, follow, max-snippet:-1, max-image-preview:large, max-video-preview:-1\" \/>\n<link rel=\"canonical\" href=\"https:\/\/www.perfumeparlour.es\/en\/product\/cedness-2019-trifusion-de-eminent-wood-0223-x-wood-miracle-1872-x-avalanche-woody-1848\/\" \/>\n<meta property=\"og:locale\" content=\"en_GB\" \/>\n<meta property=\"og:type\" content=\"article\" \/>\n<meta property=\"og:title\" content=\"CEDNESS - 2019 - Trifusi\u00f3n de Eminent Wood 0223 x Wood Miracle 1872 x Avalanche Woody 1848\u00ae (Oud for gretnees+Cedrat Boise+Aventus ahumado) - Perfumes Parlour\" \/>\n<meta property=\"og:description\" content=\"Trifusi\u00f3n de Eminent Wood 0223 x Wood Miracle 1872 x Avalanche Woody 1848\u00ae   \u00a0Filtrar Clasificar\" \/>\n<meta property=\"og:url\" content=\"https:\/\/www.perfumeparlour.es\/en\/product\/cedness-2019-trifusion-de-eminent-wood-0223-x-wood-miracle-1872-x-avalanche-woody-1848\/\" \/>\n<meta property=\"og:site_name\" content=\"Perfumes Parlour\" \/>\n<meta property=\"article:modified_time\" content=\"2025-08-19T21:01:00+00:00\" \/>\n<meta property=\"og:image\" content=\"https:\/\/www.perfumeparlour.es\/wp-content\/uploads\/2024\/10\/Cedness_.webp\" \/>\n\t<meta property=\"og:image:width\" content=\"800\" \/>\n\t<meta property=\"og:image:height\" content=\"1200\" \/>\n\t<meta property=\"og:image:type\" content=\"image\/webp\" \/>\n<meta name=\"twitter:card\" content=\"summary_large_image\" \/>\n<meta name=\"twitter:label1\" content=\"Estimated reading time\" \/>\n\t<meta name=\"twitter:data1\" content=\"1 minute\" \/>\n<script type=\"application\/ld+json\" class=\"yoast-schema-graph\">{\"@context\":\"https:\\\/\\\/schema.org\",\"@graph\":[{\"@type\":\"WebPage\",\"@id\":\"https:\\\/\\\/www.perfumeparlour.es\\\/product\\\/cedness-2019-trifusion-de-eminent-wood-0223-x-wood-miracle-1872-x-avalanche-woody-1848\\\/\",\"url\":\"https:\\\/\\\/www.perfumeparlour.es\\\/product\\\/cedness-2019-trifusion-de-eminent-wood-0223-x-wood-miracle-1872-x-avalanche-woody-1848\\\/\",\"name\":\"CEDNESS - 2019 - Trifusi\u00f3n de Eminent Wood 0223 x Wood Miracle 1872 x Avalanche Woody 1848\u00ae (Oud for gretnees+Cedrat Boise+Aventus ahumado) - Perfumes Parlour\",\"isPartOf\":{\"@id\":\"https:\\\/\\\/www.perfumeparlour.es\\\/#website\"},\"primaryImageOfPage\":{\"@id\":\"https:\\\/\\\/www.perfumeparlour.es\\\/product\\\/cedness-2019-trifusion-de-eminent-wood-0223-x-wood-miracle-1872-x-avalanche-woody-1848\\\/#primaryimage\"},\"image\":{\"@id\":\"https:\\\/\\\/www.perfumeparlour.es\\\/product\\\/cedness-2019-trifusion-de-eminent-wood-0223-x-wood-miracle-1872-x-avalanche-woody-1848\\\/#primaryimage\"},\"thumbnailUrl\":\"https:\\\/\\\/www.perfumeparlour.es\\\/wp-content\\\/uploads\\\/2024\\\/10\\\/Cedness_.webp\",\"datePublished\":\"2024-10-23T21:43:34+00:00\",\"dateModified\":\"2025-08-19T21:01:00+00:00\",\"breadcrumb\":{\"@id\":\"https:\\\/\\\/www.perfumeparlour.es\\\/product\\\/cedness-2019-trifusion-de-eminent-wood-0223-x-wood-miracle-1872-x-avalanche-woody-1848\\\/#breadcrumb\"},\"inLanguage\":\"en-GB\",\"potentialAction\":[{\"@type\":\"ReadAction\",\"target\":[\"https:\\\/\\\/www.perfumeparlour.es\\\/product\\\/cedness-2019-trifusion-de-eminent-wood-0223-x-wood-miracle-1872-x-avalanche-woody-1848\\\/\"]}]},{\"@type\":\"ImageObject\",\"inLanguage\":\"en-GB\",\"@id\":\"https:\\\/\\\/www.perfumeparlour.es\\\/product\\\/cedness-2019-trifusion-de-eminent-wood-0223-x-wood-miracle-1872-x-avalanche-woody-1848\\\/#primaryimage\",\"url\":\"https:\\\/\\\/www.perfumeparlour.es\\\/wp-content\\\/uploads\\\/2024\\\/10\\\/Cedness_.webp\",\"contentUrl\":\"https:\\\/\\\/www.perfumeparlour.es\\\/wp-content\\\/uploads\\\/2024\\\/10\\\/Cedness_.webp\",\"width\":800,\"height\":1200},{\"@type\":\"BreadcrumbList\",\"@id\":\"https:\\\/\\\/www.perfumeparlour.es\\\/product\\\/cedness-2019-trifusion-de-eminent-wood-0223-x-wood-miracle-1872-x-avalanche-woody-1848\\\/#breadcrumb\",\"itemListElement\":[{\"@type\":\"ListItem\",\"position\":1,\"name\":\"Portada\",\"item\":\"https:\\\/\\\/www.perfumeparlour.es\\\/\"},{\"@type\":\"ListItem\",\"position\":2,\"name\":\"Tienda\",\"item\":\"https:\\\/\\\/www.perfumeparlour.es\\\/shop\\\/\"},{\"@type\":\"ListItem\",\"position\":3,\"name\":\"CEDNESS &#8211; 2019 &#8211; Trifusi\u00f3n de Eminent Wood 0223 x Wood Miracle 1872 x Avalanche Woody 1848\u00ae (Oud for gretnees+Cedrat Boise+Aventus ahumado)\"}]},{\"@type\":\"WebSite\",\"@id\":\"https:\\\/\\\/www.perfumeparlour.es\\\/#website\",\"url\":\"https:\\\/\\\/www.perfumeparlour.es\\\/\",\"name\":\"Perfumes Parlour\",\"description\":\"\",\"potentialAction\":[{\"@type\":\"SearchAction\",\"target\":{\"@type\":\"EntryPoint\",\"urlTemplate\":\"https:\\\/\\\/www.perfumeparlour.es\\\/?s={search_term_string}\"},\"query-input\":{\"@type\":\"PropertyValueSpecification\",\"valueRequired\":true,\"valueName\":\"search_term_string\"}}],\"inLanguage\":\"en-GB\"}]}<\/script>\n<!-- \/ Yoast SEO plugin. -->","yoast_head_json":{"title":"CEDNESS - 2019 - Trifusi\u00f3n de Eminent Wood 0223 x Wood Miracle 1872 x Avalanche Woody 1848\u00ae (Oud for gretnees+Cedrat Boise+Aventus ahumado) - Perfumes Parlour","robots":{"index":"index","follow":"follow","max-snippet":"max-snippet:-1","max-image-preview":"max-image-preview:large","max-video-preview":"max-video-preview:-1"},"canonical":"https:\/\/www.perfumeparlour.es\/en\/product\/cedness-2019-trifusion-de-eminent-wood-0223-x-wood-miracle-1872-x-avalanche-woody-1848\/","og_locale":"en_GB","og_type":"article","og_title":"CEDNESS - 2019 - Trifusi\u00f3n de Eminent Wood 0223 x Wood Miracle 1872 x Avalanche Woody 1848\u00ae (Oud for gretnees+Cedrat Boise+Aventus ahumado) - Perfumes Parlour","og_description":"Trifusi\u00f3n de Eminent Wood 0223 x Wood Miracle 1872 x Avalanche Woody 1848\u00ae   \u00a0Filtrar Clasificar","og_url":"https:\/\/www.perfumeparlour.es\/en\/product\/cedness-2019-trifusion-de-eminent-wood-0223-x-wood-miracle-1872-x-avalanche-woody-1848\/","og_site_name":"Perfumes Parlour","article_modified_time":"2025-08-19T21:01:00+00:00","og_image":[{"width":800,"height":1200,"url":"https:\/\/www.perfumeparlour.es\/wp-content\/uploads\/2024\/10\/Cedness_.webp","type":"image\/webp"}],"twitter_card":"summary_large_image","twitter_misc":{"Estimated reading time":"1 minute"},"schema":{"@context":"https:\/\/schema.org","@graph":[{"@type":"WebPage","@id":"https:\/\/www.perfumeparlour.es\/product\/cedness-2019-trifusion-de-eminent-wood-0223-x-wood-miracle-1872-x-avalanche-woody-1848\/","url":"https:\/\/www.perfumeparlour.es\/product\/cedness-2019-trifusion-de-eminent-wood-0223-x-wood-miracle-1872-x-avalanche-woody-1848\/","name":"CEDNESS - 2019 - Trifusi\u00f3n de Eminent Wood 0223 x Wood Miracle 1872 x Avalanche Woody 1848\u00ae (Oud for gretnees+Cedrat Boise+Aventus ahumado) - Perfumes Parlour","isPartOf":{"@id":"https:\/\/www.perfumeparlour.es\/#website"},"primaryImageOfPage":{"@id":"https:\/\/www.perfumeparlour.es\/product\/cedness-2019-trifusion-de-eminent-wood-0223-x-wood-miracle-1872-x-avalanche-woody-1848\/#primaryimage"},"image":{"@id":"https:\/\/www.perfumeparlour.es\/product\/cedness-2019-trifusion-de-eminent-wood-0223-x-wood-miracle-1872-x-avalanche-woody-1848\/#primaryimage"},"thumbnailUrl":"https:\/\/www.perfumeparlour.es\/wp-content\/uploads\/2024\/10\/Cedness_.webp","datePublished":"2024-10-23T21:43:34+00:00","dateModified":"2025-08-19T21:01:00+00:00","breadcrumb":{"@id":"https:\/\/www.perfumeparlour.es\/product\/cedness-2019-trifusion-de-eminent-wood-0223-x-wood-miracle-1872-x-avalanche-woody-1848\/#breadcrumb"},"inLanguage":"en-GB","potentialAction":[{"@type":"ReadAction","target":["https:\/\/www.perfumeparlour.es\/product\/cedness-2019-trifusion-de-eminent-wood-0223-x-wood-miracle-1872-x-avalanche-woody-1848\/"]}]},{"@type":"ImageObject","inLanguage":"en-GB","@id":"https:\/\/www.perfumeparlour.es\/product\/cedness-2019-trifusion-de-eminent-wood-0223-x-wood-miracle-1872-x-avalanche-woody-1848\/#primaryimage","url":"https:\/\/www.perfumeparlour.es\/wp-content\/uploads\/2024\/10\/Cedness_.webp","contentUrl":"https:\/\/www.perfumeparlour.es\/wp-content\/uploads\/2024\/10\/Cedness_.webp","width":800,"height":1200},{"@type":"BreadcrumbList","@id":"https:\/\/www.perfumeparlour.es\/product\/cedness-2019-trifusion-de-eminent-wood-0223-x-wood-miracle-1872-x-avalanche-woody-1848\/#breadcrumb","itemListElement":[{"@type":"ListItem","position":1,"name":"Portada","item":"https:\/\/www.perfumeparlour.es\/"},{"@type":"ListItem","position":2,"name":"Tienda","item":"https:\/\/www.perfumeparlour.es\/shop\/"},{"@type":"ListItem","position":3,"name":"CEDNESS &#8211; 2019 &#8211; Trifusi\u00f3n de Eminent Wood 0223 x Wood Miracle 1872 x Avalanche Woody 1848\u00ae (Oud for gretnees+Cedrat Boise+Aventus ahumado)"}]},{"@type":"WebSite","@id":"https:\/\/www.perfumeparlour.es\/#website","url":"https:\/\/www.perfumeparlour.es\/","name":"Perfumes Parlour","description":"","potentialAction":[{"@type":"SearchAction","target":{"@type":"EntryPoint","urlTemplate":"https:\/\/www.perfumeparlour.es\/?s={search_term_string}"},"query-input":{"@type":"PropertyValueSpecification","valueRequired":true,"valueName":"search_term_string"}}],"inLanguage":"en-GB"}]}},"jetpack_sharing_enabled":true,"_links":{"self":[{"href":"https:\/\/www.perfumeparlour.es\/en\/wp-json\/wp\/v2\/product\/4447","targetHints":{"allow":["GET"]}}],"collection":[{"href":"https:\/\/www.perfumeparlour.es\/en\/wp-json\/wp\/v2\/product"}],"about":[{"href":"https:\/\/www.perfumeparlour.es\/en\/wp-json\/wp\/v2\/types\/product"}],"replies":[{"embeddable":true,"href":"https:\/\/www.perfumeparlour.es\/en\/wp-json\/wp\/v2\/comments?post=4447"}],"wp:featuredmedia":[{"embeddable":true,"href":"https:\/\/www.perfumeparlour.es\/en\/wp-json\/wp\/v2\/media\/6831"}],"wp:attachment":[{"href":"https:\/\/www.perfumeparlour.es\/en\/wp-json\/wp\/v2\/media?parent=4447"}],"wp:term":[{"taxonomy":"product_brand","embeddable":true,"href":"https:\/\/www.perfumeparlour.es\/en\/wp-json\/wp\/v2\/product_brand?post=4447"},{"taxonomy":"product_cat","embeddable":true,"href":"https:\/\/www.perfumeparlour.es\/en\/wp-json\/wp\/v2\/product_cat?post=4447"},{"taxonomy":"product_tag","embeddable":true,"href":"https:\/\/www.perfumeparlour.es\/en\/wp-json\/wp\/v2\/product_tag?post=4447"}],"curies":[{"name":"wp","href":"https:\/\/api.w.org\/{rel}","templated":true}]}}