{"id":4417,"date":"2024-10-23T06:32:20","date_gmt":"2024-10-23T06:32:20","guid":{"rendered":"https:\/\/jovimo.essedi.es\/?post_type=product&#038;p=4417"},"modified":"2025-08-19T15:43:22","modified_gmt":"2025-08-19T15:43:22","slug":"avalancha-de-fuego-en-pennine-1034-fusion-de-avalanche-0022-pennine-1008-y-woodfire-1874","status":"publish","type":"product","link":"https:\/\/www.perfumeparlour.es\/en\/product\/avalancha-de-fuego-en-pennine-1034-fusion-de-avalanche-0022-pennine-1008-y-woodfire-1874\/","title":{"rendered":"AVALANCHA DE FUEGO EN PENNINE &#8211; 1034 &#8211; Fusi\u00f3n de Avalanche 0022, Pennine 1008 y Woodfire 1874 (Aventus+Carlisle+Fireplace)"},"content":{"rendered":"<p><span style=\"color: #000000;\"><strong>Top Note:\u00a0<\/strong><\/span><\/p>\n<hr \/>\n<p><span style=\"color: #000000;\"><strong>Middle Note:<\/strong>\u00a0<\/span><\/p>\n<hr \/>\n<p><span style=\"color: #000000;\"><strong>Base Note:<\/strong>\u00a0<\/span><\/p>\n<p>&nbsp;<\/p>\n<p>Esta Trifusion es una poderosa combinaci\u00f3n de 3 de nuestros bestsellers<\/p>\n<p>Avalancha 0022<\/p>\n<p>Peninne 1008<\/p>\n<p>Fuego de le\u00f1a 1874<\/p>\n<p>Con el inicio de los d\u00edas m\u00e1s fr\u00edos, esta obra maestra seguramente llamar\u00e1 la atenci\u00f3n.<\/p>","protected":false},"excerpt":{"rendered":"<h6><em>Fusi\u00f3n de\u00a0Avalanche 0022, Pennine 1008 y\u00a0Woodfire 1874\u00a0<\/em><\/h6>\n<div class=\"collection-filter\">\n<div class=\"grid grid--uniform\">\n<div class=\"grid__item small--one-half medium-up--one-half\"><button id=\"FilterDrawerTrigger\" class=\"collection-filter__item--drawer js-drawer-open-collection-filters btn btn--tertiary\" type=\"button\" aria-controls=\"FilterDrawer\" aria-expanded=\"false\">\u00a0Filtrar<\/button><\/div>\n<p class=\"grid__item small--one-half medium-up--one-half text-right collection-filter__item--sort\"><label class=\"hidden-label\" for=\"SortBy\">Clasificar<\/label><\/p>\n<\/div>\n<\/div>","protected":false},"featured_media":6829,"comment_status":"open","ping_status":"closed","template":"","meta":[],"product_brand":[],"product_cat":[128,142,174,150,177,115],"product_tag":[],"class_list":{"0":"post-4417","1":"product","2":"type-product","3":"status-publish","4":"has-post-thumbnail","6":"product_cat-fragancia-unisex","7":"product_cat-invierno","8":"product_cat-lenoso","9":"product_cat-notas","10":"product_cat-nuestras-creaciones","11":"product_cat-otono","13":"first","14":"instock","15":"shipping-taxable","16":"purchasable","17":"product-type-variable","18":"add-to-wishlist-after_add_to_cart"},"yoast_head":"<!-- This site is optimized with the Yoast SEO plugin v27.3 - https:\/\/yoast.com\/product\/yoast-seo-wordpress\/ -->\n<title>AVALANCHA DE FUEGO EN PENNINE - 1034 - Fusi\u00f3n de Avalanche 0022, Pennine 1008 y Woodfire 1874 (Aventus+Carlisle+Fireplace) - Perfumes Parlour<\/title>\n<meta name=\"robots\" content=\"index, follow, max-snippet:-1, max-image-preview:large, max-video-preview:-1\" \/>\n<link rel=\"canonical\" href=\"https:\/\/www.perfumeparlour.es\/en\/product\/avalancha-de-fuego-en-pennine-1034-fusion-de-avalanche-0022-pennine-1008-y-woodfire-1874\/\" \/>\n<meta property=\"og:locale\" content=\"en_GB\" \/>\n<meta property=\"og:type\" content=\"article\" \/>\n<meta property=\"og:title\" content=\"AVALANCHA DE FUEGO EN PENNINE - 1034 - Fusi\u00f3n de Avalanche 0022, Pennine 1008 y Woodfire 1874 (Aventus+Carlisle+Fireplace) - Perfumes Parlour\" \/>\n<meta property=\"og:description\" content=\"Fusi\u00f3n de\u00a0Avalanche 0022, Pennine 1008 y\u00a0Woodfire 1874\u00a0   \u00a0Filtrar Clasificar\" \/>\n<meta property=\"og:url\" content=\"https:\/\/www.perfumeparlour.es\/en\/product\/avalancha-de-fuego-en-pennine-1034-fusion-de-avalanche-0022-pennine-1008-y-woodfire-1874\/\" \/>\n<meta property=\"og:site_name\" content=\"Perfumes Parlour\" \/>\n<meta property=\"article:modified_time\" content=\"2025-08-19T15:43:22+00:00\" \/>\n<meta property=\"og:image\" content=\"https:\/\/www.perfumeparlour.es\/wp-content\/uploads\/2024\/10\/Firey-Avalanche-in-Pennine-1034.webp\" \/>\n\t<meta property=\"og:image:width\" content=\"1080\" \/>\n\t<meta property=\"og:image:height\" content=\"1620\" \/>\n\t<meta property=\"og:image:type\" content=\"image\/webp\" \/>\n<meta name=\"twitter:card\" content=\"summary_large_image\" \/>\n<meta name=\"twitter:label1\" content=\"Estimated reading time\" \/>\n\t<meta name=\"twitter:data1\" content=\"1 minute\" \/>\n<script type=\"application\/ld+json\" class=\"yoast-schema-graph\">{\"@context\":\"https:\\\/\\\/schema.org\",\"@graph\":[{\"@type\":\"WebPage\",\"@id\":\"https:\\\/\\\/www.perfumeparlour.es\\\/product\\\/avalancha-de-fuego-en-pennine-1034-fusion-de-avalanche-0022-pennine-1008-y-woodfire-1874\\\/\",\"url\":\"https:\\\/\\\/www.perfumeparlour.es\\\/product\\\/avalancha-de-fuego-en-pennine-1034-fusion-de-avalanche-0022-pennine-1008-y-woodfire-1874\\\/\",\"name\":\"AVALANCHA DE FUEGO EN PENNINE - 1034 - Fusi\u00f3n de Avalanche 0022, Pennine 1008 y Woodfire 1874 (Aventus+Carlisle+Fireplace) - Perfumes Parlour\",\"isPartOf\":{\"@id\":\"https:\\\/\\\/www.perfumeparlour.es\\\/#website\"},\"primaryImageOfPage\":{\"@id\":\"https:\\\/\\\/www.perfumeparlour.es\\\/product\\\/avalancha-de-fuego-en-pennine-1034-fusion-de-avalanche-0022-pennine-1008-y-woodfire-1874\\\/#primaryimage\"},\"image\":{\"@id\":\"https:\\\/\\\/www.perfumeparlour.es\\\/product\\\/avalancha-de-fuego-en-pennine-1034-fusion-de-avalanche-0022-pennine-1008-y-woodfire-1874\\\/#primaryimage\"},\"thumbnailUrl\":\"https:\\\/\\\/www.perfumeparlour.es\\\/wp-content\\\/uploads\\\/2024\\\/10\\\/Firey-Avalanche-in-Pennine-1034.webp\",\"datePublished\":\"2024-10-23T06:32:20+00:00\",\"dateModified\":\"2025-08-19T15:43:22+00:00\",\"breadcrumb\":{\"@id\":\"https:\\\/\\\/www.perfumeparlour.es\\\/product\\\/avalancha-de-fuego-en-pennine-1034-fusion-de-avalanche-0022-pennine-1008-y-woodfire-1874\\\/#breadcrumb\"},\"inLanguage\":\"en-GB\",\"potentialAction\":[{\"@type\":\"ReadAction\",\"target\":[\"https:\\\/\\\/www.perfumeparlour.es\\\/product\\\/avalancha-de-fuego-en-pennine-1034-fusion-de-avalanche-0022-pennine-1008-y-woodfire-1874\\\/\"]}]},{\"@type\":\"ImageObject\",\"inLanguage\":\"en-GB\",\"@id\":\"https:\\\/\\\/www.perfumeparlour.es\\\/product\\\/avalancha-de-fuego-en-pennine-1034-fusion-de-avalanche-0022-pennine-1008-y-woodfire-1874\\\/#primaryimage\",\"url\":\"https:\\\/\\\/www.perfumeparlour.es\\\/wp-content\\\/uploads\\\/2024\\\/10\\\/Firey-Avalanche-in-Pennine-1034.webp\",\"contentUrl\":\"https:\\\/\\\/www.perfumeparlour.es\\\/wp-content\\\/uploads\\\/2024\\\/10\\\/Firey-Avalanche-in-Pennine-1034.webp\",\"width\":1080,\"height\":1620},{\"@type\":\"BreadcrumbList\",\"@id\":\"https:\\\/\\\/www.perfumeparlour.es\\\/product\\\/avalancha-de-fuego-en-pennine-1034-fusion-de-avalanche-0022-pennine-1008-y-woodfire-1874\\\/#breadcrumb\",\"itemListElement\":[{\"@type\":\"ListItem\",\"position\":1,\"name\":\"Portada\",\"item\":\"https:\\\/\\\/www.perfumeparlour.es\\\/\"},{\"@type\":\"ListItem\",\"position\":2,\"name\":\"Tienda\",\"item\":\"https:\\\/\\\/www.perfumeparlour.es\\\/shop\\\/\"},{\"@type\":\"ListItem\",\"position\":3,\"name\":\"AVALANCHA DE FUEGO EN PENNINE &#8211; 1034 &#8211; Fusi\u00f3n de Avalanche 0022, Pennine 1008 y Woodfire 1874 (Aventus+Carlisle+Fireplace)\"}]},{\"@type\":\"WebSite\",\"@id\":\"https:\\\/\\\/www.perfumeparlour.es\\\/#website\",\"url\":\"https:\\\/\\\/www.perfumeparlour.es\\\/\",\"name\":\"Perfumes Parlour\",\"description\":\"\",\"potentialAction\":[{\"@type\":\"SearchAction\",\"target\":{\"@type\":\"EntryPoint\",\"urlTemplate\":\"https:\\\/\\\/www.perfumeparlour.es\\\/?s={search_term_string}\"},\"query-input\":{\"@type\":\"PropertyValueSpecification\",\"valueRequired\":true,\"valueName\":\"search_term_string\"}}],\"inLanguage\":\"en-GB\"}]}<\/script>\n<!-- \/ Yoast SEO plugin. -->","yoast_head_json":{"title":"AVALANCHA DE FUEGO EN PENNINE - 1034 - Fusi\u00f3n de Avalanche 0022, Pennine 1008 y Woodfire 1874 (Aventus+Carlisle+Fireplace) - Perfumes Parlour","robots":{"index":"index","follow":"follow","max-snippet":"max-snippet:-1","max-image-preview":"max-image-preview:large","max-video-preview":"max-video-preview:-1"},"canonical":"https:\/\/www.perfumeparlour.es\/en\/product\/avalancha-de-fuego-en-pennine-1034-fusion-de-avalanche-0022-pennine-1008-y-woodfire-1874\/","og_locale":"en_GB","og_type":"article","og_title":"AVALANCHA DE FUEGO EN PENNINE - 1034 - Fusi\u00f3n de Avalanche 0022, Pennine 1008 y Woodfire 1874 (Aventus+Carlisle+Fireplace) - Perfumes Parlour","og_description":"Fusi\u00f3n de\u00a0Avalanche 0022, Pennine 1008 y\u00a0Woodfire 1874\u00a0   \u00a0Filtrar Clasificar","og_url":"https:\/\/www.perfumeparlour.es\/en\/product\/avalancha-de-fuego-en-pennine-1034-fusion-de-avalanche-0022-pennine-1008-y-woodfire-1874\/","og_site_name":"Perfumes Parlour","article_modified_time":"2025-08-19T15:43:22+00:00","og_image":[{"width":1080,"height":1620,"url":"https:\/\/www.perfumeparlour.es\/wp-content\/uploads\/2024\/10\/Firey-Avalanche-in-Pennine-1034.webp","type":"image\/webp"}],"twitter_card":"summary_large_image","twitter_misc":{"Estimated reading time":"1 minute"},"schema":{"@context":"https:\/\/schema.org","@graph":[{"@type":"WebPage","@id":"https:\/\/www.perfumeparlour.es\/product\/avalancha-de-fuego-en-pennine-1034-fusion-de-avalanche-0022-pennine-1008-y-woodfire-1874\/","url":"https:\/\/www.perfumeparlour.es\/product\/avalancha-de-fuego-en-pennine-1034-fusion-de-avalanche-0022-pennine-1008-y-woodfire-1874\/","name":"AVALANCHA DE FUEGO EN PENNINE - 1034 - Fusi\u00f3n de Avalanche 0022, Pennine 1008 y Woodfire 1874 (Aventus+Carlisle+Fireplace) - Perfumes Parlour","isPartOf":{"@id":"https:\/\/www.perfumeparlour.es\/#website"},"primaryImageOfPage":{"@id":"https:\/\/www.perfumeparlour.es\/product\/avalancha-de-fuego-en-pennine-1034-fusion-de-avalanche-0022-pennine-1008-y-woodfire-1874\/#primaryimage"},"image":{"@id":"https:\/\/www.perfumeparlour.es\/product\/avalancha-de-fuego-en-pennine-1034-fusion-de-avalanche-0022-pennine-1008-y-woodfire-1874\/#primaryimage"},"thumbnailUrl":"https:\/\/www.perfumeparlour.es\/wp-content\/uploads\/2024\/10\/Firey-Avalanche-in-Pennine-1034.webp","datePublished":"2024-10-23T06:32:20+00:00","dateModified":"2025-08-19T15:43:22+00:00","breadcrumb":{"@id":"https:\/\/www.perfumeparlour.es\/product\/avalancha-de-fuego-en-pennine-1034-fusion-de-avalanche-0022-pennine-1008-y-woodfire-1874\/#breadcrumb"},"inLanguage":"en-GB","potentialAction":[{"@type":"ReadAction","target":["https:\/\/www.perfumeparlour.es\/product\/avalancha-de-fuego-en-pennine-1034-fusion-de-avalanche-0022-pennine-1008-y-woodfire-1874\/"]}]},{"@type":"ImageObject","inLanguage":"en-GB","@id":"https:\/\/www.perfumeparlour.es\/product\/avalancha-de-fuego-en-pennine-1034-fusion-de-avalanche-0022-pennine-1008-y-woodfire-1874\/#primaryimage","url":"https:\/\/www.perfumeparlour.es\/wp-content\/uploads\/2024\/10\/Firey-Avalanche-in-Pennine-1034.webp","contentUrl":"https:\/\/www.perfumeparlour.es\/wp-content\/uploads\/2024\/10\/Firey-Avalanche-in-Pennine-1034.webp","width":1080,"height":1620},{"@type":"BreadcrumbList","@id":"https:\/\/www.perfumeparlour.es\/product\/avalancha-de-fuego-en-pennine-1034-fusion-de-avalanche-0022-pennine-1008-y-woodfire-1874\/#breadcrumb","itemListElement":[{"@type":"ListItem","position":1,"name":"Portada","item":"https:\/\/www.perfumeparlour.es\/"},{"@type":"ListItem","position":2,"name":"Tienda","item":"https:\/\/www.perfumeparlour.es\/shop\/"},{"@type":"ListItem","position":3,"name":"AVALANCHA DE FUEGO EN PENNINE &#8211; 1034 &#8211; Fusi\u00f3n de Avalanche 0022, Pennine 1008 y Woodfire 1874 (Aventus+Carlisle+Fireplace)"}]},{"@type":"WebSite","@id":"https:\/\/www.perfumeparlour.es\/#website","url":"https:\/\/www.perfumeparlour.es\/","name":"Perfumes Parlour","description":"","potentialAction":[{"@type":"SearchAction","target":{"@type":"EntryPoint","urlTemplate":"https:\/\/www.perfumeparlour.es\/?s={search_term_string}"},"query-input":{"@type":"PropertyValueSpecification","valueRequired":true,"valueName":"search_term_string"}}],"inLanguage":"en-GB"}]}},"jetpack_sharing_enabled":true,"_links":{"self":[{"href":"https:\/\/www.perfumeparlour.es\/en\/wp-json\/wp\/v2\/product\/4417","targetHints":{"allow":["GET"]}}],"collection":[{"href":"https:\/\/www.perfumeparlour.es\/en\/wp-json\/wp\/v2\/product"}],"about":[{"href":"https:\/\/www.perfumeparlour.es\/en\/wp-json\/wp\/v2\/types\/product"}],"replies":[{"embeddable":true,"href":"https:\/\/www.perfumeparlour.es\/en\/wp-json\/wp\/v2\/comments?post=4417"}],"wp:featuredmedia":[{"embeddable":true,"href":"https:\/\/www.perfumeparlour.es\/en\/wp-json\/wp\/v2\/media\/6829"}],"wp:attachment":[{"href":"https:\/\/www.perfumeparlour.es\/en\/wp-json\/wp\/v2\/media?parent=4417"}],"wp:term":[{"taxonomy":"product_brand","embeddable":true,"href":"https:\/\/www.perfumeparlour.es\/en\/wp-json\/wp\/v2\/product_brand?post=4417"},{"taxonomy":"product_cat","embeddable":true,"href":"https:\/\/www.perfumeparlour.es\/en\/wp-json\/wp\/v2\/product_cat?post=4417"},{"taxonomy":"product_tag","embeddable":true,"href":"https:\/\/www.perfumeparlour.es\/en\/wp-json\/wp\/v2\/product_tag?post=4417"}],"curies":[{"name":"wp","href":"https:\/\/api.w.org\/{rel}","templated":true}]}}