{"id":4337,"date":"2024-10-04T20:54:18","date_gmt":"2024-10-04T20:54:18","guid":{"rendered":"https:\/\/jovimo.essedi.es\/?post_type=product&#038;p=4337"},"modified":"2025-08-26T10:15:14","modified_gmt":"2025-08-26T10:15:14","slug":"kudos-for-women","status":"publish","type":"product","link":"https:\/\/www.perfumeparlour.es\/en\/product\/kudos-for-women\/","title":{"rendered":"KUDOS FOR WOMEN  0224 &#8211; Pertenece a la familia de notas olfativas similares a Gloria-Cacharel\u00ae"},"content":{"rendered":"<p><span style=\"color: #000000;\"><strong>Top Note:\u00a0 <\/strong><\/span>Hibisco, Rosa b\u00falgara, \u00c1mbar<\/p>\n<hr \/>\n<p><span style=\"color: #000000;\"><strong>Middle Note:<\/strong> Flores blancas, Pimienta blanca, Vainilla y \u00c1mbar.<\/span><\/p>\n<hr \/>\n<p><span style=\"color: #000000;\"><strong>Base Note:<\/strong> Styrtax, Cedro, Cereza, Almendra, Haba tonka<\/span><\/p>\n<p>&nbsp;<\/p>\n<p>La salida es floral ambarada, compuesta por hibisco, rosa b\u00falgara y \u00e1mbar. El coraz\u00f3n c\u00e1lido combina pimienta blanca, vainilla y \u00e1mbar. La nota final es amaderada y balz\u00e1mica con un toque goloso de almendra y cereza.<\/p>","protected":false},"excerpt":{"rendered":"<h6 class=\"section-header__title collection-title\"><em><strong>Pertenece a la familia de notas olfativas similares a Gloria-Cacharel\u00ae<\/strong><\/em><\/h6>\n<p>&nbsp;<\/p>","protected":false},"featured_media":6890,"comment_status":"open","ping_status":"closed","template":"","meta":[],"product_brand":[],"product_cat":[256,211,168,47,142,174,115,158],"product_tag":[],"class_list":{"0":"post-4337","1":"product","2":"type-product","3":"status-publish","4":"has-post-thumbnail","6":"product_cat-descontinuado","7":"product_cat-dulce","8":"product_cat-floral","9":"product_cat-fragancia-para-mujer","10":"product_cat-invierno","11":"product_cat-lenoso","12":"product_cat-otono","13":"product_cat-primavera","15":"first","16":"instock","17":"shipping-taxable","18":"purchasable","19":"product-type-variable","20":"add-to-wishlist-after_add_to_cart"},"yoast_head":"<!-- This site is optimized with the Yoast SEO plugin v27.3 - https:\/\/yoast.com\/product\/yoast-seo-wordpress\/ -->\n<title>KUDOS FOR WOMEN 0224 - Pertenece a la familia de notas olfativas similares a Gloria-Cacharel\u00ae - Perfumes Parlour<\/title>\n<meta name=\"robots\" content=\"index, follow, max-snippet:-1, max-image-preview:large, max-video-preview:-1\" \/>\n<link rel=\"canonical\" href=\"https:\/\/www.perfumeparlour.es\/en\/product\/kudos-for-women\/\" \/>\n<meta property=\"og:locale\" content=\"en_GB\" \/>\n<meta property=\"og:type\" content=\"article\" \/>\n<meta property=\"og:title\" content=\"KUDOS FOR WOMEN 0224 - Pertenece a la familia de notas olfativas similares a Gloria-Cacharel\u00ae - Perfumes Parlour\" \/>\n<meta property=\"og:description\" content=\"Pertenece a la familia de notas olfativas similares a Gloria-Cacharel\u00ae &nbsp;\" \/>\n<meta property=\"og:url\" content=\"https:\/\/www.perfumeparlour.es\/en\/product\/kudos-for-women\/\" \/>\n<meta property=\"og:site_name\" content=\"Perfumes Parlour\" \/>\n<meta property=\"article:modified_time\" content=\"2025-08-26T10:15:14+00:00\" \/>\n<meta property=\"og:image\" content=\"https:\/\/www.perfumeparlour.es\/wp-content\/uploads\/2025\/08\/batch_WhatsApp_Image_2025-05-10_at_3.26-Photoroom_1d6e3281-da13-4a7d-90ad-80ceece4071b.webp\" \/>\n\t<meta property=\"og:image:width\" content=\"853\" \/>\n\t<meta property=\"og:image:height\" content=\"1280\" \/>\n\t<meta property=\"og:image:type\" content=\"image\/webp\" \/>\n<meta name=\"twitter:card\" content=\"summary_large_image\" \/>\n<meta name=\"twitter:label1\" content=\"Estimated reading time\" \/>\n\t<meta name=\"twitter:data1\" content=\"1 minute\" \/>\n<script type=\"application\/ld+json\" class=\"yoast-schema-graph\">{\"@context\":\"https:\\\/\\\/schema.org\",\"@graph\":[{\"@type\":\"WebPage\",\"@id\":\"https:\\\/\\\/www.perfumeparlour.es\\\/product\\\/kudos-for-women\\\/\",\"url\":\"https:\\\/\\\/www.perfumeparlour.es\\\/product\\\/kudos-for-women\\\/\",\"name\":\"KUDOS FOR WOMEN 0224 - Pertenece a la familia de notas olfativas similares a Gloria-Cacharel\u00ae - Perfumes Parlour\",\"isPartOf\":{\"@id\":\"https:\\\/\\\/www.perfumeparlour.es\\\/#website\"},\"primaryImageOfPage\":{\"@id\":\"https:\\\/\\\/www.perfumeparlour.es\\\/product\\\/kudos-for-women\\\/#primaryimage\"},\"image\":{\"@id\":\"https:\\\/\\\/www.perfumeparlour.es\\\/product\\\/kudos-for-women\\\/#primaryimage\"},\"thumbnailUrl\":\"https:\\\/\\\/www.perfumeparlour.es\\\/wp-content\\\/uploads\\\/2025\\\/08\\\/batch_WhatsApp_Image_2025-05-10_at_3.26-Photoroom_1d6e3281-da13-4a7d-90ad-80ceece4071b.webp\",\"datePublished\":\"2024-10-04T20:54:18+00:00\",\"dateModified\":\"2025-08-26T10:15:14+00:00\",\"breadcrumb\":{\"@id\":\"https:\\\/\\\/www.perfumeparlour.es\\\/product\\\/kudos-for-women\\\/#breadcrumb\"},\"inLanguage\":\"en-GB\",\"potentialAction\":[{\"@type\":\"ReadAction\",\"target\":[\"https:\\\/\\\/www.perfumeparlour.es\\\/product\\\/kudos-for-women\\\/\"]}]},{\"@type\":\"ImageObject\",\"inLanguage\":\"en-GB\",\"@id\":\"https:\\\/\\\/www.perfumeparlour.es\\\/product\\\/kudos-for-women\\\/#primaryimage\",\"url\":\"https:\\\/\\\/www.perfumeparlour.es\\\/wp-content\\\/uploads\\\/2025\\\/08\\\/batch_WhatsApp_Image_2025-05-10_at_3.26-Photoroom_1d6e3281-da13-4a7d-90ad-80ceece4071b.webp\",\"contentUrl\":\"https:\\\/\\\/www.perfumeparlour.es\\\/wp-content\\\/uploads\\\/2025\\\/08\\\/batch_WhatsApp_Image_2025-05-10_at_3.26-Photoroom_1d6e3281-da13-4a7d-90ad-80ceece4071b.webp\",\"width\":853,\"height\":1280},{\"@type\":\"BreadcrumbList\",\"@id\":\"https:\\\/\\\/www.perfumeparlour.es\\\/product\\\/kudos-for-women\\\/#breadcrumb\",\"itemListElement\":[{\"@type\":\"ListItem\",\"position\":1,\"name\":\"Portada\",\"item\":\"https:\\\/\\\/www.perfumeparlour.es\\\/\"},{\"@type\":\"ListItem\",\"position\":2,\"name\":\"Tienda\",\"item\":\"https:\\\/\\\/www.perfumeparlour.es\\\/shop\\\/\"},{\"@type\":\"ListItem\",\"position\":3,\"name\":\"KUDOS FOR WOMEN 0224 &#8211; Pertenece a la familia de notas olfativas similares a Gloria-Cacharel\u00ae\"}]},{\"@type\":\"WebSite\",\"@id\":\"https:\\\/\\\/www.perfumeparlour.es\\\/#website\",\"url\":\"https:\\\/\\\/www.perfumeparlour.es\\\/\",\"name\":\"Perfumes Parlour\",\"description\":\"\",\"potentialAction\":[{\"@type\":\"SearchAction\",\"target\":{\"@type\":\"EntryPoint\",\"urlTemplate\":\"https:\\\/\\\/www.perfumeparlour.es\\\/?s={search_term_string}\"},\"query-input\":{\"@type\":\"PropertyValueSpecification\",\"valueRequired\":true,\"valueName\":\"search_term_string\"}}],\"inLanguage\":\"en-GB\"}]}<\/script>\n<!-- \/ Yoast SEO plugin. -->","yoast_head_json":{"title":"KUDOS FOR WOMEN 0224 - Pertenece a la familia de notas olfativas similares a Gloria-Cacharel\u00ae - Perfumes Parlour","robots":{"index":"index","follow":"follow","max-snippet":"max-snippet:-1","max-image-preview":"max-image-preview:large","max-video-preview":"max-video-preview:-1"},"canonical":"https:\/\/www.perfumeparlour.es\/en\/product\/kudos-for-women\/","og_locale":"en_GB","og_type":"article","og_title":"KUDOS FOR WOMEN 0224 - Pertenece a la familia de notas olfativas similares a Gloria-Cacharel\u00ae - Perfumes Parlour","og_description":"Pertenece a la familia de notas olfativas similares a Gloria-Cacharel\u00ae &nbsp;","og_url":"https:\/\/www.perfumeparlour.es\/en\/product\/kudos-for-women\/","og_site_name":"Perfumes Parlour","article_modified_time":"2025-08-26T10:15:14+00:00","og_image":[{"width":853,"height":1280,"url":"https:\/\/www.perfumeparlour.es\/wp-content\/uploads\/2025\/08\/batch_WhatsApp_Image_2025-05-10_at_3.26-Photoroom_1d6e3281-da13-4a7d-90ad-80ceece4071b.webp","type":"image\/webp"}],"twitter_card":"summary_large_image","twitter_misc":{"Estimated reading time":"1 minute"},"schema":{"@context":"https:\/\/schema.org","@graph":[{"@type":"WebPage","@id":"https:\/\/www.perfumeparlour.es\/product\/kudos-for-women\/","url":"https:\/\/www.perfumeparlour.es\/product\/kudos-for-women\/","name":"KUDOS FOR WOMEN 0224 - Pertenece a la familia de notas olfativas similares a Gloria-Cacharel\u00ae - Perfumes Parlour","isPartOf":{"@id":"https:\/\/www.perfumeparlour.es\/#website"},"primaryImageOfPage":{"@id":"https:\/\/www.perfumeparlour.es\/product\/kudos-for-women\/#primaryimage"},"image":{"@id":"https:\/\/www.perfumeparlour.es\/product\/kudos-for-women\/#primaryimage"},"thumbnailUrl":"https:\/\/www.perfumeparlour.es\/wp-content\/uploads\/2025\/08\/batch_WhatsApp_Image_2025-05-10_at_3.26-Photoroom_1d6e3281-da13-4a7d-90ad-80ceece4071b.webp","datePublished":"2024-10-04T20:54:18+00:00","dateModified":"2025-08-26T10:15:14+00:00","breadcrumb":{"@id":"https:\/\/www.perfumeparlour.es\/product\/kudos-for-women\/#breadcrumb"},"inLanguage":"en-GB","potentialAction":[{"@type":"ReadAction","target":["https:\/\/www.perfumeparlour.es\/product\/kudos-for-women\/"]}]},{"@type":"ImageObject","inLanguage":"en-GB","@id":"https:\/\/www.perfumeparlour.es\/product\/kudos-for-women\/#primaryimage","url":"https:\/\/www.perfumeparlour.es\/wp-content\/uploads\/2025\/08\/batch_WhatsApp_Image_2025-05-10_at_3.26-Photoroom_1d6e3281-da13-4a7d-90ad-80ceece4071b.webp","contentUrl":"https:\/\/www.perfumeparlour.es\/wp-content\/uploads\/2025\/08\/batch_WhatsApp_Image_2025-05-10_at_3.26-Photoroom_1d6e3281-da13-4a7d-90ad-80ceece4071b.webp","width":853,"height":1280},{"@type":"BreadcrumbList","@id":"https:\/\/www.perfumeparlour.es\/product\/kudos-for-women\/#breadcrumb","itemListElement":[{"@type":"ListItem","position":1,"name":"Portada","item":"https:\/\/www.perfumeparlour.es\/"},{"@type":"ListItem","position":2,"name":"Tienda","item":"https:\/\/www.perfumeparlour.es\/shop\/"},{"@type":"ListItem","position":3,"name":"KUDOS FOR WOMEN 0224 &#8211; Pertenece a la familia de notas olfativas similares a Gloria-Cacharel\u00ae"}]},{"@type":"WebSite","@id":"https:\/\/www.perfumeparlour.es\/#website","url":"https:\/\/www.perfumeparlour.es\/","name":"Perfumes Parlour","description":"","potentialAction":[{"@type":"SearchAction","target":{"@type":"EntryPoint","urlTemplate":"https:\/\/www.perfumeparlour.es\/?s={search_term_string}"},"query-input":{"@type":"PropertyValueSpecification","valueRequired":true,"valueName":"search_term_string"}}],"inLanguage":"en-GB"}]}},"jetpack_sharing_enabled":true,"_links":{"self":[{"href":"https:\/\/www.perfumeparlour.es\/en\/wp-json\/wp\/v2\/product\/4337","targetHints":{"allow":["GET"]}}],"collection":[{"href":"https:\/\/www.perfumeparlour.es\/en\/wp-json\/wp\/v2\/product"}],"about":[{"href":"https:\/\/www.perfumeparlour.es\/en\/wp-json\/wp\/v2\/types\/product"}],"replies":[{"embeddable":true,"href":"https:\/\/www.perfumeparlour.es\/en\/wp-json\/wp\/v2\/comments?post=4337"}],"wp:featuredmedia":[{"embeddable":true,"href":"https:\/\/www.perfumeparlour.es\/en\/wp-json\/wp\/v2\/media\/6890"}],"wp:attachment":[{"href":"https:\/\/www.perfumeparlour.es\/en\/wp-json\/wp\/v2\/media?parent=4337"}],"wp:term":[{"taxonomy":"product_brand","embeddable":true,"href":"https:\/\/www.perfumeparlour.es\/en\/wp-json\/wp\/v2\/product_brand?post=4337"},{"taxonomy":"product_cat","embeddable":true,"href":"https:\/\/www.perfumeparlour.es\/en\/wp-json\/wp\/v2\/product_cat?post=4337"},{"taxonomy":"product_tag","embeddable":true,"href":"https:\/\/www.perfumeparlour.es\/en\/wp-json\/wp\/v2\/product_tag?post=4337"}],"curies":[{"name":"wp","href":"https:\/\/api.w.org\/{rel}","templated":true}]}}